{"id":9534,"date":"2021-03-11T17:12:53","date_gmt":"2021-03-11T17:12:53","guid":{"rendered":"https:\/\/brams.com\/a-turnkey-microsoft-exchange-solution\/"},"modified":"2021-04-08T09:21:03","modified_gmt":"2021-04-08T09:21:03","slug":"microsoft-exchange","status":"publish","type":"page","link":"https:\/\/www.brams.com\/fr\/microsoft-exchange\/","title":{"rendered":"Microsoft Exchange Solution"},"content":{"rendered":"<div class=\"wpb-content-wrapper\"><p>[vc_section full_width=\u00a0\u00bbstretch_row_content\u00a0\u00bb content_placement=\u00a0\u00bbmiddle\u00a0\u00bb css_animation=\u00a0\u00bbfadeIn\u00a0\u00bb css=\u00a0\u00bb.vc_custom_1617873575484{border-bottom-width: 1px !important;padding-top: 0px !important;padding-bottom: 0px !important;background-position: center !important;background-repeat: no-repeat !important;background-size: cover !important;border-bottom-color: #eaeaea !important;border-bottom-style: solid !important;}\u00a0\u00bb][vc_row full_width=\u00a0\u00bbstretch_row\u00a0\u00bb][vc_column][vc_single_image image=\u00a0\u00bb9567&Prime; img_size=\u00a0\u00bbfull\u00a0\u00bb alignment=\u00a0\u00bbcenter\u00a0\u00bb][\/vc_column][\/vc_row][\/vc_section][vc_section full_width=\u00a0\u00bbstretch_row\u00a0\u00bb el_id=\u00a0\u00bbpacks\u00a0\u00bb css=\u00a0\u00bb.vc_custom_1615471140672{padding-top: 60px !important;padding-bottom: 60px !important;}\u00a0\u00bb][vc_row][vc_column css_animation=\u00a0\u00bbfadeIn\u00a0\u00bb el_class=\u00a0\u00bbdelay-1&Prime;][vc_empty_space height=\u00a0\u00bb40px\u00a0\u00bb][vc_row_inner content_placement=\u00a0\u00bbmiddle\u00a0\u00bb][vc_column_inner width=\u00a0\u00bb1\/4&Prime;][\/vc_column_inner][vc_column_inner width=\u00a0\u00bb1\/2&Prime;][vc_custom_heading text=\u00a0\u00bbSolution email d&rsquo;entreprise\u00a0\u00bb font_container=\u00a0\u00bbtag:h3|text_align:center\u00a0\u00bb use_theme_fonts=\u00a0\u00bbyes\u00a0\u00bb css_animation=\u00a0\u00bbnone\u00a0\u00bb][\/vc_column_inner][vc_column_inner width=\u00a0\u00bb1\/4&Prime;][\/vc_column_inner][\/vc_row_inner][vc_empty_space height=\u00a0\u00bb20px\u00a0\u00bb][vc_row_inner content_placement=\u00a0\u00bbmiddle\u00a0\u00bb][vc_column_inner width=\u00a0\u00bb1\/2&Prime;][vc_custom_heading text=\u00a0\u00bbAujourd&rsquo;hui, les entreprises comptent plus que jamais sur leurs serveurs de messagerie et de collaboration. Cette d\u00e9pendance signifie qu&rsquo;un proc\u00e9d\u00e9 pour envoyer des courriers \u00e9lectroniques ou cr\u00e9er des logiciels de travail en groupe est insuffisant. Les entreprises requi\u00e8rent une plate-forme compl\u00e8te de messagerie qui comprend les outils n\u00e9cessaires \u00e0 la cr\u00e9ation de riches applications de collaboration. Microsoft Exchange Server est justement cette plate-forme. Microsoft Exchange Server dispose des fonctionnalit\u00e9s suivantes: assise de messagerie compacte, connectivite et co-existence, outils courants et familiers pour la collaboration, gestion et administration. Assise de messagerie compacte est une plate-forme de messagerie n&rsquo;est rien sans une assise compacte. Microsoft Exchange Server est modulable, fiable et s\u00e9curis\u00e9e. Elle offre un champ d&rsquo;accessibilit\u00e9 et des performances de haut niveau. Exchange Server offre les outils qui vous aident \u00e0 exploiter les connaissances actuelles.\u00a0\u00bb font_container=\u00a0\u00bbtag:p|text_align:left\u00a0\u00bb use_theme_fonts=\u00a0\u00bbyes\u00a0\u00bb css_animation=\u00a0\u00bbnone\u00a0\u00bb][\/vc_column_inner][vc_column_inner width=\u00a0\u00bb1\/2&Prime;][vc_single_image image=\u00a0\u00bb9495&Prime; img_size=\u00a0\u00bbfull\u00a0\u00bb alignment=\u00a0\u00bbcenter\u00a0\u00bb][\/vc_column_inner][\/vc_row_inner][vc_empty_space height=\u00a0\u00bb40px\u00a0\u00bb][vc_custom_heading text=\u00a0\u00bbObtenez Outlook\u00a0\u00bb font_container=\u00a0\u00bbtag:h3|font_size:24px|text_align:left|color:%23174777&Prime; use_theme_fonts=\u00a0\u00bbyes\u00a0\u00bb css_animation=\u00a0\u00bbnone\u00a0\u00bb][vc_empty_space height=\u00a0\u00bb20px\u00a0\u00bb][vc_column_text]Restez connect\u00e9s avec Microsoft Outlook, c\u2019est le moyen le plus puissant pour g\u00e9rer vos donn\u00e9es personnelles et de votre entreprise. Les fonctionnalit\u00e9s avanc\u00e9es comprennent la gestion de conversation \u00e9lectronique, la possibilit\u00e9 de combiner plusieurs comptes de messagerie, synchronisation avec votre t\u00e9l\u00e9phone mobile, l&rsquo;automatisation des t\u00e2ches courantes et la capacit\u00e9 de dialoguer avec vos r\u00e9seaux sociaux via Outlook.[\/vc_column_text]<ul class=\"iconlist iconlist iconlist-icon-mini \"><li><div ><div class=\"iconlist-item-icon\"><i class=\"fa fa-check\"><\/i><\/div><div class=\"iconlist-item-content\">Partagez votre agenda et\/ou votre carnet d&rsquo;adresses avec vos collaborateurs !<\/div><\/div><\/li><li><div ><div class=\"iconlist-item-icon\"><i class=\"fa fa-check\"><\/i><\/div><div class=\"iconlist-item-content\">G\u00e9rez vos e-mails en toute s\u00e9curit\u00e9 gr\u00e2ce \u00e0 des logiciels anti virus et anti spam puissants et toujours \u00e0 jour.<\/div><\/div><\/li><li><div ><div class=\"iconlist-item-icon\"><i class=\"fa fa-check\"><\/i><\/div><div class=\"iconlist-item-content\">B\u00e9n\u00e9ficiez des fonctionnalit\u00e9s de Microsoft Exchange sans investir dans un serveur co\u00fbteux qui deviendra vite obsol\u00e8te.<\/div><\/div><\/li><li><div ><div class=\"iconlist-item-icon\"><i class=\"fa fa-check\"><\/i><\/div><div class=\"iconlist-item-content\">Envoyez et\/ou recevez vos e-mails o\u00f9 que vous soyez, acc\u00e9dez \u00e0 votre Outlook\u00ae o\u00f9 que vous soyez, depuis votre pc portable ou votre smartphone <\/div><\/div><\/li><\/ul>[vc_empty_space height=\u00a0\u00bb20px\u00a0\u00bb][vc_row_inner content_placement=\u00a0\u00bbmiddle\u00a0\u00bb][vc_column_inner width=\u00a0\u00bb1\/4&Prime;][\/vc_column_inner][vc_column_inner width=\u00a0\u00bb1\/2&Prime;][vc_single_image image=\u00a0\u00bb9497&Prime; img_size=\u00a0\u00bbfull\u00a0\u00bb alignment=\u00a0\u00bbcenter\u00a0\u00bb][\/vc_column_inner][vc_column_inner width=\u00a0\u00bb1\/4&Prime;][\/vc_column_inner][\/vc_row_inner][vc_empty_space height=\u00a0\u00bb20px\u00a0\u00bb][vc_column_text]<strong>Transfert de vos donn\u00e9es existantes facilement<\/strong><\/p>\n<p>Si vous avez d\u00e9j\u00e0 Microsoft Exchange 2003, 2007 ou 2010 emails h\u00e9berg\u00e9s ailleurs, le transfert de vos donn\u00e9es existantes est rapide et facile, sans perte de donn\u00e9es ou de disponibilit\u00e9.[\/vc_column_text][vc_empty_space height=\u00a0\u00bb20px\u00a0\u00bb][vc_column_text]<strong>Acc\u00e9dez \u00e0 votre courrier \u00e9lectronique n&rsquo;importe o\u00f9.<\/strong><\/p>\n<p>Avec Exchange Server 2013, vous avez la libert\u00e9 d&rsquo;acc\u00e9der en toute s\u00e9curit\u00e9 \u00e0 votre courriel \u00e0 partir de n&rsquo;importe quelle plateforme, navigateur web, o\u00f9 que vous soyez. iPhone et Windows Mobile sont enti\u00e8rement pris en charge.[\/vc_column_text][vc_empty_space height=\u00a0\u00bb20px\u00a0\u00bb][vc_column_text]<strong>S\u00e9curisation de votre messagerie<\/strong><\/p>\n<p>Vala Bleu vous lib\u00e8re de l&rsquo;administration des serveurs de messagerie de votre entreprise et prend en charge toutes les fonctions administratives ainsi que la s\u00e9curit\u00e9 des serveurs: gestion du syst\u00e8me d&rsquo;exploitation, installation des correctifs, renforcement de la s\u00e9curit\u00e9, sauvegarde et archivage de vos donn\u00e9es&#8230;[\/vc_column_text][vc_empty_space height=\u00a0\u00bb40px\u00a0\u00bb][vc_custom_heading text=\u00a0\u00bbServices cloud avec BRAMS\u00a0\u00bb font_container=\u00a0\u00bbtag:h3|font_size:24px|text_align:left|color:%23174777&Prime; use_theme_fonts=\u00a0\u00bbyes\u00a0\u00bb css_animation=\u00a0\u00bbnone\u00a0\u00bb][vc_empty_space height=\u00a0\u00bb20px\u00a0\u00bb][vc_column_text]Gr\u00e2ce \u00e0 notre expertise en tant qu&rsquo;int\u00e9grateur informatique de r\u00e9f\u00e9rence au Moyen-Orient, en Afrique du Nord et en Europe, nous accompagnons avec succ\u00e8s vos projets Cloud du d\u00e9but \u00e0 la fin, jusqu&rsquo;\u00e0 leur r\u00e9alisation finale.<br \/>\nVous b\u00e9n\u00e9ficierez d&rsquo;un point de contact unique pour tous vos besoins informatiques ainsi que d&rsquo;une disponibilit\u00e9 rapide de nouvelles ressources informatiques \u00e0 la demande, vous offrant une grande agilit\u00e9.<br \/>\nEt pour vous simplifier le Cloud, nous avons mis en place un service d\u00e9di\u00e9 \u00e0 l&rsquo;administration de vos services Cloud, afin que vous puissiez b\u00e9n\u00e9ficier de :<br \/>\n[\/vc_column_text][vc_empty_space height=\u00a0\u00bb20px\u00a0\u00bb]<ul class=\"iconlist iconlist iconlist-icon-mini \"><li><div ><div class=\"iconlist-item-icon\"><i class=\"fa fa-check\"><\/i><\/div><div class=\"iconlist-item-content\">Surveillance de la consommation en temps r\u00e9el<\/div><\/div><\/li><li><div ><div class=\"iconlist-item-icon\"><i class=\"fa fa-check\"><\/i><\/div><div class=\"iconlist-item-content\">Suivi des tickets et des demandes de services<\/div><\/div><\/li><li><div ><div class=\"iconlist-item-icon\"><i class=\"fa fa-check\"><\/i><\/div><div class=\"iconlist-item-content\">Gestion des services<\/div><\/div><\/li><li><div ><div class=\"iconlist-item-icon\"><i class=\"fa fa-check\"><\/i><\/div><div class=\"iconlist-item-content\">Suivi de vos factures et commandes<\/div><\/div><\/li><li><div ><div class=\"iconlist-item-icon\"><i class=\"fa fa-check\"><\/i><\/div><div class=\"iconlist-item-content\">Demande de services suppl\u00e9mentaires et personnalis\u00e9s<\/div><\/div><\/li><li><div ><div class=\"iconlist-item-icon\"><i class=\"fa fa-check\"><\/i><\/div><div class=\"iconlist-item-content\">Rapport d&rsquo;audit et de s\u00e9curit\u00e9<\/div><\/div><\/li><\/ul>[vc_empty_space height=\u00a0\u00bb40px\u00a0\u00bb][\/vc_column][\/vc_row][\/vc_section]<\/p>\n<\/div>","protected":false},"excerpt":{"rendered":"<p>[vc_section full_width=\u00a0\u00bbstretch_row_content\u00a0\u00bb content_placement=\u00a0\u00bbmiddle\u00a0\u00bb css_animation=\u00a0\u00bbfadeIn\u00a0\u00bb css=\u00a0\u00bb.vc_custom_1617873575484{border-bottom-width: 1px !important;padding-top: 0px !important;padding-bottom: 0px !important;background-position: center !important;background-repeat: no-repeat !important;background-size: cover !important;border-bottom-color: #eaeaea !important;border-bottom-style: solid !important;}\u00a0\u00bb][vc_row full_width=\u00a0\u00bbstretch_row\u00a0\u00bb][vc_column][vc_single_image image=\u00a0\u00bb9567&Prime; img_size=\u00a0\u00bbfull\u00a0\u00bb alignment=\u00a0\u00bbcenter\u00a0\u00bb][\/vc_column][\/vc_row][\/vc_section][vc_section full_width=\u00a0\u00bbstretch_row\u00a0\u00bb el_id=\u00a0\u00bbpacks\u00a0\u00bb css=\u00a0\u00bb.vc_custom_1615471140672{padding-top: 60px !important;padding-bottom: 60px !important;}\u00a0\u00bb][vc_row][vc_column css_animation=\u00a0\u00bbfadeIn\u00a0\u00bb el_class=\u00a0\u00bbdelay-1&Prime;][vc_empty_space height=\u00a0\u00bb40px\u00a0\u00bb][vc_row_inner content_placement=\u00a0\u00bbmiddle\u00a0\u00bb][vc_column_inner width=\u00a0\u00bb1\/4&Prime;][\/vc_column_inner][vc_column_inner width=\u00a0\u00bb1\/2&Prime;][vc_custom_heading text=\u00a0\u00bbSolution email d&rsquo;entreprise\u00a0\u00bb font_container=\u00a0\u00bbtag:h3|text_align:center\u00a0\u00bb use_theme_fonts=\u00a0\u00bbyes\u00a0\u00bb css_animation=\u00a0\u00bbnone\u00a0\u00bb][\/vc_column_inner][vc_column_inner width=\u00a0\u00bb1\/4&Prime;][\/vc_column_inner][\/vc_row_inner][vc_empty_space height=\u00a0\u00bb20px\u00a0\u00bb][vc_row_inner content_placement=\u00a0\u00bbmiddle\u00a0\u00bb][vc_column_inner width=\u00a0\u00bb1\/2&Prime;][vc_custom_heading text=\u00a0\u00bbAujourd&rsquo;hui, les entreprises comptent plus que jamais [&hellip;]<\/p>\n","protected":false},"author":6,"featured_media":0,"parent":0,"menu_order":0,"comment_status":"closed","ping_status":"closed","template":"","meta":{"content-type":"","_monsterinsights_skip_tracking":false,"_monsterinsights_sitenote_active":false,"_monsterinsights_sitenote_note":"","_monsterinsights_sitenote_category":0,"footnotes":""},"class_list":["post-9534","page","type-page","status-publish","hentry"],"yoast_head":"<!-- This site is optimized with the Yoast SEO plugin v22.1 - https:\/\/yoast.com\/wordpress\/plugins\/seo\/ -->\n<title>Microsoft Exchange Solution - Brams<\/title>\n<meta name=\"robots\" content=\"index, follow, max-snippet:-1, max-image-preview:large, max-video-preview:-1\" \/>\n<link rel=\"canonical\" href=\"https:\/\/www.brams.com\/fr\/microsoft-exchange\/\" \/>\n<meta property=\"og:locale\" content=\"fr_FR\" \/>\n<meta property=\"og:type\" content=\"article\" \/>\n<meta property=\"og:title\" content=\"Microsoft Exchange Solution - Brams\" \/>\n<meta property=\"og:description\" content=\"[vc_section full_width=\u00a0\u00bbstretch_row_content\u00a0\u00bb content_placement=\u00a0\u00bbmiddle\u00a0\u00bb css_animation=\u00a0\u00bbfadeIn\u00a0\u00bb css=\u00a0\u00bb.vc_custom_1617873575484{border-bottom-width: 1px !important;padding-top: 0px !important;padding-bottom: 0px !important;background-position: center !important;background-repeat: no-repeat !important;background-size: cover !important;border-bottom-color: #eaeaea !important;border-bottom-style: solid !important;}\u00a0\u00bb][vc_row full_width=\u00a0\u00bbstretch_row\u00a0\u00bb][vc_column][vc_single_image image=\u00a0\u00bb9567&Prime; img_size=\u00a0\u00bbfull\u00a0\u00bb alignment=\u00a0\u00bbcenter\u00a0\u00bb][\/vc_column][\/vc_row][\/vc_section][vc_section full_width=\u00a0\u00bbstretch_row\u00a0\u00bb el_id=\u00a0\u00bbpacks\u00a0\u00bb css=\u00a0\u00bb.vc_custom_1615471140672{padding-top: 60px !important;padding-bottom: 60px !important;}\u00a0\u00bb][vc_row][vc_column css_animation=\u00a0\u00bbfadeIn\u00a0\u00bb el_class=\u00a0\u00bbdelay-1&Prime;][vc_empty_space height=\u00a0\u00bb40px\u00a0\u00bb][vc_row_inner content_placement=\u00a0\u00bbmiddle\u00a0\u00bb][vc_column_inner width=\u00a0\u00bb1\/4&Prime;][\/vc_column_inner][vc_column_inner width=\u00a0\u00bb1\/2&Prime;][vc_custom_heading text=\u00a0\u00bbSolution email d&rsquo;entreprise\u00a0\u00bb font_container=\u00a0\u00bbtag:h3|text_align:center\u00a0\u00bb use_theme_fonts=\u00a0\u00bbyes\u00a0\u00bb css_animation=\u00a0\u00bbnone\u00a0\u00bb][\/vc_column_inner][vc_column_inner width=\u00a0\u00bb1\/4&Prime;][\/vc_column_inner][\/vc_row_inner][vc_empty_space height=\u00a0\u00bb20px\u00a0\u00bb][vc_row_inner content_placement=\u00a0\u00bbmiddle\u00a0\u00bb][vc_column_inner width=\u00a0\u00bb1\/2&Prime;][vc_custom_heading text=\u00a0\u00bbAujourd&rsquo;hui, les entreprises comptent plus que jamais [&hellip;]\" \/>\n<meta property=\"og:url\" content=\"https:\/\/www.brams.com\/fr\/microsoft-exchange\/\" \/>\n<meta property=\"og:site_name\" content=\"Brams\" \/>\n<meta property=\"article:modified_time\" content=\"2021-04-08T09:21:03+00:00\" \/>\n<meta property=\"og:image\" content=\"https:\/\/www.brams.com\/wp-content\/uploads\/2019\/11\/PICTO-BRAMS.png\" \/>\n\t<meta property=\"og:image:width\" content=\"218\" \/>\n\t<meta property=\"og:image:height\" content=\"218\" \/>\n\t<meta property=\"og:image:type\" content=\"image\/png\" \/>\n<meta name=\"twitter:card\" content=\"summary_large_image\" \/>\n<meta name=\"twitter:site\" content=\"@bramsfz\" \/>\n<meta name=\"twitter:label1\" content=\"Dur\u00e9e de lecture estim\u00e9e\" \/>\n\t<meta name=\"twitter:data1\" content=\"5 minutes\" \/>\n<script type=\"application\/ld+json\" class=\"yoast-schema-graph\">{\"@context\":\"https:\/\/schema.org\",\"@graph\":[{\"@type\":\"WebPage\",\"@id\":\"https:\/\/www.brams.com\/fr\/microsoft-exchange\/\",\"url\":\"https:\/\/www.brams.com\/fr\/microsoft-exchange\/\",\"name\":\"Microsoft Exchange Solution - Brams\",\"isPartOf\":{\"@id\":\"https:\/\/www.brams.com\/#website\"},\"datePublished\":\"2021-03-11T17:12:53+00:00\",\"dateModified\":\"2021-04-08T09:21:03+00:00\",\"breadcrumb\":{\"@id\":\"https:\/\/www.brams.com\/fr\/microsoft-exchange\/#breadcrumb\"},\"inLanguage\":\"fr-FR\",\"potentialAction\":[{\"@type\":\"ReadAction\",\"target\":[\"https:\/\/www.brams.com\/fr\/microsoft-exchange\/\"]}]},{\"@type\":\"BreadcrumbList\",\"@id\":\"https:\/\/www.brams.com\/fr\/microsoft-exchange\/#breadcrumb\",\"itemListElement\":[{\"@type\":\"ListItem\",\"position\":1,\"name\":\"Home\",\"item\":\"https:\/\/www.brams.com\/fr\/\"},{\"@type\":\"ListItem\",\"position\":2,\"name\":\"Microsoft Exchange Solution\"}]},{\"@type\":\"WebSite\",\"@id\":\"https:\/\/www.brams.com\/#website\",\"url\":\"https:\/\/www.brams.com\/\",\"name\":\"Brams\",\"description\":\"A world-leading cloud specialist with over 19 years of experience.\",\"publisher\":{\"@id\":\"https:\/\/www.brams.com\/#organization\"},\"potentialAction\":[{\"@type\":\"SearchAction\",\"target\":{\"@type\":\"EntryPoint\",\"urlTemplate\":\"https:\/\/www.brams.com\/?s={search_term_string}\"},\"query-input\":\"required name=search_term_string\"}],\"inLanguage\":\"fr-FR\"},{\"@type\":\"Organization\",\"@id\":\"https:\/\/www.brams.com\/#organization\",\"name\":\"Brams\",\"url\":\"https:\/\/www.brams.com\/\",\"logo\":{\"@type\":\"ImageObject\",\"inLanguage\":\"fr-FR\",\"@id\":\"https:\/\/www.brams.com\/#\/schema\/logo\/image\/\",\"url\":\"https:\/\/www.brams.com\/wp-content\/uploads\/2019\/12\/brams-logo.jpg\",\"contentUrl\":\"https:\/\/www.brams.com\/wp-content\/uploads\/2019\/12\/brams-logo.jpg\",\"width\":400,\"height\":108,\"caption\":\"Brams\"},\"image\":{\"@id\":\"https:\/\/www.brams.com\/#\/schema\/logo\/image\/\"},\"sameAs\":[\"https:\/\/twitter.com\/bramsfz\",\"https:\/\/www.linkedin.com\/company\/brams-technologies\/\"]}]}<\/script>\n<!-- \/ Yoast SEO plugin. -->","yoast_head_json":{"title":"Microsoft Exchange Solution - Brams","robots":{"index":"index","follow":"follow","max-snippet":"max-snippet:-1","max-image-preview":"max-image-preview:large","max-video-preview":"max-video-preview:-1"},"canonical":"https:\/\/www.brams.com\/fr\/microsoft-exchange\/","og_locale":"fr_FR","og_type":"article","og_title":"Microsoft Exchange Solution - Brams","og_description":"[vc_section full_width=\u00a0\u00bbstretch_row_content\u00a0\u00bb content_placement=\u00a0\u00bbmiddle\u00a0\u00bb css_animation=\u00a0\u00bbfadeIn\u00a0\u00bb css=\u00a0\u00bb.vc_custom_1617873575484{border-bottom-width: 1px !important;padding-top: 0px !important;padding-bottom: 0px !important;background-position: center !important;background-repeat: no-repeat !important;background-size: cover !important;border-bottom-color: #eaeaea !important;border-bottom-style: solid !important;}\u00a0\u00bb][vc_row full_width=\u00a0\u00bbstretch_row\u00a0\u00bb][vc_column][vc_single_image image=\u00a0\u00bb9567&Prime; img_size=\u00a0\u00bbfull\u00a0\u00bb alignment=\u00a0\u00bbcenter\u00a0\u00bb][\/vc_column][\/vc_row][\/vc_section][vc_section full_width=\u00a0\u00bbstretch_row\u00a0\u00bb el_id=\u00a0\u00bbpacks\u00a0\u00bb css=\u00a0\u00bb.vc_custom_1615471140672{padding-top: 60px !important;padding-bottom: 60px !important;}\u00a0\u00bb][vc_row][vc_column css_animation=\u00a0\u00bbfadeIn\u00a0\u00bb el_class=\u00a0\u00bbdelay-1&Prime;][vc_empty_space height=\u00a0\u00bb40px\u00a0\u00bb][vc_row_inner content_placement=\u00a0\u00bbmiddle\u00a0\u00bb][vc_column_inner width=\u00a0\u00bb1\/4&Prime;][\/vc_column_inner][vc_column_inner width=\u00a0\u00bb1\/2&Prime;][vc_custom_heading text=\u00a0\u00bbSolution email d&rsquo;entreprise\u00a0\u00bb font_container=\u00a0\u00bbtag:h3|text_align:center\u00a0\u00bb use_theme_fonts=\u00a0\u00bbyes\u00a0\u00bb css_animation=\u00a0\u00bbnone\u00a0\u00bb][\/vc_column_inner][vc_column_inner width=\u00a0\u00bb1\/4&Prime;][\/vc_column_inner][\/vc_row_inner][vc_empty_space height=\u00a0\u00bb20px\u00a0\u00bb][vc_row_inner content_placement=\u00a0\u00bbmiddle\u00a0\u00bb][vc_column_inner width=\u00a0\u00bb1\/2&Prime;][vc_custom_heading text=\u00a0\u00bbAujourd&rsquo;hui, les entreprises comptent plus que jamais [&hellip;]","og_url":"https:\/\/www.brams.com\/fr\/microsoft-exchange\/","og_site_name":"Brams","article_modified_time":"2021-04-08T09:21:03+00:00","og_image":[{"width":218,"height":218,"url":"https:\/\/www.brams.com\/wp-content\/uploads\/2019\/11\/PICTO-BRAMS.png","type":"image\/png"}],"twitter_card":"summary_large_image","twitter_site":"@bramsfz","twitter_misc":{"Dur\u00e9e de lecture estim\u00e9e":"5 minutes"},"schema":{"@context":"https:\/\/schema.org","@graph":[{"@type":"WebPage","@id":"https:\/\/www.brams.com\/fr\/microsoft-exchange\/","url":"https:\/\/www.brams.com\/fr\/microsoft-exchange\/","name":"Microsoft Exchange Solution - Brams","isPartOf":{"@id":"https:\/\/www.brams.com\/#website"},"datePublished":"2021-03-11T17:12:53+00:00","dateModified":"2021-04-08T09:21:03+00:00","breadcrumb":{"@id":"https:\/\/www.brams.com\/fr\/microsoft-exchange\/#breadcrumb"},"inLanguage":"fr-FR","potentialAction":[{"@type":"ReadAction","target":["https:\/\/www.brams.com\/fr\/microsoft-exchange\/"]}]},{"@type":"BreadcrumbList","@id":"https:\/\/www.brams.com\/fr\/microsoft-exchange\/#breadcrumb","itemListElement":[{"@type":"ListItem","position":1,"name":"Home","item":"https:\/\/www.brams.com\/fr\/"},{"@type":"ListItem","position":2,"name":"Microsoft Exchange Solution"}]},{"@type":"WebSite","@id":"https:\/\/www.brams.com\/#website","url":"https:\/\/www.brams.com\/","name":"Brams","description":"A world-leading cloud specialist with over 19 years of experience.","publisher":{"@id":"https:\/\/www.brams.com\/#organization"},"potentialAction":[{"@type":"SearchAction","target":{"@type":"EntryPoint","urlTemplate":"https:\/\/www.brams.com\/?s={search_term_string}"},"query-input":"required name=search_term_string"}],"inLanguage":"fr-FR"},{"@type":"Organization","@id":"https:\/\/www.brams.com\/#organization","name":"Brams","url":"https:\/\/www.brams.com\/","logo":{"@type":"ImageObject","inLanguage":"fr-FR","@id":"https:\/\/www.brams.com\/#\/schema\/logo\/image\/","url":"https:\/\/www.brams.com\/wp-content\/uploads\/2019\/12\/brams-logo.jpg","contentUrl":"https:\/\/www.brams.com\/wp-content\/uploads\/2019\/12\/brams-logo.jpg","width":400,"height":108,"caption":"Brams"},"image":{"@id":"https:\/\/www.brams.com\/#\/schema\/logo\/image\/"},"sameAs":["https:\/\/twitter.com\/bramsfz","https:\/\/www.linkedin.com\/company\/brams-technologies\/"]}]}},"_links":{"self":[{"href":"https:\/\/www.brams.com\/fr\/wp-json\/wp\/v2\/pages\/9534","targetHints":{"allow":["GET"]}}],"collection":[{"href":"https:\/\/www.brams.com\/fr\/wp-json\/wp\/v2\/pages"}],"about":[{"href":"https:\/\/www.brams.com\/fr\/wp-json\/wp\/v2\/types\/page"}],"author":[{"embeddable":true,"href":"https:\/\/www.brams.com\/fr\/wp-json\/wp\/v2\/users\/6"}],"replies":[{"embeddable":true,"href":"https:\/\/www.brams.com\/fr\/wp-json\/wp\/v2\/comments?post=9534"}],"version-history":[{"count":3,"href":"https:\/\/www.brams.com\/fr\/wp-json\/wp\/v2\/pages\/9534\/revisions"}],"predecessor-version":[{"id":9570,"href":"https:\/\/www.brams.com\/fr\/wp-json\/wp\/v2\/pages\/9534\/revisions\/9570"}],"wp:attachment":[{"href":"https:\/\/www.brams.com\/fr\/wp-json\/wp\/v2\/media?parent=9534"}],"curies":[{"name":"wp","href":"https:\/\/api.w.org\/{rel}","templated":true}]}}