{"id":7353,"date":"2019-11-28T15:29:49","date_gmt":"2019-11-28T15:29:49","guid":{"rendered":"https:\/\/brams.com\/?page_id=7353"},"modified":"2021-05-26T12:26:24","modified_gmt":"2021-05-26T12:26:24","slug":"sap-sur-azure","status":"publish","type":"page","link":"https:\/\/www.brams.com\/fr\/services\/sap-sur-azure\/","title":{"rendered":"SAP sur Azure"},"content":{"rendered":"<div class=\"wpb-content-wrapper\"><p>[vc_section full_width=\u00a0\u00bbstretch_row\u00a0\u00bb css_animation=\u00a0\u00bbnone\u00a0\u00bb el_class=\u00a0\u00bbtext-white mask\u00a0\u00bb css=\u00a0\u00bb.vc_custom_1622031921098{padding-top: 15% !important;padding-bottom: 15% !important;background: rgba(10,10,10,0.53) url(https:\/\/www.brams.com\/wp-content\/uploads\/2020\/01\/61-1-min-1.jpg?id=8672) !important;background-position: center !important;background-repeat: no-repeat !important;background-size: cover !important;*background-color: rgb(10,10,10) !important;}\u00a0\u00bb][vc_row full_width=\u00a0\u00bbstretch_row\u00a0\u00bb css_animation=\u00a0\u00bbnone\u00a0\u00bb][vc_column][vc_custom_heading text=\u00a0\u00bbSERVICE\u00a0\u00bb font_container=\u00a0\u00bbtag:div|font_size:1.5rem|text_align:center\u00a0\u00bb use_theme_fonts=\u00a0\u00bbyes\u00a0\u00bb css_animation=\u00a0\u00bbnone\u00a0\u00bb el_class=\u00a0\u00bbfont-weight-300&Prime;][vc_custom_heading text=\u00a0\u00bbSAP sur AZURE\u00a0\u00bb font_container=\u00a0\u00bbtag:h1|font_size:4rem|text_align:center|color:%23ffffff\u00a0\u00bb use_theme_fonts=\u00a0\u00bbyes\u00a0\u00bb css_animation=\u00a0\u00bbnone\u00a0\u00bb el_class=\u00a0\u00bbresp-heading\u00a0\u00bb][\/vc_column][\/vc_row][\/vc_section][vc_section full_width=\u00a0\u00bbstretch_row\u00a0\u00bb el_id=\u00a0\u00bboverview\u00a0\u00bb el_class=\u00a0\u00bbgradient2&Prime; css=\u00a0\u00bb.vc_custom_1558693750428{padding-top: 60px !important;padding-bottom: 30px !important;}\u00a0\u00bb][vc_row][vc_column css_animation=\u00a0\u00bbnone\u00a0\u00bb el_class=\u00a0\u00bbdelay-1&Prime;][vc_row_inner][vc_column_inner width=\u00a0\u00bb1\/6&Prime;][\/vc_column_inner][vc_column_inner width=\u00a0\u00bb2\/3&Prime;][vc_custom_heading text=\u00a0\u00bbL&rsquo;ex\u00e9cution d&rsquo;environnements SAP sur Microsoft Azure peuvent g\u00e9n\u00e9rer des \u00e9conomies pouvant atteindre 30%\u00a0\u00bb font_container=\u00a0\u00bbtag:h3|text_align:center\u00a0\u00bb use_theme_fonts=\u00a0\u00bbyes\u00a0\u00bb css_animation=\u00a0\u00bbnone\u00a0\u00bb][\/vc_column_inner][vc_column_inner width=\u00a0\u00bb1\/6&Prime;][\/vc_column_inner][\/vc_row_inner][vc_empty_space height=\u00a0\u00bb40px\u00a0\u00bb][vc_separator el_width=\u00a0\u00bb70&Prime;][vc_empty_space height=\u00a0\u00bb40px\u00a0\u00bb][vc_row_inner][vc_column_inner width=\u00a0\u00bb1\/3&Prime;]<div class=\"iconbox style2 \">\n\n\t<h3 class=\"box-title\">5-10%<\/h3>\n\t<div class=\"box-detail\">\n\t\t<\/p>\n<p style=\"text-align: center\">D\u2019\u00e9conomies dans l&rsquo;automatisation de SAP BASIS pour les migrations Azure<\/p>\n<p>\n\t\n\t<\/div>\n\t<div class=\"box-icon\"><i class=\"fa fa-exchange\"><\/i><\/div>\t\n\t\n<\/div>[\/vc_column_inner][vc_column_inner width=\u00a0\u00bb1\/3&Prime;]<div class=\"iconbox style2 \">\n\n\t<h3 class=\"box-title\">5-10%<\/h3>\n\t<div class=\"box-detail\">\n\t\t<\/p>\n<p style=\"text-align: center\">D\u2019\u00e9conomies sur les op\u00e9rations d&rsquo;infrastructure intelligentes Azure<\/p>\n<p>\n\t\n\t<\/div>\n\t<div class=\"box-icon\"><i class=\"fa fa-building-o\"><\/i><\/div>\t\n\t\n<\/div>[\/vc_column_inner][vc_column_inner width=\u00a0\u00bb1\/3&Prime;]<div class=\"iconbox style2 \">\n\n\t<h3 class=\"box-title\">15-20%<\/h3>\n\t<div class=\"box-detail\">\n\t\t<\/p>\n<p style=\"text-align: center\">De r\u00e9duction des efforts de s\u00e9curit\u00e9 sur SAP<\/p>\n<p>\n\t\n\t<\/div>\n\t<div class=\"box-icon\"><i class=\"fa fa-lock\"><\/i><\/div>\t\n\t\n<\/div>[\/vc_column_inner][\/vc_row_inner][vc_empty_space height=\u00a0\u00bb20px\u00a0\u00bb][vc_row_inner el_class=\u00a0\u00bbvc-desktop\u00a0\u00bb][vc_column_inner width=\u00a0\u00bb1\/2&Prime;][vc_column_text]Brams peut vous aider \u00e0 r\u00e9aliser ces \u00e9conomies.<\/p>\n<p>Dans un contexte hautement concurrentiel, les besoins des entreprises peuvent \u00e9voluer rapidement. Les structures r\u00e9silientes sont celles qui ont la flexibilit\u00e9 n\u00e9cessaire pour rester comp\u00e9titives.<\/p>\n<p>C\u2019est pourquoi, SAP s&rsquo;efforce d&rsquo;aider ses clients \u00e0 surmonter leurs d\u00e9fis gr\u00e2ce \u00e0 des innovations telles que SAP S \/ 4HANA. Gr\u00e2ce au partenariat entre SAP et Microsoft, les clients SAP peuvent tirer parti de leur investissement initial en migrant vers le cloud Azure avec souplesse et \u00e9conomies.<\/p>\n<p>Chez Brams, nous accompagnons nos clients dans le cadre de leur projet SAP sur Azure, en fournissant une expertise approfondie de la plupart des solutions SAP et Microsoft Azure associ\u00e9es \u00e0 nos pratiques CMMI et ITIL. Nous proposons \u00e9galement une strat\u00e9gie cloud globale prenant en compte le court, le moyen et le long terme. [\/vc_column_text][\/vc_column_inner][vc_column_inner width=\u00a0\u00bb1\/2&Prime;][vc_column_text]<a class=\"vp-a\" href=\"https:\/\/youtu.be\/8t-l7-aSyUg\"><img decoding=\"async\" class=\"vp-img\" src=\"\/wp-content\/uploads\/2019\/12\/Microsoft-and-SAP-Why-run-SAP-on-Azure-1-2.jpg\"><\/a>[\/vc_column_text][\/vc_column_inner][\/vc_row_inner][vc_empty_space height=\u00a0\u00bb1px\u00a0\u00bb][vc_row_inner el_class=\u00a0\u00bbvc-mobile\u00a0\u00bb][vc_column_inner width=\u00a0\u00bb1\/2&Prime;][vc_column_text]<a class=\"vp-a\" href=\"https:\/\/youtu.be\/8t-l7-aSyUg\"><img decoding=\"async\" class=\"vp-img\" src=\"\/wp-content\/uploads\/2019\/12\/Microsoft-and-SAP-Why-run-SAP-on-Azure-1-2.jpg\"><\/a>[\/vc_column_text][\/vc_column_inner][vc_column_inner width=\u00a0\u00bb1\/2&Prime;][vc_column_text]Brams peut vous aider \u00e0 r\u00e9aliser ces \u00e9conomies.<\/p>\n<p>Dans un contexte hautement concurrentiel, les besoins des entreprises peuvent \u00e9voluer rapidement. Les structures r\u00e9silientes sont celles qui ont la flexibilit\u00e9 n\u00e9cessaire pour rester comp\u00e9titives.<\/p>\n<p>C\u2019est pourquoi, SAP s&rsquo;efforce d&rsquo;aider ses clients \u00e0 surmonter leurs d\u00e9fis gr\u00e2ce \u00e0 des innovations telles que SAP S \/ 4HANA. Gr\u00e2ce au partenariat entre SAP et Microsoft, les clients SAP peuvent tirer parti de leur investissement initial en migrant vers le cloud Azure avec souplesse et \u00e9conomies.<\/p>\n<p>Chez Brams, nous accompagnons nos clients dans le cadre de leur projet SAP sur Azure, en fournissant une expertise approfondie de la plupart des solutions SAP et Microsoft Azure associ\u00e9es \u00e0 nos pratiques CMMI et ITIL. Nous proposons \u00e9galement une strat\u00e9gie cloud globale prenant en compte le court, le moyen et le long terme. [\/vc_column_text][\/vc_column_inner][\/vc_row_inner][vc_empty_space height=\u00a0\u00bb40px\u00a0\u00bb][vc_separator el_width=\u00a0\u00bb70&Prime;][vc_empty_space height=\u00a0\u00bb40px\u00a0\u00bb][\/vc_column][\/vc_row][vc_row][vc_column css_animation=\u00a0\u00bbnone\u00a0\u00bb el_class=\u00a0\u00bbdelay-1&Prime;][vc_custom_heading text=\u00a0\u00bbSAP Practice\u00a0\u00bb font_container=\u00a0\u00bbtag:h3|text_align:center\u00a0\u00bb use_theme_fonts=\u00a0\u00bbyes\u00a0\u00bb css_animation=\u00a0\u00bbnone\u00a0\u00bb][vc_empty_space height=\u00a0\u00bb40px\u00a0\u00bb][\/vc_column][\/vc_row][vc_row el_class=\u00a0\u00bbvc-desktop\u00a0\u00bb][vc_column css_animation=\u00a0\u00bbnone\u00a0\u00bb width=\u00a0\u00bb1\/2&Prime; el_class=\u00a0\u00bbdelay-1&Prime;][vc_column_text]Dans le cadre de notre practice SAP on Azure, nous proposons une gamme de services couvrant l\u2019ensemble de la cha\u00eene de valeur : de la configuration \/ migration au service g\u00e9r\u00e9 avec un support 24\/7.<\/p>\n<p>Nous proposons \u00e9galement un pack de d\u00e9marrage incluant les services suivants\u202f:<\/p>\n<ul>\n<li>Estimation gratuite de SAP HANA et SAP S\/4HANA<\/li>\n<li>Estimation gratuity de SAP on Azure<\/li>\n<li>Des ateliers personnalis\u00e9s et POC pour SAP on Azure<\/li>\n<li>Evaluation de l\u2019architecture de d\u00e9ploiement HANA comme MCOS, MCOD, MDC etc.<\/li>\n<li>Une \u00e9tude compl\u00e8te de vos syst\u00e8mes et de votre architecture actuels<\/li>\n<li>Recommandation sur la strat\u00e9gie de d\u00e9ploiement ou de migration<\/li>\n<\/ul>\n<p>[\/vc_column_text][\/vc_column][vc_column css_animation=\u00a0\u00bbnone\u00a0\u00bb width=\u00a0\u00bb1\/2&Prime; el_class=\u00a0\u00bbdelay-2&Prime;][vc_single_image image=\u00a0\u00bb7426&Prime; img_size=\u00a0\u00bbfull\u00a0\u00bb alignment=\u00a0\u00bbcenter\u00a0\u00bb][\/vc_column][\/vc_row][vc_row el_class=\u00a0\u00bbvc-mobile\u00a0\u00bb][vc_column css_animation=\u00a0\u00bbnone\u00a0\u00bb width=\u00a0\u00bb1\/2&Prime; el_class=\u00a0\u00bbdelay-2&Prime;][vc_single_image image=\u00a0\u00bb7523&Prime; img_size=\u00a0\u00bbfull\u00a0\u00bb alignment=\u00a0\u00bbcenter\u00a0\u00bb css=\u00a0\u00bb.vc_custom_1575881795345{margin-bottom: 20px !important;}\u00a0\u00bb][\/vc_column][vc_column css_animation=\u00a0\u00bbnone\u00a0\u00bb width=\u00a0\u00bb1\/2&Prime; el_class=\u00a0\u00bbdelay-1&Prime;][vc_column_text]Dans le cadre de notre practice SAP on Azure, nous proposons une gamme de services couvrant l\u2019ensemble de la cha\u00eene de valeur : de la configuration \/ migration au service g\u00e9r\u00e9 avec un support 24\/7.<\/p>\n<p>Nous proposons \u00e9galement un pack de d\u00e9marrage incluant les services suivants\u202f:<\/p>\n<ul>\n<li>Estimation gratuite de SAP HANA et SAP S\/4HANA<\/li>\n<li>Estimation gratuity de SAP on Azure<\/li>\n<li>Des ateliers personnalis\u00e9s et POC pour SAP on Azure<\/li>\n<li>Evaluation de l\u2019architecture de d\u00e9ploiement HANA comme MCOS, MCOD, MDC etc.<\/li>\n<li>Une \u00e9tude compl\u00e8te de vos syst\u00e8mes et de votre architecture actuels<\/li>\n<li>Recommandation sur la strat\u00e9gie de d\u00e9ploiement ou de migration<\/li>\n<\/ul>\n<p>[\/vc_column_text][\/vc_column][\/vc_row][\/vc_section][vc_section full_width=\u00a0\u00bbstretch_row\u00a0\u00bb css_animation=\u00a0\u00bbnone\u00a0\u00bb el_id=\u00a0\u00bbsolutions\u00a0\u00bb css=\u00a0\u00bb.vc_custom_1622032013602{padding-top: 60px !important;padding-bottom: 30px !important;}\u00a0\u00bb el_class=\u00a0\u00bbgradient3&Prime;][vc_row][vc_column css_animation=\u00a0\u00bbfadeIn\u00a0\u00bb el_class=\u00a0\u00bbdelay-1&Prime;][vc_custom_heading text=\u00a0\u00bbSAP on AZURE cloud advisory\u00a0\u00bb font_container=\u00a0\u00bbtag:h3|text_align:center\u00a0\u00bb use_theme_fonts=\u00a0\u00bbyes\u00a0\u00bb css_animation=\u00a0\u00bbnone\u00a0\u00bb][vc_empty_space height=\u00a0\u00bb40px\u00a0\u00bb][\/vc_column][\/vc_row][vc_row][vc_column]<ul class=\"iconlist iconlist iconlist-icon-small columns-2 gap-50\"><li><div ><div class=\"iconlist-item-icon\"><img decoding=\"async\" src=\"https:\/\/www.brams.com\/wp-content\/uploads\/2019\/11\/Cloud-Journey-Advisory-Services.png\" alt=\"Cloud-Journey-Advisory-Services\" \/><\/div><div class=\"iconlist-item-content\"><h5>Parcours cloud \u2013 Consulting<\/h5><p>D\u00e9couverte de l&rsquo;environnement.<br \/>Conseil Cloud readiness.<br \/>Rapport TCO et ROI.<br \/>Migration &amp; on-boarding.<br \/>Proof of concept. <\/div><\/div><\/li><li><div ><div class=\"iconlist-item-icon\"><img decoding=\"async\" src=\"https:\/\/www.brams.com\/wp-content\/uploads\/2019\/11\/SAP-Size-to-Fit-the-Business.png\" alt=\"SAP-Size-to-Fit-the-Business\" \/><\/div><div class=\"iconlist-item-content\"><h5>SAP Size to Fit the Business<\/h5><p>Systemes SAP certifi\u00e9s.<br \/>Configuration en phase avec les performances attendues.<br \/>Architecture delivering security, backup et resilience. <\/div><\/div><\/li><li><div ><div class=\"iconlist-item-icon\"><img decoding=\"async\" src=\"https:\/\/www.brams.com\/wp-content\/uploads\/2019\/11\/Automated-Managed-Services.png\" alt=\"Automated-Managed-Services\" \/><\/div><div class=\"iconlist-item-content\"><h5>Automated Managed Services<\/h5><p>Des ressources SAP et Azure certifi\u00e9es.<br \/>Service support 24\/7.<br \/>Managed services SAP basis niveau technique.<br \/>SLA jusqu\u2019\u00e0 la couche de connexion d&rsquo;application. <\/div><\/div><\/li><li><div ><div class=\"iconlist-item-icon\"><img decoding=\"async\" src=\"https:\/\/www.brams.com\/wp-content\/uploads\/2019\/11\/Governance-Risk-and-Security-Compliances.png\" alt=\"Governance-Risk-and-Security-Compliances\" \/><\/div><div class=\"iconlist-item-content\"><h5>Gouvernance, Risques et Conformit\u00e9<\/h5><p>Gouvernance des identit\u00e9s avec contr\u00f4le d&rsquo;acc\u00e8s bas\u00e9 sur les r\u00f4les.<br \/>S\u00e9curit\u00e9 SAP am\u00e9lior\u00e9e avec int\u00e9gration des contr\u00f4les de conformit\u00e9 sp\u00e9cifiques \u00e0 chaque zone g\u00e9ographique et chaque vertical.<br \/>24*7 security operation center managing security.<br \/>Centre d&rsquo;op\u00e9rations de s\u00e9curit\u00e9 24 * 7.<br \/>Surveillance de la s\u00e9curit\u00e9 en temp r\u00e9el et corr\u00e9lation.<\/div><\/div><\/li><li><div ><div class=\"iconlist-item-icon\"><img decoding=\"async\" src=\"https:\/\/www.brams.com\/wp-content\/uploads\/2019\/11\/Backup-DRaaS-\u2013-Disaster-Recovery-as-a-Service.png\" alt=\"Backup-DRaaS-\u2013-Disaster-Recovery-as-a-Service\" \/><\/div><div class=\"iconlist-item-content\"><h5>Backup\/ DRaaS \u2013 Disaster Recovery as a Service<\/h5><p>Protection et r\u00e9cup\u00e9ration pour les applications et les donn\u00e9es critiques.<br \/>Augmentation de la r\u00e9silience des sites en concevant la r\u00e9cup\u00e9ration apr\u00e8s incident sur Azure.<br \/>Stringent RPO &amp; RTO SLAs.<br \/>R\u00e9cup\u00e9ration automatique apr\u00e8s sinistre. <\/div><\/div><\/li><\/ul>[vc_separator el_width=\u00a0\u00bb70&Prime;][vc_empty_space height=\u00a0\u00bb40px\u00a0\u00bb][vc_custom_heading text=\u00a0\u00bbContenus associ\u00e9s\u00a0\u00bb font_container=\u00a0\u00bbtag:h3|text_align:center\u00a0\u00bb use_theme_fonts=\u00a0\u00bbyes\u00a0\u00bb css_animation=\u00a0\u00bbnone\u00a0\u00bb][vc_empty_space height=\u00a0\u00bb40px\u00a0\u00bb][vc_row_inner][vc_column_inner width=\u00a0\u00bb1\/2&Prime;][vc_custom_heading text=\u00a0\u00bbMicrosoft and SAP:<br \/>\nHow we innovate together\u00a0\u00bb font_container=\u00a0\u00bbtag:h5|text_align:center\u00a0\u00bb use_theme_fonts=\u00a0\u00bbyes\u00a0\u00bb css_animation=\u00a0\u00bbnone\u00a0\u00bb css=\u00a0\u00bb.vc_custom_1577354392917{margin-bottom: 15px !important;}\u00a0\u00bb][vc_column_text]<a class=\"vp-a\" href=\"https:\/\/youtu.be\/pMuOm7RjK5Y\"><img decoding=\"async\" class=\"vp-img\" src=\"\/wp-content\/uploads\/2019\/12\/microsoft-sap-1-3.jpg\"><\/a>[\/vc_column_text][\/vc_column_inner][vc_column_inner width=\u00a0\u00bb1\/2&Prime;][vc_custom_heading text=\u00a0\u00bbSAP partners with Microsoft for first-in-market<br \/>\ncloud migration offerings\u00a0\u00bb font_container=\u00a0\u00bbtag:h5|text_align:center\u00a0\u00bb use_theme_fonts=\u00a0\u00bbyes\u00a0\u00bb css_animation=\u00a0\u00bbnone\u00a0\u00bb css=\u00a0\u00bb.vc_custom_1575387954342{margin-bottom: 15px !important;}\u00a0\u00bb][vc_single_image image=\u00a0\u00bb7490&Prime; img_size=\u00a0\u00bbfull\u00a0\u00bb alignment=\u00a0\u00bbcenter\u00a0\u00bb onclick=\u00a0\u00bbcustom_link\u00a0\u00bb img_link_target=\u00a0\u00bb_blank\u00a0\u00bb link=\u00a0\u00bbhttps:\/\/news.microsoft.com\/2019\/10\/20\/sap-partners-with-microsoft-for-first-in-market-cloud-migration-offerings\/\u00a0\u00bb css=\u00a0\u00bb.vc_custom_1575277480983{border-top-width: 1px !important;border-right-width: 1px !important;border-bottom-width: 1px !important;border-left-width: 1px !important;border-left-color: #f2f2f2 !important;border-left-style: solid !important;border-right-color: #f2f2f2 !important;border-right-style: solid !important;border-top-color: #f2f2f2 !important;border-top-style: solid !important;border-bottom-color: #f2f2f2 !important;border-bottom-style: solid !important;}\u00a0\u00bb][\/vc_column_inner][\/vc_row_inner][vc_empty_space height=\u00a0\u00bb40px\u00a0\u00bb][\/vc_column][\/vc_row][\/vc_section]<\/p>\n<\/div>","protected":false},"excerpt":{"rendered":"<p>[vc_section full_width=\u00a0\u00bbstretch_row\u00a0\u00bb css_animation=\u00a0\u00bbnone\u00a0\u00bb el_class=\u00a0\u00bbtext-white mask\u00a0\u00bb css=\u00a0\u00bb.vc_custom_1622031921098{padding-top: 15% !important;padding-bottom: 15% !important;background: rgba(10,10,10,0.53) url(https:\/\/www.brams.com\/wp-content\/uploads\/2020\/01\/61-1-min-1.jpg?id=8672) !important;background-position: center !important;background-repeat: no-repeat !important;background-size: cover !important;*background-color: rgb(10,10,10) !important;}\u00a0\u00bb][vc_row full_width=\u00a0\u00bbstretch_row\u00a0\u00bb css_animation=\u00a0\u00bbnone\u00a0\u00bb][vc_column][vc_custom_heading text=\u00a0\u00bbSERVICE\u00a0\u00bb font_container=\u00a0\u00bbtag:div|font_size:1.5rem|text_align:center\u00a0\u00bb use_theme_fonts=\u00a0\u00bbyes\u00a0\u00bb css_animation=\u00a0\u00bbnone\u00a0\u00bb el_class=\u00a0\u00bbfont-weight-300&Prime;][vc_custom_heading text=\u00a0\u00bbSAP sur AZURE\u00a0\u00bb font_container=\u00a0\u00bbtag:h1|font_size:4rem|text_align:center|color:%23ffffff\u00a0\u00bb use_theme_fonts=\u00a0\u00bbyes\u00a0\u00bb css_animation=\u00a0\u00bbnone\u00a0\u00bb el_class=\u00a0\u00bbresp-heading\u00a0\u00bb][\/vc_column][\/vc_row][\/vc_section][vc_section full_width=\u00a0\u00bbstretch_row\u00a0\u00bb el_id=\u00a0\u00bboverview\u00a0\u00bb el_class=\u00a0\u00bbgradient2&Prime; css=\u00a0\u00bb.vc_custom_1558693750428{padding-top: 60px !important;padding-bottom: 30px !important;}\u00a0\u00bb][vc_row][vc_column css_animation=\u00a0\u00bbnone\u00a0\u00bb el_class=\u00a0\u00bbdelay-1&Prime;][vc_row_inner][vc_column_inner width=\u00a0\u00bb1\/6&Prime;][\/vc_column_inner][vc_column_inner width=\u00a0\u00bb2\/3&Prime;][vc_custom_heading text=\u00a0\u00bbL&rsquo;ex\u00e9cution d&rsquo;environnements SAP sur Microsoft Azure peuvent g\u00e9n\u00e9rer [&hellip;]<\/p>\n","protected":false},"author":6,"featured_media":0,"parent":5089,"menu_order":0,"comment_status":"closed","ping_status":"closed","template":"","meta":{"content-type":"","_monsterinsights_skip_tracking":false,"_monsterinsights_sitenote_active":false,"_monsterinsights_sitenote_note":"","_monsterinsights_sitenote_category":0,"footnotes":""},"class_list":["post-7353","page","type-page","status-publish","hentry"],"yoast_head":"<!-- This site is optimized with the Yoast SEO plugin v22.1 - https:\/\/yoast.com\/wordpress\/plugins\/seo\/ -->\n<title>SAP sur Microsoft Azure - Brams<\/title>\n<meta name=\"description\" content=\"Dans le cadre de notre practice SAP sur Azure, nous proposons une gamme de services couvrant l\u2019ensemble de la cha\u00eene de valeur : de la configuration ...\" \/>\n<meta name=\"robots\" content=\"index, follow, max-snippet:-1, max-image-preview:large, max-video-preview:-1\" \/>\n<link rel=\"canonical\" href=\"https:\/\/www.brams.com\/fr\/services\/sap-sur-azure\/\" \/>\n<meta property=\"og:locale\" content=\"fr_FR\" \/>\n<meta property=\"og:type\" content=\"article\" \/>\n<meta property=\"og:title\" content=\"SAP sur Microsoft Azure - Brams\" \/>\n<meta property=\"og:description\" content=\"Dans le cadre de notre practice SAP sur Azure, nous proposons une gamme de services couvrant l\u2019ensemble de la cha\u00eene de valeur : de la configuration ...\" \/>\n<meta property=\"og:url\" content=\"https:\/\/www.brams.com\/fr\/services\/sap-sur-azure\/\" \/>\n<meta property=\"og:site_name\" content=\"Brams\" \/>\n<meta property=\"article:modified_time\" content=\"2021-05-26T12:26:24+00:00\" \/>\n<meta property=\"og:image\" content=\"https:\/\/www.brams.com\/wp-content\/uploads\/2019\/11\/PICTO-BRAMS.png\" \/>\n\t<meta property=\"og:image:width\" content=\"218\" \/>\n\t<meta property=\"og:image:height\" content=\"218\" \/>\n\t<meta property=\"og:image:type\" content=\"image\/png\" \/>\n<meta name=\"twitter:card\" content=\"summary_large_image\" \/>\n<meta name=\"twitter:site\" content=\"@bramsfz\" \/>\n<meta name=\"twitter:label1\" content=\"Dur\u00e9e de lecture estim\u00e9e\" \/>\n\t<meta name=\"twitter:data1\" content=\"5 minutes\" \/>\n<script type=\"application\/ld+json\" class=\"yoast-schema-graph\">{\"@context\":\"https:\/\/schema.org\",\"@graph\":[{\"@type\":\"WebPage\",\"@id\":\"https:\/\/www.brams.com\/fr\/services\/sap-sur-azure\/\",\"url\":\"https:\/\/www.brams.com\/fr\/services\/sap-sur-azure\/\",\"name\":\"SAP sur Microsoft Azure - Brams\",\"isPartOf\":{\"@id\":\"https:\/\/www.brams.com\/#website\"},\"datePublished\":\"2019-11-28T15:29:49+00:00\",\"dateModified\":\"2021-05-26T12:26:24+00:00\",\"description\":\"Dans le cadre de notre practice SAP sur Azure, nous proposons une gamme de services couvrant l\u2019ensemble de la cha\u00eene de valeur : de la configuration ...\",\"breadcrumb\":{\"@id\":\"https:\/\/www.brams.com\/fr\/services\/sap-sur-azure\/#breadcrumb\"},\"inLanguage\":\"fr-FR\",\"potentialAction\":[{\"@type\":\"ReadAction\",\"target\":[\"https:\/\/www.brams.com\/fr\/services\/sap-sur-azure\/\"]}]},{\"@type\":\"BreadcrumbList\",\"@id\":\"https:\/\/www.brams.com\/fr\/services\/sap-sur-azure\/#breadcrumb\",\"itemListElement\":[{\"@type\":\"ListItem\",\"position\":1,\"name\":\"Home\",\"item\":\"https:\/\/www.brams.com\/fr\/\"},{\"@type\":\"ListItem\",\"position\":2,\"name\":\"Services\",\"item\":\"https:\/\/www.brams.com\/fr\/services\/\"},{\"@type\":\"ListItem\",\"position\":3,\"name\":\"SAP sur Azure\"}]},{\"@type\":\"WebSite\",\"@id\":\"https:\/\/www.brams.com\/#website\",\"url\":\"https:\/\/www.brams.com\/\",\"name\":\"Brams\",\"description\":\"A world-leading cloud specialist with over 19 years of experience.\",\"publisher\":{\"@id\":\"https:\/\/www.brams.com\/#organization\"},\"potentialAction\":[{\"@type\":\"SearchAction\",\"target\":{\"@type\":\"EntryPoint\",\"urlTemplate\":\"https:\/\/www.brams.com\/?s={search_term_string}\"},\"query-input\":\"required name=search_term_string\"}],\"inLanguage\":\"fr-FR\"},{\"@type\":\"Organization\",\"@id\":\"https:\/\/www.brams.com\/#organization\",\"name\":\"Brams\",\"url\":\"https:\/\/www.brams.com\/\",\"logo\":{\"@type\":\"ImageObject\",\"inLanguage\":\"fr-FR\",\"@id\":\"https:\/\/www.brams.com\/#\/schema\/logo\/image\/\",\"url\":\"https:\/\/www.brams.com\/wp-content\/uploads\/2019\/12\/brams-logo.jpg\",\"contentUrl\":\"https:\/\/www.brams.com\/wp-content\/uploads\/2019\/12\/brams-logo.jpg\",\"width\":400,\"height\":108,\"caption\":\"Brams\"},\"image\":{\"@id\":\"https:\/\/www.brams.com\/#\/schema\/logo\/image\/\"},\"sameAs\":[\"https:\/\/twitter.com\/bramsfz\",\"https:\/\/www.linkedin.com\/company\/brams-technologies\/\"]}]}<\/script>\n<!-- \/ Yoast SEO plugin. -->","yoast_head_json":{"title":"SAP sur Microsoft Azure - Brams","description":"Dans le cadre de notre practice SAP sur Azure, nous proposons une gamme de services couvrant l\u2019ensemble de la cha\u00eene de valeur : de la configuration ...","robots":{"index":"index","follow":"follow","max-snippet":"max-snippet:-1","max-image-preview":"max-image-preview:large","max-video-preview":"max-video-preview:-1"},"canonical":"https:\/\/www.brams.com\/fr\/services\/sap-sur-azure\/","og_locale":"fr_FR","og_type":"article","og_title":"SAP sur Microsoft Azure - Brams","og_description":"Dans le cadre de notre practice SAP sur Azure, nous proposons une gamme de services couvrant l\u2019ensemble de la cha\u00eene de valeur : de la configuration ...","og_url":"https:\/\/www.brams.com\/fr\/services\/sap-sur-azure\/","og_site_name":"Brams","article_modified_time":"2021-05-26T12:26:24+00:00","og_image":[{"width":218,"height":218,"url":"https:\/\/www.brams.com\/wp-content\/uploads\/2019\/11\/PICTO-BRAMS.png","type":"image\/png"}],"twitter_card":"summary_large_image","twitter_site":"@bramsfz","twitter_misc":{"Dur\u00e9e de lecture estim\u00e9e":"5 minutes"},"schema":{"@context":"https:\/\/schema.org","@graph":[{"@type":"WebPage","@id":"https:\/\/www.brams.com\/fr\/services\/sap-sur-azure\/","url":"https:\/\/www.brams.com\/fr\/services\/sap-sur-azure\/","name":"SAP sur Microsoft Azure - Brams","isPartOf":{"@id":"https:\/\/www.brams.com\/#website"},"datePublished":"2019-11-28T15:29:49+00:00","dateModified":"2021-05-26T12:26:24+00:00","description":"Dans le cadre de notre practice SAP sur Azure, nous proposons une gamme de services couvrant l\u2019ensemble de la cha\u00eene de valeur : de la configuration ...","breadcrumb":{"@id":"https:\/\/www.brams.com\/fr\/services\/sap-sur-azure\/#breadcrumb"},"inLanguage":"fr-FR","potentialAction":[{"@type":"ReadAction","target":["https:\/\/www.brams.com\/fr\/services\/sap-sur-azure\/"]}]},{"@type":"BreadcrumbList","@id":"https:\/\/www.brams.com\/fr\/services\/sap-sur-azure\/#breadcrumb","itemListElement":[{"@type":"ListItem","position":1,"name":"Home","item":"https:\/\/www.brams.com\/fr\/"},{"@type":"ListItem","position":2,"name":"Services","item":"https:\/\/www.brams.com\/fr\/services\/"},{"@type":"ListItem","position":3,"name":"SAP sur Azure"}]},{"@type":"WebSite","@id":"https:\/\/www.brams.com\/#website","url":"https:\/\/www.brams.com\/","name":"Brams","description":"A world-leading cloud specialist with over 19 years of experience.","publisher":{"@id":"https:\/\/www.brams.com\/#organization"},"potentialAction":[{"@type":"SearchAction","target":{"@type":"EntryPoint","urlTemplate":"https:\/\/www.brams.com\/?s={search_term_string}"},"query-input":"required name=search_term_string"}],"inLanguage":"fr-FR"},{"@type":"Organization","@id":"https:\/\/www.brams.com\/#organization","name":"Brams","url":"https:\/\/www.brams.com\/","logo":{"@type":"ImageObject","inLanguage":"fr-FR","@id":"https:\/\/www.brams.com\/#\/schema\/logo\/image\/","url":"https:\/\/www.brams.com\/wp-content\/uploads\/2019\/12\/brams-logo.jpg","contentUrl":"https:\/\/www.brams.com\/wp-content\/uploads\/2019\/12\/brams-logo.jpg","width":400,"height":108,"caption":"Brams"},"image":{"@id":"https:\/\/www.brams.com\/#\/schema\/logo\/image\/"},"sameAs":["https:\/\/twitter.com\/bramsfz","https:\/\/www.linkedin.com\/company\/brams-technologies\/"]}]}},"_links":{"self":[{"href":"https:\/\/www.brams.com\/fr\/wp-json\/wp\/v2\/pages\/7353","targetHints":{"allow":["GET"]}}],"collection":[{"href":"https:\/\/www.brams.com\/fr\/wp-json\/wp\/v2\/pages"}],"about":[{"href":"https:\/\/www.brams.com\/fr\/wp-json\/wp\/v2\/types\/page"}],"author":[{"embeddable":true,"href":"https:\/\/www.brams.com\/fr\/wp-json\/wp\/v2\/users\/6"}],"replies":[{"embeddable":true,"href":"https:\/\/www.brams.com\/fr\/wp-json\/wp\/v2\/comments?post=7353"}],"version-history":[{"count":3,"href":"https:\/\/www.brams.com\/fr\/wp-json\/wp\/v2\/pages\/7353\/revisions"}],"predecessor-version":[{"id":9675,"href":"https:\/\/www.brams.com\/fr\/wp-json\/wp\/v2\/pages\/7353\/revisions\/9675"}],"up":[{"embeddable":true,"href":"https:\/\/www.brams.com\/fr\/wp-json\/wp\/v2\/pages\/5089"}],"wp:attachment":[{"href":"https:\/\/www.brams.com\/fr\/wp-json\/wp\/v2\/media?parent=7353"}],"curies":[{"name":"wp","href":"https:\/\/api.w.org\/{rel}","templated":true}]}}