{"id":7250,"date":"2019-11-27T09:54:17","date_gmt":"2019-11-27T09:54:17","guid":{"rendered":"https:\/\/brams.com\/?page_id=7250"},"modified":"2021-11-17T15:20:37","modified_gmt":"2021-11-17T15:20:37","slug":"ingenieur-support-systeme-et-reseaux","status":"publish","type":"page","link":"https:\/\/www.brams.com\/fr\/ingenieur-support-systeme-et-reseaux\/","title":{"rendered":"Ing\u00e9nieur Support Syst\u00e8me et R\u00e9seaux"},"content":{"rendered":"<div class=\"wpb-content-wrapper\"><p>[vc_row full_width=\u00a0\u00bbstretch_row\u00a0\u00bb css=\u00a0\u00bb.vc_custom_1574848492132{padding-top: 80px !important;padding-bottom: 80px !important;background: #194874 url(https:\/\/www.brams.com\/wp-content\/uploads\/2019\/11\/System-ing.jpg?id=6746) !important;background-position: center !important;background-repeat: no-repeat !important;background-size: cover !important;}\u00a0\u00bb el_class=\u00a0\u00bbtext-white\u00a0\u00bb][vc_column width=\u00a0\u00bb1\/6&Prime;][\/vc_column][vc_column width=\u00a0\u00bb2\/3&Prime; css=\u00a0\u00bb.vc_custom_1574332055929{padding-top: 10px !important;padding-bottom: 10px !important;background-color: rgba(0,0,0,0.57) !important;*background-color: rgb(0,0,0) !important;}\u00a0\u00bb][vc_custom_heading text=\u00a0\u00bbIng\u00e9nieur Support Syst\u00e8me et R\u00e9seaux\u00a0\u00bb font_container=\u00a0\u00bbtag:h1|font_size:2.25rem|text_align:center|color:%23ffffff\u00a0\u00bb use_theme_fonts=\u00a0\u00bbyes\u00a0\u00bb el_class=\u00a0\u00bbtitle-head\u00a0\u00bb][vc_empty_space height=\u00a0\u00bb20px\u00a0\u00bb][vc_custom_heading text=\u00a0\u00bbCasablanca\u00a0\u00bb font_container=\u00a0\u00bbtag:div|font_size:1.5rem|text_align:center|color:%23ffffff\u00a0\u00bb use_theme_fonts=\u00a0\u00bbyes\u00a0\u00bb el_class=\u00a0\u00bbfont-weight-300&Prime;][\/vc_column][vc_column width=\u00a0\u00bb1\/6&Prime;][\/vc_column][\/vc_row][vc_row full_width=\u00a0\u00bbstretch_row\u00a0\u00bb css=\u00a0\u00bb.vc_custom_1574332063096{padding-top: 50px !important;}\u00a0\u00bb][vc_column width=\u00a0\u00bb1\/6&Prime;][\/vc_column][vc_column width=\u00a0\u00bb2\/3&Prime;][vc_column_text el_class=\u00a0\u00bbtext-center\u00a0\u00bb]Brams est le premier int\u00e9grateur cloud de la r\u00e9gion Middle East Africa qui b\u00e9n\u00e9ficie aujourd\u2019hui d\u2019une profonde exp\u00e9rience des services Cloud. Son partenariat de proximit\u00e9 avec les leaders du cloud Google, Microsoft, Amazon et IBM lui permet d\u2019\u00eatre constamment \u00e0 jour des \u00e9volutions de ces nouvelles technologies.<\/p>\n<p>Pour accompagner notre croissance, nous recherchons un Ing\u00e9nieur Syst\u00e8me et R\u00e9seaux.<\/p>\n<p><strong>Nombre de postes \u00e0 pourvoir : 2<\/strong>[\/vc_column_text][vc_empty_space height=\u00a0\u00bb40px\u00a0\u00bb][vc_custom_heading text=\u00a0\u00bbDescription du poste\u00a0\u00bb font_container=\u00a0\u00bbtag:h3|text_align:center\u00a0\u00bb use_theme_fonts=\u00a0\u00bbyes\u00a0\u00bb][vc_empty_space height=\u00a0\u00bb20px\u00a0\u00bb][vc_column_text]<\/p>\n<ul>\n<li>D\u00e9ploiement et migration des solutions G-Suite et Microsoft 365 \/ Office365.<\/li>\n<li>\u00c9tablissement des pratiques et normes de s\u00e9curit\u00e9 pour Microsoft 365\/Office 365 et G-Suite.<\/li>\n<li>Mise en place des strat\u00e9gies de r\u00e9tentions et de backup.<\/li>\n<li>Animation des s\u00e9ances de formations et supports aux clients.<\/li>\n<li>Conception et impl\u00e9mentation Azure Cloud Services Services notamment pour le calcul, les r\u00e9seaux, le stockage et la s\u00e9curit\u00e9.<\/li>\n<li>Administration des ressources d\u2019infrastructure dans Azure.<\/li>\n<li>Impl\u00e9mentation de Nutanix Solution de Cloud priv\u00e9e.<\/li>\n<li>Impl\u00e9mentation de 3CX solution de T\u00e9l\u00e9phonie VOIP.<\/li>\n<\/ul>\n<p>[\/vc_column_text][\/vc_column][vc_column width=\u00a0\u00bb1\/6&Prime;][\/vc_column][\/vc_row][vc_row full_width=\u00a0\u00bbstretch_row\u00a0\u00bb css=\u00a0\u00bb.vc_custom_1574332071121{padding-top: 50px !important;}\u00a0\u00bb][vc_column width=\u00a0\u00bb1\/6&Prime;][\/vc_column][vc_column width=\u00a0\u00bb2\/3&Prime;][vc_custom_heading text=\u00a0\u00bbComp\u00e9tences souhait\u00e9es\u00a0\u00bb font_container=\u00a0\u00bbtag:h3|text_align:center\u00a0\u00bb use_theme_fonts=\u00a0\u00bbyes\u00a0\u00bb][vc_empty_space height=\u00a0\u00bb20px\u00a0\u00bb][vc_column_text]<\/p>\n<ul>\n<li>Exp\u00e9rience 2 \u00e0 3 ans dans un poste similaire.<\/li>\n<li>Expertise : Microsoft365\/Office365, G-Suite, Microsoft Azure Plateform, Windows Server Platform, Vmware, Watchgard, Linux Platform , Exchange and Sharepoint Platform, Nutanix, 3CX<\/li>\n<li>Une bonne ma\u00eetrise de l\u2019anglais est souhait\u00e9e.<\/li>\n<\/ul>\n<p><strong>Autres qualit\u00e9s<\/strong><\/p>\n<ul>\n<li>Aimant travailler en \u00e9quipe, ayant un bon esprit de synth\u00e8se et un bon relationnel.<\/li>\n<\/ul>\n<p>[\/vc_column_text][vc_empty_space height=\u00a0\u00bb40px\u00a0\u00bb][vc_separator el_width=\u00a0\u00bb70&Prime;][vc_empty_space height=\u00a0\u00bb40px\u00a0\u00bb][vc_row_inner][vc_column_inner width=\u00a0\u00bb1\/6&Prime;][\/vc_column_inner][vc_column_inner width=\u00a0\u00bb2\/3&Prime;][vc_raw_js]JTNDJTIxLS0lNUJpZiUyMGx0ZSUyMElFJTIwOCU1RCUzRSUwQSUzQ3NjcmlwdCUyMGNoYXJzZXQlM0QlMjJ1dGYtOCUyMiUyMHR5cGUlM0QlMjJ0ZXh0JTJGamF2YXNjcmlwdCUyMiUyMHNyYyUzRCUyMiUyRiUyRmpzLmhzZm9ybXMubmV0JTJGZm9ybXMlMkZ2Mi1sZWdhY3kuanMlMjIlM0UlM0MlMkZzY3JpcHQlM0UlMEElM0MlMjElNUJlbmRpZiU1RC0tJTNFJTBBJTNDc2NyaXB0JTIwY2hhcnNldCUzRCUyMnV0Zi04JTIyJTIwdHlwZSUzRCUyMnRleHQlMkZqYXZhc2NyaXB0JTIyJTIwc3JjJTNEJTIyJTJGJTJGanMuaHNmb3Jtcy5uZXQlMkZmb3JtcyUyRnYyLmpzJTIyJTNFJTNDJTJGc2NyaXB0JTNFJTBBJTNDc2NyaXB0JTNFJTBBJTIwJTIwaGJzcHQuZm9ybXMuY3JlYXRlJTI4JTdCJTBBJTA5cG9ydGFsSWQlM0ElMjAlMjI1NjU0Nzk5JTIyJTJDJTBBJTA5Zm9ybUlkJTNBJTIwJTIyNjI3ZDIwNDItMzNlYS00NDFkLThiZGYtMTdiZjBlMzlmZjhkJTIyJTBBJTdEJTI5JTNCJTBBJTNDJTJGc2NyaXB0JTNF[\/vc_raw_js][\/vc_column_inner][vc_column_inner width=\u00a0\u00bb1\/6&Prime;][\/vc_column_inner][\/vc_row_inner][\/vc_column][vc_column width=\u00a0\u00bb1\/6&Prime;][\/vc_column][\/vc_row]<\/p>\n<\/div>","protected":false},"excerpt":{"rendered":"<p>[vc_row full_width=\u00a0\u00bbstretch_row\u00a0\u00bb css=\u00a0\u00bb.vc_custom_1574848492132{padding-top: 80px !important;padding-bottom: 80px !important;background: #194874 url(https:\/\/www.brams.com\/wp-content\/uploads\/2019\/11\/System-ing.jpg?id=6746) !important;background-position: center !important;background-repeat: no-repeat !important;background-size: cover !important;}\u00a0\u00bb el_class=\u00a0\u00bbtext-white\u00a0\u00bb][vc_column width=\u00a0\u00bb1\/6&Prime;][\/vc_column][vc_column width=\u00a0\u00bb2\/3&Prime; css=\u00a0\u00bb.vc_custom_1574332055929{padding-top: 10px !important;padding-bottom: 10px !important;background-color: rgba(0,0,0,0.57) !important;*background-color: rgb(0,0,0) !important;}\u00a0\u00bb][vc_custom_heading text=\u00a0\u00bbIng\u00e9nieur Support Syst\u00e8me et R\u00e9seaux\u00a0\u00bb font_container=\u00a0\u00bbtag:h1|font_size:2.25rem|text_align:center|color:%23ffffff\u00a0\u00bb use_theme_fonts=\u00a0\u00bbyes\u00a0\u00bb el_class=\u00a0\u00bbtitle-head\u00a0\u00bb][vc_empty_space height=\u00a0\u00bb20px\u00a0\u00bb][vc_custom_heading text=\u00a0\u00bbCasablanca\u00a0\u00bb font_container=\u00a0\u00bbtag:div|font_size:1.5rem|text_align:center|color:%23ffffff\u00a0\u00bb use_theme_fonts=\u00a0\u00bbyes\u00a0\u00bb el_class=\u00a0\u00bbfont-weight-300&Prime;][\/vc_column][vc_column width=\u00a0\u00bb1\/6&Prime;][\/vc_column][\/vc_row][vc_row full_width=\u00a0\u00bbstretch_row\u00a0\u00bb css=\u00a0\u00bb.vc_custom_1574332063096{padding-top: 50px !important;}\u00a0\u00bb][vc_column width=\u00a0\u00bb1\/6&Prime;][\/vc_column][vc_column width=\u00a0\u00bb2\/3&Prime;][vc_column_text el_class=\u00a0\u00bbtext-center\u00a0\u00bb]Brams est le premier int\u00e9grateur cloud de [&hellip;]<\/p>\n","protected":false},"author":6,"featured_media":0,"parent":0,"menu_order":20,"comment_status":"closed","ping_status":"closed","template":"","meta":{"content-type":"","_monsterinsights_skip_tracking":false,"_monsterinsights_sitenote_active":false,"_monsterinsights_sitenote_note":"","_monsterinsights_sitenote_category":0,"footnotes":""},"class_list":["post-7250","page","type-page","status-publish","hentry"],"yoast_head":"<!-- This site is optimized with the Yoast SEO plugin v22.1 - https:\/\/yoast.com\/wordpress\/plugins\/seo\/ -->\n<title>Ing\u00e9nieur Support Syst\u00e8me et R\u00e9seaux - Brams<\/title>\n<meta name=\"description\" content=\"Brams est le premier int\u00e9grateur cloud de la r\u00e9gion Middle East Africa qui b\u00e9n\u00e9ficie aujourd\u2019hui d\u2019une profonde exp\u00e9rience des services Cloud.\" \/>\n<meta name=\"robots\" content=\"index, follow, max-snippet:-1, max-image-preview:large, max-video-preview:-1\" \/>\n<link rel=\"canonical\" href=\"https:\/\/www.brams.com\/fr\/ingenieur-support-systeme-et-reseaux\/\" \/>\n<meta property=\"og:locale\" content=\"fr_FR\" \/>\n<meta property=\"og:type\" content=\"article\" \/>\n<meta property=\"og:title\" content=\"Ing\u00e9nieur Support Syst\u00e8me et R\u00e9seaux - Brams\" \/>\n<meta property=\"og:description\" content=\"Brams est le premier int\u00e9grateur cloud de la r\u00e9gion Middle East Africa qui b\u00e9n\u00e9ficie aujourd\u2019hui d\u2019une profonde exp\u00e9rience des services Cloud.\" \/>\n<meta property=\"og:url\" content=\"https:\/\/www.brams.com\/fr\/ingenieur-support-systeme-et-reseaux\/\" \/>\n<meta property=\"og:site_name\" content=\"Brams\" \/>\n<meta property=\"article:modified_time\" content=\"2021-11-17T15:20:37+00:00\" \/>\n<meta property=\"og:image\" content=\"https:\/\/www.brams.com\/wp-content\/uploads\/2019\/11\/PICTO-BRAMS.png\" \/>\n\t<meta property=\"og:image:width\" content=\"218\" \/>\n\t<meta property=\"og:image:height\" content=\"218\" \/>\n\t<meta property=\"og:image:type\" content=\"image\/png\" \/>\n<meta name=\"twitter:card\" content=\"summary_large_image\" \/>\n<meta name=\"twitter:site\" content=\"@bramsfz\" \/>\n<meta name=\"twitter:label1\" content=\"Dur\u00e9e de lecture estim\u00e9e\" \/>\n\t<meta name=\"twitter:data1\" content=\"3 minutes\" \/>\n<script type=\"application\/ld+json\" class=\"yoast-schema-graph\">{\"@context\":\"https:\/\/schema.org\",\"@graph\":[{\"@type\":\"WebPage\",\"@id\":\"https:\/\/www.brams.com\/fr\/ingenieur-support-systeme-et-reseaux\/\",\"url\":\"https:\/\/www.brams.com\/fr\/ingenieur-support-systeme-et-reseaux\/\",\"name\":\"Ing\u00e9nieur Support Syst\u00e8me et R\u00e9seaux - Brams\",\"isPartOf\":{\"@id\":\"https:\/\/www.brams.com\/#website\"},\"datePublished\":\"2019-11-27T09:54:17+00:00\",\"dateModified\":\"2021-11-17T15:20:37+00:00\",\"description\":\"Brams est le premier int\u00e9grateur cloud de la r\u00e9gion Middle East Africa qui b\u00e9n\u00e9ficie aujourd\u2019hui d\u2019une profonde exp\u00e9rience des services Cloud.\",\"breadcrumb\":{\"@id\":\"https:\/\/www.brams.com\/fr\/ingenieur-support-systeme-et-reseaux\/#breadcrumb\"},\"inLanguage\":\"fr-FR\",\"potentialAction\":[{\"@type\":\"ReadAction\",\"target\":[\"https:\/\/www.brams.com\/fr\/ingenieur-support-systeme-et-reseaux\/\"]}]},{\"@type\":\"BreadcrumbList\",\"@id\":\"https:\/\/www.brams.com\/fr\/ingenieur-support-systeme-et-reseaux\/#breadcrumb\",\"itemListElement\":[{\"@type\":\"ListItem\",\"position\":1,\"name\":\"Home\",\"item\":\"https:\/\/www.brams.com\/fr\/\"},{\"@type\":\"ListItem\",\"position\":2,\"name\":\"Ing\u00e9nieur Support Syst\u00e8me et R\u00e9seaux\"}]},{\"@type\":\"WebSite\",\"@id\":\"https:\/\/www.brams.com\/#website\",\"url\":\"https:\/\/www.brams.com\/\",\"name\":\"Brams\",\"description\":\"A world-leading cloud specialist with over 19 years of experience.\",\"publisher\":{\"@id\":\"https:\/\/www.brams.com\/#organization\"},\"potentialAction\":[{\"@type\":\"SearchAction\",\"target\":{\"@type\":\"EntryPoint\",\"urlTemplate\":\"https:\/\/www.brams.com\/?s={search_term_string}\"},\"query-input\":\"required name=search_term_string\"}],\"inLanguage\":\"fr-FR\"},{\"@type\":\"Organization\",\"@id\":\"https:\/\/www.brams.com\/#organization\",\"name\":\"Brams\",\"url\":\"https:\/\/www.brams.com\/\",\"logo\":{\"@type\":\"ImageObject\",\"inLanguage\":\"fr-FR\",\"@id\":\"https:\/\/www.brams.com\/#\/schema\/logo\/image\/\",\"url\":\"https:\/\/www.brams.com\/wp-content\/uploads\/2019\/12\/brams-logo.jpg\",\"contentUrl\":\"https:\/\/www.brams.com\/wp-content\/uploads\/2019\/12\/brams-logo.jpg\",\"width\":400,\"height\":108,\"caption\":\"Brams\"},\"image\":{\"@id\":\"https:\/\/www.brams.com\/#\/schema\/logo\/image\/\"},\"sameAs\":[\"https:\/\/twitter.com\/bramsfz\",\"https:\/\/www.linkedin.com\/company\/brams-technologies\/\"]}]}<\/script>\n<!-- \/ Yoast SEO plugin. -->","yoast_head_json":{"title":"Ing\u00e9nieur Support Syst\u00e8me et R\u00e9seaux - Brams","description":"Brams est le premier int\u00e9grateur cloud de la r\u00e9gion Middle East Africa qui b\u00e9n\u00e9ficie aujourd\u2019hui d\u2019une profonde exp\u00e9rience des services Cloud.","robots":{"index":"index","follow":"follow","max-snippet":"max-snippet:-1","max-image-preview":"max-image-preview:large","max-video-preview":"max-video-preview:-1"},"canonical":"https:\/\/www.brams.com\/fr\/ingenieur-support-systeme-et-reseaux\/","og_locale":"fr_FR","og_type":"article","og_title":"Ing\u00e9nieur Support Syst\u00e8me et R\u00e9seaux - Brams","og_description":"Brams est le premier int\u00e9grateur cloud de la r\u00e9gion Middle East Africa qui b\u00e9n\u00e9ficie aujourd\u2019hui d\u2019une profonde exp\u00e9rience des services Cloud.","og_url":"https:\/\/www.brams.com\/fr\/ingenieur-support-systeme-et-reseaux\/","og_site_name":"Brams","article_modified_time":"2021-11-17T15:20:37+00:00","og_image":[{"width":218,"height":218,"url":"https:\/\/www.brams.com\/wp-content\/uploads\/2019\/11\/PICTO-BRAMS.png","type":"image\/png"}],"twitter_card":"summary_large_image","twitter_site":"@bramsfz","twitter_misc":{"Dur\u00e9e de lecture estim\u00e9e":"3 minutes"},"schema":{"@context":"https:\/\/schema.org","@graph":[{"@type":"WebPage","@id":"https:\/\/www.brams.com\/fr\/ingenieur-support-systeme-et-reseaux\/","url":"https:\/\/www.brams.com\/fr\/ingenieur-support-systeme-et-reseaux\/","name":"Ing\u00e9nieur Support Syst\u00e8me et R\u00e9seaux - Brams","isPartOf":{"@id":"https:\/\/www.brams.com\/#website"},"datePublished":"2019-11-27T09:54:17+00:00","dateModified":"2021-11-17T15:20:37+00:00","description":"Brams est le premier int\u00e9grateur cloud de la r\u00e9gion Middle East Africa qui b\u00e9n\u00e9ficie aujourd\u2019hui d\u2019une profonde exp\u00e9rience des services Cloud.","breadcrumb":{"@id":"https:\/\/www.brams.com\/fr\/ingenieur-support-systeme-et-reseaux\/#breadcrumb"},"inLanguage":"fr-FR","potentialAction":[{"@type":"ReadAction","target":["https:\/\/www.brams.com\/fr\/ingenieur-support-systeme-et-reseaux\/"]}]},{"@type":"BreadcrumbList","@id":"https:\/\/www.brams.com\/fr\/ingenieur-support-systeme-et-reseaux\/#breadcrumb","itemListElement":[{"@type":"ListItem","position":1,"name":"Home","item":"https:\/\/www.brams.com\/fr\/"},{"@type":"ListItem","position":2,"name":"Ing\u00e9nieur Support Syst\u00e8me et R\u00e9seaux"}]},{"@type":"WebSite","@id":"https:\/\/www.brams.com\/#website","url":"https:\/\/www.brams.com\/","name":"Brams","description":"A world-leading cloud specialist with over 19 years of experience.","publisher":{"@id":"https:\/\/www.brams.com\/#organization"},"potentialAction":[{"@type":"SearchAction","target":{"@type":"EntryPoint","urlTemplate":"https:\/\/www.brams.com\/?s={search_term_string}"},"query-input":"required name=search_term_string"}],"inLanguage":"fr-FR"},{"@type":"Organization","@id":"https:\/\/www.brams.com\/#organization","name":"Brams","url":"https:\/\/www.brams.com\/","logo":{"@type":"ImageObject","inLanguage":"fr-FR","@id":"https:\/\/www.brams.com\/#\/schema\/logo\/image\/","url":"https:\/\/www.brams.com\/wp-content\/uploads\/2019\/12\/brams-logo.jpg","contentUrl":"https:\/\/www.brams.com\/wp-content\/uploads\/2019\/12\/brams-logo.jpg","width":400,"height":108,"caption":"Brams"},"image":{"@id":"https:\/\/www.brams.com\/#\/schema\/logo\/image\/"},"sameAs":["https:\/\/twitter.com\/bramsfz","https:\/\/www.linkedin.com\/company\/brams-technologies\/"]}]}},"_links":{"self":[{"href":"https:\/\/www.brams.com\/fr\/wp-json\/wp\/v2\/pages\/7250","targetHints":{"allow":["GET"]}}],"collection":[{"href":"https:\/\/www.brams.com\/fr\/wp-json\/wp\/v2\/pages"}],"about":[{"href":"https:\/\/www.brams.com\/fr\/wp-json\/wp\/v2\/types\/page"}],"author":[{"embeddable":true,"href":"https:\/\/www.brams.com\/fr\/wp-json\/wp\/v2\/users\/6"}],"replies":[{"embeddable":true,"href":"https:\/\/www.brams.com\/fr\/wp-json\/wp\/v2\/comments?post=7250"}],"version-history":[{"count":2,"href":"https:\/\/www.brams.com\/fr\/wp-json\/wp\/v2\/pages\/7250\/revisions"}],"predecessor-version":[{"id":9759,"href":"https:\/\/www.brams.com\/fr\/wp-json\/wp\/v2\/pages\/7250\/revisions\/9759"}],"wp:attachment":[{"href":"https:\/\/www.brams.com\/fr\/wp-json\/wp\/v2\/media?parent=7250"}],"curies":[{"name":"wp","href":"https:\/\/api.w.org\/{rel}","templated":true}]}}