{"id":6185,"date":"2019-11-14T11:07:56","date_gmt":"2019-11-14T11:07:56","guid":{"rendered":"https:\/\/brams.com\/?page_id=6185"},"modified":"2019-12-25T15:45:49","modified_gmt":"2019-12-25T15:45:49","slug":"ingenieur-commercial-cloud","status":"publish","type":"page","link":"https:\/\/www.brams.com\/fr\/ingenieur-commercial-cloud\/","title":{"rendered":"Ing\u00e9nieur commercial Cloud"},"content":{"rendered":"<div class=\"wpb-content-wrapper\"><p>[vc_row full_width=\u00a0\u00bbstretch_row\u00a0\u00bb css=\u00a0\u00bb.vc_custom_1574331648648{padding-top: 80px !important;padding-bottom: 80px !important;background: #194874 url(https:\/\/www.brams.com\/wp-content\/uploads\/2019\/11\/CloudSales.jpg?id=6733) !important;background-position: center !important;background-repeat: no-repeat !important;background-size: cover !important;}\u00a0\u00bb el_class=\u00a0\u00bbtext-white\u00a0\u00bb][vc_column width=\u00a0\u00bb1\/6&Prime;][\/vc_column][vc_column width=\u00a0\u00bb2\/3&Prime; css=\u00a0\u00bb.vc_custom_1574331664518{padding-top: 10px !important;padding-bottom: 10px !important;background-color: rgba(0,0,0,0.57) !important;*background-color: rgb(0,0,0) !important;}\u00a0\u00bb][vc_custom_heading text=\u00a0\u00bbIng\u00e9nieur Commercial Cloud\u00a0\u00bb font_container=\u00a0\u00bbtag:h1|font_size:2.25rem|text_align:center|color:%23ffffff\u00a0\u00bb use_theme_fonts=\u00a0\u00bbyes\u00a0\u00bb el_class=\u00a0\u00bbtitle-head\u00a0\u00bb][vc_empty_space height=\u00a0\u00bb20px\u00a0\u00bb][vc_custom_heading text=\u00a0\u00bbParis\u00a0\u00bb font_container=\u00a0\u00bbtag:div|font_size:1.5rem|text_align:center|color:%23ffffff\u00a0\u00bb use_theme_fonts=\u00a0\u00bbyes\u00a0\u00bb el_class=\u00a0\u00bbfont-weight-300&Prime;][\/vc_column][vc_column width=\u00a0\u00bb1\/6&Prime;][\/vc_column][\/vc_row][vc_row full_width=\u00a0\u00bbstretch_row\u00a0\u00bb css=\u00a0\u00bb.vc_custom_1574331693721{padding-top: 50px !important;}\u00a0\u00bb][vc_column width=\u00a0\u00bb1\/6&Prime;][\/vc_column][vc_column width=\u00a0\u00bb2\/3&Prime;][vc_column_text el_class=\u00a0\u00bbtext-center\u00a0\u00bb]Si vous d\u00e9sirez rejoindre une soci\u00e9t\u00e9 profond\u00e9ment engag\u00e9e dans la satisfaction de ses clients et de ses employ\u00e9s, Brams est la soci\u00e9t\u00e9 qu&rsquo;il vous faut! Notre entit\u00e9 Cloud Managed Service Provider est en pleine croissance, fort d\u2019une d\u00e9cennie d\u2019exp\u00e9rience dans la fourniture de services Cloud.<\/p>\n<p>Nous sommes \u00e0 la recherche d&rsquo;un ing\u00e9nieur commercial pour rejoindre notre \u00e9quipe commerciale \u00e0 Paris, en France, en soutien \u00e0 notre \u00e9quipe des op\u00e9rations de Casablanca, au Maroc. Ce poste englobe tous les aspects de la gestion de la vente technique et l&rsquo;alignement des solutions propos\u00e9es avec les capacit\u00e9s techniques du client pour l\u2019aider \u00e0 se d\u00e9velopper. L&rsquo;ing\u00e9nieur des ventes est charg\u00e9 de l&rsquo;introduction des technologies du cloud \u00e0 nos clients, d&rsquo;aider les clients potentiels \u00e0 comprendre la puissance des technologies cloud, d&rsquo;expliquer les fonctionnalit\u00e9s techniques et de r\u00e9soudre les probl\u00e8mes \u00e9ventuels. Le candidat id\u00e9al &#8211; en collaboration avec l&rsquo;\u00e9quipe &#8211; am\u00e9liorera l&rsquo;exp\u00e9rience client, augmentera la capacit\u00e9 \u00e0 innover et acc\u00e9l\u00e8rera la valeur en fournissant les outils et la culture n\u00e9cessaires pour faciliter la diffusion, la pr\u00e9visibilit\u00e9 et le succ\u00e8s.[\/vc_column_text][vc_empty_space height=\u00a0\u00bb40px\u00a0\u00bb][vc_custom_heading text=\u00a0\u00bbResponsabilit\u00e9s\u00a0\u00bb font_container=\u00a0\u00bbtag:h3|text_align:center\u00a0\u00bb use_theme_fonts=\u00a0\u00bbyes\u00a0\u00bb][vc_empty_space height=\u00a0\u00bb20px\u00a0\u00bb][vc_column_text]<\/p>\n<ul>\n<li>Repr\u00e9senter les capacit\u00e9s techniques de l&rsquo;entreprise aupr\u00e8s des clients potentiels et de la client\u00e8le existante, influencer les attentes des clients en fonction des capacit\u00e9s et des contraintes du produit.<\/li>\n<li>D\u00e9terminer les besoins des clients et fournir des conceptions pour des h\u00e9bergements manag\u00e9s complexe, pour le cloud computing, pour des solutions de bases de donn\u00e9es g\u00e9r\u00e9es et des solutions de stockage \/ sauvegarde \/ plan de reprise d\u2019activit\u00e9.<\/li>\n<li>Travailler avec les \u00e9quipes pour identifier et qualifier les opportunit\u00e9s commerciales, identifier les principales objections techniques des clients et d\u00e9velopper une strat\u00e9gie de r\u00e9solution des blocages techniques.<\/li>\n<li>Travailler sur le terrain avec les clients pour d\u00e9montrer et prototyper des int\u00e9grations de produits dans leurs environnements.<\/li>\n<li>G\u00e9rer la relation technique avec les clients, y compris la gestion des briefings produits et solutions, la validation des dossiers et la coordination de ressources techniques.<\/li>\n<li>Recommander des strat\u00e9gies d&rsquo;int\u00e9gration, des architectures d&rsquo;entreprise, des plates-formes ou une infrastructure d&rsquo;applications n\u00e9cessaires \u00e0 la mise en \u0153uvre r\u00e9ussie d&rsquo;une solution compl\u00e8te \u00e0 l&rsquo;aide des meilleures pratiques en mati\u00e8re de cloud,<\/li>\n<li>Travailler avec nos \u00e9quipes d&rsquo;exploitation et d&rsquo;ing\u00e9nierie pour fournir un soutien avant-vente et apr\u00e8s-vente pour clarifier les attentes en mati\u00e8re de service, y compris la fourniture de diagrammes, de briefings et de documentation \u00e9crite.<\/li>\n<li>D\u00e9velopper une base de connaissances techniques internes sur l&rsquo;ensemble de l&rsquo;infrastructure cloud, et r\u00e9aliser des formations techniques aux \u00e9quipes commerciales et des op\u00e9rations.<\/li>\n<li>Se rendre sur les sites des clients, assister ou pr\u00e9senter \u00e0 des conf\u00e9rences ou autres \u00e9v\u00e9nements connexes, selon les besoins.<\/li>\n<li>Atteindre et d\u00e9passer les objectifs du management en termes de nombre et de complexit\u00e9 des opportunit\u00e9s de vente qualifi\u00e9es et cl\u00f4tur\u00e9es.<\/li>\n<\/ul>\n<p>[\/vc_column_text][\/vc_column][vc_column width=\u00a0\u00bb1\/6&Prime;][\/vc_column][\/vc_row][vc_row full_width=\u00a0\u00bbstretch_row\u00a0\u00bb css=\u00a0\u00bb.vc_custom_1574331702249{padding-top: 50px !important;}\u00a0\u00bb][vc_column width=\u00a0\u00bb1\/6&Prime;][\/vc_column][vc_column width=\u00a0\u00bb2\/3&Prime;][vc_custom_heading text=\u00a0\u00bbComp\u00e9tences et exp\u00e9rience requises\u00a0\u00bb font_container=\u00a0\u00bbtag:h3|text_align:center\u00a0\u00bb use_theme_fonts=\u00a0\u00bbyes\u00a0\u00bb][vc_empty_space height=\u00a0\u00bb20px\u00a0\u00bb][vc_column_text]<\/p>\n<ul>\n<li>Exp\u00e9rience professionnelle en tant qu&rsquo;ing\u00e9nieur technico-commercial dans un environnement de cloud computing ou exp\u00e9rience \u00e9quivalente dans un r\u00f4le de relation client (y compris en tant que membre d&rsquo;une \u00e9quipe de services professionnels ou d&rsquo;ing\u00e9nierie syst\u00e8me).<\/li>\n<li>Compr\u00e9hension et ma\u00eetrise du processus de vente dans le domaine du consulting coupl\u00e9 \u00e0 une expertise de conception et de mise en \u0153uvre avant-vente dans des environnements complexes d&rsquo;h\u00e9bergement, de cloud computing et d&rsquo;applications web.<\/li>\n<li>Une exp\u00e9rience significative dans la conception d&rsquo;infrastructures informatiques de r\u00e9seau distribu\u00e9es et \u00e0 haute disponibilit\u00e9 bas\u00e9es sur des serveurs onpremise, serveurs virtualis\u00e9s ou dans le Cloud; exp\u00e9rience de r\u00e9seau de stockage souhaitable.<\/li>\n<li>Exp\u00e9rience avec les technologies Big Data, PaaS et IaaS.<\/li>\n<li>Exp\u00e9rience dans la pr\u00e9sentation client, pr\u00e9sentation d&rsquo;argumentaires techniques et d\u00e9cision pendant le processus de vente &#8211; \u00e9valuation des besoins et formulation claire de recommandations bas\u00e9es sur les besoins d\u00e9couverts<\/li>\n<li>Etre capable de travailler avec une \u00e9quipe large et diversifi\u00e9e pour rassembler les informations n\u00e9cessaires \u00e0 un projet, de la d\u00e9couverte de l\u2019opportunit\u00e9 \u00e0 sa cl\u00f4ture<\/li>\n<\/ul>\n<p>[\/vc_column_text][vc_empty_space height=\u00a0\u00bb20px\u00a0\u00bb][vc_custom_heading text=\u00a0\u00bbComp\u00e9tences et exp\u00e9rience pr\u00e9f\u00e9r\u00e9es\u00a0\u00bb font_container=\u00a0\u00bbtag:h3|text_align:center\u00a0\u00bb use_theme_fonts=\u00a0\u00bbyes\u00a0\u00bb][vc_empty_space height=\u00a0\u00bb20px\u00a0\u00bb][vc_column_text]<\/p>\n<ul>\n<li>Exp\u00e9rience avec les concepts r\u00e9seau, notamment routage, VPN, load-balancing et pare-feu.<\/li>\n<li>Exp\u00e9rience et compr\u00e9hension de la gestion de l&rsquo;information &#8211; en particulier les tendances et les probl\u00e8mes li\u00e9s au Big Data dans l\u2019entreprise.<\/li>\n<li>Exp\u00e9rience de l&rsquo;architecture et du d\u00e9veloppement de logiciels ou d&rsquo;infrastructures pour des syst\u00e8mes distribu\u00e9s \u00e9volutifs.<\/li>\n<li>Capacit\u00e9 d&rsquo;apprendre, de comprendre et de travailler rapidement avec les nouvelles technologies, m\u00e9thodologies et solutions \u00e9mergentes du cloud.<\/li>\n<\/ul>\n<p>[\/vc_column_text][vc_empty_space height=\u00a0\u00bb20px\u00a0\u00bb][vc_custom_heading text=\u00a0\u00bb\u00c9ducation et certifications\u00a0\u00bb font_container=\u00a0\u00bbtag:h3|text_align:center\u00a0\u00bb use_theme_fonts=\u00a0\u00bbyes\u00a0\u00bb][vc_empty_space height=\u00a0\u00bb20px\u00a0\u00bb][vc_column_text]<\/p>\n<ul>\n<li>Ma\u00eetrise en informatique ou autre domaine technique ou commercial<\/li>\n<li>Bon niveau en fran\u00e7ais et en anglais (parl\u00e9 et \u00e9crit)<\/li>\n<\/ul>\n<p>[\/vc_column_text][vc_empty_space height=\u00a0\u00bb40px\u00a0\u00bb][vc_separator el_width=\u00a0\u00bb70&Prime;][vc_empty_space height=\u00a0\u00bb40px\u00a0\u00bb][vc_row_inner][vc_column_inner width=\u00a0\u00bb1\/6&Prime;][\/vc_column_inner][vc_column_inner width=\u00a0\u00bb2\/3&Prime;][vc_raw_js]JTNDJTIxLS0lNUJpZiUyMGx0ZSUyMElFJTIwOCU1RCUzRSUwQSUzQ3NjcmlwdCUyMGNoYXJzZXQlM0QlMjJ1dGYtOCUyMiUyMHR5cGUlM0QlMjJ0ZXh0JTJGamF2YXNjcmlwdCUyMiUyMHNyYyUzRCUyMiUyRiUyRmpzLmhzZm9ybXMubmV0JTJGZm9ybXMlMkZ2Mi1sZWdhY3kuanMlMjIlM0UlM0MlMkZzY3JpcHQlM0UlMEElM0MlMjElNUJlbmRpZiU1RC0tJTNFJTBBJTNDc2NyaXB0JTIwY2hhcnNldCUzRCUyMnV0Zi04JTIyJTIwdHlwZSUzRCUyMnRleHQlMkZqYXZhc2NyaXB0JTIyJTIwc3JjJTNEJTIyJTJGJTJGanMuaHNmb3Jtcy5uZXQlMkZmb3JtcyUyRnYyLmpzJTIyJTNFJTNDJTJGc2NyaXB0JTNFJTBBJTNDc2NyaXB0JTNFJTBBJTIwJTIwaGJzcHQuZm9ybXMuY3JlYXRlJTI4JTdCJTBBJTA5cG9ydGFsSWQlM0ElMjAlMjI1NjU0Nzk5JTIyJTJDJTBBJTA5Zm9ybUlkJTNBJTIwJTIyNjI3ZDIwNDItMzNlYS00NDFkLThiZGYtMTdiZjBlMzlmZjhkJTIyJTBBJTdEJTI5JTNCJTBBJTNDJTJGc2NyaXB0JTNF[\/vc_raw_js][\/vc_column_inner][vc_column_inner width=\u00a0\u00bb1\/6&Prime;][\/vc_column_inner][\/vc_row_inner][\/vc_column][vc_column width=\u00a0\u00bb1\/6&Prime;][\/vc_column][\/vc_row]<\/p>\n<\/div>","protected":false},"excerpt":{"rendered":"<p>[vc_row full_width=\u00a0\u00bbstretch_row\u00a0\u00bb css=\u00a0\u00bb.vc_custom_1574331648648{padding-top: 80px !important;padding-bottom: 80px !important;background: #194874 url(https:\/\/www.brams.com\/wp-content\/uploads\/2019\/11\/CloudSales.jpg?id=6733) !important;background-position: center !important;background-repeat: no-repeat !important;background-size: cover !important;}\u00a0\u00bb el_class=\u00a0\u00bbtext-white\u00a0\u00bb][vc_column width=\u00a0\u00bb1\/6&Prime;][\/vc_column][vc_column width=\u00a0\u00bb2\/3&Prime; css=\u00a0\u00bb.vc_custom_1574331664518{padding-top: 10px !important;padding-bottom: 10px !important;background-color: rgba(0,0,0,0.57) !important;*background-color: rgb(0,0,0) !important;}\u00a0\u00bb][vc_custom_heading text=\u00a0\u00bbIng\u00e9nieur Commercial Cloud\u00a0\u00bb font_container=\u00a0\u00bbtag:h1|font_size:2.25rem|text_align:center|color:%23ffffff\u00a0\u00bb use_theme_fonts=\u00a0\u00bbyes\u00a0\u00bb el_class=\u00a0\u00bbtitle-head\u00a0\u00bb][vc_empty_space height=\u00a0\u00bb20px\u00a0\u00bb][vc_custom_heading text=\u00a0\u00bbParis\u00a0\u00bb font_container=\u00a0\u00bbtag:div|font_size:1.5rem|text_align:center|color:%23ffffff\u00a0\u00bb use_theme_fonts=\u00a0\u00bbyes\u00a0\u00bb el_class=\u00a0\u00bbfont-weight-300&Prime;][\/vc_column][vc_column width=\u00a0\u00bb1\/6&Prime;][\/vc_column][\/vc_row][vc_row full_width=\u00a0\u00bbstretch_row\u00a0\u00bb css=\u00a0\u00bb.vc_custom_1574331693721{padding-top: 50px !important;}\u00a0\u00bb][vc_column width=\u00a0\u00bb1\/6&Prime;][\/vc_column][vc_column width=\u00a0\u00bb2\/3&Prime;][vc_column_text el_class=\u00a0\u00bbtext-center\u00a0\u00bb]Si vous d\u00e9sirez rejoindre une soci\u00e9t\u00e9 profond\u00e9ment engag\u00e9e dans [&hellip;]<\/p>\n","protected":false},"author":6,"featured_media":0,"parent":0,"menu_order":5,"comment_status":"closed","ping_status":"closed","template":"","meta":{"content-type":"","_monsterinsights_skip_tracking":false,"_monsterinsights_sitenote_active":false,"_monsterinsights_sitenote_note":"","_monsterinsights_sitenote_category":0,"footnotes":""},"class_list":["post-6185","page","type-page","status-publish","hentry"],"yoast_head":"<!-- This site is optimized with the Yoast SEO plugin v22.1 - https:\/\/yoast.com\/wordpress\/plugins\/seo\/ -->\n<title>Ing\u00e9nieur commercial Cloud - Brams<\/title>\n<meta name=\"description\" content=\"Si vous d\u00e9sirez rejoindre une soci\u00e9t\u00e9 profond\u00e9ment engag\u00e9e dans la satisfaction de ses clients et de ses employ\u00e9s, Brams est la soci\u00e9t\u00e9 qu\u2019il vous faut!\" \/>\n<meta name=\"robots\" content=\"index, follow, max-snippet:-1, max-image-preview:large, max-video-preview:-1\" \/>\n<link rel=\"canonical\" href=\"https:\/\/www.brams.com\/fr\/ingenieur-commercial-cloud\/\" \/>\n<meta property=\"og:locale\" content=\"fr_FR\" \/>\n<meta property=\"og:type\" content=\"article\" \/>\n<meta property=\"og:title\" content=\"Ing\u00e9nieur commercial Cloud - Brams\" \/>\n<meta property=\"og:description\" content=\"Si vous d\u00e9sirez rejoindre une soci\u00e9t\u00e9 profond\u00e9ment engag\u00e9e dans la satisfaction de ses clients et de ses employ\u00e9s, Brams est la soci\u00e9t\u00e9 qu\u2019il vous faut!\" \/>\n<meta property=\"og:url\" content=\"https:\/\/www.brams.com\/fr\/ingenieur-commercial-cloud\/\" \/>\n<meta property=\"og:site_name\" content=\"Brams\" \/>\n<meta property=\"article:modified_time\" content=\"2019-12-25T15:45:49+00:00\" \/>\n<meta property=\"og:image\" content=\"https:\/\/www.brams.com\/wp-content\/uploads\/2019\/11\/PICTO-BRAMS.png\" \/>\n\t<meta property=\"og:image:width\" content=\"218\" \/>\n\t<meta property=\"og:image:height\" content=\"218\" \/>\n\t<meta property=\"og:image:type\" content=\"image\/png\" \/>\n<meta name=\"twitter:card\" content=\"summary_large_image\" \/>\n<meta name=\"twitter:site\" content=\"@bramsfz\" \/>\n<meta name=\"twitter:label1\" content=\"Dur\u00e9e de lecture estim\u00e9e\" \/>\n\t<meta name=\"twitter:data1\" content=\"6 minutes\" \/>\n<script type=\"application\/ld+json\" class=\"yoast-schema-graph\">{\"@context\":\"https:\/\/schema.org\",\"@graph\":[{\"@type\":\"WebPage\",\"@id\":\"https:\/\/www.brams.com\/fr\/ingenieur-commercial-cloud\/\",\"url\":\"https:\/\/www.brams.com\/fr\/ingenieur-commercial-cloud\/\",\"name\":\"Ing\u00e9nieur commercial Cloud - Brams\",\"isPartOf\":{\"@id\":\"https:\/\/www.brams.com\/#website\"},\"datePublished\":\"2019-11-14T11:07:56+00:00\",\"dateModified\":\"2019-12-25T15:45:49+00:00\",\"description\":\"Si vous d\u00e9sirez rejoindre une soci\u00e9t\u00e9 profond\u00e9ment engag\u00e9e dans la satisfaction de ses clients et de ses employ\u00e9s, Brams est la soci\u00e9t\u00e9 qu\u2019il vous faut!\",\"breadcrumb\":{\"@id\":\"https:\/\/www.brams.com\/fr\/ingenieur-commercial-cloud\/#breadcrumb\"},\"inLanguage\":\"fr-FR\",\"potentialAction\":[{\"@type\":\"ReadAction\",\"target\":[\"https:\/\/www.brams.com\/fr\/ingenieur-commercial-cloud\/\"]}]},{\"@type\":\"BreadcrumbList\",\"@id\":\"https:\/\/www.brams.com\/fr\/ingenieur-commercial-cloud\/#breadcrumb\",\"itemListElement\":[{\"@type\":\"ListItem\",\"position\":1,\"name\":\"Home\",\"item\":\"https:\/\/www.brams.com\/fr\/\"},{\"@type\":\"ListItem\",\"position\":2,\"name\":\"Ing\u00e9nieur commercial Cloud\"}]},{\"@type\":\"WebSite\",\"@id\":\"https:\/\/www.brams.com\/#website\",\"url\":\"https:\/\/www.brams.com\/\",\"name\":\"Brams\",\"description\":\"A world-leading cloud specialist with over 19 years of experience.\",\"publisher\":{\"@id\":\"https:\/\/www.brams.com\/#organization\"},\"potentialAction\":[{\"@type\":\"SearchAction\",\"target\":{\"@type\":\"EntryPoint\",\"urlTemplate\":\"https:\/\/www.brams.com\/?s={search_term_string}\"},\"query-input\":\"required name=search_term_string\"}],\"inLanguage\":\"fr-FR\"},{\"@type\":\"Organization\",\"@id\":\"https:\/\/www.brams.com\/#organization\",\"name\":\"Brams\",\"url\":\"https:\/\/www.brams.com\/\",\"logo\":{\"@type\":\"ImageObject\",\"inLanguage\":\"fr-FR\",\"@id\":\"https:\/\/www.brams.com\/#\/schema\/logo\/image\/\",\"url\":\"https:\/\/www.brams.com\/wp-content\/uploads\/2019\/12\/brams-logo.jpg\",\"contentUrl\":\"https:\/\/www.brams.com\/wp-content\/uploads\/2019\/12\/brams-logo.jpg\",\"width\":400,\"height\":108,\"caption\":\"Brams\"},\"image\":{\"@id\":\"https:\/\/www.brams.com\/#\/schema\/logo\/image\/\"},\"sameAs\":[\"https:\/\/twitter.com\/bramsfz\",\"https:\/\/www.linkedin.com\/company\/brams-technologies\/\"]}]}<\/script>\n<!-- \/ Yoast SEO plugin. -->","yoast_head_json":{"title":"Ing\u00e9nieur commercial Cloud - Brams","description":"Si vous d\u00e9sirez rejoindre une soci\u00e9t\u00e9 profond\u00e9ment engag\u00e9e dans la satisfaction de ses clients et de ses employ\u00e9s, Brams est la soci\u00e9t\u00e9 qu\u2019il vous faut!","robots":{"index":"index","follow":"follow","max-snippet":"max-snippet:-1","max-image-preview":"max-image-preview:large","max-video-preview":"max-video-preview:-1"},"canonical":"https:\/\/www.brams.com\/fr\/ingenieur-commercial-cloud\/","og_locale":"fr_FR","og_type":"article","og_title":"Ing\u00e9nieur commercial Cloud - Brams","og_description":"Si vous d\u00e9sirez rejoindre une soci\u00e9t\u00e9 profond\u00e9ment engag\u00e9e dans la satisfaction de ses clients et de ses employ\u00e9s, Brams est la soci\u00e9t\u00e9 qu\u2019il vous faut!","og_url":"https:\/\/www.brams.com\/fr\/ingenieur-commercial-cloud\/","og_site_name":"Brams","article_modified_time":"2019-12-25T15:45:49+00:00","og_image":[{"width":218,"height":218,"url":"https:\/\/www.brams.com\/wp-content\/uploads\/2019\/11\/PICTO-BRAMS.png","type":"image\/png"}],"twitter_card":"summary_large_image","twitter_site":"@bramsfz","twitter_misc":{"Dur\u00e9e de lecture estim\u00e9e":"6 minutes"},"schema":{"@context":"https:\/\/schema.org","@graph":[{"@type":"WebPage","@id":"https:\/\/www.brams.com\/fr\/ingenieur-commercial-cloud\/","url":"https:\/\/www.brams.com\/fr\/ingenieur-commercial-cloud\/","name":"Ing\u00e9nieur commercial Cloud - Brams","isPartOf":{"@id":"https:\/\/www.brams.com\/#website"},"datePublished":"2019-11-14T11:07:56+00:00","dateModified":"2019-12-25T15:45:49+00:00","description":"Si vous d\u00e9sirez rejoindre une soci\u00e9t\u00e9 profond\u00e9ment engag\u00e9e dans la satisfaction de ses clients et de ses employ\u00e9s, Brams est la soci\u00e9t\u00e9 qu\u2019il vous faut!","breadcrumb":{"@id":"https:\/\/www.brams.com\/fr\/ingenieur-commercial-cloud\/#breadcrumb"},"inLanguage":"fr-FR","potentialAction":[{"@type":"ReadAction","target":["https:\/\/www.brams.com\/fr\/ingenieur-commercial-cloud\/"]}]},{"@type":"BreadcrumbList","@id":"https:\/\/www.brams.com\/fr\/ingenieur-commercial-cloud\/#breadcrumb","itemListElement":[{"@type":"ListItem","position":1,"name":"Home","item":"https:\/\/www.brams.com\/fr\/"},{"@type":"ListItem","position":2,"name":"Ing\u00e9nieur commercial Cloud"}]},{"@type":"WebSite","@id":"https:\/\/www.brams.com\/#website","url":"https:\/\/www.brams.com\/","name":"Brams","description":"A world-leading cloud specialist with over 19 years of experience.","publisher":{"@id":"https:\/\/www.brams.com\/#organization"},"potentialAction":[{"@type":"SearchAction","target":{"@type":"EntryPoint","urlTemplate":"https:\/\/www.brams.com\/?s={search_term_string}"},"query-input":"required name=search_term_string"}],"inLanguage":"fr-FR"},{"@type":"Organization","@id":"https:\/\/www.brams.com\/#organization","name":"Brams","url":"https:\/\/www.brams.com\/","logo":{"@type":"ImageObject","inLanguage":"fr-FR","@id":"https:\/\/www.brams.com\/#\/schema\/logo\/image\/","url":"https:\/\/www.brams.com\/wp-content\/uploads\/2019\/12\/brams-logo.jpg","contentUrl":"https:\/\/www.brams.com\/wp-content\/uploads\/2019\/12\/brams-logo.jpg","width":400,"height":108,"caption":"Brams"},"image":{"@id":"https:\/\/www.brams.com\/#\/schema\/logo\/image\/"},"sameAs":["https:\/\/twitter.com\/bramsfz","https:\/\/www.linkedin.com\/company\/brams-technologies\/"]}]}},"_links":{"self":[{"href":"https:\/\/www.brams.com\/fr\/wp-json\/wp\/v2\/pages\/6185","targetHints":{"allow":["GET"]}}],"collection":[{"href":"https:\/\/www.brams.com\/fr\/wp-json\/wp\/v2\/pages"}],"about":[{"href":"https:\/\/www.brams.com\/fr\/wp-json\/wp\/v2\/types\/page"}],"author":[{"embeddable":true,"href":"https:\/\/www.brams.com\/fr\/wp-json\/wp\/v2\/users\/6"}],"replies":[{"embeddable":true,"href":"https:\/\/www.brams.com\/fr\/wp-json\/wp\/v2\/comments?post=6185"}],"version-history":[{"count":2,"href":"https:\/\/www.brams.com\/fr\/wp-json\/wp\/v2\/pages\/6185\/revisions"}],"predecessor-version":[{"id":7946,"href":"https:\/\/www.brams.com\/fr\/wp-json\/wp\/v2\/pages\/6185\/revisions\/7946"}],"wp:attachment":[{"href":"https:\/\/www.brams.com\/fr\/wp-json\/wp\/v2\/media?parent=6185"}],"curies":[{"name":"wp","href":"https:\/\/api.w.org\/{rel}","templated":true}]}}