{"id":5104,"date":"2019-05-14T15:19:31","date_gmt":"2019-05-14T15:19:31","guid":{"rendered":"https:\/\/brams.com\/services\/application-management\/"},"modified":"2020-01-08T14:11:34","modified_gmt":"2020-01-08T14:11:34","slug":"gestion-des-applications","status":"publish","type":"page","link":"https:\/\/www.brams.com\/fr\/services\/gestion-des-applications\/","title":{"rendered":"Gestion des applications"},"content":{"rendered":"<div class=\"wpb-content-wrapper\"><p>[vc_section full_width=\u00a0\u00bbstretch_row\u00a0\u00bb css_animation=\u00a0\u00bbnone\u00a0\u00bb css=\u00a0\u00bb.vc_custom_1577701320710{padding-top: 15% !important;padding-bottom: 15% !important;background: rgba(0,0,0,0.37) url(https:\/\/www.brams.com\/wp-content\/uploads\/2019\/10\/practical-solutions-for-complex-systems.jpg?id=4734) !important;background-position: center !important;background-repeat: no-repeat !important;background-size: cover !important;*background-color: rgb(0,0,0) !important;}\u00a0\u00bb el_class=\u00a0\u00bbtext-white mask\u00a0\u00bb][vc_row][vc_column width=\u00a0\u00bb1\/6&Prime;][\/vc_column][vc_column width=\u00a0\u00bb2\/3&Prime;][vc_custom_heading text=\u00a0\u00bbSERVICE\u00a0\u00bb font_container=\u00a0\u00bbtag:div|font_size:1.5rem|text_align:center\u00a0\u00bb use_theme_fonts=\u00a0\u00bbyes\u00a0\u00bb el_class=\u00a0\u00bbfont-weight-300&Prime;][vc_custom_heading text=\u00a0\u00bbGestion des applications\u00a0\u00bb font_container=\u00a0\u00bbtag:h1|font_size:4rem|text_align:center|color:%23ffffff\u00a0\u00bb use_theme_fonts=\u00a0\u00bbyes\u00a0\u00bb el_class=\u00a0\u00bbresp-heading\u00a0\u00bb][\/vc_column][vc_column width=\u00a0\u00bb1\/6&Prime;][\/vc_column][\/vc_row][\/vc_section][vc_section full_width=\u00a0\u00bbstretch_row\u00a0\u00bb css_animation=\u00a0\u00bbnone\u00a0\u00bb css=\u00a0\u00bb.vc_custom_1558693616321{padding-top: 80px !important;padding-bottom: 30px !important;}\u00a0\u00bb el_id=\u00a0\u00bboverview\u00a0\u00bb][vc_row][vc_column width=\u00a0\u00bb1\/6&Prime;][\/vc_column][vc_column width=\u00a0\u00bb2\/3&Prime;][vc_custom_heading text=\u00a0\u00bbDes solutions pratiques pour des syst\u00e8mes complexes\u00a0\u00bb font_container=\u00a0\u00bbtag:h3|text_align:center\u00a0\u00bb use_theme_fonts=\u00a0\u00bbyes\u00a0\u00bb][vc_empty_space height=\u00a0\u00bb20px\u00a0\u00bb][vc_column_text]Les solutions les plus puissantes facilitent et soutiennent la mission et les objectifs de votre entreprise. Chez Brams, nous investissons du temps pour comprendre qui vous \u00eates en tant qu&rsquo;organisation et o\u00f9 vous voulez aller. Nous produisons et d\u00e9veloppons des logiciels personnalis\u00e9s, cr\u00e9ons des applications cloud natives et mettons \u00e0 jour les syst\u00e8mes existants. Notre approche it\u00e9rative collaborative offre rapidit\u00e9, flexibilit\u00e9 et r\u00e9sultats positifs \u00e0 nos clients.[\/vc_column_text][vc_empty_space height=\u00a0\u00bb40px\u00a0\u00bb][vc_separator el_width=\u00a0\u00bb70&Prime;][vc_empty_space height=\u00a0\u00bb40px\u00a0\u00bb][vc_btn title=\u00a0\u00bbContactez-nous\u00a0\u00bb style=\u00a0\u00bbcustom\u00a0\u00bb custom_background=\u00a0\u00bb#4472c4&Prime; custom_text=\u00a0\u00bb#ffffff\u00a0\u00bb size=\u00a0\u00bblg\u00a0\u00bb align=\u00a0\u00bbcenter\u00a0\u00bb link=\u00a0\u00bburl:https%3A%2F%2Fwww.brams.com%2Fenquiry%2F|title:Solutions%20%26%20Services%20Enquiry||\u00a0\u00bb][\/vc_column][vc_column width=\u00a0\u00bb1\/6&Prime;][\/vc_column][\/vc_row][\/vc_section][vc_section full_width=\u00a0\u00bbstretch_row\u00a0\u00bb css=\u00a0\u00bb.vc_custom_1558555884764{padding-top: 80px !important;padding-bottom: 80px !important;background-color: rgba(68,114,196,0.1) !important;*background-color: rgb(68,114,196) !important;}\u00a0\u00bb el_class=\u00a0\u00bbgradient3&Prime;][vc_row][vc_column width=\u00a0\u00bb1\/2&Prime;][vc_custom_heading text=\u00a0\u00bbDevSecOps\u00a0\u00bb font_container=\u00a0\u00bbtag:h4|text_align:left\u00a0\u00bb use_theme_fonts=\u00a0\u00bbyes\u00a0\u00bb][vc_column_text]Nous utilisons DevSecOps pour trouver (ou cr\u00e9er) la synergie parfaite entre les produits, les outils et les services n\u00e9cessaires \u00e0 votre organisation. Les \u00e9quipes de d\u00e9veloppement, de cybers\u00e9curit\u00e9 et d\u2019exploitation de Brams travaillent ensemble \u00e0 la cr\u00e9ation de solutions informatiques novatrices pour nos clients.<\/p>\n<p>Une approche DevSecOps nous permet d\u2019automatiser des segments importants des processus workflow, d\u2019accro\u00eetre la rapidit\u00e9 et la fiabilit\u00e9 de la livraisons des solutions tout en ma\u00eetrisant la rentabilit\u00e9. Le service comprend :<\/p>\n<ul>\n<li>Provisioning et gestion d&rsquo;infrastructure<\/li>\n<li>D\u00e9ploiements automatis\u00e9s<\/li>\n<li>Performances et Monitoring des applications<\/li>\n<\/ul>\n<p>[\/vc_column_text][\/vc_column][vc_column width=\u00a0\u00bb1\/2&Prime;][vc_custom_heading text=\u00a0\u00bbD\u00e9veloppement Agile\u00a0\u00bb font_container=\u00a0\u00bbtag:h4|text_align:left\u00a0\u00bb use_theme_fonts=\u00a0\u00bbyes\u00a0\u00bb][vc_column_text]Bas\u00e9 sur le Framework SAFE (Scaled Agile Framework), nous concevons et d\u00e9veloppons des applications selon une approche agile.<br \/>\nCela implique la constitution d&rsquo;\u00e9quipes de d\u00e9veloppeurs et de testeurs multidisciplinaires afin de fournir rapidement de nouvelles it\u00e9rations, dans un environnement de programmation collaboratif et en constante \u00e9volution. R\u00e9sultat, des livrables stables, pertinents et \u00e9volutifs.[\/vc_column_text][vc_empty_space height=\u00a0\u00bb20px\u00a0\u00bb][vc_single_image image=\u00a0\u00bb3862&Prime; img_size=\u00a0\u00bb800&#215;200&Prime; style=\u00a0\u00bbvc_box_shadow\u00a0\u00bb][\/vc_column][\/vc_row][\/vc_section][vc_section full_width=\u00a0\u00bbstretch_row\u00a0\u00bb][vc_row el_class=\u00a0\u00bbvc-desktop\u00a0\u00bb][vc_column width=\u00a0\u00bb1\/2&Prime; css=\u00a0\u00bb.vc_custom_1576072878532{padding-top: 80px !important;}\u00a0\u00bb][vc_custom_heading text=\u00a0\u00bbD\u00e9veloppement natif dans le Cloud\u00a0\u00bb font_container=\u00a0\u00bbtag:h4|text_align:left\u00a0\u00bb use_theme_fonts=\u00a0\u00bbyes\u00a0\u00bb][vc_column_text]De la conception au d\u00e9ploiement, nous convenons des logiciels sur-mesure dans et pour le cloud. Le d\u00e9veloppement natif sur le Cloud signifie une r\u00e9duction des temps d&rsquo;arr\u00eat, une livraison rapide avec des architectures Multi-Cloud, la possibilit\u00e9 d&rsquo;\u00e9viter le blocage du fournisseur. Obtenez des outils, Cloud les plus puissants et int\u00e9gr\u00e9s \u00e0 vos propres applications.[\/vc_column_text][vc_empty_space height=\u00a0\u00bb20px\u00a0\u00bb][\/vc_column][vc_column width=\u00a0\u00bb1\/2&Prime; css=\u00a0\u00bb.vc_custom_1576072873752{padding-top: 80px !important;}\u00a0\u00bb][vc_custom_heading text=\u00a0\u00bbD\u00e9veloppement sur-mesure d&rsquo;applications\u00a0\u00bb font_container=\u00a0\u00bbtag:h4|text_align:left\u00a0\u00bb use_theme_fonts=\u00a0\u00bbyes\u00a0\u00bb][vc_column_text]Nous concevons des applications qui r\u00e9pondent aux d\u00e9fis uniques de votre organisation. Du d\u00e9veloppement au d\u00e9ploiement, nous cr\u00e9ons un environnement collaboratif, it\u00e9ratif et r\u00e9actif pour le d\u00e9veloppement d&rsquo;applications sur-mesure.[\/vc_column_text][vc_empty_space height=\u00a0\u00bb20px\u00a0\u00bb][\/vc_column][\/vc_row][vc_row el_class=\u00a0\u00bbvc-desktop\u00a0\u00bb][vc_column width=\u00a0\u00bb1\/2&Prime; css=\u00a0\u00bb.vc_custom_1576072888411{padding-bottom: 80px !important;}\u00a0\u00bb][vc_single_image image=\u00a0\u00bb4647&Prime; img_size=\u00a0\u00bb800&#215;370&Prime; style=\u00a0\u00bbvc_box_shadow\u00a0\u00bb][\/vc_column][vc_column width=\u00a0\u00bb1\/2&Prime; css=\u00a0\u00bb.vc_custom_1576072884230{padding-bottom: 80px !important;}\u00a0\u00bb][vc_single_image image=\u00a0\u00bb4682&Prime; img_size=\u00a0\u00bb800&#215;370&Prime; style=\u00a0\u00bbvc_box_shadow\u00a0\u00bb][\/vc_column][\/vc_row][\/vc_section][vc_section full_width=\u00a0\u00bbstretch_row\u00a0\u00bb][vc_row el_class=\u00a0\u00bbvc-mobile\u00a0\u00bb][vc_column width=\u00a0\u00bb1\/2&Prime; css=\u00a0\u00bb.vc_custom_1576072899132{padding-top: 80px !important;}\u00a0\u00bb][vc_single_image image=\u00a0\u00bb4647&Prime; img_size=\u00a0\u00bb800&#215;370&Prime; style=\u00a0\u00bbvc_box_shadow\u00a0\u00bb][vc_empty_space height=\u00a0\u00bb20px\u00a0\u00bb][vc_custom_heading text=\u00a0\u00bbD\u00e9veloppement natif dans le Cloud\u00a0\u00bb font_container=\u00a0\u00bbtag:h4|text_align:left\u00a0\u00bb use_theme_fonts=\u00a0\u00bbyes\u00a0\u00bb][vc_column_text]De la conception au d\u00e9ploiement, nous convenons des logiciels sur-mesure dans et pour le cloud. Le d\u00e9veloppement natif sur le Cloud signifie une r\u00e9duction des temps d&rsquo;arr\u00eat, une livraison rapide avec des architectures Multi-Cloud, la possibilit\u00e9 d&rsquo;\u00e9viter le blocage du fournisseur. Obtenez des outils, Cloud les plus puissants et int\u00e9gr\u00e9s \u00e0 vos propres applications.[\/vc_column_text][vc_empty_space height=\u00a0\u00bb20px\u00a0\u00bb][\/vc_column][vc_column width=\u00a0\u00bb1\/2&Prime;][vc_single_image image=\u00a0\u00bb4682&Prime; img_size=\u00a0\u00bb800&#215;370&Prime; style=\u00a0\u00bbvc_box_shadow\u00a0\u00bb][vc_empty_space height=\u00a0\u00bb20px\u00a0\u00bb][vc_custom_heading text=\u00a0\u00bbD\u00e9veloppement sur-mesure d&rsquo;applications\u00a0\u00bb font_container=\u00a0\u00bbtag:h4|text_align:left\u00a0\u00bb use_theme_fonts=\u00a0\u00bbyes\u00a0\u00bb][vc_column_text]Nous concevons des applications qui r\u00e9pondent aux d\u00e9fis uniques de votre organisation. Du d\u00e9veloppement au d\u00e9ploiement, nous cr\u00e9ons un environnement collaboratif, it\u00e9ratif et r\u00e9actif pour le d\u00e9veloppement d&rsquo;applications sur-mesure.[\/vc_column_text][vc_empty_space height=\u00a0\u00bb20px\u00a0\u00bb][\/vc_column][\/vc_row][vc_row][vc_column width=\u00a0\u00bb1\/2&Prime;][\/vc_column][vc_column width=\u00a0\u00bb1\/2&Prime;][\/vc_column][\/vc_row][\/vc_section]<\/p>\n<\/div>","protected":false},"excerpt":{"rendered":"<p>[vc_section full_width=\u00a0\u00bbstretch_row\u00a0\u00bb css_animation=\u00a0\u00bbnone\u00a0\u00bb css=\u00a0\u00bb.vc_custom_1577701320710{padding-top: 15% !important;padding-bottom: 15% !important;background: rgba(0,0,0,0.37) url(https:\/\/www.brams.com\/wp-content\/uploads\/2019\/10\/practical-solutions-for-complex-systems.jpg?id=4734) !important;background-position: center !important;background-repeat: no-repeat !important;background-size: cover !important;*background-color: rgb(0,0,0) !important;}\u00a0\u00bb el_class=\u00a0\u00bbtext-white mask\u00a0\u00bb][vc_row][vc_column width=\u00a0\u00bb1\/6&Prime;][\/vc_column][vc_column width=\u00a0\u00bb2\/3&Prime;][vc_custom_heading text=\u00a0\u00bbSERVICE\u00a0\u00bb font_container=\u00a0\u00bbtag:div|font_size:1.5rem|text_align:center\u00a0\u00bb use_theme_fonts=\u00a0\u00bbyes\u00a0\u00bb el_class=\u00a0\u00bbfont-weight-300&Prime;][vc_custom_heading text=\u00a0\u00bbGestion des applications\u00a0\u00bb font_container=\u00a0\u00bbtag:h1|font_size:4rem|text_align:center|color:%23ffffff\u00a0\u00bb use_theme_fonts=\u00a0\u00bbyes\u00a0\u00bb el_class=\u00a0\u00bbresp-heading\u00a0\u00bb][\/vc_column][vc_column width=\u00a0\u00bb1\/6&Prime;][\/vc_column][\/vc_row][\/vc_section][vc_section full_width=\u00a0\u00bbstretch_row\u00a0\u00bb css_animation=\u00a0\u00bbnone\u00a0\u00bb css=\u00a0\u00bb.vc_custom_1558693616321{padding-top: 80px !important;padding-bottom: 30px !important;}\u00a0\u00bb el_id=\u00a0\u00bboverview\u00a0\u00bb][vc_row][vc_column width=\u00a0\u00bb1\/6&Prime;][\/vc_column][vc_column width=\u00a0\u00bb2\/3&Prime;][vc_custom_heading text=\u00a0\u00bbDes solutions pratiques pour des syst\u00e8mes complexes\u00a0\u00bb font_container=\u00a0\u00bbtag:h3|text_align:center\u00a0\u00bb use_theme_fonts=\u00a0\u00bbyes\u00a0\u00bb][vc_empty_space height=\u00a0\u00bb20px\u00a0\u00bb][vc_column_text]Les solutions [&hellip;]<\/p>\n","protected":false},"author":1,"featured_media":0,"parent":5089,"menu_order":20,"comment_status":"closed","ping_status":"closed","template":"","meta":{"content-type":"","_monsterinsights_skip_tracking":false,"_monsterinsights_sitenote_active":false,"_monsterinsights_sitenote_note":"","_monsterinsights_sitenote_category":0,"footnotes":""},"class_list":["post-5104","page","type-page","status-publish","hentry"],"yoast_head":"<!-- This site is optimized with the Yoast SEO plugin v22.1 - https:\/\/yoast.com\/wordpress\/plugins\/seo\/ -->\n<title>Gestion des applications - Des solutions pour des syst\u00e8mes complexes<\/title>\n<meta name=\"description\" content=\"Nous produisons et d\u00e9veloppons des logiciels personnalis\u00e9s, cr\u00e9ons des applications cloud natives et mettons \u00e0 jour les syst\u00e8mes existants ...\" \/>\n<meta name=\"robots\" content=\"index, follow, max-snippet:-1, max-image-preview:large, max-video-preview:-1\" \/>\n<link rel=\"canonical\" href=\"https:\/\/www.brams.com\/fr\/services\/gestion-des-applications\/\" \/>\n<meta property=\"og:locale\" content=\"fr_FR\" \/>\n<meta property=\"og:type\" content=\"article\" \/>\n<meta property=\"og:title\" content=\"Gestion des applications - Des solutions pour des syst\u00e8mes complexes\" \/>\n<meta property=\"og:description\" content=\"Nous produisons et d\u00e9veloppons des logiciels personnalis\u00e9s, cr\u00e9ons des applications cloud natives et mettons \u00e0 jour les syst\u00e8mes existants ...\" \/>\n<meta property=\"og:url\" content=\"https:\/\/www.brams.com\/fr\/services\/gestion-des-applications\/\" \/>\n<meta property=\"og:site_name\" content=\"Brams\" \/>\n<meta property=\"article:modified_time\" content=\"2020-01-08T14:11:34+00:00\" \/>\n<meta property=\"og:image\" content=\"https:\/\/www.brams.com\/wp-content\/uploads\/2019\/11\/PICTO-BRAMS.png\" \/>\n\t<meta property=\"og:image:width\" content=\"218\" \/>\n\t<meta property=\"og:image:height\" content=\"218\" \/>\n\t<meta property=\"og:image:type\" content=\"image\/png\" \/>\n<meta name=\"twitter:card\" content=\"summary_large_image\" \/>\n<meta name=\"twitter:site\" content=\"@bramsfz\" \/>\n<meta name=\"twitter:label1\" content=\"Dur\u00e9e de lecture estim\u00e9e\" \/>\n\t<meta name=\"twitter:data1\" content=\"5 minutes\" \/>\n<script type=\"application\/ld+json\" class=\"yoast-schema-graph\">{\"@context\":\"https:\/\/schema.org\",\"@graph\":[{\"@type\":\"WebPage\",\"@id\":\"https:\/\/www.brams.com\/fr\/services\/gestion-des-applications\/\",\"url\":\"https:\/\/www.brams.com\/fr\/services\/gestion-des-applications\/\",\"name\":\"Gestion des applications - Des solutions pour des syst\u00e8mes complexes\",\"isPartOf\":{\"@id\":\"https:\/\/www.brams.com\/#website\"},\"datePublished\":\"2019-05-14T15:19:31+00:00\",\"dateModified\":\"2020-01-08T14:11:34+00:00\",\"description\":\"Nous produisons et d\u00e9veloppons des logiciels personnalis\u00e9s, cr\u00e9ons des applications cloud natives et mettons \u00e0 jour les syst\u00e8mes existants ...\",\"breadcrumb\":{\"@id\":\"https:\/\/www.brams.com\/fr\/services\/gestion-des-applications\/#breadcrumb\"},\"inLanguage\":\"fr-FR\",\"potentialAction\":[{\"@type\":\"ReadAction\",\"target\":[\"https:\/\/www.brams.com\/fr\/services\/gestion-des-applications\/\"]}]},{\"@type\":\"BreadcrumbList\",\"@id\":\"https:\/\/www.brams.com\/fr\/services\/gestion-des-applications\/#breadcrumb\",\"itemListElement\":[{\"@type\":\"ListItem\",\"position\":1,\"name\":\"Home\",\"item\":\"https:\/\/www.brams.com\/fr\/\"},{\"@type\":\"ListItem\",\"position\":2,\"name\":\"Services\",\"item\":\"https:\/\/www.brams.com\/fr\/services\/\"},{\"@type\":\"ListItem\",\"position\":3,\"name\":\"Gestion des applications\"}]},{\"@type\":\"WebSite\",\"@id\":\"https:\/\/www.brams.com\/#website\",\"url\":\"https:\/\/www.brams.com\/\",\"name\":\"Brams\",\"description\":\"A world-leading cloud specialist with over 19 years of experience.\",\"publisher\":{\"@id\":\"https:\/\/www.brams.com\/#organization\"},\"potentialAction\":[{\"@type\":\"SearchAction\",\"target\":{\"@type\":\"EntryPoint\",\"urlTemplate\":\"https:\/\/www.brams.com\/?s={search_term_string}\"},\"query-input\":\"required name=search_term_string\"}],\"inLanguage\":\"fr-FR\"},{\"@type\":\"Organization\",\"@id\":\"https:\/\/www.brams.com\/#organization\",\"name\":\"Brams\",\"url\":\"https:\/\/www.brams.com\/\",\"logo\":{\"@type\":\"ImageObject\",\"inLanguage\":\"fr-FR\",\"@id\":\"https:\/\/www.brams.com\/#\/schema\/logo\/image\/\",\"url\":\"https:\/\/www.brams.com\/wp-content\/uploads\/2019\/12\/brams-logo.jpg\",\"contentUrl\":\"https:\/\/www.brams.com\/wp-content\/uploads\/2019\/12\/brams-logo.jpg\",\"width\":400,\"height\":108,\"caption\":\"Brams\"},\"image\":{\"@id\":\"https:\/\/www.brams.com\/#\/schema\/logo\/image\/\"},\"sameAs\":[\"https:\/\/twitter.com\/bramsfz\",\"https:\/\/www.linkedin.com\/company\/brams-technologies\/\"]}]}<\/script>\n<!-- \/ Yoast SEO plugin. -->","yoast_head_json":{"title":"Gestion des applications - Des solutions pour des syst\u00e8mes complexes","description":"Nous produisons et d\u00e9veloppons des logiciels personnalis\u00e9s, cr\u00e9ons des applications cloud natives et mettons \u00e0 jour les syst\u00e8mes existants ...","robots":{"index":"index","follow":"follow","max-snippet":"max-snippet:-1","max-image-preview":"max-image-preview:large","max-video-preview":"max-video-preview:-1"},"canonical":"https:\/\/www.brams.com\/fr\/services\/gestion-des-applications\/","og_locale":"fr_FR","og_type":"article","og_title":"Gestion des applications - Des solutions pour des syst\u00e8mes complexes","og_description":"Nous produisons et d\u00e9veloppons des logiciels personnalis\u00e9s, cr\u00e9ons des applications cloud natives et mettons \u00e0 jour les syst\u00e8mes existants ...","og_url":"https:\/\/www.brams.com\/fr\/services\/gestion-des-applications\/","og_site_name":"Brams","article_modified_time":"2020-01-08T14:11:34+00:00","og_image":[{"width":218,"height":218,"url":"https:\/\/www.brams.com\/wp-content\/uploads\/2019\/11\/PICTO-BRAMS.png","type":"image\/png"}],"twitter_card":"summary_large_image","twitter_site":"@bramsfz","twitter_misc":{"Dur\u00e9e de lecture estim\u00e9e":"5 minutes"},"schema":{"@context":"https:\/\/schema.org","@graph":[{"@type":"WebPage","@id":"https:\/\/www.brams.com\/fr\/services\/gestion-des-applications\/","url":"https:\/\/www.brams.com\/fr\/services\/gestion-des-applications\/","name":"Gestion des applications - Des solutions pour des syst\u00e8mes complexes","isPartOf":{"@id":"https:\/\/www.brams.com\/#website"},"datePublished":"2019-05-14T15:19:31+00:00","dateModified":"2020-01-08T14:11:34+00:00","description":"Nous produisons et d\u00e9veloppons des logiciels personnalis\u00e9s, cr\u00e9ons des applications cloud natives et mettons \u00e0 jour les syst\u00e8mes existants ...","breadcrumb":{"@id":"https:\/\/www.brams.com\/fr\/services\/gestion-des-applications\/#breadcrumb"},"inLanguage":"fr-FR","potentialAction":[{"@type":"ReadAction","target":["https:\/\/www.brams.com\/fr\/services\/gestion-des-applications\/"]}]},{"@type":"BreadcrumbList","@id":"https:\/\/www.brams.com\/fr\/services\/gestion-des-applications\/#breadcrumb","itemListElement":[{"@type":"ListItem","position":1,"name":"Home","item":"https:\/\/www.brams.com\/fr\/"},{"@type":"ListItem","position":2,"name":"Services","item":"https:\/\/www.brams.com\/fr\/services\/"},{"@type":"ListItem","position":3,"name":"Gestion des applications"}]},{"@type":"WebSite","@id":"https:\/\/www.brams.com\/#website","url":"https:\/\/www.brams.com\/","name":"Brams","description":"A world-leading cloud specialist with over 19 years of experience.","publisher":{"@id":"https:\/\/www.brams.com\/#organization"},"potentialAction":[{"@type":"SearchAction","target":{"@type":"EntryPoint","urlTemplate":"https:\/\/www.brams.com\/?s={search_term_string}"},"query-input":"required name=search_term_string"}],"inLanguage":"fr-FR"},{"@type":"Organization","@id":"https:\/\/www.brams.com\/#organization","name":"Brams","url":"https:\/\/www.brams.com\/","logo":{"@type":"ImageObject","inLanguage":"fr-FR","@id":"https:\/\/www.brams.com\/#\/schema\/logo\/image\/","url":"https:\/\/www.brams.com\/wp-content\/uploads\/2019\/12\/brams-logo.jpg","contentUrl":"https:\/\/www.brams.com\/wp-content\/uploads\/2019\/12\/brams-logo.jpg","width":400,"height":108,"caption":"Brams"},"image":{"@id":"https:\/\/www.brams.com\/#\/schema\/logo\/image\/"},"sameAs":["https:\/\/twitter.com\/bramsfz","https:\/\/www.linkedin.com\/company\/brams-technologies\/"]}]}},"_links":{"self":[{"href":"https:\/\/www.brams.com\/fr\/wp-json\/wp\/v2\/pages\/5104","targetHints":{"allow":["GET"]}}],"collection":[{"href":"https:\/\/www.brams.com\/fr\/wp-json\/wp\/v2\/pages"}],"about":[{"href":"https:\/\/www.brams.com\/fr\/wp-json\/wp\/v2\/types\/page"}],"author":[{"embeddable":true,"href":"https:\/\/www.brams.com\/fr\/wp-json\/wp\/v2\/users\/1"}],"replies":[{"embeddable":true,"href":"https:\/\/www.brams.com\/fr\/wp-json\/wp\/v2\/comments?post=5104"}],"version-history":[{"count":1,"href":"https:\/\/www.brams.com\/fr\/wp-json\/wp\/v2\/pages\/5104\/revisions"}],"predecessor-version":[{"id":8489,"href":"https:\/\/www.brams.com\/fr\/wp-json\/wp\/v2\/pages\/5104\/revisions\/8489"}],"up":[{"embeddable":true,"href":"https:\/\/www.brams.com\/fr\/wp-json\/wp\/v2\/pages\/5089"}],"wp:attachment":[{"href":"https:\/\/www.brams.com\/fr\/wp-json\/wp\/v2\/media?parent=5104"}],"curies":[{"name":"wp","href":"https:\/\/api.w.org\/{rel}","templated":true}]}}