{"id":5099,"date":"2019-05-13T19:59:54","date_gmt":"2019-05-13T19:59:54","guid":{"rendered":"https:\/\/brams.com\/services\/cloud-managed-services\/"},"modified":"2021-05-26T11:39:42","modified_gmt":"2021-05-26T11:39:42","slug":"cloud-managed-services","status":"publish","type":"page","link":"https:\/\/www.brams.com\/fr\/services\/cloud-managed-services\/","title":{"rendered":"Cloud-managed Services"},"content":{"rendered":"<div class=\"wpb-content-wrapper\"><p>[vc_section full_width=\u00a0\u00bbstretch_row\u00a0\u00bb css_animation=\u00a0\u00bbnone\u00a0\u00bb css=\u00a0\u00bb.vc_custom_1622029197665{padding-top: 15% !important;padding-bottom: 15% !important;background-image: url(https:\/\/www.brams.com\/wp-content\/uploads\/2019\/10\/managed-service-provider.jpeg?id=4736) !important;background-position: center !important;background-repeat: no-repeat !important;background-size: cover !important;}\u00a0\u00bb el_class=\u00a0\u00bbtext-white mask\u00a0\u00bb][vc_row][vc_column][vc_custom_heading text=\u00a0\u00bbSERVICE\u00a0\u00bb font_container=\u00a0\u00bbtag:div|font_size:1.5rem|text_align:center|color:%23ffffff\u00a0\u00bb use_theme_fonts=\u00a0\u00bbyes\u00a0\u00bb el_class=\u00a0\u00bbfont-weight-300&Prime;][vc_custom_heading text=\u00a0\u00bbCloud-managed Services\u00a0\u00bb font_container=\u00a0\u00bbtag:h1|font_size:4rem|text_align:center|color:%23ffffff\u00a0\u00bb use_theme_fonts=\u00a0\u00bbyes\u00a0\u00bb el_class=\u00a0\u00bbresp-heading\u00a0\u00bb][\/vc_column][\/vc_row][\/vc_section][vc_section full_width=\u00a0\u00bbstretch_row\u00a0\u00bb css_animation=\u00a0\u00bbnone\u00a0\u00bb css=\u00a0\u00bb.vc_custom_1558693541712{padding-top: 80px !important;padding-bottom: 30px !important;}\u00a0\u00bb el_id=\u00a0\u00bboverview\u00a0\u00bb el_class=\u00a0\u00bbgradient2&Prime;][vc_row][vc_column width=\u00a0\u00bb1\/6&Prime;][\/vc_column][vc_column width=\u00a0\u00bb2\/3&Prime;][vc_custom_heading text=\u00a0\u00bbPourquoi avez-vous besoin d&rsquo;un fournisseur de Services Manag\u00e9s ?\u00a0\u00bb font_container=\u00a0\u00bbtag:h3|text_align:center\u00a0\u00bb use_theme_fonts=\u00a0\u00bbyes\u00a0\u00bb][vc_empty_space height=\u00a0\u00bb20px\u00a0\u00bb][vc_column_text]Strat\u00e9gie Cloud public et Multi-cloud : Nous vous aidons \u00e0 choisir l\u2019infrastructure la plus adapt\u00e9e, avec un acc\u00e8s \u00e0 des ressources illimit\u00e9es, une flexibilit\u00e9 totale pour tester et \u00e9voluer tout en maitrisant la taille des effectifs d\u00e9di\u00e9s.<\/p>\n<p>Nos ing\u00e9nieurs sont certifi\u00e9s dans les technologies cloud les plus performantes. Il ne vous reste qu\u2019\u00e0 innover et\/ou vous focaliser sur l\u2019am\u00e9lioration de vos services, afin de permettre \u00e0 votre entreprise de rester \u00e0 la pointe de la technologie.[\/vc_column_text][vc_empty_space height=\u00a0\u00bb40px\u00a0\u00bb][vc_separator el_width=\u00a0\u00bb70&Prime;][vc_empty_space height=\u00a0\u00bb40px\u00a0\u00bb][vc_btn title=\u00a0\u00bbContactez-nous\u00a0\u00bb style=\u00a0\u00bbcustom\u00a0\u00bb custom_background=\u00a0\u00bb#4472c4&Prime; custom_text=\u00a0\u00bb#ffffff\u00a0\u00bb size=\u00a0\u00bblg\u00a0\u00bb align=\u00a0\u00bbcenter\u00a0\u00bb link=\u00a0\u00bburl:https%3A%2F%2Fwww.brams.com%2Fenquiry%2F|title:Solutions%20%26%20Services%20Enquiry||\u00a0\u00bb][\/vc_column][vc_column width=\u00a0\u00bb1\/6&Prime;][\/vc_column][\/vc_row][\/vc_section][vc_section full_width=\u00a0\u00bbstretch_row\u00a0\u00bb css=\u00a0\u00bb.vc_custom_1558555571222{padding-top: 80px !important;padding-bottom: 80px !important;}\u00a0\u00bb][vc_row][vc_column][vc_row_inner][vc_column_inner width=\u00a0\u00bb1\/2&Prime;][vc_single_image image=\u00a0\u00bb4739&Prime; img_size=\u00a0\u00bb800&#215;500&Prime; alignment=\u00a0\u00bbcenter\u00a0\u00bb style=\u00a0\u00bbvc_box_shadow\u00a0\u00bb css_animation=\u00a0\u00bbnone\u00a0\u00bb][\/vc_column_inner][vc_column_inner width=\u00a0\u00bb1\/2&Prime;][vc_custom_heading text=\u00a0\u00bbMonitoring and Reporting\u00a0\u00bb font_container=\u00a0\u00bbtag:h3|text_align:left\u00a0\u00bb use_theme_fonts=\u00a0\u00bbyes\u00a0\u00bb][vc_empty_space height=\u00a0\u00bb20px\u00a0\u00bb][vc_column_text]La surveillance 24 heures sur 24 permet une identification et une r\u00e9solution rapides des probl\u00e8mes et une maintenance proactive. En bref, cela donne \u00e0 votre organisation :<\/p>\n<ul>\n<li>Surveillance illimit\u00e9e de la disponibilit\u00e9 et des performances du r\u00e9seau<\/li>\n<li>Une vision claire de ce qui se passe dans le r\u00e9seau<\/li>\n<li>Une r\u00e9duction des p\u00e9nalit\u00e9s d&rsquo;immobilisation (co\u00fbts de service, perte de productivit\u00e9, perte d&rsquo;opportunit\u00e9s)<\/li>\n<li>La capacit\u00e9 de planifier une maintenance pr\u00e9ventive (allongement de la dur\u00e9e de vie des syst\u00e8mes, r\u00e9duction des temps d&rsquo;arr\u00eat et des co\u00fbts de r\u00e9paration d&rsquo;urgence)<\/li>\n<li>Rapports mensuels selon niveau de service (SLA)<\/li>\n<li>Archivage des donn\u00e9es pour identifier les probl\u00e8mes r\u00e9currents<\/li>\n<li>Des services qui fonctionnent sur une infrastructure robuste, securis\u00e9e et \u00e0 jour<\/li>\n<\/ul>\n<p>[\/vc_column_text][\/vc_column_inner][\/vc_row_inner][\/vc_column][\/vc_row][\/vc_section][vc_section full_width=\u00a0\u00bbstretch_row\u00a0\u00bb css=\u00a0\u00bb.vc_custom_1558606551356{padding-top: 80px !important;padding-bottom: 50px !important;}\u00a0\u00bb el_class=\u00a0\u00bbgradient3&Prime;][vc_row][vc_column width=\u00a0\u00bb1\/6&Prime;][\/vc_column][vc_column width=\u00a0\u00bb2\/3&Prime;][vc_custom_heading text=\u00a0\u00bbSupport\u00a0\u00bb font_container=\u00a0\u00bbtag:h3|text_align:left\u00a0\u00bb use_theme_fonts=\u00a0\u00bbyes\u00a0\u00bb][vc_empty_space height=\u00a0\u00bb20px\u00a0\u00bb][vc_column_text]Nous proposons une assistance 24 heures sur 24 (par t\u00e9l\u00e9phone et par courrier \u00e9lectronique) avec un syst\u00e8me de billetterie d\u00e9di\u00e9 et la possibilit\u00e9 d&rsquo;une assistance \u00e0 distance ou sur site.<\/p>\n<p>Notre service de support comprend :[\/vc_column_text][vc_empty_space height=\u00a0\u00bb20px\u00a0\u00bb]<ul class=\"iconlist iconlist iconlist-icon-small columns-2 gap-50\"><li><div ><div class=\"iconlist-item-icon\"><i class=\"fa fa-medkit\"><\/i><\/div><div class=\"iconlist-item-content\">Service professionnel \u00e0 tous les niveaux de support avec diff\u00e9rents SLA (Bronze, Silver et Gold)<\/div><\/div><\/li><li><div ><div class=\"iconlist-item-icon\"><i class=\"fa fa-exclamation-triangle\"><\/i><\/div><div class=\"iconlist-item-content\">D\u00e9pannage et r\u00e9solution proactifs des probl\u00e8mes affectant le fonctionnement des logiciels pr\u00e9-install\u00e9s et des probl\u00e8mes mat\u00e9riels, la plate-forme de virtualisation et la connectivit\u00e9 r\u00e9seau<\/div><\/div><\/li><li><div ><div class=\"iconlist-item-icon\"><i class=\"fa fa-question-circle\"><\/i><\/div><div class=\"iconlist-item-content\">Acc\u00e8s au portail pour g\u00e9rer les tickets de support et acc\u00e9der \u00e0 la base de connaissances et aux probl\u00e8mes identifi\u00e9s<\/div><\/div><\/li><li><div ><div class=\"iconlist-item-icon\"><i class=\"fa fa-angle-double-left\"><\/i><\/div><div class=\"iconlist-item-content\">Disponibilit\u00e9 d&rsquo;un responsable technique de compte (TAM) pour fournir une assistance, des suivis et des analyses<\/div><\/div><\/li><\/ul>[\/vc_column][vc_column width=\u00a0\u00bb1\/6&Prime;][\/vc_column][\/vc_row][\/vc_section][vc_section full_width=\u00a0\u00bbstretch_row\u00a0\u00bb css=\u00a0\u00bb.vc_custom_1558555751358{padding-top: 80px !important;padding-bottom: 80px !important;}\u00a0\u00bb][vc_row][vc_column width=\u00a0\u00bb1\/2&Prime;][vc_single_image image=\u00a0\u00bb198&Prime; img_size=\u00a0\u00bb800&#215;500&Prime; alignment=\u00a0\u00bbcenter\u00a0\u00bb style=\u00a0\u00bbvc_box_shadow\u00a0\u00bb css_animation=\u00a0\u00bbnone\u00a0\u00bb][\/vc_column][vc_column width=\u00a0\u00bb1\/2&Prime;][vc_custom_heading text=\u00a0\u00bbGestion centralis\u00e9e\u00a0\u00bb font_container=\u00a0\u00bbtag:h3|text_align:left\u00a0\u00bb use_theme_fonts=\u00a0\u00bbyes\u00a0\u00bb][vc_empty_space height=\u00a0\u00bb20px\u00a0\u00bb][vc_column_text]Avec une strat\u00e9gie hybride ou multi-cloud, vous avez la possibilit\u00e9 d\u2019installer une console \u00e0 gestion centralis\u00e9e offrant une vue consolid\u00e9e de toutes vos op\u00e9rations et de toutes vos ressources. Dans le cadre de ce service, nous agr\u00e9gons donn\u00e9es et diverses statistiques de performances dans des tableaux de bord personnalis\u00e9s permettant de suivre l&rsquo;\u00e9tat de sant\u00e9 g\u00e9n\u00e9ral du service et les pr\u00e9visions d&rsquo;erreur.<\/p>\n<p>Ce service comprend:<\/p>\n<ul>\n<li>Gestion de bout en bout de toutes les applications et serveurs, y compris les mises \u00e0 niveau, les correctifs, la configuration et l&rsquo;optimisation des logiciels pr\u00e9-install\u00e9s.<\/li>\n<li>Alertes proactives lorsque les seuils pr\u00e9d\u00e9finis sont atteints ou quasiment atteints, gestion des serveurs et des applications.<\/li>\n<\/ul>\n<p>[\/vc_column_text][\/vc_column][\/vc_row][\/vc_section]<\/p>\n<\/div>","protected":false},"excerpt":{"rendered":"<p>[vc_section full_width=\u00a0\u00bbstretch_row\u00a0\u00bb css_animation=\u00a0\u00bbnone\u00a0\u00bb css=\u00a0\u00bb.vc_custom_1622029197665{padding-top: 15% !important;padding-bottom: 15% !important;background-image: url(https:\/\/www.brams.com\/wp-content\/uploads\/2019\/10\/managed-service-provider.jpeg?id=4736) !important;background-position: center !important;background-repeat: no-repeat !important;background-size: cover !important;}\u00a0\u00bb el_class=\u00a0\u00bbtext-white mask\u00a0\u00bb][vc_row][vc_column][vc_custom_heading text=\u00a0\u00bbSERVICE\u00a0\u00bb font_container=\u00a0\u00bbtag:div|font_size:1.5rem|text_align:center|color:%23ffffff\u00a0\u00bb use_theme_fonts=\u00a0\u00bbyes\u00a0\u00bb el_class=\u00a0\u00bbfont-weight-300&Prime;][vc_custom_heading text=\u00a0\u00bbCloud-managed Services\u00a0\u00bb font_container=\u00a0\u00bbtag:h1|font_size:4rem|text_align:center|color:%23ffffff\u00a0\u00bb use_theme_fonts=\u00a0\u00bbyes\u00a0\u00bb el_class=\u00a0\u00bbresp-heading\u00a0\u00bb][\/vc_column][\/vc_row][\/vc_section][vc_section full_width=\u00a0\u00bbstretch_row\u00a0\u00bb css_animation=\u00a0\u00bbnone\u00a0\u00bb css=\u00a0\u00bb.vc_custom_1558693541712{padding-top: 80px !important;padding-bottom: 30px !important;}\u00a0\u00bb el_id=\u00a0\u00bboverview\u00a0\u00bb el_class=\u00a0\u00bbgradient2&Prime;][vc_row][vc_column width=\u00a0\u00bb1\/6&Prime;][\/vc_column][vc_column width=\u00a0\u00bb2\/3&Prime;][vc_custom_heading text=\u00a0\u00bbPourquoi avez-vous besoin d&rsquo;un fournisseur de Services Manag\u00e9s ?\u00a0\u00bb font_container=\u00a0\u00bbtag:h3|text_align:center\u00a0\u00bb use_theme_fonts=\u00a0\u00bbyes\u00a0\u00bb][vc_empty_space height=\u00a0\u00bb20px\u00a0\u00bb][vc_column_text]Strat\u00e9gie Cloud public et Multi-cloud : [&hellip;]<\/p>\n","protected":false},"author":1,"featured_media":0,"parent":5089,"menu_order":10,"comment_status":"closed","ping_status":"closed","template":"","meta":{"content-type":"","_monsterinsights_skip_tracking":false,"_monsterinsights_sitenote_active":false,"_monsterinsights_sitenote_note":"","_monsterinsights_sitenote_category":0,"footnotes":""},"class_list":["post-5099","page","type-page","status-publish","hentry"],"yoast_head":"<!-- This site is optimized with the Yoast SEO plugin v22.1 - https:\/\/yoast.com\/wordpress\/plugins\/seo\/ -->\n<title>Cloud-managed Services - Brams<\/title>\n<meta name=\"description\" content=\"Strat\u00e9gie Cloud public et Multi-cloud : Nous vous aidons \u00e0 choisir l\u2019infrastructure la plus adapt\u00e9e, avec un acc\u00e8s \u00e0 des ressources illimit\u00e9es ...\" \/>\n<meta name=\"robots\" content=\"index, follow, max-snippet:-1, max-image-preview:large, max-video-preview:-1\" \/>\n<link rel=\"canonical\" href=\"https:\/\/www.brams.com\/fr\/services\/cloud-managed-services\/\" \/>\n<meta property=\"og:locale\" content=\"fr_FR\" \/>\n<meta property=\"og:type\" content=\"article\" \/>\n<meta property=\"og:title\" content=\"Cloud-managed Services - Brams\" \/>\n<meta property=\"og:description\" content=\"Strat\u00e9gie Cloud public et Multi-cloud : Nous vous aidons \u00e0 choisir l\u2019infrastructure la plus adapt\u00e9e, avec un acc\u00e8s \u00e0 des ressources illimit\u00e9es ...\" \/>\n<meta property=\"og:url\" content=\"https:\/\/www.brams.com\/fr\/services\/cloud-managed-services\/\" \/>\n<meta property=\"og:site_name\" content=\"Brams\" \/>\n<meta property=\"article:modified_time\" content=\"2021-05-26T11:39:42+00:00\" \/>\n<meta property=\"og:image\" content=\"https:\/\/www.brams.com\/wp-content\/uploads\/2019\/11\/PICTO-BRAMS.png\" \/>\n\t<meta property=\"og:image:width\" content=\"218\" \/>\n\t<meta property=\"og:image:height\" content=\"218\" \/>\n\t<meta property=\"og:image:type\" content=\"image\/png\" \/>\n<meta name=\"twitter:card\" content=\"summary_large_image\" \/>\n<meta name=\"twitter:site\" content=\"@bramsfz\" \/>\n<meta name=\"twitter:label1\" content=\"Dur\u00e9e de lecture estim\u00e9e\" \/>\n\t<meta name=\"twitter:data1\" content=\"3 minutes\" \/>\n<script type=\"application\/ld+json\" class=\"yoast-schema-graph\">{\"@context\":\"https:\/\/schema.org\",\"@graph\":[{\"@type\":\"WebPage\",\"@id\":\"https:\/\/www.brams.com\/fr\/services\/cloud-managed-services\/\",\"url\":\"https:\/\/www.brams.com\/fr\/services\/cloud-managed-services\/\",\"name\":\"Cloud-managed Services - Brams\",\"isPartOf\":{\"@id\":\"https:\/\/www.brams.com\/#website\"},\"datePublished\":\"2019-05-13T19:59:54+00:00\",\"dateModified\":\"2021-05-26T11:39:42+00:00\",\"description\":\"Strat\u00e9gie Cloud public et Multi-cloud : Nous vous aidons \u00e0 choisir l\u2019infrastructure la plus adapt\u00e9e, avec un acc\u00e8s \u00e0 des ressources illimit\u00e9es ...\",\"breadcrumb\":{\"@id\":\"https:\/\/www.brams.com\/fr\/services\/cloud-managed-services\/#breadcrumb\"},\"inLanguage\":\"fr-FR\",\"potentialAction\":[{\"@type\":\"ReadAction\",\"target\":[\"https:\/\/www.brams.com\/fr\/services\/cloud-managed-services\/\"]}]},{\"@type\":\"BreadcrumbList\",\"@id\":\"https:\/\/www.brams.com\/fr\/services\/cloud-managed-services\/#breadcrumb\",\"itemListElement\":[{\"@type\":\"ListItem\",\"position\":1,\"name\":\"Home\",\"item\":\"https:\/\/www.brams.com\/fr\/\"},{\"@type\":\"ListItem\",\"position\":2,\"name\":\"Services\",\"item\":\"https:\/\/www.brams.com\/fr\/services\/\"},{\"@type\":\"ListItem\",\"position\":3,\"name\":\"Cloud-managed Services\"}]},{\"@type\":\"WebSite\",\"@id\":\"https:\/\/www.brams.com\/#website\",\"url\":\"https:\/\/www.brams.com\/\",\"name\":\"Brams\",\"description\":\"A world-leading cloud specialist with over 19 years of experience.\",\"publisher\":{\"@id\":\"https:\/\/www.brams.com\/#organization\"},\"potentialAction\":[{\"@type\":\"SearchAction\",\"target\":{\"@type\":\"EntryPoint\",\"urlTemplate\":\"https:\/\/www.brams.com\/?s={search_term_string}\"},\"query-input\":\"required name=search_term_string\"}],\"inLanguage\":\"fr-FR\"},{\"@type\":\"Organization\",\"@id\":\"https:\/\/www.brams.com\/#organization\",\"name\":\"Brams\",\"url\":\"https:\/\/www.brams.com\/\",\"logo\":{\"@type\":\"ImageObject\",\"inLanguage\":\"fr-FR\",\"@id\":\"https:\/\/www.brams.com\/#\/schema\/logo\/image\/\",\"url\":\"https:\/\/www.brams.com\/wp-content\/uploads\/2019\/12\/brams-logo.jpg\",\"contentUrl\":\"https:\/\/www.brams.com\/wp-content\/uploads\/2019\/12\/brams-logo.jpg\",\"width\":400,\"height\":108,\"caption\":\"Brams\"},\"image\":{\"@id\":\"https:\/\/www.brams.com\/#\/schema\/logo\/image\/\"},\"sameAs\":[\"https:\/\/twitter.com\/bramsfz\",\"https:\/\/www.linkedin.com\/company\/brams-technologies\/\"]}]}<\/script>\n<!-- \/ Yoast SEO plugin. -->","yoast_head_json":{"title":"Cloud-managed Services - Brams","description":"Strat\u00e9gie Cloud public et Multi-cloud : Nous vous aidons \u00e0 choisir l\u2019infrastructure la plus adapt\u00e9e, avec un acc\u00e8s \u00e0 des ressources illimit\u00e9es ...","robots":{"index":"index","follow":"follow","max-snippet":"max-snippet:-1","max-image-preview":"max-image-preview:large","max-video-preview":"max-video-preview:-1"},"canonical":"https:\/\/www.brams.com\/fr\/services\/cloud-managed-services\/","og_locale":"fr_FR","og_type":"article","og_title":"Cloud-managed Services - Brams","og_description":"Strat\u00e9gie Cloud public et Multi-cloud : Nous vous aidons \u00e0 choisir l\u2019infrastructure la plus adapt\u00e9e, avec un acc\u00e8s \u00e0 des ressources illimit\u00e9es ...","og_url":"https:\/\/www.brams.com\/fr\/services\/cloud-managed-services\/","og_site_name":"Brams","article_modified_time":"2021-05-26T11:39:42+00:00","og_image":[{"width":218,"height":218,"url":"https:\/\/www.brams.com\/wp-content\/uploads\/2019\/11\/PICTO-BRAMS.png","type":"image\/png"}],"twitter_card":"summary_large_image","twitter_site":"@bramsfz","twitter_misc":{"Dur\u00e9e de lecture estim\u00e9e":"3 minutes"},"schema":{"@context":"https:\/\/schema.org","@graph":[{"@type":"WebPage","@id":"https:\/\/www.brams.com\/fr\/services\/cloud-managed-services\/","url":"https:\/\/www.brams.com\/fr\/services\/cloud-managed-services\/","name":"Cloud-managed Services - Brams","isPartOf":{"@id":"https:\/\/www.brams.com\/#website"},"datePublished":"2019-05-13T19:59:54+00:00","dateModified":"2021-05-26T11:39:42+00:00","description":"Strat\u00e9gie Cloud public et Multi-cloud : Nous vous aidons \u00e0 choisir l\u2019infrastructure la plus adapt\u00e9e, avec un acc\u00e8s \u00e0 des ressources illimit\u00e9es ...","breadcrumb":{"@id":"https:\/\/www.brams.com\/fr\/services\/cloud-managed-services\/#breadcrumb"},"inLanguage":"fr-FR","potentialAction":[{"@type":"ReadAction","target":["https:\/\/www.brams.com\/fr\/services\/cloud-managed-services\/"]}]},{"@type":"BreadcrumbList","@id":"https:\/\/www.brams.com\/fr\/services\/cloud-managed-services\/#breadcrumb","itemListElement":[{"@type":"ListItem","position":1,"name":"Home","item":"https:\/\/www.brams.com\/fr\/"},{"@type":"ListItem","position":2,"name":"Services","item":"https:\/\/www.brams.com\/fr\/services\/"},{"@type":"ListItem","position":3,"name":"Cloud-managed Services"}]},{"@type":"WebSite","@id":"https:\/\/www.brams.com\/#website","url":"https:\/\/www.brams.com\/","name":"Brams","description":"A world-leading cloud specialist with over 19 years of experience.","publisher":{"@id":"https:\/\/www.brams.com\/#organization"},"potentialAction":[{"@type":"SearchAction","target":{"@type":"EntryPoint","urlTemplate":"https:\/\/www.brams.com\/?s={search_term_string}"},"query-input":"required name=search_term_string"}],"inLanguage":"fr-FR"},{"@type":"Organization","@id":"https:\/\/www.brams.com\/#organization","name":"Brams","url":"https:\/\/www.brams.com\/","logo":{"@type":"ImageObject","inLanguage":"fr-FR","@id":"https:\/\/www.brams.com\/#\/schema\/logo\/image\/","url":"https:\/\/www.brams.com\/wp-content\/uploads\/2019\/12\/brams-logo.jpg","contentUrl":"https:\/\/www.brams.com\/wp-content\/uploads\/2019\/12\/brams-logo.jpg","width":400,"height":108,"caption":"Brams"},"image":{"@id":"https:\/\/www.brams.com\/#\/schema\/logo\/image\/"},"sameAs":["https:\/\/twitter.com\/bramsfz","https:\/\/www.linkedin.com\/company\/brams-technologies\/"]}]}},"_links":{"self":[{"href":"https:\/\/www.brams.com\/fr\/wp-json\/wp\/v2\/pages\/5099","targetHints":{"allow":["GET"]}}],"collection":[{"href":"https:\/\/www.brams.com\/fr\/wp-json\/wp\/v2\/pages"}],"about":[{"href":"https:\/\/www.brams.com\/fr\/wp-json\/wp\/v2\/types\/page"}],"author":[{"embeddable":true,"href":"https:\/\/www.brams.com\/fr\/wp-json\/wp\/v2\/users\/1"}],"replies":[{"embeddable":true,"href":"https:\/\/www.brams.com\/fr\/wp-json\/wp\/v2\/comments?post=5099"}],"version-history":[{"count":3,"href":"https:\/\/www.brams.com\/fr\/wp-json\/wp\/v2\/pages\/5099\/revisions"}],"predecessor-version":[{"id":9656,"href":"https:\/\/www.brams.com\/fr\/wp-json\/wp\/v2\/pages\/5099\/revisions\/9656"}],"up":[{"embeddable":true,"href":"https:\/\/www.brams.com\/fr\/wp-json\/wp\/v2\/pages\/5089"}],"wp:attachment":[{"href":"https:\/\/www.brams.com\/fr\/wp-json\/wp\/v2\/media?parent=5099"}],"curies":[{"name":"wp","href":"https:\/\/api.w.org\/{rel}","templated":true}]}}