{"id":5094,"date":"2019-05-13T19:20:04","date_gmt":"2019-05-13T19:20:04","guid":{"rendered":"https:\/\/brams.com\/services\/consulting-services\/"},"modified":"2021-06-02T13:15:54","modified_gmt":"2021-06-02T13:15:54","slug":"service-consulting","status":"publish","type":"page","link":"https:\/\/www.brams.com\/fr\/services\/service-consulting\/","title":{"rendered":"Service Consulting"},"content":{"rendered":"<div class=\"wpb-content-wrapper\"><p>[vc_section full_width=\u00a0\u00bbstretch_row\u00a0\u00bb css_animation=\u00a0\u00bbnone\u00a0\u00bb el_class=\u00a0\u00bbtext-white mask\u00a0\u00bb css=\u00a0\u00bb.vc_custom_1622029031771{padding-top: 15% !important;padding-bottom: 15% !important;background-image: url(https:\/\/www.brams.com\/wp-content\/uploads\/2019\/10\/pexels-photo-1376869.jpeg?id=4701) !important;background-position: center !important;background-repeat: no-repeat !important;background-size: cover !important;}\u00a0\u00bb][vc_row full_width=\u00a0\u00bbstretch_row\u00a0\u00bb css_animation=\u00a0\u00bbnone\u00a0\u00bb][vc_column][vc_custom_heading text=\u00a0\u00bbSERVICE\u00a0\u00bb font_container=\u00a0\u00bbtag:div|font_size:1.5rem|text_align:center\u00a0\u00bb use_theme_fonts=\u00a0\u00bbyes\u00a0\u00bb css_animation=\u00a0\u00bbnone\u00a0\u00bb el_class=\u00a0\u00bbfont-weight-300&Prime;][vc_custom_heading text=\u00a0\u00bbService Consulting\u00a0\u00bb font_container=\u00a0\u00bbtag:h1|font_size:4rem|text_align:center|color:%23ffffff\u00a0\u00bb use_theme_fonts=\u00a0\u00bbyes\u00a0\u00bb css_animation=\u00a0\u00bbnone\u00a0\u00bb el_class=\u00a0\u00bbresp-heading\u00a0\u00bb][\/vc_column][\/vc_row][\/vc_section][vc_section full_width=\u00a0\u00bbstretch_row\u00a0\u00bb el_id=\u00a0\u00bboverview\u00a0\u00bb el_class=\u00a0\u00bbgradient2&Prime; css=\u00a0\u00bb.vc_custom_1558693750428{padding-top: 60px !important;padding-bottom: 30px !important;}\u00a0\u00bb][vc_row][vc_column css_animation=\u00a0\u00bbfadeIn\u00a0\u00bb width=\u00a0\u00bb1\/6&Prime; el_class=\u00a0\u00bbdelay-1&Prime;][\/vc_column][vc_column css_animation=\u00a0\u00bbnone\u00a0\u00bb width=\u00a0\u00bb2\/3&Prime; el_class=\u00a0\u00bbdelay-2&Prime;][vc_custom_heading text=\u00a0\u00bbPourquoi s&rsquo;associer avec nous?\u00a0\u00bb font_container=\u00a0\u00bbtag:h3|text_align:center\u00a0\u00bb use_theme_fonts=\u00a0\u00bbyes\u00a0\u00bb css_animation=\u00a0\u00bbnone\u00a0\u00bb][vc_empty_space height=\u00a0\u00bb20px\u00a0\u00bb][vc_column_text]Nos services de conseil se concentrent sur les probl\u00e8mes et les opportunit\u00e9s les plus critiques de nos clients : strat\u00e9gie, marketing, organisation, op\u00e9rations, technologie, transformation digitale et analyse avanc\u00e9e.[\/vc_column_text][vc_empty_space height=\u00a0\u00bb40px\u00a0\u00bb][vc_separator el_width=\u00a0\u00bb70&Prime;][vc_empty_space height=\u00a0\u00bb40px\u00a0\u00bb][vc_btn title=\u00a0\u00bbContactez-nous\u00a0\u00bb style=\u00a0\u00bbcustom\u00a0\u00bb custom_background=\u00a0\u00bb#4472c4&Prime; custom_text=\u00a0\u00bb#ffffff\u00a0\u00bb size=\u00a0\u00bblg\u00a0\u00bb align=\u00a0\u00bbcenter\u00a0\u00bb link=\u00a0\u00bburl:https%3A%2F%2Fwww.brams.com%2Fenquiry%2F|title:Solutions%20%26%20Services%20Enquiry||\u00a0\u00bb][\/vc_column][vc_column css_animation=\u00a0\u00bbfadeIn\u00a0\u00bb width=\u00a0\u00bb1\/6&Prime; el_class=\u00a0\u00bbdelay-3&Prime;][\/vc_column][\/vc_row][\/vc_section][vc_section full_width=\u00a0\u00bbstretch_row\u00a0\u00bb css_animation=\u00a0\u00bbnone\u00a0\u00bb el_id=\u00a0\u00bbsolutions\u00a0\u00bb css=\u00a0\u00bb.vc_custom_1622029068649{padding-top: 60px !important;padding-bottom: 30px !important;}\u00a0\u00bb el_class=\u00a0\u00bbgradient3&Prime;][vc_row][vc_column]<ul class=\"iconlist iconlist iconlist-icon-small columns-2 gap-50\"><li><div ><div class=\"iconlist-item-icon\"><i class=\"fa fa-id-badge\"><\/i><\/div><div class=\"iconlist-item-content\"><h5>Conseil aux industries num\u00e9riques<\/h5><p>Nos services de conseil s&rsquo;appuient sur des comp\u00e9tences internes et externes pour identifier et r\u00e9soudre les probl\u00e8mes de l&rsquo;entreprise et cr\u00e9er de nouvelles opportunit\u00e9s commerciales gr\u00e2ce au digital.<\/div><\/div><\/li><li><div ><div class=\"iconlist-item-icon\"><i class=\"fa fa-wpexplorer\"><\/i><\/div><div class=\"iconlist-item-content\"><h5>Plateformes Digitales Metiers<\/h5><p>Obtenez les meilleures plates-formes logicielles du march\u00e9 pour des fonctions telles que les ressources humaines, les services g\u00e9n\u00e9raux et l&rsquo;administration, les achats et l&rsquo;informatique. Int\u00e9grez et orchestrez des applications d&rsquo;entreprise pour apporter de l&rsquo;innovation business, num\u00e9risez et automatisez des processus pour am\u00e9liorer les performances de l&rsquo;entreprise.<\/div><\/div><\/li><li><div ><div class=\"iconlist-item-icon\"><i class=\"fa fa-flag\"><\/i><\/div><div class=\"iconlist-item-content\"><h5>Digital Technology Platforms<\/h5><p>Am\u00e9liorez radicalement votre agilit\u00e9 commerciale et vos \u00e9conomies d\u2019\u00e9chelle en int\u00e9grant vos services digitaux \u00e0 des technologies cloud modernes et s\u00e9curis\u00e9es.<\/div><\/div><\/li><li><div ><div class=\"iconlist-item-icon\"><i class=\"fa fa-picture-o\"><\/i><\/div><div class=\"iconlist-item-content\"><h5>Exp\u00e9rience Client Digital<\/h5><p>Red\u00e9finissez l&rsquo;exp\u00e9rience de vos client grace \u00e0 des informations analytiques s\u00e9curis\u00e9es qui engagent les consommateurs et d\u00e9veloppent une affinit\u00e9 avec votre marque.<\/div><\/div><\/li><li><div ><div class=\"iconlist-item-icon\"><i class=\"fa fa-tint\"><\/i><\/div><div class=\"iconlist-item-content\"><h5>Cloud-managed Service Consulting<\/h5><p>Le cloud computing est un moyen efficace pour r\u00e9duire les co\u00fbts li\u00e9s \u00e0 de la technologie et d&rsquo;atteinte de vos objectifs en mati\u00e8re d&rsquo;innovation, d&rsquo;investissement et de lib\u00e9rer des budgets pour des produits et services cl\u00e9s.<\/div><\/div><\/li><li><div ><div class=\"iconlist-item-icon\"><img decoding=\"async\" src=\"https:\/\/www.brams.com\/wp-content\/uploads\/2019\/11\/CONSULTING-1-1.png\" alt=\"CONSULTING-1-1\" \/><\/div><div class=\"iconlist-item-content\"><h5><a href=\"\/fr\/services\/sap-on-azure\/\">SAP on AZURE<\/a><\/h5><p>Running SAP environments on the Microsoft AZURE could provide cost savings of up to 30%. <a style=\"color: #d33043\" href=\"\/fr\/services\/sap-on-azure\/\">See more<\/a><\/div><\/div><\/li><\/ul>[\/vc_column][\/vc_row][\/vc_section]<\/p>\n<\/div>","protected":false},"excerpt":{"rendered":"<p>[vc_section full_width=\u00a0\u00bbstretch_row\u00a0\u00bb css_animation=\u00a0\u00bbnone\u00a0\u00bb el_class=\u00a0\u00bbtext-white mask\u00a0\u00bb css=\u00a0\u00bb.vc_custom_1622029031771{padding-top: 15% !important;padding-bottom: 15% !important;background-image: url(https:\/\/www.brams.com\/wp-content\/uploads\/2019\/10\/pexels-photo-1376869.jpeg?id=4701) !important;background-position: center !important;background-repeat: no-repeat !important;background-size: cover !important;}\u00a0\u00bb][vc_row full_width=\u00a0\u00bbstretch_row\u00a0\u00bb css_animation=\u00a0\u00bbnone\u00a0\u00bb][vc_column][vc_custom_heading text=\u00a0\u00bbSERVICE\u00a0\u00bb font_container=\u00a0\u00bbtag:div|font_size:1.5rem|text_align:center\u00a0\u00bb use_theme_fonts=\u00a0\u00bbyes\u00a0\u00bb css_animation=\u00a0\u00bbnone\u00a0\u00bb el_class=\u00a0\u00bbfont-weight-300&Prime;][vc_custom_heading text=\u00a0\u00bbService Consulting\u00a0\u00bb font_container=\u00a0\u00bbtag:h1|font_size:4rem|text_align:center|color:%23ffffff\u00a0\u00bb use_theme_fonts=\u00a0\u00bbyes\u00a0\u00bb css_animation=\u00a0\u00bbnone\u00a0\u00bb el_class=\u00a0\u00bbresp-heading\u00a0\u00bb][\/vc_column][\/vc_row][\/vc_section][vc_section full_width=\u00a0\u00bbstretch_row\u00a0\u00bb el_id=\u00a0\u00bboverview\u00a0\u00bb el_class=\u00a0\u00bbgradient2&Prime; css=\u00a0\u00bb.vc_custom_1558693750428{padding-top: 60px !important;padding-bottom: 30px !important;}\u00a0\u00bb][vc_row][vc_column css_animation=\u00a0\u00bbfadeIn\u00a0\u00bb width=\u00a0\u00bb1\/6&Prime; el_class=\u00a0\u00bbdelay-1&Prime;][\/vc_column][vc_column css_animation=\u00a0\u00bbnone\u00a0\u00bb width=\u00a0\u00bb2\/3&Prime; el_class=\u00a0\u00bbdelay-2&Prime;][vc_custom_heading text=\u00a0\u00bbPourquoi s&rsquo;associer avec nous?\u00a0\u00bb font_container=\u00a0\u00bbtag:h3|text_align:center\u00a0\u00bb use_theme_fonts=\u00a0\u00bbyes\u00a0\u00bb css_animation=\u00a0\u00bbnone\u00a0\u00bb][vc_empty_space height=\u00a0\u00bb20px\u00a0\u00bb][vc_column_text]Nos services de [&hellip;]<\/p>\n","protected":false},"author":1,"featured_media":0,"parent":5089,"menu_order":0,"comment_status":"closed","ping_status":"closed","template":"","meta":{"content-type":"","_monsterinsights_skip_tracking":false,"_monsterinsights_sitenote_active":false,"_monsterinsights_sitenote_note":"","_monsterinsights_sitenote_category":0,"footnotes":""},"class_list":["post-5094","page","type-page","status-publish","hentry"],"yoast_head":"<!-- This site is optimized with the Yoast SEO plugin v22.1 - https:\/\/yoast.com\/wordpress\/plugins\/seo\/ -->\n<title>Service Consulting - Pourquoi s&#039;associer avec nous ? - Brams<\/title>\n<meta name=\"description\" content=\"Service Consulting : Nos services de conseil se concentrent sur les probl\u00e8mes et les opportunit\u00e9s les plus critiques de nos clients : strat\u00e9gie ...\" \/>\n<meta name=\"robots\" content=\"index, follow, max-snippet:-1, max-image-preview:large, max-video-preview:-1\" \/>\n<link rel=\"canonical\" href=\"https:\/\/www.brams.com\/fr\/services\/service-consulting\/\" \/>\n<meta property=\"og:locale\" content=\"fr_FR\" \/>\n<meta property=\"og:type\" content=\"article\" \/>\n<meta property=\"og:title\" content=\"Service Consulting - Pourquoi s&#039;associer avec nous ? - Brams\" \/>\n<meta property=\"og:description\" content=\"Service Consulting : Nos services de conseil se concentrent sur les probl\u00e8mes et les opportunit\u00e9s les plus critiques de nos clients : strat\u00e9gie ...\" \/>\n<meta property=\"og:url\" content=\"https:\/\/www.brams.com\/fr\/services\/service-consulting\/\" \/>\n<meta property=\"og:site_name\" content=\"Brams\" \/>\n<meta property=\"article:modified_time\" content=\"2021-06-02T13:15:54+00:00\" \/>\n<meta property=\"og:image\" content=\"https:\/\/www.brams.com\/wp-content\/uploads\/2019\/11\/PICTO-BRAMS.png\" \/>\n\t<meta property=\"og:image:width\" content=\"218\" \/>\n\t<meta property=\"og:image:height\" content=\"218\" \/>\n\t<meta property=\"og:image:type\" content=\"image\/png\" \/>\n<meta name=\"twitter:card\" content=\"summary_large_image\" \/>\n<meta name=\"twitter:site\" content=\"@bramsfz\" \/>\n<meta name=\"twitter:label1\" content=\"Dur\u00e9e de lecture estim\u00e9e\" \/>\n\t<meta name=\"twitter:data1\" content=\"2 minutes\" \/>\n<script type=\"application\/ld+json\" class=\"yoast-schema-graph\">{\"@context\":\"https:\/\/schema.org\",\"@graph\":[{\"@type\":\"WebPage\",\"@id\":\"https:\/\/www.brams.com\/fr\/services\/service-consulting\/\",\"url\":\"https:\/\/www.brams.com\/fr\/services\/service-consulting\/\",\"name\":\"Service Consulting - Pourquoi s'associer avec nous ? - Brams\",\"isPartOf\":{\"@id\":\"https:\/\/www.brams.com\/#website\"},\"datePublished\":\"2019-05-13T19:20:04+00:00\",\"dateModified\":\"2021-06-02T13:15:54+00:00\",\"description\":\"Service Consulting : Nos services de conseil se concentrent sur les probl\u00e8mes et les opportunit\u00e9s les plus critiques de nos clients : strat\u00e9gie ...\",\"breadcrumb\":{\"@id\":\"https:\/\/www.brams.com\/fr\/services\/service-consulting\/#breadcrumb\"},\"inLanguage\":\"fr-FR\",\"potentialAction\":[{\"@type\":\"ReadAction\",\"target\":[\"https:\/\/www.brams.com\/fr\/services\/service-consulting\/\"]}]},{\"@type\":\"BreadcrumbList\",\"@id\":\"https:\/\/www.brams.com\/fr\/services\/service-consulting\/#breadcrumb\",\"itemListElement\":[{\"@type\":\"ListItem\",\"position\":1,\"name\":\"Home\",\"item\":\"https:\/\/www.brams.com\/fr\/\"},{\"@type\":\"ListItem\",\"position\":2,\"name\":\"Services\",\"item\":\"https:\/\/www.brams.com\/fr\/services\/\"},{\"@type\":\"ListItem\",\"position\":3,\"name\":\"Service Consulting\"}]},{\"@type\":\"WebSite\",\"@id\":\"https:\/\/www.brams.com\/#website\",\"url\":\"https:\/\/www.brams.com\/\",\"name\":\"Brams\",\"description\":\"A world-leading cloud specialist with over 19 years of experience.\",\"publisher\":{\"@id\":\"https:\/\/www.brams.com\/#organization\"},\"potentialAction\":[{\"@type\":\"SearchAction\",\"target\":{\"@type\":\"EntryPoint\",\"urlTemplate\":\"https:\/\/www.brams.com\/?s={search_term_string}\"},\"query-input\":\"required name=search_term_string\"}],\"inLanguage\":\"fr-FR\"},{\"@type\":\"Organization\",\"@id\":\"https:\/\/www.brams.com\/#organization\",\"name\":\"Brams\",\"url\":\"https:\/\/www.brams.com\/\",\"logo\":{\"@type\":\"ImageObject\",\"inLanguage\":\"fr-FR\",\"@id\":\"https:\/\/www.brams.com\/#\/schema\/logo\/image\/\",\"url\":\"https:\/\/www.brams.com\/wp-content\/uploads\/2019\/12\/brams-logo.jpg\",\"contentUrl\":\"https:\/\/www.brams.com\/wp-content\/uploads\/2019\/12\/brams-logo.jpg\",\"width\":400,\"height\":108,\"caption\":\"Brams\"},\"image\":{\"@id\":\"https:\/\/www.brams.com\/#\/schema\/logo\/image\/\"},\"sameAs\":[\"https:\/\/twitter.com\/bramsfz\",\"https:\/\/www.linkedin.com\/company\/brams-technologies\/\"]}]}<\/script>\n<!-- \/ Yoast SEO plugin. -->","yoast_head_json":{"title":"Service Consulting - Pourquoi s'associer avec nous ? - Brams","description":"Service Consulting : Nos services de conseil se concentrent sur les probl\u00e8mes et les opportunit\u00e9s les plus critiques de nos clients : strat\u00e9gie ...","robots":{"index":"index","follow":"follow","max-snippet":"max-snippet:-1","max-image-preview":"max-image-preview:large","max-video-preview":"max-video-preview:-1"},"canonical":"https:\/\/www.brams.com\/fr\/services\/service-consulting\/","og_locale":"fr_FR","og_type":"article","og_title":"Service Consulting - Pourquoi s'associer avec nous ? - Brams","og_description":"Service Consulting : Nos services de conseil se concentrent sur les probl\u00e8mes et les opportunit\u00e9s les plus critiques de nos clients : strat\u00e9gie ...","og_url":"https:\/\/www.brams.com\/fr\/services\/service-consulting\/","og_site_name":"Brams","article_modified_time":"2021-06-02T13:15:54+00:00","og_image":[{"width":218,"height":218,"url":"https:\/\/www.brams.com\/wp-content\/uploads\/2019\/11\/PICTO-BRAMS.png","type":"image\/png"}],"twitter_card":"summary_large_image","twitter_site":"@bramsfz","twitter_misc":{"Dur\u00e9e de lecture estim\u00e9e":"2 minutes"},"schema":{"@context":"https:\/\/schema.org","@graph":[{"@type":"WebPage","@id":"https:\/\/www.brams.com\/fr\/services\/service-consulting\/","url":"https:\/\/www.brams.com\/fr\/services\/service-consulting\/","name":"Service Consulting - Pourquoi s'associer avec nous ? - Brams","isPartOf":{"@id":"https:\/\/www.brams.com\/#website"},"datePublished":"2019-05-13T19:20:04+00:00","dateModified":"2021-06-02T13:15:54+00:00","description":"Service Consulting : Nos services de conseil se concentrent sur les probl\u00e8mes et les opportunit\u00e9s les plus critiques de nos clients : strat\u00e9gie ...","breadcrumb":{"@id":"https:\/\/www.brams.com\/fr\/services\/service-consulting\/#breadcrumb"},"inLanguage":"fr-FR","potentialAction":[{"@type":"ReadAction","target":["https:\/\/www.brams.com\/fr\/services\/service-consulting\/"]}]},{"@type":"BreadcrumbList","@id":"https:\/\/www.brams.com\/fr\/services\/service-consulting\/#breadcrumb","itemListElement":[{"@type":"ListItem","position":1,"name":"Home","item":"https:\/\/www.brams.com\/fr\/"},{"@type":"ListItem","position":2,"name":"Services","item":"https:\/\/www.brams.com\/fr\/services\/"},{"@type":"ListItem","position":3,"name":"Service Consulting"}]},{"@type":"WebSite","@id":"https:\/\/www.brams.com\/#website","url":"https:\/\/www.brams.com\/","name":"Brams","description":"A world-leading cloud specialist with over 19 years of experience.","publisher":{"@id":"https:\/\/www.brams.com\/#organization"},"potentialAction":[{"@type":"SearchAction","target":{"@type":"EntryPoint","urlTemplate":"https:\/\/www.brams.com\/?s={search_term_string}"},"query-input":"required name=search_term_string"}],"inLanguage":"fr-FR"},{"@type":"Organization","@id":"https:\/\/www.brams.com\/#organization","name":"Brams","url":"https:\/\/www.brams.com\/","logo":{"@type":"ImageObject","inLanguage":"fr-FR","@id":"https:\/\/www.brams.com\/#\/schema\/logo\/image\/","url":"https:\/\/www.brams.com\/wp-content\/uploads\/2019\/12\/brams-logo.jpg","contentUrl":"https:\/\/www.brams.com\/wp-content\/uploads\/2019\/12\/brams-logo.jpg","width":400,"height":108,"caption":"Brams"},"image":{"@id":"https:\/\/www.brams.com\/#\/schema\/logo\/image\/"},"sameAs":["https:\/\/twitter.com\/bramsfz","https:\/\/www.linkedin.com\/company\/brams-technologies\/"]}]}},"_links":{"self":[{"href":"https:\/\/www.brams.com\/fr\/wp-json\/wp\/v2\/pages\/5094","targetHints":{"allow":["GET"]}}],"collection":[{"href":"https:\/\/www.brams.com\/fr\/wp-json\/wp\/v2\/pages"}],"about":[{"href":"https:\/\/www.brams.com\/fr\/wp-json\/wp\/v2\/types\/page"}],"author":[{"embeddable":true,"href":"https:\/\/www.brams.com\/fr\/wp-json\/wp\/v2\/users\/1"}],"replies":[{"embeddable":true,"href":"https:\/\/www.brams.com\/fr\/wp-json\/wp\/v2\/comments?post=5094"}],"version-history":[{"count":2,"href":"https:\/\/www.brams.com\/fr\/wp-json\/wp\/v2\/pages\/5094\/revisions"}],"predecessor-version":[{"id":9650,"href":"https:\/\/www.brams.com\/fr\/wp-json\/wp\/v2\/pages\/5094\/revisions\/9650"}],"up":[{"embeddable":true,"href":"https:\/\/www.brams.com\/fr\/wp-json\/wp\/v2\/pages\/5089"}],"wp:attachment":[{"href":"https:\/\/www.brams.com\/fr\/wp-json\/wp\/v2\/media?parent=5094"}],"curies":[{"name":"wp","href":"https:\/\/api.w.org\/{rel}","templated":true}]}}