{"id":5084,"date":"2019-05-13T13:24:22","date_gmt":"2019-05-13T13:24:22","guid":{"rendered":"https:\/\/brams.com\/solutions\/data-analytics\/"},"modified":"2021-06-02T13:14:00","modified_gmt":"2021-06-02T13:14:00","slug":"analyse-des-donnees","status":"publish","type":"page","link":"https:\/\/www.brams.com\/fr\/solutions\/analyse-des-donnees\/","title":{"rendered":"Analyse des donn\u00e9es"},"content":{"rendered":"<div class=\"wpb-content-wrapper\"><p>[vc_section full_width=\u00a0\u00bbstretch_row\u00a0\u00bb css_animation=\u00a0\u00bbnone\u00a0\u00bb css=\u00a0\u00bb.vc_custom_1622036599921{padding-top: 15% !important;padding-bottom: 15% !important;background: rgba(0,0,0,0.39) url(https:\/\/www.brams.com\/wp-content\/uploads\/2019\/10\/analyse-des-donn\u00e9es.jpeg?id=4687) !important;background-position: center !important;background-repeat: no-repeat !important;background-size: cover !important;*background-color: rgb(0,0,0) !important;}\u00a0\u00bb el_class=\u00a0\u00bbtext-white mask\u00a0\u00bb][vc_row full_width=\u00a0\u00bbstretch_row\u00a0\u00bb css_animation=\u00a0\u00bbnone\u00a0\u00bb][vc_column][vc_custom_heading text=\u00a0\u00bbSOLUTIONS\u00a0\u00bb font_container=\u00a0\u00bbtag:div|font_size:1.5rem|text_align:center\u00a0\u00bb use_theme_fonts=\u00a0\u00bbyes\u00a0\u00bb css_animation=\u00a0\u00bbnone\u00a0\u00bb el_class=\u00a0\u00bbfont-weight-300&Prime;][vc_custom_heading text=\u00a0\u00bbAnalyse des donn\u00e9es\u00a0\u00bb font_container=\u00a0\u00bbtag:h1|font_size:4rem|text_align:center|color:%23ffffff\u00a0\u00bb use_theme_fonts=\u00a0\u00bbyes\u00a0\u00bb css_animation=\u00a0\u00bbnone\u00a0\u00bb el_class=\u00a0\u00bbresp-heading\u00a0\u00bb][vc_empty_space height=\u00a0\u00bb20px\u00a0\u00bb][\/vc_column][\/vc_row][vc_row][vc_column width=\u00a0\u00bb1\/4&Prime;][\/vc_column][vc_column width=\u00a0\u00bb1\/2&Prime;][vc_column_text el_class=\u00a0\u00bbtext-center\u00a0\u00bb css=\u00a0\u00bb.vc_custom_1573830313786{padding-top: 10px !important;padding-right: 10px !important;padding-bottom: 10px !important;padding-left: 10px !important;background-color: rgba(35,35,35,0.65) !important;*background-color: rgb(35,35,35) !important;}\u00a0\u00bb]Nous travaillons en \u00e9troite collaboration avec nos clients pour cr\u00e9er des solutions sur mesure qui int\u00e8grent l&rsquo;analyse de donn\u00e9es afin de promouvoir une meilleure prise de d\u00e9cision s&rsquo;appuyant sur des donn\u00e9es en temps r\u00e9el.[\/vc_column_text][\/vc_column][vc_column width=\u00a0\u00bb1\/4&Prime;][\/vc_column][\/vc_row][\/vc_section][vc_section full_width=\u00a0\u00bbstretch_row\u00a0\u00bb css_animation=\u00a0\u00bbnone\u00a0\u00bb css=\u00a0\u00bb.vc_custom_1558355111557{padding-top: 60px !important;padding-bottom: 80px !important;}\u00a0\u00bb el_id=\u00a0\u00bboverview\u00a0\u00bb el_class=\u00a0\u00bbgradient2&Prime;][vc_row][vc_column width=\u00a0\u00bb1\/6&Prime;][\/vc_column][vc_column width=\u00a0\u00bb2\/3&Prime;][vc_custom_heading text=\u00a0\u00bbPourquoi l&rsquo;Analyse des donn\u00e9es est-elle cruciale pour votre entreprise?\u00a0\u00bb font_container=\u00a0\u00bbtag:h3|text_align:center\u00a0\u00bb use_theme_fonts=\u00a0\u00bbyes\u00a0\u00bb][vc_empty_space height=\u00a0\u00bb20px\u00a0\u00bb][vc_column_text]<\/p>\n<p style=\"text-align: center;\">L&rsquo;analyse de donn\u00e9es , au c\u0153ur des op\u00e9rations commerciales, fournit aux entreprises les informations dont elles ont besoin pour prendre des d\u00e9cisions cl\u00e9s. L&rsquo;acc\u00e8s \u00e0 une telle quantit\u00e9 de donn\u00e9es peut \u00eatre compliqu\u00e9, mais cela est \u00e9galement un moyen pertinent de d\u00e9gager les tendances d&rsquo;achat, les pr\u00e9f\u00e9rences des clients, le comportement des utilisateurs et d&rsquo;autres informations essentielles. \u00c0 l&rsquo;aide d&rsquo;outils et de m\u00e9thodologies verticalis\u00e9es, nous aidons nos clients \u00e0 d\u00e9chiffrer leurs donn\u00e9es pour favoriser une prise de d\u00e9cision intelligente reposant sur des donn\u00e9es en temps r\u00e9el.<\/p>\n<p>[\/vc_column_text][\/vc_column][vc_column width=\u00a0\u00bb1\/6&Prime;][\/vc_column][\/vc_row][\/vc_section][vc_section full_width=\u00a0\u00bbstretch_row\u00a0\u00bb css_animation=\u00a0\u00bbnone\u00a0\u00bb css=\u00a0\u00bb.vc_custom_1558355153367{margin-bottom: 1px !important;padding-top: 60px !important;padding-bottom: 30px !important;}\u00a0\u00bb el_id=\u00a0\u00bbsolutions\u00a0\u00bb el_class=\u00a0\u00bbgradient3&Prime;][vc_row][vc_column]<ul class=\"iconlist iconlist iconlist-icon-small columns-3 gap-50\"><li><div ><div class=\"iconlist-item-icon\"><i class=\"fa fa-podcast\"><\/i><\/div><div class=\"iconlist-item-content\"><h5>Deeplinq Insight Engine<\/h5><p>\u00c0 l&rsquo;aide de l&rsquo;intelligence artificielle, le moteur Deeplinq Insight aide nos clients \u00e0 optimiser tout le potentiel des informations qu&rsquo;ils stockent et g\u00e8rent. Les informations de nos clients sont plus accessibles, rep\u00e9rables et intelligentes.<\/div><\/div><\/li><li><div ><div class=\"iconlist-item-icon\"><i class=\"fa fa-power-off\"><\/i><\/div><div class=\"iconlist-item-content\"><h5>Analyses Pr\u00e9dictives<\/h5><p>Gr\u00e2ce au Big Data et au machine learning, nos pratiques d\u2019analyse pr\u00e9dictive aide les entreprises \u00e0 d\u00e9verrouiller les \u00abconnaissances cach\u00e9es\u00bb n\u00e9cessaires \u00e0 une prise de d\u00e9cision et \u00e0 une optimisation efficaces.<\/div><\/div><\/li><li><div ><div class=\"iconlist-item-icon\"><i class=\"fa fa-headphones\"><\/i><\/div><div class=\"iconlist-item-content\"><h5>Maintenance Pr\u00e9dictive<\/h5><p>Nos pratiques d\u2019analyse pr\u00e9dictive att\u00e9nuent les risques li\u00e9s au projet et r\u00e9duisent les co\u00fbts en identifiant les d\u00e9faillances \u00e0 l\u2019avance afin que vous puissiez prendre les mesures qui s\u2019imposent pour \u00e9viter toute maintenance non planifi\u00e9e et temps mort.<\/div><\/div><\/li><\/ul>[vc_row_inner][vc_column_inner width=\u00a0\u00bb1\/6&Prime;][\/vc_column_inner][vc_column_inner width=\u00a0\u00bb2\/3&Prime;][vc_separator el_width=\u00a0\u00bb70&Prime;][vc_empty_space height=\u00a0\u00bb40px\u00a0\u00bb][vc_btn title=\u00a0\u00bbContactez-nous\u00a0\u00bb style=\u00a0\u00bbcustom\u00a0\u00bb custom_background=\u00a0\u00bb#4472c4&Prime; custom_text=\u00a0\u00bb#ffffff\u00a0\u00bb size=\u00a0\u00bblg\u00a0\u00bb align=\u00a0\u00bbcenter\u00a0\u00bb link=\u00a0\u00bburl:https%3A%2F%2Fwww.brams.com%2Fenquiry%2F|title:Solutions%20%26%20Services%20Enquiry||\u00a0\u00bb][\/vc_column_inner][vc_column_inner width=\u00a0\u00bb1\/6&Prime;][\/vc_column_inner][\/vc_row_inner][\/vc_column][\/vc_row][\/vc_section]<\/p>\n<\/div>","protected":false},"excerpt":{"rendered":"<p>[vc_section full_width=\u00a0\u00bbstretch_row\u00a0\u00bb css_animation=\u00a0\u00bbnone\u00a0\u00bb css=\u00a0\u00bb.vc_custom_1622036599921{padding-top: 15% !important;padding-bottom: 15% !important;background: rgba(0,0,0,0.39) url(https:\/\/www.brams.com\/wp-content\/uploads\/2019\/10\/analyse-des-donn\u00e9es.jpeg?id=4687) !important;background-position: center !important;background-repeat: no-repeat !important;background-size: cover !important;*background-color: rgb(0,0,0) !important;}\u00a0\u00bb el_class=\u00a0\u00bbtext-white mask\u00a0\u00bb][vc_row full_width=\u00a0\u00bbstretch_row\u00a0\u00bb css_animation=\u00a0\u00bbnone\u00a0\u00bb][vc_column][vc_custom_heading text=\u00a0\u00bbSOLUTIONS\u00a0\u00bb font_container=\u00a0\u00bbtag:div|font_size:1.5rem|text_align:center\u00a0\u00bb use_theme_fonts=\u00a0\u00bbyes\u00a0\u00bb css_animation=\u00a0\u00bbnone\u00a0\u00bb el_class=\u00a0\u00bbfont-weight-300&Prime;][vc_custom_heading text=\u00a0\u00bbAnalyse des donn\u00e9es\u00a0\u00bb font_container=\u00a0\u00bbtag:h1|font_size:4rem|text_align:center|color:%23ffffff\u00a0\u00bb use_theme_fonts=\u00a0\u00bbyes\u00a0\u00bb css_animation=\u00a0\u00bbnone\u00a0\u00bb el_class=\u00a0\u00bbresp-heading\u00a0\u00bb][vc_empty_space height=\u00a0\u00bb20px\u00a0\u00bb][\/vc_column][\/vc_row][vc_row][vc_column width=\u00a0\u00bb1\/4&Prime;][\/vc_column][vc_column width=\u00a0\u00bb1\/2&Prime;][vc_column_text el_class=\u00a0\u00bbtext-center\u00a0\u00bb css=\u00a0\u00bb.vc_custom_1573830313786{padding-top: 10px !important;padding-right: 10px !important;padding-bottom: 10px !important;padding-left: 10px !important;background-color: rgba(35,35,35,0.65) !important;*background-color: rgb(35,35,35) !important;}\u00a0\u00bb]Nous travaillons en \u00e9troite [&hellip;]<\/p>\n","protected":false},"author":1,"featured_media":0,"parent":5063,"menu_order":40,"comment_status":"closed","ping_status":"closed","template":"","meta":{"content-type":"","_monsterinsights_skip_tracking":false,"_monsterinsights_sitenote_active":false,"_monsterinsights_sitenote_note":"","_monsterinsights_sitenote_category":0,"footnotes":""},"class_list":["post-5084","page","type-page","status-publish","hentry"],"yoast_head":"<!-- This site is optimized with the Yoast SEO plugin v22.1 - https:\/\/yoast.com\/wordpress\/plugins\/seo\/ -->\n<title>Analyse des donn\u00e9es, Pourquoi est-elle cruciale pour votre entreprise ?<\/title>\n<meta name=\"description\" content=\"L\u2019analyse de donn\u00e9es , au c\u0153ur des op\u00e9rations commerciales, fournit aux entreprises les informations dont elles ont besoin pour prendre des d\u00e9cisions cl\u00e9s.\" \/>\n<meta name=\"robots\" content=\"index, follow, max-snippet:-1, max-image-preview:large, max-video-preview:-1\" \/>\n<link rel=\"canonical\" href=\"https:\/\/www.brams.com\/fr\/solutions\/analyse-des-donnees\/\" \/>\n<meta property=\"og:locale\" content=\"fr_FR\" \/>\n<meta property=\"og:type\" content=\"article\" \/>\n<meta property=\"og:title\" content=\"Analyse des donn\u00e9es, Pourquoi est-elle cruciale pour votre entreprise ?\" \/>\n<meta property=\"og:description\" content=\"L\u2019analyse de donn\u00e9es , au c\u0153ur des op\u00e9rations commerciales, fournit aux entreprises les informations dont elles ont besoin pour prendre des d\u00e9cisions cl\u00e9s.\" \/>\n<meta property=\"og:url\" content=\"https:\/\/www.brams.com\/fr\/solutions\/analyse-des-donnees\/\" \/>\n<meta property=\"og:site_name\" content=\"Brams\" \/>\n<meta property=\"article:modified_time\" content=\"2021-06-02T13:14:00+00:00\" \/>\n<meta property=\"og:image\" content=\"https:\/\/www.brams.com\/wp-content\/uploads\/2019\/11\/PICTO-BRAMS.png\" \/>\n\t<meta property=\"og:image:width\" content=\"218\" \/>\n\t<meta property=\"og:image:height\" content=\"218\" \/>\n\t<meta property=\"og:image:type\" content=\"image\/png\" \/>\n<meta name=\"twitter:card\" content=\"summary_large_image\" \/>\n<meta name=\"twitter:site\" content=\"@bramsfz\" \/>\n<meta name=\"twitter:label1\" content=\"Dur\u00e9e de lecture estim\u00e9e\" \/>\n\t<meta name=\"twitter:data1\" content=\"2 minutes\" \/>\n<script type=\"application\/ld+json\" class=\"yoast-schema-graph\">{\"@context\":\"https:\/\/schema.org\",\"@graph\":[{\"@type\":\"WebPage\",\"@id\":\"https:\/\/www.brams.com\/fr\/solutions\/analyse-des-donnees\/\",\"url\":\"https:\/\/www.brams.com\/fr\/solutions\/analyse-des-donnees\/\",\"name\":\"Analyse des donn\u00e9es, Pourquoi est-elle cruciale pour votre entreprise ?\",\"isPartOf\":{\"@id\":\"https:\/\/www.brams.com\/#website\"},\"datePublished\":\"2019-05-13T13:24:22+00:00\",\"dateModified\":\"2021-06-02T13:14:00+00:00\",\"description\":\"L\u2019analyse de donn\u00e9es , au c\u0153ur des op\u00e9rations commerciales, fournit aux entreprises les informations dont elles ont besoin pour prendre des d\u00e9cisions cl\u00e9s.\",\"breadcrumb\":{\"@id\":\"https:\/\/www.brams.com\/fr\/solutions\/analyse-des-donnees\/#breadcrumb\"},\"inLanguage\":\"fr-FR\",\"potentialAction\":[{\"@type\":\"ReadAction\",\"target\":[\"https:\/\/www.brams.com\/fr\/solutions\/analyse-des-donnees\/\"]}]},{\"@type\":\"BreadcrumbList\",\"@id\":\"https:\/\/www.brams.com\/fr\/solutions\/analyse-des-donnees\/#breadcrumb\",\"itemListElement\":[{\"@type\":\"ListItem\",\"position\":1,\"name\":\"Home\",\"item\":\"https:\/\/www.brams.com\/fr\/\"},{\"@type\":\"ListItem\",\"position\":2,\"name\":\"Solutions\",\"item\":\"https:\/\/www.brams.com\/fr\/solutions\/\"},{\"@type\":\"ListItem\",\"position\":3,\"name\":\"Analyse des donn\u00e9es\"}]},{\"@type\":\"WebSite\",\"@id\":\"https:\/\/www.brams.com\/#website\",\"url\":\"https:\/\/www.brams.com\/\",\"name\":\"Brams\",\"description\":\"A world-leading cloud specialist with over 19 years of experience.\",\"publisher\":{\"@id\":\"https:\/\/www.brams.com\/#organization\"},\"potentialAction\":[{\"@type\":\"SearchAction\",\"target\":{\"@type\":\"EntryPoint\",\"urlTemplate\":\"https:\/\/www.brams.com\/?s={search_term_string}\"},\"query-input\":\"required name=search_term_string\"}],\"inLanguage\":\"fr-FR\"},{\"@type\":\"Organization\",\"@id\":\"https:\/\/www.brams.com\/#organization\",\"name\":\"Brams\",\"url\":\"https:\/\/www.brams.com\/\",\"logo\":{\"@type\":\"ImageObject\",\"inLanguage\":\"fr-FR\",\"@id\":\"https:\/\/www.brams.com\/#\/schema\/logo\/image\/\",\"url\":\"https:\/\/www.brams.com\/wp-content\/uploads\/2019\/12\/brams-logo.jpg\",\"contentUrl\":\"https:\/\/www.brams.com\/wp-content\/uploads\/2019\/12\/brams-logo.jpg\",\"width\":400,\"height\":108,\"caption\":\"Brams\"},\"image\":{\"@id\":\"https:\/\/www.brams.com\/#\/schema\/logo\/image\/\"},\"sameAs\":[\"https:\/\/twitter.com\/bramsfz\",\"https:\/\/www.linkedin.com\/company\/brams-technologies\/\"]}]}<\/script>\n<!-- \/ Yoast SEO plugin. -->","yoast_head_json":{"title":"Analyse des donn\u00e9es, Pourquoi est-elle cruciale pour votre entreprise ?","description":"L\u2019analyse de donn\u00e9es , au c\u0153ur des op\u00e9rations commerciales, fournit aux entreprises les informations dont elles ont besoin pour prendre des d\u00e9cisions cl\u00e9s.","robots":{"index":"index","follow":"follow","max-snippet":"max-snippet:-1","max-image-preview":"max-image-preview:large","max-video-preview":"max-video-preview:-1"},"canonical":"https:\/\/www.brams.com\/fr\/solutions\/analyse-des-donnees\/","og_locale":"fr_FR","og_type":"article","og_title":"Analyse des donn\u00e9es, Pourquoi est-elle cruciale pour votre entreprise ?","og_description":"L\u2019analyse de donn\u00e9es , au c\u0153ur des op\u00e9rations commerciales, fournit aux entreprises les informations dont elles ont besoin pour prendre des d\u00e9cisions cl\u00e9s.","og_url":"https:\/\/www.brams.com\/fr\/solutions\/analyse-des-donnees\/","og_site_name":"Brams","article_modified_time":"2021-06-02T13:14:00+00:00","og_image":[{"width":218,"height":218,"url":"https:\/\/www.brams.com\/wp-content\/uploads\/2019\/11\/PICTO-BRAMS.png","type":"image\/png"}],"twitter_card":"summary_large_image","twitter_site":"@bramsfz","twitter_misc":{"Dur\u00e9e de lecture estim\u00e9e":"2 minutes"},"schema":{"@context":"https:\/\/schema.org","@graph":[{"@type":"WebPage","@id":"https:\/\/www.brams.com\/fr\/solutions\/analyse-des-donnees\/","url":"https:\/\/www.brams.com\/fr\/solutions\/analyse-des-donnees\/","name":"Analyse des donn\u00e9es, Pourquoi est-elle cruciale pour votre entreprise ?","isPartOf":{"@id":"https:\/\/www.brams.com\/#website"},"datePublished":"2019-05-13T13:24:22+00:00","dateModified":"2021-06-02T13:14:00+00:00","description":"L\u2019analyse de donn\u00e9es , au c\u0153ur des op\u00e9rations commerciales, fournit aux entreprises les informations dont elles ont besoin pour prendre des d\u00e9cisions cl\u00e9s.","breadcrumb":{"@id":"https:\/\/www.brams.com\/fr\/solutions\/analyse-des-donnees\/#breadcrumb"},"inLanguage":"fr-FR","potentialAction":[{"@type":"ReadAction","target":["https:\/\/www.brams.com\/fr\/solutions\/analyse-des-donnees\/"]}]},{"@type":"BreadcrumbList","@id":"https:\/\/www.brams.com\/fr\/solutions\/analyse-des-donnees\/#breadcrumb","itemListElement":[{"@type":"ListItem","position":1,"name":"Home","item":"https:\/\/www.brams.com\/fr\/"},{"@type":"ListItem","position":2,"name":"Solutions","item":"https:\/\/www.brams.com\/fr\/solutions\/"},{"@type":"ListItem","position":3,"name":"Analyse des donn\u00e9es"}]},{"@type":"WebSite","@id":"https:\/\/www.brams.com\/#website","url":"https:\/\/www.brams.com\/","name":"Brams","description":"A world-leading cloud specialist with over 19 years of experience.","publisher":{"@id":"https:\/\/www.brams.com\/#organization"},"potentialAction":[{"@type":"SearchAction","target":{"@type":"EntryPoint","urlTemplate":"https:\/\/www.brams.com\/?s={search_term_string}"},"query-input":"required name=search_term_string"}],"inLanguage":"fr-FR"},{"@type":"Organization","@id":"https:\/\/www.brams.com\/#organization","name":"Brams","url":"https:\/\/www.brams.com\/","logo":{"@type":"ImageObject","inLanguage":"fr-FR","@id":"https:\/\/www.brams.com\/#\/schema\/logo\/image\/","url":"https:\/\/www.brams.com\/wp-content\/uploads\/2019\/12\/brams-logo.jpg","contentUrl":"https:\/\/www.brams.com\/wp-content\/uploads\/2019\/12\/brams-logo.jpg","width":400,"height":108,"caption":"Brams"},"image":{"@id":"https:\/\/www.brams.com\/#\/schema\/logo\/image\/"},"sameAs":["https:\/\/twitter.com\/bramsfz","https:\/\/www.linkedin.com\/company\/brams-technologies\/"]}]}},"_links":{"self":[{"href":"https:\/\/www.brams.com\/fr\/wp-json\/wp\/v2\/pages\/5084","targetHints":{"allow":["GET"]}}],"collection":[{"href":"https:\/\/www.brams.com\/fr\/wp-json\/wp\/v2\/pages"}],"about":[{"href":"https:\/\/www.brams.com\/fr\/wp-json\/wp\/v2\/types\/page"}],"author":[{"embeddable":true,"href":"https:\/\/www.brams.com\/fr\/wp-json\/wp\/v2\/users\/1"}],"replies":[{"embeddable":true,"href":"https:\/\/www.brams.com\/fr\/wp-json\/wp\/v2\/comments?post=5084"}],"version-history":[{"count":3,"href":"https:\/\/www.brams.com\/fr\/wp-json\/wp\/v2\/pages\/5084\/revisions"}],"predecessor-version":[{"id":5086,"href":"https:\/\/www.brams.com\/fr\/wp-json\/wp\/v2\/pages\/5084\/revisions\/5086"}],"up":[{"embeddable":true,"href":"https:\/\/www.brams.com\/fr\/wp-json\/wp\/v2\/pages\/5063"}],"wp:attachment":[{"href":"https:\/\/www.brams.com\/fr\/wp-json\/wp\/v2\/media?parent=5084"}],"curies":[{"name":"wp","href":"https:\/\/api.w.org\/{rel}","templated":true}]}}