{"id":5080,"date":"2019-05-13T13:09:10","date_gmt":"2019-05-13T13:09:10","guid":{"rendered":"https:\/\/brams.com\/solutions\/digital-customer-experience\/"},"modified":"2021-06-02T13:12:22","modified_gmt":"2021-06-02T13:12:22","slug":"experience-client-digitale","status":"publish","type":"page","link":"https:\/\/www.brams.com\/fr\/solutions\/experience-client-digitale\/","title":{"rendered":"Exp\u00e9rience Client Digitale"},"content":{"rendered":"<div class=\"wpb-content-wrapper\"><p>[vc_section full_width=\u00a0\u00bbstretch_row\u00a0\u00bb css_animation=\u00a0\u00bbnone\u00a0\u00bb css=\u00a0\u00bb.vc_custom_1622036438666{padding-top: 15% !important;padding-bottom: 15% !important;background: rgba(0,0,0,0.38) url(https:\/\/www.brams.com\/wp-content\/uploads\/2019\/10\/digital-customer-experience.png?id=4691) !important;background-position: center !important;background-repeat: no-repeat !important;background-size: cover !important;*background-color: rgb(0,0,0) !important;}\u00a0\u00bb el_class=\u00a0\u00bbtext-white mask\u00a0\u00bb][vc_row full_width=\u00a0\u00bbstretch_row\u00a0\u00bb css_animation=\u00a0\u00bbnone\u00a0\u00bb][vc_column][vc_custom_heading text=\u00a0\u00bbSOLUTIONS\u00a0\u00bb font_container=\u00a0\u00bbtag:div|font_size:1.5rem|text_align:center\u00a0\u00bb use_theme_fonts=\u00a0\u00bbyes\u00a0\u00bb css_animation=\u00a0\u00bbnone\u00a0\u00bb el_class=\u00a0\u00bbfont-weight-300&Prime;][vc_custom_heading text=\u00a0\u00bbExp\u00e9rience Client Digitale\u00a0\u00bb font_container=\u00a0\u00bbtag:h1|font_size:4rem|text_align:center|color:%23ffffff\u00a0\u00bb use_theme_fonts=\u00a0\u00bbyes\u00a0\u00bb css_animation=\u00a0\u00bbnone\u00a0\u00bb el_class=\u00a0\u00bbresp-heading\u00a0\u00bb][vc_empty_space height=\u00a0\u00bb20px\u00a0\u00bb][\/vc_column][\/vc_row][vc_row][vc_column width=\u00a0\u00bb1\/4&Prime;][\/vc_column][vc_column width=\u00a0\u00bb1\/2&Prime;][vc_column_text el_class=\u00a0\u00bbtext-center\u00a0\u00bb css=\u00a0\u00bb.vc_custom_1573830186302{padding-top: 10px !important;padding-right: 10px !important;padding-bottom: 10px !important;padding-left: 10px !important;background-color: rgba(35,35,35,0.7) !important;*background-color: rgb(35,35,35) !important;}\u00a0\u00bb]Nos sp\u00e9cialistes du num\u00e9rique aident nos clients \u00e0 r\u00e9fl\u00e9chir diff\u00e9remment \u00e0 leur approche d&rsquo;engagement client et \u00e0 d\u00e9terminer comment le digital s&rsquo;int\u00e8gre dans le parcours global du client.[\/vc_column_text][\/vc_column][vc_column width=\u00a0\u00bb1\/4&Prime;][\/vc_column][\/vc_row][\/vc_section][vc_section full_width=\u00a0\u00bbstretch_row\u00a0\u00bb css_animation=\u00a0\u00bbnone\u00a0\u00bb css=\u00a0\u00bb.vc_custom_1558354048596{padding-top: 60px !important;padding-bottom: 80px !important;}\u00a0\u00bb el_id=\u00a0\u00bboverview\u00a0\u00bb el_class=\u00a0\u00bbgradient2&Prime;][vc_row][vc_column width=\u00a0\u00bb1\/6&Prime;][\/vc_column][vc_column width=\u00a0\u00bb2\/3&Prime;][vc_custom_heading text=\u00a0\u00bbSi vous n&rsquo;adaptez pas votre exp\u00e9rience client, vos efforts seront inefficaces.\u00a0\u00bb font_container=\u00a0\u00bbtag:h3|text_align:center\u00a0\u00bb use_theme_fonts=\u00a0\u00bbyes\u00a0\u00bb][vc_empty_space height=\u00a0\u00bb20px\u00a0\u00bb][vc_column_text]De nos jours, il est pratiquement impossible de d\u00e9velopper son business sans infrastructure num\u00e9rique et la ligne de d\u00e9marcation entre le monde digital et reel diminue notamment avec l\u2019\u00e9mergence des outils bancaires mobiles, du service client virtuel et des exp\u00e9riences de vente en ligne faciles \u00e0 utiliser. Plus du tiers de la population mondiale utilise des smartphones, ce qui favorise l&rsquo;\u00e9mergence de clients \u00abuniquement mobiles\u00bb pr\u00e9f\u00e9rant les outils num\u00e9riques et mobiles.<\/p>\n<p>La promesse d\u2019une exp\u00e9rience client digitale(DX) efficace s\u00e9duit de nombreuses entreprises, mais tr\u00e8s peu savent comment en maximiser les avantages. Chez Brams, nos experts en digital vont mettre au d\u00e9fi la mani\u00e8re dont votre entreprise traite l&rsquo;engagement client et vous proposer les meilleurs pratiques pour maximiser le parcours de vos clients.<\/p>\n<p>Grace \u00e0 notre expertise d&rsquo;\u00e9valuation. Vous obtiendrez des recommandations judicieuses qui vous aideront \u00e0 en savoir plus sur vos clients afin de leur proposer ce qui est pertinent en fonction de leurs besoins.[\/vc_column_text][\/vc_column][vc_column width=\u00a0\u00bb1\/6&Prime;][\/vc_column][\/vc_row][\/vc_section][vc_section full_width=\u00a0\u00bbstretch_row\u00a0\u00bb css_animation=\u00a0\u00bbnone\u00a0\u00bb css=\u00a0\u00bb.vc_custom_1558354351685{padding-top: 60px !important;padding-bottom: 30px !important;}\u00a0\u00bb el_id=\u00a0\u00bbsolutions\u00a0\u00bb el_class=\u00a0\u00bbgradient3&Prime;][vc_row][vc_column]<ul class=\"iconlist iconlist iconlist-icon-small columns-3 gap-50\"><li><div ><div class=\"iconlist-item-icon\"><i class=\"fa fa-user-o\"><\/i><\/div><div class=\"iconlist-item-content\"><h5>Conseil en marketing num\u00e9rique et CX<\/h5><p>Nos consultants vont dans l&rsquo;esprit de votre audience digitale pour vous aider \u00e0 d\u00e9velopper une marque digitale forte et une meilleure notori\u00e9t\u00e9.<\/div><\/div><\/li><li><div ><div class=\"iconlist-item-icon\"><i class=\"fa fa-table\"><\/i><\/div><div class=\"iconlist-item-content\"><h5>Engagement client digital<\/h5><p>D\u00e9veloppez des exp\u00e9riences client multicanal en exploitant les capacit\u00e9s du num\u00e9rique pour renforcer la notori\u00e9t\u00e9 et la fid\u00e9lit\u00e9.<\/div><\/div><\/li><li><div ><div class=\"iconlist-item-icon\"><i class=\"fa fa-times\"><\/i><\/div><div class=\"iconlist-item-content\"><h5>Analyse client avanc\u00e9e<\/h5><p>CX Analytics vous permet d&rsquo;aller au-del\u00e0 des graphiques et des diagrammes pour faire les choses diff\u00e9remment, d\u00e9fendre les int\u00e9r\u00eats de vos clients et, au final, g\u00e9n\u00e9rer de meilleurs r\u00e9sultats commerciaux.<\/div><\/div><\/li><\/ul>[vc_row_inner][vc_column_inner width=\u00a0\u00bb1\/6&Prime;][\/vc_column_inner][vc_column_inner width=\u00a0\u00bb2\/3&Prime;][vc_separator el_width=\u00a0\u00bb70&Prime;][vc_empty_space height=\u00a0\u00bb40px\u00a0\u00bb][vc_btn title=\u00a0\u00bbContactez-nous\u00a0\u00bb style=\u00a0\u00bbcustom\u00a0\u00bb custom_background=\u00a0\u00bb#4472c4&Prime; custom_text=\u00a0\u00bb#ffffff\u00a0\u00bb size=\u00a0\u00bblg\u00a0\u00bb align=\u00a0\u00bbcenter\u00a0\u00bb link=\u00a0\u00bburl:https%3A%2F%2Fwww.brams.com%2Fenquiry%2F|title:Solutions%20%26%20Services%20Enquiry||\u00a0\u00bb][\/vc_column_inner][vc_column_inner width=\u00a0\u00bb1\/6&Prime;][\/vc_column_inner][\/vc_row_inner][\/vc_column][\/vc_row][\/vc_section][vc_section full_width=\u00a0\u00bbstretch_row\u00a0\u00bb css_animation=\u00a0\u00bbnone\u00a0\u00bb css=\u00a0\u00bb.vc_custom_1558354501265{padding-top: 60px !important;padding-bottom: 80px !important;}\u00a0\u00bb][vc_row][vc_column][vc_custom_heading text=\u00a0\u00bbSolutions Associ\u00e9es\u00a0\u00bb font_container=\u00a0\u00bbtag:h3|text_align:center\u00a0\u00bb use_theme_fonts=\u00a0\u00bbyes\u00a0\u00bb][vc_empty_space height=\u00a0\u00bb60px\u00a0\u00bb][\/vc_column][\/vc_row][vc_row][vc_column]<ul class=\"iconlist iconlist iconlist-icon-medium \"><li><div class=\"fadeIn delay-1  vc_custom_1622036472590\"><div class=\"iconlist-item-icon\"><\/div><div class=\"iconlist-item-content\"><h5>NetSuite<\/h5><p>NetSuite<br \/>Fournit une plate-forme globale et unifi\u00e9e, qui g\u00e8re des op\u00e9rations multinationales et multi-filiales \u00e0 un co\u00fbt nettement inf\u00e9rieur au co\u00fbt des solutions ERP traditionnelles sur site.<\/div><\/div><\/li><li><div class=\"fadeIn delay-2  vc_custom_1622036478169\"><div class=\"iconlist-item-icon\"><\/div><div class=\"iconlist-item-content\"><h5>NetSuite CRM+<\/h5><p>Fournit un flux d\u2019informations continu, tout au long du cycle de vie du client &#8211; depuis le prospect jusqu\u2019\u00e0 l\u2019opportunit\u00e9, la commande client, le traitement des commandes, le renouvellement, l&rsquo;Upsell, le corss-sell et le support.<\/div><\/div><\/li><li><div class=\"fadeIn delay-3  vc_custom_1622036483161\"><div class=\"iconlist-item-icon\"><\/div><div class=\"iconlist-item-content\"><h5>NetSuite Business Intelligence<\/h5><p>Fournit la puissance de tableaux de bord, de rapports et d\u2019analyses int\u00e9gr\u00e9s en temps r\u00e9el, pour tous les processus int\u00e9gr\u00e9s de la suite logicielle. En r\u00e9alisant de v\u00e9ritables informations \u00e0 valeur ajout\u00e9e, les utilisateurs professionnels b\u00e9n\u00e9ficient d&rsquo;une visibilit\u00e9 en temps r\u00e9el pour identifier les probl\u00e8mes et les opportunit\u00e9s.<\/div><\/div><\/li><\/ul>[vc_empty_space height=\u00a0\u00bb10px\u00a0\u00bb][\/vc_column][\/vc_row][\/vc_section]<\/p>\n<\/div>","protected":false},"excerpt":{"rendered":"<p>[vc_section full_width=\u00a0\u00bbstretch_row\u00a0\u00bb css_animation=\u00a0\u00bbnone\u00a0\u00bb css=\u00a0\u00bb.vc_custom_1622036438666{padding-top: 15% !important;padding-bottom: 15% !important;background: rgba(0,0,0,0.38) url(https:\/\/www.brams.com\/wp-content\/uploads\/2019\/10\/digital-customer-experience.png?id=4691) !important;background-position: center !important;background-repeat: no-repeat !important;background-size: cover !important;*background-color: rgb(0,0,0) !important;}\u00a0\u00bb el_class=\u00a0\u00bbtext-white mask\u00a0\u00bb][vc_row full_width=\u00a0\u00bbstretch_row\u00a0\u00bb css_animation=\u00a0\u00bbnone\u00a0\u00bb][vc_column][vc_custom_heading text=\u00a0\u00bbSOLUTIONS\u00a0\u00bb font_container=\u00a0\u00bbtag:div|font_size:1.5rem|text_align:center\u00a0\u00bb use_theme_fonts=\u00a0\u00bbyes\u00a0\u00bb css_animation=\u00a0\u00bbnone\u00a0\u00bb el_class=\u00a0\u00bbfont-weight-300&Prime;][vc_custom_heading text=\u00a0\u00bbExp\u00e9rience Client Digitale\u00a0\u00bb font_container=\u00a0\u00bbtag:h1|font_size:4rem|text_align:center|color:%23ffffff\u00a0\u00bb use_theme_fonts=\u00a0\u00bbyes\u00a0\u00bb css_animation=\u00a0\u00bbnone\u00a0\u00bb el_class=\u00a0\u00bbresp-heading\u00a0\u00bb][vc_empty_space height=\u00a0\u00bb20px\u00a0\u00bb][\/vc_column][\/vc_row][vc_row][vc_column width=\u00a0\u00bb1\/4&Prime;][\/vc_column][vc_column width=\u00a0\u00bb1\/2&Prime;][vc_column_text el_class=\u00a0\u00bbtext-center\u00a0\u00bb css=\u00a0\u00bb.vc_custom_1573830186302{padding-top: 10px !important;padding-right: 10px !important;padding-bottom: 10px !important;padding-left: 10px !important;background-color: rgba(35,35,35,0.7) !important;*background-color: rgb(35,35,35) !important;}\u00a0\u00bb]Nos sp\u00e9cialistes du num\u00e9rique [&hellip;]<\/p>\n","protected":false},"author":1,"featured_media":0,"parent":5063,"menu_order":30,"comment_status":"closed","ping_status":"closed","template":"","meta":{"content-type":"","_monsterinsights_skip_tracking":false,"_monsterinsights_sitenote_active":false,"_monsterinsights_sitenote_note":"","_monsterinsights_sitenote_category":0,"footnotes":""},"class_list":["post-5080","page","type-page","status-publish","hentry"],"yoast_head":"<!-- This site is optimized with the Yoast SEO plugin v22.1 - https:\/\/yoast.com\/wordpress\/plugins\/seo\/ -->\n<title>Exp\u00e9rience Client Digitale - Brams<\/title>\n<meta name=\"description\" content=\"Nos sp\u00e9cialistes du num\u00e9rique aident nos clients \u00e0 r\u00e9fl\u00e9chir diff\u00e9remment \u00e0 leur approche d\u2019engagement client et \u00e0 d\u00e9terminer comment ...\" \/>\n<meta name=\"robots\" content=\"index, follow, max-snippet:-1, max-image-preview:large, max-video-preview:-1\" \/>\n<link rel=\"canonical\" href=\"https:\/\/www.brams.com\/fr\/solutions\/experience-client-digitale\/\" \/>\n<meta property=\"og:locale\" content=\"fr_FR\" \/>\n<meta property=\"og:type\" content=\"article\" \/>\n<meta property=\"og:title\" content=\"Exp\u00e9rience Client Digitale - Brams\" \/>\n<meta property=\"og:description\" content=\"Nos sp\u00e9cialistes du num\u00e9rique aident nos clients \u00e0 r\u00e9fl\u00e9chir diff\u00e9remment \u00e0 leur approche d\u2019engagement client et \u00e0 d\u00e9terminer comment ...\" \/>\n<meta property=\"og:url\" content=\"https:\/\/www.brams.com\/fr\/solutions\/experience-client-digitale\/\" \/>\n<meta property=\"og:site_name\" content=\"Brams\" \/>\n<meta property=\"article:modified_time\" content=\"2021-06-02T13:12:22+00:00\" \/>\n<meta property=\"og:image\" content=\"https:\/\/www.brams.com\/wp-content\/uploads\/2019\/11\/PICTO-BRAMS.png\" \/>\n\t<meta property=\"og:image:width\" content=\"218\" \/>\n\t<meta property=\"og:image:height\" content=\"218\" \/>\n\t<meta property=\"og:image:type\" content=\"image\/png\" \/>\n<meta name=\"twitter:card\" content=\"summary_large_image\" \/>\n<meta name=\"twitter:site\" content=\"@bramsfz\" \/>\n<meta name=\"twitter:label1\" content=\"Dur\u00e9e de lecture estim\u00e9e\" \/>\n\t<meta name=\"twitter:data1\" content=\"3 minutes\" \/>\n<script type=\"application\/ld+json\" class=\"yoast-schema-graph\">{\"@context\":\"https:\/\/schema.org\",\"@graph\":[{\"@type\":\"WebPage\",\"@id\":\"https:\/\/www.brams.com\/fr\/solutions\/experience-client-digitale\/\",\"url\":\"https:\/\/www.brams.com\/fr\/solutions\/experience-client-digitale\/\",\"name\":\"Exp\u00e9rience Client Digitale - Brams\",\"isPartOf\":{\"@id\":\"https:\/\/www.brams.com\/#website\"},\"datePublished\":\"2019-05-13T13:09:10+00:00\",\"dateModified\":\"2021-06-02T13:12:22+00:00\",\"description\":\"Nos sp\u00e9cialistes du num\u00e9rique aident nos clients \u00e0 r\u00e9fl\u00e9chir diff\u00e9remment \u00e0 leur approche d\u2019engagement client et \u00e0 d\u00e9terminer comment ...\",\"breadcrumb\":{\"@id\":\"https:\/\/www.brams.com\/fr\/solutions\/experience-client-digitale\/#breadcrumb\"},\"inLanguage\":\"fr-FR\",\"potentialAction\":[{\"@type\":\"ReadAction\",\"target\":[\"https:\/\/www.brams.com\/fr\/solutions\/experience-client-digitale\/\"]}]},{\"@type\":\"BreadcrumbList\",\"@id\":\"https:\/\/www.brams.com\/fr\/solutions\/experience-client-digitale\/#breadcrumb\",\"itemListElement\":[{\"@type\":\"ListItem\",\"position\":1,\"name\":\"Home\",\"item\":\"https:\/\/www.brams.com\/fr\/\"},{\"@type\":\"ListItem\",\"position\":2,\"name\":\"Solutions\",\"item\":\"https:\/\/www.brams.com\/fr\/solutions\/\"},{\"@type\":\"ListItem\",\"position\":3,\"name\":\"Exp\u00e9rience Client Digitale\"}]},{\"@type\":\"WebSite\",\"@id\":\"https:\/\/www.brams.com\/#website\",\"url\":\"https:\/\/www.brams.com\/\",\"name\":\"Brams\",\"description\":\"A world-leading cloud specialist with over 19 years of experience.\",\"publisher\":{\"@id\":\"https:\/\/www.brams.com\/#organization\"},\"potentialAction\":[{\"@type\":\"SearchAction\",\"target\":{\"@type\":\"EntryPoint\",\"urlTemplate\":\"https:\/\/www.brams.com\/?s={search_term_string}\"},\"query-input\":\"required name=search_term_string\"}],\"inLanguage\":\"fr-FR\"},{\"@type\":\"Organization\",\"@id\":\"https:\/\/www.brams.com\/#organization\",\"name\":\"Brams\",\"url\":\"https:\/\/www.brams.com\/\",\"logo\":{\"@type\":\"ImageObject\",\"inLanguage\":\"fr-FR\",\"@id\":\"https:\/\/www.brams.com\/#\/schema\/logo\/image\/\",\"url\":\"https:\/\/www.brams.com\/wp-content\/uploads\/2019\/12\/brams-logo.jpg\",\"contentUrl\":\"https:\/\/www.brams.com\/wp-content\/uploads\/2019\/12\/brams-logo.jpg\",\"width\":400,\"height\":108,\"caption\":\"Brams\"},\"image\":{\"@id\":\"https:\/\/www.brams.com\/#\/schema\/logo\/image\/\"},\"sameAs\":[\"https:\/\/twitter.com\/bramsfz\",\"https:\/\/www.linkedin.com\/company\/brams-technologies\/\"]}]}<\/script>\n<!-- \/ Yoast SEO plugin. -->","yoast_head_json":{"title":"Exp\u00e9rience Client Digitale - Brams","description":"Nos sp\u00e9cialistes du num\u00e9rique aident nos clients \u00e0 r\u00e9fl\u00e9chir diff\u00e9remment \u00e0 leur approche d\u2019engagement client et \u00e0 d\u00e9terminer comment ...","robots":{"index":"index","follow":"follow","max-snippet":"max-snippet:-1","max-image-preview":"max-image-preview:large","max-video-preview":"max-video-preview:-1"},"canonical":"https:\/\/www.brams.com\/fr\/solutions\/experience-client-digitale\/","og_locale":"fr_FR","og_type":"article","og_title":"Exp\u00e9rience Client Digitale - Brams","og_description":"Nos sp\u00e9cialistes du num\u00e9rique aident nos clients \u00e0 r\u00e9fl\u00e9chir diff\u00e9remment \u00e0 leur approche d\u2019engagement client et \u00e0 d\u00e9terminer comment ...","og_url":"https:\/\/www.brams.com\/fr\/solutions\/experience-client-digitale\/","og_site_name":"Brams","article_modified_time":"2021-06-02T13:12:22+00:00","og_image":[{"width":218,"height":218,"url":"https:\/\/www.brams.com\/wp-content\/uploads\/2019\/11\/PICTO-BRAMS.png","type":"image\/png"}],"twitter_card":"summary_large_image","twitter_site":"@bramsfz","twitter_misc":{"Dur\u00e9e de lecture estim\u00e9e":"3 minutes"},"schema":{"@context":"https:\/\/schema.org","@graph":[{"@type":"WebPage","@id":"https:\/\/www.brams.com\/fr\/solutions\/experience-client-digitale\/","url":"https:\/\/www.brams.com\/fr\/solutions\/experience-client-digitale\/","name":"Exp\u00e9rience Client Digitale - Brams","isPartOf":{"@id":"https:\/\/www.brams.com\/#website"},"datePublished":"2019-05-13T13:09:10+00:00","dateModified":"2021-06-02T13:12:22+00:00","description":"Nos sp\u00e9cialistes du num\u00e9rique aident nos clients \u00e0 r\u00e9fl\u00e9chir diff\u00e9remment \u00e0 leur approche d\u2019engagement client et \u00e0 d\u00e9terminer comment ...","breadcrumb":{"@id":"https:\/\/www.brams.com\/fr\/solutions\/experience-client-digitale\/#breadcrumb"},"inLanguage":"fr-FR","potentialAction":[{"@type":"ReadAction","target":["https:\/\/www.brams.com\/fr\/solutions\/experience-client-digitale\/"]}]},{"@type":"BreadcrumbList","@id":"https:\/\/www.brams.com\/fr\/solutions\/experience-client-digitale\/#breadcrumb","itemListElement":[{"@type":"ListItem","position":1,"name":"Home","item":"https:\/\/www.brams.com\/fr\/"},{"@type":"ListItem","position":2,"name":"Solutions","item":"https:\/\/www.brams.com\/fr\/solutions\/"},{"@type":"ListItem","position":3,"name":"Exp\u00e9rience Client Digitale"}]},{"@type":"WebSite","@id":"https:\/\/www.brams.com\/#website","url":"https:\/\/www.brams.com\/","name":"Brams","description":"A world-leading cloud specialist with over 19 years of experience.","publisher":{"@id":"https:\/\/www.brams.com\/#organization"},"potentialAction":[{"@type":"SearchAction","target":{"@type":"EntryPoint","urlTemplate":"https:\/\/www.brams.com\/?s={search_term_string}"},"query-input":"required name=search_term_string"}],"inLanguage":"fr-FR"},{"@type":"Organization","@id":"https:\/\/www.brams.com\/#organization","name":"Brams","url":"https:\/\/www.brams.com\/","logo":{"@type":"ImageObject","inLanguage":"fr-FR","@id":"https:\/\/www.brams.com\/#\/schema\/logo\/image\/","url":"https:\/\/www.brams.com\/wp-content\/uploads\/2019\/12\/brams-logo.jpg","contentUrl":"https:\/\/www.brams.com\/wp-content\/uploads\/2019\/12\/brams-logo.jpg","width":400,"height":108,"caption":"Brams"},"image":{"@id":"https:\/\/www.brams.com\/#\/schema\/logo\/image\/"},"sameAs":["https:\/\/twitter.com\/bramsfz","https:\/\/www.linkedin.com\/company\/brams-technologies\/"]}]}},"_links":{"self":[{"href":"https:\/\/www.brams.com\/fr\/wp-json\/wp\/v2\/pages\/5080","targetHints":{"allow":["GET"]}}],"collection":[{"href":"https:\/\/www.brams.com\/fr\/wp-json\/wp\/v2\/pages"}],"about":[{"href":"https:\/\/www.brams.com\/fr\/wp-json\/wp\/v2\/types\/page"}],"author":[{"embeddable":true,"href":"https:\/\/www.brams.com\/fr\/wp-json\/wp\/v2\/users\/1"}],"replies":[{"embeddable":true,"href":"https:\/\/www.brams.com\/fr\/wp-json\/wp\/v2\/comments?post=5080"}],"version-history":[{"count":3,"href":"https:\/\/www.brams.com\/fr\/wp-json\/wp\/v2\/pages\/5080\/revisions"}],"predecessor-version":[{"id":5082,"href":"https:\/\/www.brams.com\/fr\/wp-json\/wp\/v2\/pages\/5080\/revisions\/5082"}],"up":[{"embeddable":true,"href":"https:\/\/www.brams.com\/fr\/wp-json\/wp\/v2\/pages\/5063"}],"wp:attachment":[{"href":"https:\/\/www.brams.com\/fr\/wp-json\/wp\/v2\/media?parent=5080"}],"curies":[{"name":"wp","href":"https:\/\/api.w.org\/{rel}","templated":true}]}}