{"id":5071,"date":"2018-08-08T10:08:38","date_gmt":"2018-08-08T10:08:38","guid":{"rendered":"https:\/\/brams.com\/solutions\/digital-business-transformation\/"},"modified":"2021-06-02T13:10:03","modified_gmt":"2021-06-02T13:10:03","slug":"transformation-digitale","status":"publish","type":"page","link":"https:\/\/www.brams.com\/fr\/solutions\/transformation-digitale\/","title":{"rendered":"Transformation Digitale"},"content":{"rendered":"<div class=\"wpb-content-wrapper\"><p>[vc_section full_width=\u00a0\u00bbstretch_row\u00a0\u00bb css_animation=\u00a0\u00bbnone\u00a0\u00bb css=\u00a0\u00bb.vc_custom_1622032539451{padding-top: 15% !important;padding-bottom: 15% !important;background: rgba(0,0,0,0.37) url(https:\/\/www.brams.com\/wp-content\/uploads\/2019\/10\/transformation-digitale.jpeg?id=4693) !important;background-position: center !important;background-repeat: no-repeat !important;background-size: cover !important;*background-color: rgb(0,0,0) !important;}\u00a0\u00bb el_class=\u00a0\u00bbtext-white mask\u00a0\u00bb][vc_row full_width=\u00a0\u00bbstretch_row\u00a0\u00bb css_animation=\u00a0\u00bbnone\u00a0\u00bb][vc_column][vc_custom_heading text=\u00a0\u00bbSOLUTIONS\u00a0\u00bb font_container=\u00a0\u00bbtag:div|font_size:1.5rem|text_align:center\u00a0\u00bb use_theme_fonts=\u00a0\u00bbyes\u00a0\u00bb css_animation=\u00a0\u00bbnone\u00a0\u00bb el_class=\u00a0\u00bbfont-weight-300&Prime;][vc_custom_heading text=\u00a0\u00bbTransformation Digitale\u00a0\u00bb font_container=\u00a0\u00bbtag:h1|font_size:4rem|text_align:center|color:%23ffffff\u00a0\u00bb use_theme_fonts=\u00a0\u00bbyes\u00a0\u00bb css_animation=\u00a0\u00bbnone\u00a0\u00bb el_class=\u00a0\u00bbresp-heading\u00a0\u00bb][vc_empty_space height=\u00a0\u00bb20px\u00a0\u00bb][\/vc_column][\/vc_row][vc_row][vc_column width=\u00a0\u00bb1\/4&Prime;][\/vc_column][vc_column width=\u00a0\u00bb1\/2&Prime;][vc_column_text el_class=\u00a0\u00bbtext-center\u00a0\u00bb css=\u00a0\u00bb.vc_custom_1573830456663{padding-top: 10px !important;padding-right: 10px !important;padding-bottom: 10px !important;padding-left: 10px !important;background-color: rgba(35,35,35,0.65) !important;*background-color: rgb(35,35,35) !important;}\u00a0\u00bb]Aider nos clients \u00e0 cr\u00e9er une culture num\u00e9rique ax\u00e9e sur le digital afin d&rsquo;am\u00e9liorer leurs performances commerciales et d&rsquo;apporter une r\u00e9elle valeur ajout\u00e9e \u00e0 leurs clients finaux.[\/vc_column_text][\/vc_column][vc_column width=\u00a0\u00bb1\/4&Prime;][\/vc_column][\/vc_row][\/vc_section][vc_section full_width=\u00a0\u00bbstretch_row\u00a0\u00bb css_animation=\u00a0\u00bbnone\u00a0\u00bb css=\u00a0\u00bb.vc_custom_1558353031295{padding-top: 60px !important;padding-bottom: 80px !important;}\u00a0\u00bb el_id=\u00a0\u00bboverview\u00a0\u00bb el_class=\u00a0\u00bbgradient2&Prime;][vc_row][vc_column width=\u00a0\u00bb1\/6&Prime;][\/vc_column][vc_column width=\u00a0\u00bb2\/3&Prime;][vc_custom_heading text=\u00a0\u00bbTransformation Digitale via une performance plus intelligente\u00a0\u00bb font_container=\u00a0\u00bbtag:h3|text_align:center\u00a0\u00bb use_theme_fonts=\u00a0\u00bbyes\u00a0\u00bb][vc_empty_space height=\u00a0\u00bb20px\u00a0\u00bb][vc_column_text]En utilisant les derni\u00e8res technologies num\u00e9riques, nous aidons nos clients \u00e0 cr\u00e9er une culture ax\u00e9e sur l&rsquo;information digitale afin d&rsquo;am\u00e9liorer de mani\u00e8re significative leurs performances commerciales et d&rsquo;apporter une r\u00e9elle valeur ajout\u00e9e \u00e0 leurs clients.<br \/>\nPour mesurer la transformation digitale en termes d&rsquo;augmentation des revenus et de diminution des co\u00fbts, nous utilisons six indicateurs pour suivre les am\u00e9liorations et optimisations des performances. Ceux-ci inclus:<\/p>\n<ul>\n<li>Capturer et utiliser des donn\u00e9es en temps r\u00e9el sur l&rsquo;exp\u00e9rience client pour des interactions commerciales plus intelligentes.<\/li>\n<li>Monitoring et suivi des informations sur les produits, services et solutions, pour une am\u00e9lioration continue.<\/li>\n<li>Partager les connaissances et les informations plus efficacement \u00e0 travers les silos de l&rsquo;organisation.<\/li>\n<li>Apporter des analyses plus approfondies et plus cibl\u00e9es pour une meilleure prise de d\u00e9cision.<\/li>\n<li>D\u00e9ployer vos processus et vos syst\u00e8mes avec plus d&rsquo;efficacit\u00e9 et d&rsquo;agilit\u00e9 pour mieux interagir avec les changements.<\/li>\n<li>Adopter des mod\u00e8les commerciaux plus innovants et r\u00e9silients pour cr\u00e9er des changements et des innovations disruptifs dans votre secteur d&rsquo;activit\u00e9<\/li>\n<\/ul>\n<p>[\/vc_column_text][\/vc_column][vc_column width=\u00a0\u00bb1\/6&Prime;][\/vc_column][\/vc_row][\/vc_section][vc_section full_width=\u00a0\u00bbstretch_row\u00a0\u00bb css_animation=\u00a0\u00bbnone\u00a0\u00bb css=\u00a0\u00bb.vc_custom_1558354645813{padding-top: 60px !important;padding-bottom: 30px !important;}\u00a0\u00bb el_id=\u00a0\u00bbsolutions\u00a0\u00bb el_class=\u00a0\u00bbgradient3&Prime;][vc_row][vc_column]<ul class=\"iconlist iconlist iconlist-icon-small columns-3 gap-50\"><li><div ><div class=\"iconlist-item-icon\"><i class=\"fa fa-handshake-o\"><\/i><\/div><div class=\"iconlist-item-content\"><h5>Exp\u00e9rience client<\/h5><p>Un client qui a une exp\u00e9rience positive avec une entreprise est plus susceptible de devenir un client r\u00e9current et fid\u00e8le.<\/div><\/div><\/li><li><div ><div class=\"iconlist-item-icon\"><i class=\"fa fa-database\"><\/i><\/div><div class=\"iconlist-item-content\"><h5>L&rsquo;excellence op\u00e9rationnelle<\/h5><p>Incrivez-vous dans l&rsquo;am\u00e9lioration continue pour obtenir un avantage concurrentiel et maximiser la valeur pour vos clients et les profis pour l&rsquo;entreprise.<\/div><\/div><\/li><li><div ><div class=\"iconlist-item-icon\"><i class=\"fa fa-bar-chart\"><\/i><\/div><div class=\"iconlist-item-content\"><h5>R\u00e9invention des entreprises<\/h5><p>Cassez les id\u00e9es re\u00e7ues pour vous concentrer sur la r\u00e9paration de ce qui ne semble pas encore bris\u00e9.<\/div><\/div><\/li><\/ul>[vc_row_inner][vc_column_inner width=\u00a0\u00bb1\/6&Prime;][\/vc_column_inner][vc_column_inner width=\u00a0\u00bb2\/3&Prime;][vc_separator el_width=\u00a0\u00bb70&Prime;][vc_empty_space height=\u00a0\u00bb40px\u00a0\u00bb][vc_btn title=\u00a0\u00bbContactez-nous\u00a0\u00bb style=\u00a0\u00bbcustom\u00a0\u00bb custom_background=\u00a0\u00bb#4472c4&Prime; custom_text=\u00a0\u00bb#ffffff\u00a0\u00bb size=\u00a0\u00bblg\u00a0\u00bb align=\u00a0\u00bbcenter\u00a0\u00bb link=\u00a0\u00bburl:https%3A%2F%2Fwww.brams.com%2Fenquiry%2F|title:Solutions%20%26%20Services%20Enquiry||\u00a0\u00bb][\/vc_column_inner][vc_column_inner width=\u00a0\u00bb1\/6&Prime;][\/vc_column_inner][\/vc_row_inner][\/vc_column][\/vc_row][\/vc_section][vc_section full_width=\u00a0\u00bbstretch_row\u00a0\u00bb css_animation=\u00a0\u00bbnone\u00a0\u00bb css=\u00a0\u00bb.vc_custom_1558354672968{padding-top: 60px !important;padding-bottom: 80px !important;}\u00a0\u00bb][vc_row][vc_column][vc_custom_heading text=\u00a0\u00bbSolutions connexes\u00a0\u00bb font_container=\u00a0\u00bbtag:h3|text_align:center\u00a0\u00bb use_theme_fonts=\u00a0\u00bbyes\u00a0\u00bb][vc_empty_space height=\u00a0\u00bb60px\u00a0\u00bb][\/vc_column][\/vc_row][vc_row][vc_column]<ul class=\"iconlist iconlist iconlist-icon-medium \"><li><div class=\"fadeIn delay-1  vc_custom_1622032641679\"><div class=\"iconlist-item-icon\"><\/div><div class=\"iconlist-item-content\"><h5>Field Service Management<\/h5><p>Gardez une trace des diff\u00e9rentes composantes des op\u00e9rations sur le terrain. Ces composantes incluent g\u00e9n\u00e9ralement la gestion des stocks, le suivi des v\u00e9hicules, la planification, les portails clients, etc.<\/div><\/div><\/li><li><div class=\"fadeIn delay-2  vc_custom_1622032646774\"><div class=\"iconlist-item-icon\"><\/div><div class=\"iconlist-item-content\"><h5>Business Process Management<\/h5><p>Am\u00e9liorez vos processus m\u00e9tier en les analysant, en mod\u00e9lisant leur fonctionnement dans diff\u00e9rents sc\u00e9narios, en apportant des am\u00e9liorations, et en les optimisant continuellement.<\/div><\/div><\/li><li><div class=\"fadeIn delay-3  vc_custom_1622032651454\"><div class=\"iconlist-item-icon\"><\/div><div class=\"iconlist-item-content\"><h5>Logiciel Kissflow BPM<\/h5><p>Solution de Business Process Management permettant de cr\u00e9er un nombre illimit\u00e9 d&rsquo;applications m\u00e9tier de fa\u00e7on automatis\u00e9e. Choisissez parmi plus de 45 applications pr\u00e9-install\u00e9es ou cr\u00e9ez la v\u00f4tre.<\/div><\/div><\/li><li><div class=\"fadeIn delay-4  vc_custom_1622032655385\"><div class=\"iconlist-item-icon\"><\/div><div class=\"iconlist-item-content\"><h5>Microsoft Dynamics 365<\/h5><p>Supprimer les silos cr\u00e9\u00e9s par les solutions ERP et de gestion de la relation client (CRM) traditionnelles pour obtenir une vue 360\u00b0 sur vos clients et de vos op\u00e9rations.<\/div><\/div><\/li><\/ul><ul class=\"iconlist iconlist iconlist-icon-medium \"><li><div class=\"fadeIn delay-1  vc_custom_1622032660613\"><div class=\"iconlist-item-icon\"><\/div><div class=\"iconlist-item-content\"><h5>NetSuite CRM+<\/h5><p>Fournit un flux d\u2019informations continu, tout au long du cycle de vie du client &#8211; depuis le prospect jusqu\u2019\u00e0 l\u2019opportunit\u00e9, la commande client, le traitement des commandes, le renouvellement, l&rsquo;Upsell, le corss-sell et le support.<\/div><\/div><\/li><li><div class=\"fadeIn delay-2  vc_custom_1622032664740\"><div class=\"iconlist-item-icon\"><\/div><div class=\"iconlist-item-content\"><h5>NetSuite ERP<\/h5><p>Une solution ERP cloud \u00e9volutive qui automatise les processus du front-office et de back-office, notamment la gestion financi\u00e8re, la gestion des revenus, les immobilisations, la gestion des commandes, la facturation et la gestion des stocks.<\/div><\/div><\/li><li><div class=\"fadeIn delay-3  vc_custom_1622032669141\"><div class=\"iconlist-item-icon\"><\/div><div class=\"iconlist-item-content\"><h5>NetSuite Human Capital Management<\/h5><p>Un syst\u00e8me complet qui permet de suivre et g\u00e9rer les processus RH pour surveiller les actifs de votre entreprise, la motivation de votre personnel et la r\u00e9alisation de vos objectifs commerciaux.<\/div><\/div><\/li><li><div class=\"vc_custom_1558354771269\"><div class=\"iconlist-item-icon\"><\/div><div class=\"iconlist-item-content\"><\/div><\/div><\/li><\/ul>[vc_empty_space height=\u00a0\u00bb10px\u00a0\u00bb][\/vc_column][\/vc_row][\/vc_section]<\/p>\n<\/div>","protected":false},"excerpt":{"rendered":"<p>[vc_section full_width=\u00a0\u00bbstretch_row\u00a0\u00bb css_animation=\u00a0\u00bbnone\u00a0\u00bb css=\u00a0\u00bb.vc_custom_1622032539451{padding-top: 15% !important;padding-bottom: 15% !important;background: rgba(0,0,0,0.37) url(https:\/\/www.brams.com\/wp-content\/uploads\/2019\/10\/transformation-digitale.jpeg?id=4693) !important;background-position: center !important;background-repeat: no-repeat !important;background-size: cover !important;*background-color: rgb(0,0,0) !important;}\u00a0\u00bb el_class=\u00a0\u00bbtext-white mask\u00a0\u00bb][vc_row full_width=\u00a0\u00bbstretch_row\u00a0\u00bb css_animation=\u00a0\u00bbnone\u00a0\u00bb][vc_column][vc_custom_heading text=\u00a0\u00bbSOLUTIONS\u00a0\u00bb font_container=\u00a0\u00bbtag:div|font_size:1.5rem|text_align:center\u00a0\u00bb use_theme_fonts=\u00a0\u00bbyes\u00a0\u00bb css_animation=\u00a0\u00bbnone\u00a0\u00bb el_class=\u00a0\u00bbfont-weight-300&Prime;][vc_custom_heading text=\u00a0\u00bbTransformation Digitale\u00a0\u00bb font_container=\u00a0\u00bbtag:h1|font_size:4rem|text_align:center|color:%23ffffff\u00a0\u00bb use_theme_fonts=\u00a0\u00bbyes\u00a0\u00bb css_animation=\u00a0\u00bbnone\u00a0\u00bb el_class=\u00a0\u00bbresp-heading\u00a0\u00bb][vc_empty_space height=\u00a0\u00bb20px\u00a0\u00bb][\/vc_column][\/vc_row][vc_row][vc_column width=\u00a0\u00bb1\/4&Prime;][\/vc_column][vc_column width=\u00a0\u00bb1\/2&Prime;][vc_column_text el_class=\u00a0\u00bbtext-center\u00a0\u00bb css=\u00a0\u00bb.vc_custom_1573830456663{padding-top: 10px !important;padding-right: 10px !important;padding-bottom: 10px !important;padding-left: 10px !important;background-color: rgba(35,35,35,0.65) !important;*background-color: rgb(35,35,35) !important;}\u00a0\u00bb]Aider nos clients \u00e0 cr\u00e9er [&hellip;]<\/p>\n","protected":false},"author":1,"featured_media":0,"parent":5063,"menu_order":10,"comment_status":"closed","ping_status":"closed","template":"","meta":{"content-type":"","_monsterinsights_skip_tracking":false,"_monsterinsights_sitenote_active":false,"_monsterinsights_sitenote_note":"","_monsterinsights_sitenote_category":0,"footnotes":""},"class_list":["post-5071","page","type-page","status-publish","hentry"],"yoast_head":"<!-- This site is optimized with the Yoast SEO plugin v22.1 - https:\/\/yoast.com\/wordpress\/plugins\/seo\/ -->\n<title>Transformation Digitale via une performance plus intelligente - Brams<\/title>\n<meta name=\"description\" content=\"Pour mesurer la transformation digitale en termes d\u2019augmentation des revenus et de diminution des co\u00fbts, nous utilisons six indicateurs pour suivre ...\" \/>\n<meta name=\"robots\" content=\"index, follow, max-snippet:-1, max-image-preview:large, max-video-preview:-1\" \/>\n<link rel=\"canonical\" href=\"https:\/\/www.brams.com\/fr\/solutions\/transformation-digitale\/\" \/>\n<meta property=\"og:locale\" content=\"fr_FR\" \/>\n<meta property=\"og:type\" content=\"article\" \/>\n<meta property=\"og:title\" content=\"Transformation Digitale via une performance plus intelligente - Brams\" \/>\n<meta property=\"og:description\" content=\"Pour mesurer la transformation digitale en termes d\u2019augmentation des revenus et de diminution des co\u00fbts, nous utilisons six indicateurs pour suivre ...\" \/>\n<meta property=\"og:url\" content=\"https:\/\/www.brams.com\/fr\/solutions\/transformation-digitale\/\" \/>\n<meta property=\"og:site_name\" content=\"Brams\" \/>\n<meta property=\"article:modified_time\" content=\"2021-06-02T13:10:03+00:00\" \/>\n<meta property=\"og:image\" content=\"https:\/\/www.brams.com\/wp-content\/uploads\/2019\/11\/PICTO-BRAMS.png\" \/>\n\t<meta property=\"og:image:width\" content=\"218\" \/>\n\t<meta property=\"og:image:height\" content=\"218\" \/>\n\t<meta property=\"og:image:type\" content=\"image\/png\" \/>\n<meta name=\"twitter:card\" content=\"summary_large_image\" \/>\n<meta name=\"twitter:site\" content=\"@bramsfz\" \/>\n<meta name=\"twitter:label1\" content=\"Dur\u00e9e de lecture estim\u00e9e\" \/>\n\t<meta name=\"twitter:data1\" content=\"3 minutes\" \/>\n<script type=\"application\/ld+json\" class=\"yoast-schema-graph\">{\"@context\":\"https:\/\/schema.org\",\"@graph\":[{\"@type\":\"WebPage\",\"@id\":\"https:\/\/www.brams.com\/fr\/solutions\/transformation-digitale\/\",\"url\":\"https:\/\/www.brams.com\/fr\/solutions\/transformation-digitale\/\",\"name\":\"Transformation Digitale via une performance plus intelligente - Brams\",\"isPartOf\":{\"@id\":\"https:\/\/www.brams.com\/#website\"},\"datePublished\":\"2018-08-08T10:08:38+00:00\",\"dateModified\":\"2021-06-02T13:10:03+00:00\",\"description\":\"Pour mesurer la transformation digitale en termes d\u2019augmentation des revenus et de diminution des co\u00fbts, nous utilisons six indicateurs pour suivre ...\",\"breadcrumb\":{\"@id\":\"https:\/\/www.brams.com\/fr\/solutions\/transformation-digitale\/#breadcrumb\"},\"inLanguage\":\"fr-FR\",\"potentialAction\":[{\"@type\":\"ReadAction\",\"target\":[\"https:\/\/www.brams.com\/fr\/solutions\/transformation-digitale\/\"]}]},{\"@type\":\"BreadcrumbList\",\"@id\":\"https:\/\/www.brams.com\/fr\/solutions\/transformation-digitale\/#breadcrumb\",\"itemListElement\":[{\"@type\":\"ListItem\",\"position\":1,\"name\":\"Home\",\"item\":\"https:\/\/www.brams.com\/fr\/\"},{\"@type\":\"ListItem\",\"position\":2,\"name\":\"Solutions\",\"item\":\"https:\/\/www.brams.com\/fr\/solutions\/\"},{\"@type\":\"ListItem\",\"position\":3,\"name\":\"Transformation Digitale\"}]},{\"@type\":\"WebSite\",\"@id\":\"https:\/\/www.brams.com\/#website\",\"url\":\"https:\/\/www.brams.com\/\",\"name\":\"Brams\",\"description\":\"A world-leading cloud specialist with over 19 years of experience.\",\"publisher\":{\"@id\":\"https:\/\/www.brams.com\/#organization\"},\"potentialAction\":[{\"@type\":\"SearchAction\",\"target\":{\"@type\":\"EntryPoint\",\"urlTemplate\":\"https:\/\/www.brams.com\/?s={search_term_string}\"},\"query-input\":\"required name=search_term_string\"}],\"inLanguage\":\"fr-FR\"},{\"@type\":\"Organization\",\"@id\":\"https:\/\/www.brams.com\/#organization\",\"name\":\"Brams\",\"url\":\"https:\/\/www.brams.com\/\",\"logo\":{\"@type\":\"ImageObject\",\"inLanguage\":\"fr-FR\",\"@id\":\"https:\/\/www.brams.com\/#\/schema\/logo\/image\/\",\"url\":\"https:\/\/www.brams.com\/wp-content\/uploads\/2019\/12\/brams-logo.jpg\",\"contentUrl\":\"https:\/\/www.brams.com\/wp-content\/uploads\/2019\/12\/brams-logo.jpg\",\"width\":400,\"height\":108,\"caption\":\"Brams\"},\"image\":{\"@id\":\"https:\/\/www.brams.com\/#\/schema\/logo\/image\/\"},\"sameAs\":[\"https:\/\/twitter.com\/bramsfz\",\"https:\/\/www.linkedin.com\/company\/brams-technologies\/\"]}]}<\/script>\n<!-- \/ Yoast SEO plugin. -->","yoast_head_json":{"title":"Transformation Digitale via une performance plus intelligente - Brams","description":"Pour mesurer la transformation digitale en termes d\u2019augmentation des revenus et de diminution des co\u00fbts, nous utilisons six indicateurs pour suivre ...","robots":{"index":"index","follow":"follow","max-snippet":"max-snippet:-1","max-image-preview":"max-image-preview:large","max-video-preview":"max-video-preview:-1"},"canonical":"https:\/\/www.brams.com\/fr\/solutions\/transformation-digitale\/","og_locale":"fr_FR","og_type":"article","og_title":"Transformation Digitale via une performance plus intelligente - Brams","og_description":"Pour mesurer la transformation digitale en termes d\u2019augmentation des revenus et de diminution des co\u00fbts, nous utilisons six indicateurs pour suivre ...","og_url":"https:\/\/www.brams.com\/fr\/solutions\/transformation-digitale\/","og_site_name":"Brams","article_modified_time":"2021-06-02T13:10:03+00:00","og_image":[{"width":218,"height":218,"url":"https:\/\/www.brams.com\/wp-content\/uploads\/2019\/11\/PICTO-BRAMS.png","type":"image\/png"}],"twitter_card":"summary_large_image","twitter_site":"@bramsfz","twitter_misc":{"Dur\u00e9e de lecture estim\u00e9e":"3 minutes"},"schema":{"@context":"https:\/\/schema.org","@graph":[{"@type":"WebPage","@id":"https:\/\/www.brams.com\/fr\/solutions\/transformation-digitale\/","url":"https:\/\/www.brams.com\/fr\/solutions\/transformation-digitale\/","name":"Transformation Digitale via une performance plus intelligente - Brams","isPartOf":{"@id":"https:\/\/www.brams.com\/#website"},"datePublished":"2018-08-08T10:08:38+00:00","dateModified":"2021-06-02T13:10:03+00:00","description":"Pour mesurer la transformation digitale en termes d\u2019augmentation des revenus et de diminution des co\u00fbts, nous utilisons six indicateurs pour suivre ...","breadcrumb":{"@id":"https:\/\/www.brams.com\/fr\/solutions\/transformation-digitale\/#breadcrumb"},"inLanguage":"fr-FR","potentialAction":[{"@type":"ReadAction","target":["https:\/\/www.brams.com\/fr\/solutions\/transformation-digitale\/"]}]},{"@type":"BreadcrumbList","@id":"https:\/\/www.brams.com\/fr\/solutions\/transformation-digitale\/#breadcrumb","itemListElement":[{"@type":"ListItem","position":1,"name":"Home","item":"https:\/\/www.brams.com\/fr\/"},{"@type":"ListItem","position":2,"name":"Solutions","item":"https:\/\/www.brams.com\/fr\/solutions\/"},{"@type":"ListItem","position":3,"name":"Transformation Digitale"}]},{"@type":"WebSite","@id":"https:\/\/www.brams.com\/#website","url":"https:\/\/www.brams.com\/","name":"Brams","description":"A world-leading cloud specialist with over 19 years of experience.","publisher":{"@id":"https:\/\/www.brams.com\/#organization"},"potentialAction":[{"@type":"SearchAction","target":{"@type":"EntryPoint","urlTemplate":"https:\/\/www.brams.com\/?s={search_term_string}"},"query-input":"required name=search_term_string"}],"inLanguage":"fr-FR"},{"@type":"Organization","@id":"https:\/\/www.brams.com\/#organization","name":"Brams","url":"https:\/\/www.brams.com\/","logo":{"@type":"ImageObject","inLanguage":"fr-FR","@id":"https:\/\/www.brams.com\/#\/schema\/logo\/image\/","url":"https:\/\/www.brams.com\/wp-content\/uploads\/2019\/12\/brams-logo.jpg","contentUrl":"https:\/\/www.brams.com\/wp-content\/uploads\/2019\/12\/brams-logo.jpg","width":400,"height":108,"caption":"Brams"},"image":{"@id":"https:\/\/www.brams.com\/#\/schema\/logo\/image\/"},"sameAs":["https:\/\/twitter.com\/bramsfz","https:\/\/www.linkedin.com\/company\/brams-technologies\/"]}]}},"_links":{"self":[{"href":"https:\/\/www.brams.com\/fr\/wp-json\/wp\/v2\/pages\/5071","targetHints":{"allow":["GET"]}}],"collection":[{"href":"https:\/\/www.brams.com\/fr\/wp-json\/wp\/v2\/pages"}],"about":[{"href":"https:\/\/www.brams.com\/fr\/wp-json\/wp\/v2\/types\/page"}],"author":[{"embeddable":true,"href":"https:\/\/www.brams.com\/fr\/wp-json\/wp\/v2\/users\/1"}],"replies":[{"embeddable":true,"href":"https:\/\/www.brams.com\/fr\/wp-json\/wp\/v2\/comments?post=5071"}],"version-history":[{"count":3,"href":"https:\/\/www.brams.com\/fr\/wp-json\/wp\/v2\/pages\/5071\/revisions"}],"predecessor-version":[{"id":8481,"href":"https:\/\/www.brams.com\/fr\/wp-json\/wp\/v2\/pages\/5071\/revisions\/8481"}],"up":[{"embeddable":true,"href":"https:\/\/www.brams.com\/fr\/wp-json\/wp\/v2\/pages\/5063"}],"wp:attachment":[{"href":"https:\/\/www.brams.com\/fr\/wp-json\/wp\/v2\/media?parent=5071"}],"curies":[{"name":"wp","href":"https:\/\/api.w.org\/{rel}","templated":true}]}}