{"id":5067,"date":"2018-08-08T10:07:27","date_gmt":"2018-08-08T10:07:27","guid":{"rendered":"https:\/\/brams.com\/solutions\/application-transformation\/"},"modified":"2021-06-02T13:08:42","modified_gmt":"2021-06-02T13:08:42","slug":"transformation-dapplication","status":"publish","type":"page","link":"https:\/\/www.brams.com\/fr\/solutions\/transformation-dapplication\/","title":{"rendered":"Transformation d&rsquo;application"},"content":{"rendered":"<div class=\"wpb-content-wrapper\"><p>[vc_section full_width=\u00a0\u00bbstretch_row\u00a0\u00bb css_animation=\u00a0\u00bbnone\u00a0\u00bb el_class=\u00a0\u00bbtext-white mask\u00a0\u00bb css=\u00a0\u00bb.vc_custom_1622032243557{padding-top: 15% !important;padding-bottom: 15% !important;background-image: url(https:\/\/www.brams.com\/wp-content\/uploads\/2019\/10\/transformation-d\u2019application.jpeg?id=4698) !important;background-position: center !important;background-repeat: no-repeat !important;background-size: cover !important;}\u00a0\u00bb][vc_row full_width=\u00a0\u00bbstretch_row\u00a0\u00bb css_animation=\u00a0\u00bbnone\u00a0\u00bb][vc_column][vc_custom_heading text=\u00a0\u00bbSOLUTIONS\u00a0\u00bb font_container=\u00a0\u00bbtag:div|font_size:1.5rem|text_align:center\u00a0\u00bb use_theme_fonts=\u00a0\u00bbyes\u00a0\u00bb css_animation=\u00a0\u00bbnone\u00a0\u00bb el_class=\u00a0\u00bbfont-weight-300&Prime;][vc_custom_heading text=\u00a0\u00bbTransformation d&rsquo;application\u00a0\u00bb font_container=\u00a0\u00bbtag:h1|font_size:4rem|text_align:center|color:%23ffffff\u00a0\u00bb use_theme_fonts=\u00a0\u00bbyes\u00a0\u00bb css_animation=\u00a0\u00bbnone\u00a0\u00bb el_class=\u00a0\u00bbresp-heading\u00a0\u00bb][vc_empty_space height=\u00a0\u00bb20px\u00a0\u00bb][\/vc_column][\/vc_row][vc_row full_width=\u00a0\u00bbstretch_row\u00a0\u00bb css_animation=\u00a0\u00bbnone\u00a0\u00bb][vc_column width=\u00a0\u00bb1\/4&Prime;][\/vc_column][vc_column width=\u00a0\u00bb1\/2&Prime;][vc_column_text el_class=\u00a0\u00bbtext-center\u00a0\u00bb css=\u00a0\u00bb.vc_custom_1573830392830{padding-top: 10px !important;padding-right: 10px !important;padding-bottom: 10px !important;padding-left: 10px !important;background-color: rgba(35,35,35,0.65) !important;*background-color: rgb(35,35,35) !important;}\u00a0\u00bb]Forts d&rsquo;une solide exp\u00e9rience, nous \u00e9laborons les meilleures strat\u00e9gies de d\u00e9veloppement pour transf\u00e9rer rapidement, et en toute s\u00e9curit\u00e9, les applications de nos clients vers le cloud.[\/vc_column_text][\/vc_column][vc_column width=\u00a0\u00bb1\/4&Prime;][\/vc_column][\/vc_row][\/vc_section][vc_section full_width=\u00a0\u00bbstretch_row\u00a0\u00bb el_id=\u00a0\u00bboverview\u00a0\u00bb el_class=\u00a0\u00bbgradient2&Prime; css=\u00a0\u00bb.vc_custom_1558348206701{padding-top: 60px !important;padding-bottom: 80px !important;}\u00a0\u00bb][vc_row][vc_column css_animation=\u00a0\u00bbfadeIn\u00a0\u00bb width=\u00a0\u00bb1\/6&Prime; el_class=\u00a0\u00bbdelay-1&Prime;][\/vc_column][vc_column css_animation=\u00a0\u00bbnone\u00a0\u00bb width=\u00a0\u00bb2\/3&Prime; el_class=\u00a0\u00bbdelay-2&Prime;][vc_custom_heading text=\u00a0\u00bbPourquoi avez-vous besoin d&rsquo;une transformation d&rsquo;application?\u00a0\u00bb font_container=\u00a0\u00bbtag:h3|text_align:center\u00a0\u00bb use_theme_fonts=\u00a0\u00bbyes\u00a0\u00bb css_animation=\u00a0\u00bbnone\u00a0\u00bb][vc_empty_space height=\u00a0\u00bb20px\u00a0\u00bb][vc_column_text]Les besoins des clients \u00e9voluent rapidement obligeant les entreprises \u00e0 innover en cons\u00e9quence. La plupart des d\u00e9veloppeurs travaillent avec des applications patrimoniales h\u00e9berg\u00e9es, sur des plates-formes obsol\u00e8tes, utilisant des outils obsol\u00e8tes. Cela entrave souvent la migration des informations vers le cloud et les processus manuels peuvent \u00e9galement compromettre les nouvelles versions logicielles. S&rsquo;appuyant sur une solide exp\u00e9rience dans la cloud, Brams associe les meilleures strat\u00e9gies de d\u00e9veloppement et d&rsquo;architecture pour migrer rapidement et en toute s\u00e9curit\u00e9 les applications patrimoniales vers le cloud.<\/p>\n<p>Bien qu&rsquo;il existe de nombreuses solutions pour aider \u00e0 rationaliser et g\u00e9rer l&rsquo;infrastructure de donn\u00e9es, la r\u00e9architecture des applications (ou re-plateformisation SaaS) offre le meilleur rapport qualit\u00e9-prix pour la digitalisation. Les solutions les plus efficaces aideront votre entreprise \u00e0 :<\/p>\n<ul>\n<li>Am\u00e9liorer l&rsquo;efficacit\u00e9 en optimisant l&rsquo;utilisation de vos applications et en r\u00e9duisant vos co\u00fbts fixes.<\/li>\n<li>Optimiser l&rsquo;ergonomie des interfaces utilisateurs pour plus d&rsquo;efficacit\u00e9.<\/li>\n<li>Am\u00e9liorer votre agilit\u00e9 gr\u00e2ce \u00e0 des processus simplifi\u00e9s pouvant \u00eatre adapt\u00e9es \u00e0 la demande.<\/li>\n<\/ul>\n<p>[\/vc_column_text][\/vc_column][vc_column css_animation=\u00a0\u00bbfadeIn\u00a0\u00bb width=\u00a0\u00bb1\/6&Prime; el_class=\u00a0\u00bbdelay-3&Prime;][\/vc_column][\/vc_row][\/vc_section][vc_section full_width=\u00a0\u00bbstretch_row\u00a0\u00bb css_animation=\u00a0\u00bbnone\u00a0\u00bb el_id=\u00a0\u00bbsolutions\u00a0\u00bb css=\u00a0\u00bb.vc_custom_1558348254886{padding-top: 60px !important;padding-bottom: 30px !important;}\u00a0\u00bb el_class=\u00a0\u00bbgradient3&Prime;][vc_row][vc_column]<ul class=\"iconlist iconlist iconlist-icon-small columns-2 gap-50\"><li><div ><div class=\"iconlist-item-icon\"><i class=\"fa fa-thermometer-three-quarters\"><\/i><\/div><div class=\"iconlist-item-content\"><h5>Infrastructure Cloud<\/h5><p>L\u2019optimisation de la technologie de cloud de votre entreprise et la simplification du parc d\u2019applications sont essentielles pour faciliter l\u2019adoption de nouveaux syst\u00e8mes tels que le PaaS (Platform as a Service) et l&rsquo;IaaS (Infrastructure as a Service).<\/div><\/div><\/li><li><div ><div class=\"iconlist-item-icon\"><i class=\"fa fa-snowflake-o\"><\/i><\/div><div class=\"iconlist-item-content\"><h5>Strat\u00e9gie de transformation des applications<\/h5><p>Cela implique un alignement organisationnel (personnes, processus et technologie) sur l&rsquo;architecture et les m\u00e9thodologies qui d\u00e9terminent les processus de transformation d&rsquo;application les plus efficaces.<\/div><\/div><\/li><li><div ><div class=\"iconlist-item-icon\"><i class=\"fa fa-check\"><\/i><\/div><div class=\"iconlist-item-content\"><h5>Plan de migration<\/h5><p>Avant de s\u00e9lectionner les technologies les mieux adapt\u00e9es \u00e0 votre entreprise, une strat\u00e9gie de migration fournit un cadre sp\u00e9cifique pour pr\u00e9voir les ressources requises et les risques li\u00e9s \u00e0 la mise en \u0153uvre de nouveaux syst\u00e8mes.<\/div><\/div><\/li><li><div ><div class=\"iconlist-item-icon\"><i class=\"fa fa-meetup\"><\/i><\/div><div class=\"iconlist-item-content\"><h5>Transformation d&rsquo;application<\/h5><p>Cela implique l&rsquo;optimisation, le d\u00e9veloppement et le d\u00e9ploiement de nouvelles applications sur le cloud, ainsi que des tests, de la documentation et de la formation.<\/div><\/div><\/li><\/ul>[\/vc_column][\/vc_row][vc_row][vc_column width=\u00a0\u00bb1\/6&Prime;][\/vc_column][vc_column width=\u00a0\u00bb2\/3&Prime;][vc_separator el_width=\u00a0\u00bb70&Prime;][vc_empty_space height=\u00a0\u00bb40px\u00a0\u00bb][vc_raw_html]JTNDZGl2JTIwY2xhc3MlM0QlMjJ2Y19idG4zLWNvbnRhaW5lciUyMHZjX2J0bjMtY2VudGVyJTIyJTNFJTBBJTA5JTNDYSUyMHN0eWxlJTNEJTIyYmFja2dyb3VuZC1jb2xvciUzQSUyMzQ0NzJjNCUzQiUyMGNvbG9yJTNBJTIzZmZmZmZmJTNCJTIyJTIwY2xhc3MlM0QlMjJ2Y19nZW5lcmFsJTIwdmNfYnRuMyUyMHZjX2J0bjMtc2l6ZS1sZyUyMHZjX2J0bjMtc2hhcGUtcm91bmRlZCUyMHZjX2J0bjMtc3R5bGUtY3VzdG9tJTIyJTIwaHJlZiUzRCUyMiUyRmZyJTJGZW5xdWlyeSUyRiUyMiUyMHRpdGxlJTNEJTIyU29sdXRpb25zJTIwJTI2YW1wJTNCJTIwU2VydmljZXMlMjBFbnF1aXJ5JTIyJTIwJTNFQ2FsbCUyME1lJTNDJTJGYSUzRSUzQyUyRmRpdiUzRQ==[\/vc_raw_html][\/vc_column][vc_column width=\u00a0\u00bb1\/6&Prime;][\/vc_column][\/vc_row][\/vc_section][vc_section full_width=\u00a0\u00bbstretch_row\u00a0\u00bb css=\u00a0\u00bb.vc_custom_1558349105481{padding-top: 60px !important;padding-bottom: 80px !important;}\u00a0\u00bb][vc_row][vc_column][vc_custom_heading text=\u00a0\u00bbSolutions partenaires\u00a0\u00bb font_container=\u00a0\u00bbtag:h3|text_align:center\u00a0\u00bb use_theme_fonts=\u00a0\u00bbyes\u00a0\u00bb css_animation=\u00a0\u00bbnone\u00a0\u00bb][vc_row_inner css=\u00a0\u00bb.vc_custom_1557738902157{padding-top: 50px !important;padding-bottom: 50px !important;}\u00a0\u00bb][vc_column_inner width=\u00a0\u00bb1\/6&Prime;][\/vc_column_inner][vc_column_inner width=\u00a0\u00bb2\/6&Prime;][vc_single_image image=\u00a0\u00bb2500&Prime; img_size=\u00a0\u00bb\u00a0\u00bb alignment=\u00a0\u00bbcenter\u00a0\u00bb el_class=\u00a0\u00bbimg-responsive\u00a0\u00bb][vc_column_text]Google Cloud Platform propose une gamme de services d\u2019h\u00e9bergement con\u00e7us pour l\u2019informatique, le stockage et le d\u00e9veloppement d\u2019applications.[\/vc_column_text][\/vc_column_inner][vc_column_inner width=\u00a0\u00bb2\/6&Prime;][vc_single_image image=\u00a0\u00bb4043&Prime; img_size=\u00a0\u00bb\u00a0\u00bb alignment=\u00a0\u00bbcenter\u00a0\u00bb el_class=\u00a0\u00bbimg-responsive\u00a0\u00bb][vc_column_text]Gr\u00e2ce aux centres de donn\u00e9es g\u00e9r\u00e9s par Microsoft, le cloud Microsoft aidera votre organisation \u00e0 concevoir, tester, d\u00e9ployer et g\u00e9rer des applications et des services.[\/vc_column_text][\/vc_column_inner][vc_column_inner width=\u00a0\u00bb1\/6&Prime;][\/vc_column_inner][\/vc_row_inner][\/vc_column][\/vc_row][\/vc_section]<\/p>\n<\/div>","protected":false},"excerpt":{"rendered":"<p>[vc_section full_width=\u00a0\u00bbstretch_row\u00a0\u00bb css_animation=\u00a0\u00bbnone\u00a0\u00bb el_class=\u00a0\u00bbtext-white mask\u00a0\u00bb css=\u00a0\u00bb.vc_custom_1622032243557{padding-top: 15% !important;padding-bottom: 15% !important;background-image: url(https:\/\/www.brams.com\/wp-content\/uploads\/2019\/10\/transformation-d\u2019application.jpeg?id=4698) !important;background-position: center !important;background-repeat: no-repeat !important;background-size: cover !important;}\u00a0\u00bb][vc_row full_width=\u00a0\u00bbstretch_row\u00a0\u00bb css_animation=\u00a0\u00bbnone\u00a0\u00bb][vc_column][vc_custom_heading text=\u00a0\u00bbSOLUTIONS\u00a0\u00bb font_container=\u00a0\u00bbtag:div|font_size:1.5rem|text_align:center\u00a0\u00bb use_theme_fonts=\u00a0\u00bbyes\u00a0\u00bb css_animation=\u00a0\u00bbnone\u00a0\u00bb el_class=\u00a0\u00bbfont-weight-300&Prime;][vc_custom_heading text=\u00a0\u00bbTransformation d&rsquo;application\u00a0\u00bb font_container=\u00a0\u00bbtag:h1|font_size:4rem|text_align:center|color:%23ffffff\u00a0\u00bb use_theme_fonts=\u00a0\u00bbyes\u00a0\u00bb css_animation=\u00a0\u00bbnone\u00a0\u00bb el_class=\u00a0\u00bbresp-heading\u00a0\u00bb][vc_empty_space height=\u00a0\u00bb20px\u00a0\u00bb][\/vc_column][\/vc_row][vc_row full_width=\u00a0\u00bbstretch_row\u00a0\u00bb css_animation=\u00a0\u00bbnone\u00a0\u00bb][vc_column width=\u00a0\u00bb1\/4&Prime;][\/vc_column][vc_column width=\u00a0\u00bb1\/2&Prime;][vc_column_text el_class=\u00a0\u00bbtext-center\u00a0\u00bb css=\u00a0\u00bb.vc_custom_1573830392830{padding-top: 10px !important;padding-right: 10px !important;padding-bottom: 10px !important;padding-left: 10px !important;background-color: rgba(35,35,35,0.65) !important;*background-color: rgb(35,35,35) !important;}\u00a0\u00bb]Forts d&rsquo;une solide exp\u00e9rience, nous \u00e9laborons [&hellip;]<\/p>\n","protected":false},"author":1,"featured_media":0,"parent":5063,"menu_order":0,"comment_status":"closed","ping_status":"closed","template":"","meta":{"content-type":"","_monsterinsights_skip_tracking":false,"_monsterinsights_sitenote_active":false,"_monsterinsights_sitenote_note":"","_monsterinsights_sitenote_category":0,"footnotes":""},"class_list":["post-5067","page","type-page","status-publish","hentry"],"yoast_head":"<!-- This site is optimized with the Yoast SEO plugin v22.1 - https:\/\/yoast.com\/wordpress\/plugins\/seo\/ -->\n<title>Transformation d&#039;application - Pourquoi avez-vous besoin d&#039;une ...<\/title>\n<meta name=\"description\" content=\"Transformation d&#039;application Forts d\u2019une solide exp\u00e9rience, nous \u00e9laborons les meilleures strat\u00e9gies de d\u00e9veloppement pour transf\u00e9rer rapidement ...\" \/>\n<meta name=\"robots\" content=\"index, follow, max-snippet:-1, max-image-preview:large, max-video-preview:-1\" \/>\n<link rel=\"canonical\" href=\"https:\/\/www.brams.com\/fr\/solutions\/transformation-dapplication\/\" \/>\n<meta property=\"og:locale\" content=\"fr_FR\" \/>\n<meta property=\"og:type\" content=\"article\" \/>\n<meta property=\"og:title\" content=\"Transformation d&#039;application - Pourquoi avez-vous besoin d&#039;une ...\" \/>\n<meta property=\"og:description\" content=\"Transformation d&#039;application Forts d\u2019une solide exp\u00e9rience, nous \u00e9laborons les meilleures strat\u00e9gies de d\u00e9veloppement pour transf\u00e9rer rapidement ...\" \/>\n<meta property=\"og:url\" content=\"https:\/\/www.brams.com\/fr\/solutions\/transformation-dapplication\/\" \/>\n<meta property=\"og:site_name\" content=\"Brams\" \/>\n<meta property=\"article:modified_time\" content=\"2021-06-02T13:08:42+00:00\" \/>\n<meta property=\"og:image\" content=\"https:\/\/www.brams.com\/wp-content\/uploads\/2019\/11\/PICTO-BRAMS.png\" \/>\n\t<meta property=\"og:image:width\" content=\"218\" \/>\n\t<meta property=\"og:image:height\" content=\"218\" \/>\n\t<meta property=\"og:image:type\" content=\"image\/png\" \/>\n<meta name=\"twitter:card\" content=\"summary_large_image\" \/>\n<meta name=\"twitter:site\" content=\"@bramsfz\" \/>\n<meta name=\"twitter:label1\" content=\"Dur\u00e9e de lecture estim\u00e9e\" \/>\n\t<meta name=\"twitter:data1\" content=\"3 minutes\" \/>\n<script type=\"application\/ld+json\" class=\"yoast-schema-graph\">{\"@context\":\"https:\/\/schema.org\",\"@graph\":[{\"@type\":\"WebPage\",\"@id\":\"https:\/\/www.brams.com\/fr\/solutions\/transformation-dapplication\/\",\"url\":\"https:\/\/www.brams.com\/fr\/solutions\/transformation-dapplication\/\",\"name\":\"Transformation d'application - Pourquoi avez-vous besoin d'une ...\",\"isPartOf\":{\"@id\":\"https:\/\/www.brams.com\/#website\"},\"datePublished\":\"2018-08-08T10:07:27+00:00\",\"dateModified\":\"2021-06-02T13:08:42+00:00\",\"description\":\"Transformation d'application Forts d\u2019une solide exp\u00e9rience, nous \u00e9laborons les meilleures strat\u00e9gies de d\u00e9veloppement pour transf\u00e9rer rapidement ...\",\"breadcrumb\":{\"@id\":\"https:\/\/www.brams.com\/fr\/solutions\/transformation-dapplication\/#breadcrumb\"},\"inLanguage\":\"fr-FR\",\"potentialAction\":[{\"@type\":\"ReadAction\",\"target\":[\"https:\/\/www.brams.com\/fr\/solutions\/transformation-dapplication\/\"]}]},{\"@type\":\"BreadcrumbList\",\"@id\":\"https:\/\/www.brams.com\/fr\/solutions\/transformation-dapplication\/#breadcrumb\",\"itemListElement\":[{\"@type\":\"ListItem\",\"position\":1,\"name\":\"Home\",\"item\":\"https:\/\/www.brams.com\/fr\/\"},{\"@type\":\"ListItem\",\"position\":2,\"name\":\"Solutions\",\"item\":\"https:\/\/www.brams.com\/fr\/solutions\/\"},{\"@type\":\"ListItem\",\"position\":3,\"name\":\"Transformation d&#8217;application\"}]},{\"@type\":\"WebSite\",\"@id\":\"https:\/\/www.brams.com\/#website\",\"url\":\"https:\/\/www.brams.com\/\",\"name\":\"Brams\",\"description\":\"A world-leading cloud specialist with over 19 years of experience.\",\"publisher\":{\"@id\":\"https:\/\/www.brams.com\/#organization\"},\"potentialAction\":[{\"@type\":\"SearchAction\",\"target\":{\"@type\":\"EntryPoint\",\"urlTemplate\":\"https:\/\/www.brams.com\/?s={search_term_string}\"},\"query-input\":\"required name=search_term_string\"}],\"inLanguage\":\"fr-FR\"},{\"@type\":\"Organization\",\"@id\":\"https:\/\/www.brams.com\/#organization\",\"name\":\"Brams\",\"url\":\"https:\/\/www.brams.com\/\",\"logo\":{\"@type\":\"ImageObject\",\"inLanguage\":\"fr-FR\",\"@id\":\"https:\/\/www.brams.com\/#\/schema\/logo\/image\/\",\"url\":\"https:\/\/www.brams.com\/wp-content\/uploads\/2019\/12\/brams-logo.jpg\",\"contentUrl\":\"https:\/\/www.brams.com\/wp-content\/uploads\/2019\/12\/brams-logo.jpg\",\"width\":400,\"height\":108,\"caption\":\"Brams\"},\"image\":{\"@id\":\"https:\/\/www.brams.com\/#\/schema\/logo\/image\/\"},\"sameAs\":[\"https:\/\/twitter.com\/bramsfz\",\"https:\/\/www.linkedin.com\/company\/brams-technologies\/\"]}]}<\/script>\n<!-- \/ Yoast SEO plugin. -->","yoast_head_json":{"title":"Transformation d'application - Pourquoi avez-vous besoin d'une ...","description":"Transformation d'application Forts d\u2019une solide exp\u00e9rience, nous \u00e9laborons les meilleures strat\u00e9gies de d\u00e9veloppement pour transf\u00e9rer rapidement ...","robots":{"index":"index","follow":"follow","max-snippet":"max-snippet:-1","max-image-preview":"max-image-preview:large","max-video-preview":"max-video-preview:-1"},"canonical":"https:\/\/www.brams.com\/fr\/solutions\/transformation-dapplication\/","og_locale":"fr_FR","og_type":"article","og_title":"Transformation d'application - Pourquoi avez-vous besoin d'une ...","og_description":"Transformation d'application Forts d\u2019une solide exp\u00e9rience, nous \u00e9laborons les meilleures strat\u00e9gies de d\u00e9veloppement pour transf\u00e9rer rapidement ...","og_url":"https:\/\/www.brams.com\/fr\/solutions\/transformation-dapplication\/","og_site_name":"Brams","article_modified_time":"2021-06-02T13:08:42+00:00","og_image":[{"width":218,"height":218,"url":"https:\/\/www.brams.com\/wp-content\/uploads\/2019\/11\/PICTO-BRAMS.png","type":"image\/png"}],"twitter_card":"summary_large_image","twitter_site":"@bramsfz","twitter_misc":{"Dur\u00e9e de lecture estim\u00e9e":"3 minutes"},"schema":{"@context":"https:\/\/schema.org","@graph":[{"@type":"WebPage","@id":"https:\/\/www.brams.com\/fr\/solutions\/transformation-dapplication\/","url":"https:\/\/www.brams.com\/fr\/solutions\/transformation-dapplication\/","name":"Transformation d'application - Pourquoi avez-vous besoin d'une ...","isPartOf":{"@id":"https:\/\/www.brams.com\/#website"},"datePublished":"2018-08-08T10:07:27+00:00","dateModified":"2021-06-02T13:08:42+00:00","description":"Transformation d'application Forts d\u2019une solide exp\u00e9rience, nous \u00e9laborons les meilleures strat\u00e9gies de d\u00e9veloppement pour transf\u00e9rer rapidement ...","breadcrumb":{"@id":"https:\/\/www.brams.com\/fr\/solutions\/transformation-dapplication\/#breadcrumb"},"inLanguage":"fr-FR","potentialAction":[{"@type":"ReadAction","target":["https:\/\/www.brams.com\/fr\/solutions\/transformation-dapplication\/"]}]},{"@type":"BreadcrumbList","@id":"https:\/\/www.brams.com\/fr\/solutions\/transformation-dapplication\/#breadcrumb","itemListElement":[{"@type":"ListItem","position":1,"name":"Home","item":"https:\/\/www.brams.com\/fr\/"},{"@type":"ListItem","position":2,"name":"Solutions","item":"https:\/\/www.brams.com\/fr\/solutions\/"},{"@type":"ListItem","position":3,"name":"Transformation d&#8217;application"}]},{"@type":"WebSite","@id":"https:\/\/www.brams.com\/#website","url":"https:\/\/www.brams.com\/","name":"Brams","description":"A world-leading cloud specialist with over 19 years of experience.","publisher":{"@id":"https:\/\/www.brams.com\/#organization"},"potentialAction":[{"@type":"SearchAction","target":{"@type":"EntryPoint","urlTemplate":"https:\/\/www.brams.com\/?s={search_term_string}"},"query-input":"required name=search_term_string"}],"inLanguage":"fr-FR"},{"@type":"Organization","@id":"https:\/\/www.brams.com\/#organization","name":"Brams","url":"https:\/\/www.brams.com\/","logo":{"@type":"ImageObject","inLanguage":"fr-FR","@id":"https:\/\/www.brams.com\/#\/schema\/logo\/image\/","url":"https:\/\/www.brams.com\/wp-content\/uploads\/2019\/12\/brams-logo.jpg","contentUrl":"https:\/\/www.brams.com\/wp-content\/uploads\/2019\/12\/brams-logo.jpg","width":400,"height":108,"caption":"Brams"},"image":{"@id":"https:\/\/www.brams.com\/#\/schema\/logo\/image\/"},"sameAs":["https:\/\/twitter.com\/bramsfz","https:\/\/www.linkedin.com\/company\/brams-technologies\/"]}]}},"_links":{"self":[{"href":"https:\/\/www.brams.com\/fr\/wp-json\/wp\/v2\/pages\/5067","targetHints":{"allow":["GET"]}}],"collection":[{"href":"https:\/\/www.brams.com\/fr\/wp-json\/wp\/v2\/pages"}],"about":[{"href":"https:\/\/www.brams.com\/fr\/wp-json\/wp\/v2\/types\/page"}],"author":[{"embeddable":true,"href":"https:\/\/www.brams.com\/fr\/wp-json\/wp\/v2\/users\/1"}],"replies":[{"embeddable":true,"href":"https:\/\/www.brams.com\/fr\/wp-json\/wp\/v2\/comments?post=5067"}],"version-history":[{"count":3,"href":"https:\/\/www.brams.com\/fr\/wp-json\/wp\/v2\/pages\/5067\/revisions"}],"predecessor-version":[{"id":5069,"href":"https:\/\/www.brams.com\/fr\/wp-json\/wp\/v2\/pages\/5067\/revisions\/5069"}],"up":[{"embeddable":true,"href":"https:\/\/www.brams.com\/fr\/wp-json\/wp\/v2\/pages\/5063"}],"wp:attachment":[{"href":"https:\/\/www.brams.com\/fr\/wp-json\/wp\/v2\/media?parent=5067"}],"curies":[{"name":"wp","href":"https:\/\/api.w.org\/{rel}","templated":true}]}}