{"id":5063,"date":"2019-05-13T11:27:06","date_gmt":"2019-05-13T11:27:06","guid":{"rendered":"https:\/\/brams.com\/solutions\/"},"modified":"2020-01-08T14:31:48","modified_gmt":"2020-01-08T14:31:48","slug":"solutions","status":"publish","type":"page","link":"https:\/\/www.brams.com\/fr\/solutions\/","title":{"rendered":"Solutions"},"content":{"rendered":"<div class=\"wpb-content-wrapper\"><p>[vc_section full_width=\u00a0\u00bbstretch_row\u00a0\u00bb css=\u00a0\u00bb.vc_custom_1558351409777{padding-top: 80px !important;padding-bottom: 50px !important;}\u00a0\u00bb][vc_row][vc_column width=\u00a0\u00bb1\/6&Prime;][\/vc_column][vc_column width=\u00a0\u00bb2\/3&Prime;][vc_custom_heading text=\u00a0\u00bbRegarder \u00e0 travers les yeux de nos clients\u00a0\u00bb font_container=\u00a0\u00bbtag:h1|font_size:4rem|text_align:center\u00a0\u00bb use_theme_fonts=\u00a0\u00bbyes\u00a0\u00bb el_class=\u00a0\u00bbresp-heading\u00a0\u00bb][vc_empty_space height=\u00a0\u00bb20px\u00a0\u00bb][vc_column_text el_class=\u00a0\u00bbtext-center\u00a0\u00bb]Pour faire du digital une opportunit\u00e9 et un atout. Nous \u0153uvrons chaque jour \u00e0 r\u00e9unir de l\u2019expertises, des technologies de pointe et des talents d\u00e9vou\u00e9s, pour offrir des solutions adapt\u00e9es pour chacun de nos 1500 clients.<br \/>\nNous intervenons ainsi dans accompagnement de nos clients dans leurs transformations op\u00e9rationnelles, digitales et syst\u00e8mes en concevant, fournissant et g\u00e9rant une large gamme de solutions et de services technologiques.[\/vc_column_text][\/vc_column][vc_column width=\u00a0\u00bb1\/6&Prime;][\/vc_column][\/vc_row][\/vc_section][vc_section css=\u00a0\u00bb.vc_custom_1573212426571{padding-bottom: 0px !important;}\u00a0\u00bb][vc_row css=\u00a0\u00bb.vc_custom_1574874181508{padding-bottom: 30px !important;}\u00a0\u00bb el_class=\u00a0\u00bbvc-desktop\u00a0\u00bb][vc_column][vc_custom_heading text=\u00a0\u00bbLe moyen le plus rapide de devenir une entreprise digitalement accultur\u00e9e\u00a0\u00bb font_container=\u00a0\u00bbtag:h3|text_align:center\u00a0\u00bb use_theme_fonts=\u00a0\u00bbyes\u00a0\u00bb][vc_empty_space height=\u00a0\u00bb20px\u00a0\u00bb][vc_row_inner][vc_column_inner width=\u00a0\u00bb1\/2&Prime;][vc_empty_space height=\u00a0\u00bb20px\u00a0\u00bb][vc_single_image image=\u00a0\u00bb4698&Prime; img_size=\u00a0\u00bb800&#215;500&Prime; alignment=\u00a0\u00bbcenter\u00a0\u00bb][\/vc_column_inner][vc_column_inner width=\u00a0\u00bb1\/2&Prime;][vc_column_text]<\/p>\n<h4><a href=\"https:\/\/www.brams.com\/fr\/solutions\/transformation-dapplication\/\">Transformation d&rsquo;Application<\/a><\/h4>\n<p>Forts d&rsquo;une solide exp\u00e9rience, nous \u00e9laborons les meilleures strat\u00e9gies de d\u00e9veloppement pour transf\u00e9rer rapidement, et en toute s\u00e9curit\u00e9, les applications de nos clients vers le cloud.<\/p>\n<p><a class=\"button no-bg\" href=\"https:\/\/www.brams.com\/fr\/solutions\/transformation-dapplication\/\">En savoir plus<\/a>[\/vc_column_text][\/vc_column_inner][\/vc_row_inner][vc_empty_space height=\u00a0\u00bb20px\u00a0\u00bb][vc_row_inner css=\u00a0\u00bb.vc_custom_1573824658489{margin-right: 0px !important;margin-left: 0px !important;padding-bottom: 20px !important;background-color: rgba(148,153,166,0.1) !important;*background-color: rgb(148,153,166) !important;}\u00a0\u00bb][vc_column_inner width=\u00a0\u00bb1\/2&Prime;][vc_column_text]<\/p>\n<h4><a href=\"https:\/\/www.brams.com\/fr\/solutions\/transformation-digitale\/\">Transformation Digitale<\/a><\/h4>\n<p>Aider nos clients \u00e0 cr\u00e9er une culture num\u00e9rique ax\u00e9e sur le digital afin d&rsquo;am\u00e9liorer leurs performances commerciales et d&rsquo;apporter une r\u00e9elle valeur ajout\u00e9e \u00e0 leurs clients finaux.<\/p>\n<p><a class=\"button no-bg\" href=\"https:\/\/www.brams.com\/fr\/solutions\/transformation-digitale\/\">En savoir plus<\/a>[\/vc_column_text][\/vc_column_inner][vc_column_inner width=\u00a0\u00bb1\/2&Prime;][vc_empty_space height=\u00a0\u00bb20px\u00a0\u00bb][vc_single_image image=\u00a0\u00bb4693&Prime; img_size=\u00a0\u00bb800&#215;500&Prime; alignment=\u00a0\u00bbcenter\u00a0\u00bb][\/vc_column_inner][\/vc_row_inner][vc_empty_space height=\u00a0\u00bb20px\u00a0\u00bb][vc_row_inner][vc_column_inner width=\u00a0\u00bb1\/2&Prime;][vc_empty_space height=\u00a0\u00bb20px\u00a0\u00bb][vc_single_image image=\u00a0\u00bb4685&Prime; img_size=\u00a0\u00bb800&#215;500&Prime; alignment=\u00a0\u00bbcenter\u00a0\u00bb][\/vc_column_inner][vc_column_inner width=\u00a0\u00bb1\/2&Prime;][vc_column_text]<\/p>\n<h4><a href=\"https:\/\/www.brams.com\/fr\/solutions\/espace-de-travail-numerique-et-mobilite\/\">Espace de Travail Num\u00e9rique et Mobilit\u00e9<\/a><\/h4>\n<p>Cr\u00e9\u00e9 pour r\u00e9pondre aux demandes des entreprises modernes, le Digital Workplace r\u00e9duit les co\u00fbts op\u00e9rationnels en favorisant la mobilit\u00e9 et l&rsquo;\u00e9change d&rsquo;informations entre les salari\u00e9s.<\/p>\n<p><a class=\"button no-bg\" href=\"https:\/\/www.brams.com\/fr\/solutions\/espace-de-travail-numerique-et-mobilite\/\">En savoir plus<\/a>[\/vc_column_text][\/vc_column_inner][\/vc_row_inner][vc_empty_space height=\u00a0\u00bb20px\u00a0\u00bb][vc_row_inner css=\u00a0\u00bb.vc_custom_1573824667836{margin-right: 0px !important;margin-left: 0px !important;padding-bottom: 20px !important;background-color: rgba(148,153,166,0.1) !important;*background-color: rgb(148,153,166) !important;}\u00a0\u00bb][vc_column_inner width=\u00a0\u00bb1\/2&Prime;][vc_column_text]<\/p>\n<h4><a href=\"https:\/\/www.brams.com\/fr\/solutions\/experience-client-digitale\/\">Exp\u00e9rience Client Digitale<\/a><\/h4>\n<p>Nos sp\u00e9cialistes du num\u00e9rique aident nos clients \u00e0 r\u00e9fl\u00e9chir diff\u00e9remment \u00e0 leur approche d&rsquo;engagement client et \u00e0 d\u00e9terminer comment le digital s&rsquo;int\u00e8gre dans le parcours global du client.<\/p>\n<p><a class=\"button no-bg\" href=\"https:\/\/www.brams.com\/fr\/solutions\/experience-client-digitale\/\">En savoir plus<\/a>[\/vc_column_text][\/vc_column_inner][vc_column_inner width=\u00a0\u00bb1\/2&Prime;][vc_empty_space height=\u00a0\u00bb20px\u00a0\u00bb][vc_single_image image=\u00a0\u00bb4686&Prime; img_size=\u00a0\u00bb800&#215;500&Prime; alignment=\u00a0\u00bbcenter\u00a0\u00bb][\/vc_column_inner][\/vc_row_inner][vc_empty_space height=\u00a0\u00bb20px\u00a0\u00bb][vc_row_inner][vc_column_inner width=\u00a0\u00bb1\/2&Prime;][vc_empty_space height=\u00a0\u00bb20px\u00a0\u00bb][vc_single_image image=\u00a0\u00bb4687&Prime; img_size=\u00a0\u00bb800&#215;500&Prime; alignment=\u00a0\u00bbcenter\u00a0\u00bb][\/vc_column_inner][vc_column_inner width=\u00a0\u00bb1\/2&Prime;][vc_column_text]<\/p>\n<h4><a href=\"https:\/\/www.brams.com\/fr\/solutions\/analyse-des-donnees\/\">Analyse des donn\u00e9es<\/a><\/h4>\n<p>Pour rester au courant des tendances de l&rsquo;industrie et des nouvelles technologies, BRAMS favorise une culture d&rsquo;apprentissage et d&rsquo;ouverture. Nous travaillons en \u00e9troite collaboration avec nos employ\u00e9s pour faciliter la diversification des comp\u00e9tences et le d\u00e9veloppement de carri\u00e8re.<\/p>\n<p><a class=\"button no-bg\" href=\"https:\/\/www.brams.com\/fr\/solutions\/analyse-des-donnees\/\">En savoir plus<\/a>[\/vc_column_text][\/vc_column_inner][\/vc_row_inner][\/vc_column][\/vc_row][\/vc_section][vc_section css=\u00a0\u00bb.vc_custom_1573212444800{padding-bottom: 0px !important;}\u00a0\u00bb][vc_row css=\u00a0\u00bb.vc_custom_1574874195593{padding-bottom: 30px !important;}\u00a0\u00bb el_class=\u00a0\u00bbvc-mobile\u00a0\u00bb][vc_column][vc_custom_heading text=\u00a0\u00bbLe moyen le plus rapide de devenir une entreprise digitalement accultur\u00e9e\u00a0\u00bb font_container=\u00a0\u00bbtag:h3|text_align:center\u00a0\u00bb use_theme_fonts=\u00a0\u00bbyes\u00a0\u00bb][vc_empty_space height=\u00a0\u00bb20px\u00a0\u00bb][vc_row_inner][vc_column_inner width=\u00a0\u00bb1\/2&Prime;][vc_empty_space height=\u00a0\u00bb20px\u00a0\u00bb][vc_single_image image=\u00a0\u00bb4698&Prime; img_size=\u00a0\u00bb800&#215;500&Prime; alignment=\u00a0\u00bbcenter\u00a0\u00bb][\/vc_column_inner][vc_column_inner width=\u00a0\u00bb1\/2&Prime;][vc_column_text]<\/p>\n<h4><a href=\"https:\/\/www.brams.com\/fr\/solutions\/transformation-dapplication\/\">Transformation d&rsquo;Application<\/a><\/h4>\n<p>Forts d&rsquo;une solide exp\u00e9rience, nous \u00e9laborons les meilleures strat\u00e9gies de d\u00e9veloppement pour transf\u00e9rer rapidement, et en toute s\u00e9curit\u00e9, les applications de nos clients vers le cloud.<\/p>\n<p><a class=\"button no-bg\" href=\"https:\/\/www.brams.com\/fr\/solutions\/transformation-dapplication\/\">En savoir plus<\/a>[\/vc_column_text][\/vc_column_inner][\/vc_row_inner][vc_empty_space height=\u00a0\u00bb20px\u00a0\u00bb][vc_row_inner css=\u00a0\u00bb.vc_custom_1562108604577{background-color: rgba(148,153,166,0.1) !important;*background-color: rgb(148,153,166) !important;}\u00a0\u00bb][vc_column_inner width=\u00a0\u00bb1\/2&Prime;][vc_empty_space height=\u00a0\u00bb20px\u00a0\u00bb][vc_single_image image=\u00a0\u00bb4693&Prime; img_size=\u00a0\u00bb800&#215;500&Prime; alignment=\u00a0\u00bbcenter\u00a0\u00bb][\/vc_column_inner][vc_column_inner width=\u00a0\u00bb1\/2&Prime;][vc_column_text]<\/p>\n<h4><a href=\"https:\/\/www.brams.com\/fr\/solutions\/transformation-digitale\/\">Transformation Digitale<\/a><\/h4>\n<p>Aider nos clients \u00e0 cr\u00e9er une culture num\u00e9rique ax\u00e9e sur le digital afin d&rsquo;am\u00e9liorer leurs performances commerciales et d&rsquo;apporter une r\u00e9elle valeur ajout\u00e9e \u00e0 leurs clients finaux.<\/p>\n<p><a class=\"button no-bg\" href=\"https:\/\/www.brams.com\/fr\/solutions\/transformation-digitale\/\">En savoir plus<\/a>[\/vc_column_text][\/vc_column_inner][\/vc_row_inner][vc_empty_space height=\u00a0\u00bb20px\u00a0\u00bb][vc_row_inner][vc_column_inner width=\u00a0\u00bb1\/2&Prime;][vc_empty_space height=\u00a0\u00bb20px\u00a0\u00bb][vc_single_image image=\u00a0\u00bb4685&Prime; img_size=\u00a0\u00bb800&#215;500&Prime; alignment=\u00a0\u00bbcenter\u00a0\u00bb][\/vc_column_inner][vc_column_inner width=\u00a0\u00bb1\/2&Prime;][vc_column_text]<\/p>\n<h4><a href=\"https:\/\/www.brams.com\/fr\/solutions\/espace-de-travail-numerique-et-mobilite\/\">Espace de Travail Num\u00e9rique et Mobilit\u00e9<\/a><\/h4>\n<p>Cr\u00e9\u00e9 pour r\u00e9pondre aux demandes des entreprises modernes, le Digital Workplace r\u00e9duit les co\u00fbts op\u00e9rationnels en favorisant la mobilit\u00e9 et l&rsquo;\u00e9change d&rsquo;informations entre les salari\u00e9s.<\/p>\n<p><a class=\"button no-bg\" href=\"https:\/\/www.brams.com\/fr\/solutions\/espace-de-travail-numerique-et-mobilite\/\">En savoir plus<\/a>[\/vc_column_text][\/vc_column_inner][\/vc_row_inner][vc_empty_space height=\u00a0\u00bb20px\u00a0\u00bb][vc_row_inner css=\u00a0\u00bb.vc_custom_1562108662965{background-color: rgba(148,153,166,0.1) !important;*background-color: rgb(148,153,166) !important;}\u00a0\u00bb][vc_column_inner width=\u00a0\u00bb1\/2&Prime;][vc_empty_space height=\u00a0\u00bb20px\u00a0\u00bb][vc_single_image image=\u00a0\u00bb4686&Prime; img_size=\u00a0\u00bb800&#215;500&Prime; alignment=\u00a0\u00bbcenter\u00a0\u00bb][\/vc_column_inner][vc_column_inner width=\u00a0\u00bb1\/2&Prime;][vc_column_text]<\/p>\n<h4><a href=\"https:\/\/www.brams.com\/fr\/solutions\/experience-client-digitale\/\">Exp\u00e9rience Client Digitale<\/a><\/h4>\n<p>Nos sp\u00e9cialistes du num\u00e9rique aident nos clients \u00e0 r\u00e9fl\u00e9chir diff\u00e9remment \u00e0 leur approche d&rsquo;engagement client et \u00e0 d\u00e9terminer comment le digital s&rsquo;int\u00e8gre dans le parcours global du client.<\/p>\n<p><a class=\"button no-bg\" href=\"https:\/\/www.brams.com\/fr\/solutions\/experience-client-digitale\/\">En savoir plus<\/a>[\/vc_column_text][\/vc_column_inner][\/vc_row_inner][vc_empty_space height=\u00a0\u00bb20px\u00a0\u00bb][vc_row_inner][vc_column_inner width=\u00a0\u00bb1\/2&Prime;][vc_empty_space height=\u00a0\u00bb20px\u00a0\u00bb][vc_single_image image=\u00a0\u00bb4687&Prime; img_size=\u00a0\u00bb800&#215;500&Prime; alignment=\u00a0\u00bbcenter\u00a0\u00bb][\/vc_column_inner][vc_column_inner width=\u00a0\u00bb1\/2&Prime;][vc_column_text]<\/p>\n<h4><a href=\"https:\/\/www.brams.com\/fr\/solutions\/analyse-des-donnees\/\">Analyse des donn\u00e9es<\/a><\/h4>\n<p>Pour rester au courant des tendances de l&rsquo;industrie et des nouvelles technologies, BRAMS favorise une culture d&rsquo;apprentissage et d&rsquo;ouverture. Nous travaillons en \u00e9troite collaboration avec nos employ\u00e9s pour faciliter la diversification des comp\u00e9tences et le d\u00e9veloppement de carri\u00e8re.<\/p>\n<p><a class=\"button no-bg\" href=\"https:\/\/www.brams.com\/fr\/solutions\/analyse-des-donnees\/\">En savoir plus<\/a>[\/vc_column_text][\/vc_column_inner][\/vc_row_inner][\/vc_column][\/vc_row][\/vc_section][vc_section full_width=\u00a0\u00bbstretch_row\u00a0\u00bb disable_element=\u00a0\u00bbyes\u00a0\u00bb css=\u00a0\u00bb.vc_custom_1558556053181{padding-top: 50px !important;padding-bottom: 80px !important;}\u00a0\u00bb][vc_row css_animation=\u00a0\u00bbnone\u00a0\u00bb css=\u00a0\u00bb.vc_custom_1558352512960{padding-bottom: 30px !important;}\u00a0\u00bb][vc_column width=\u00a0\u00bb1\/3&Prime;]<div class=\"iconbox btn-more-dots \">\n\n\t<h4 class=\"box-title\">Application Transformation<\/h4>\n\t<div class=\"box-detail\">\n\t\t<p>Based on extensive industry experience, we create the best development and architectural strategies to move our customers legacy application to the cloud quickly and securely.<\/p>\n\t\n\t<\/div>\n\t\t\n\t\n\t\t<div class=\"box-readmore\">\n\t\t\t<a class=\"button no-bg\" href=\"\/solutions\/application-transformation\/\">...<\/a>\n\t\t<\/div>\n<\/div>[\/vc_column][vc_column width=\u00a0\u00bb1\/3&Prime;]<div class=\"iconbox btn-more-dots \">\n\n\t<h4 class=\"box-title\">Digital Business Transformation<\/h4>\n\t<div class=\"box-detail\">\n\t\t<p>Help our customers build a digital information-oriented culture to significantly improve their business performance and deliver real added value to their customers.<\/p>\n\t\n\t<\/div>\n\t\t\n\t\n\t\t<div class=\"box-readmore\">\n\t\t\t<a class=\"button no-bg\" href=\"\/solutions\/digital-business-transformation\/\">...<\/a>\n\t\t<\/div>\n<\/div>[\/vc_column][vc_column width=\u00a0\u00bb1\/3&Prime;]<div class=\"iconbox btn-more-dots \">\n\n\t<h4 class=\"box-title\">Digital Workplace and Mobility Solutions<\/h4>\n\t<div class=\"box-detail\">\n\t\t<p>Because the nature of work is constantly changing, our Digital Workplace and Mobility Solutions are effective in helping our customers attract, engage and retain their employees and staff.<\/p>\n\t\n\t<\/div>\n\t\t\n\t\n\t\t<div class=\"box-readmore\">\n\t\t\t<a class=\"button no-bg\" href=\"\/solutions\/digital-workplace-mobility\/\">...<\/a>\n\t\t<\/div>\n<\/div>[\/vc_column][\/vc_row][vc_row css_animation=\u00a0\u00bbnone\u00a0\u00bb][vc_column width=\u00a0\u00bb1\/3&Prime;]<div class=\"iconbox btn-more-dots \">\n\n\t<h4 class=\"box-title\">Digital Customer Experience<\/h4>\n\t<div class=\"box-detail\">\n\t\t<p>Our digitally-minded specialists help our customers think differently about their customer engagement approach and identify how digital fits into the overall customer journey.<\/p>\n\t\n\t<\/div>\n\t\t\n\t\n\t\t<div class=\"box-readmore\">\n\t\t\t<a class=\"button no-bg\" href=\"\/solutions\/digital-customer-experience\/\">...<\/a>\n\t\t<\/div>\n<\/div>[\/vc_column][vc_column width=\u00a0\u00bb1\/3&Prime;]<div class=\"iconbox btn-more-dots \">\n\n\t<h4 class=\"box-title\">Data Analytics<\/h4>\n\t<div class=\"box-detail\">\n\t\t<p>We work closely with our clients to create bespoke solutions that incorporate data analytics to promote better decision-making that is backed by real-time data.<\/p>\n\t\n\t<\/div>\n\t\t\n\t\n\t\t<div class=\"box-readmore\">\n\t\t\t<a class=\"button no-bg\" href=\"\/solutions\/data-analytics\/\">...<\/a>\n\t\t<\/div>\n<\/div>[\/vc_column][vc_column width=\u00a0\u00bb1\/3&Prime;][\/vc_column][\/vc_row][\/vc_section]<\/p>\n<\/div>","protected":false},"excerpt":{"rendered":"<p>[vc_section full_width=\u00a0\u00bbstretch_row\u00a0\u00bb css=\u00a0\u00bb.vc_custom_1558351409777{padding-top: 80px !important;padding-bottom: 50px !important;}\u00a0\u00bb][vc_row][vc_column width=\u00a0\u00bb1\/6&Prime;][\/vc_column][vc_column width=\u00a0\u00bb2\/3&Prime;][vc_custom_heading text=\u00a0\u00bbRegarder \u00e0 travers les yeux de nos clients\u00a0\u00bb font_container=\u00a0\u00bbtag:h1|font_size:4rem|text_align:center\u00a0\u00bb use_theme_fonts=\u00a0\u00bbyes\u00a0\u00bb el_class=\u00a0\u00bbresp-heading\u00a0\u00bb][vc_empty_space height=\u00a0\u00bb20px\u00a0\u00bb][vc_column_text el_class=\u00a0\u00bbtext-center\u00a0\u00bb]Pour faire du digital une opportunit\u00e9 et un atout. Nous \u0153uvrons chaque jour \u00e0 r\u00e9unir de l\u2019expertises, des technologies de pointe et des talents d\u00e9vou\u00e9s, pour offrir des solutions adapt\u00e9es pour chacun de nos [&hellip;]<\/p>\n","protected":false},"author":1,"featured_media":0,"parent":0,"menu_order":20,"comment_status":"closed","ping_status":"closed","template":"","meta":{"content-type":"","_monsterinsights_skip_tracking":false,"_monsterinsights_sitenote_active":false,"_monsterinsights_sitenote_note":"","_monsterinsights_sitenote_category":0,"footnotes":""},"class_list":["post-5063","page","type-page","status-publish","hentry"],"yoast_head":"<!-- This site is optimized with the Yoast SEO plugin v22.1 - https:\/\/yoast.com\/wordpress\/plugins\/seo\/ -->\n<title>Solutions , Regarder \u00e0 travers les yeux de nos clients<\/title>\n<meta name=\"description\" content=\"Nous \u0153uvrons chaque jour \u00e0 r\u00e9unir de l\u2019expertises, des technologies de pointe et des talents d\u00e9vou\u00e9s, pour offrir des solutions adapt\u00e9es pour chacun ...\" \/>\n<meta name=\"robots\" content=\"index, follow, max-snippet:-1, max-image-preview:large, max-video-preview:-1\" \/>\n<link rel=\"canonical\" href=\"https:\/\/www.brams.com\/fr\/solutions\/\" \/>\n<meta property=\"og:locale\" content=\"fr_FR\" \/>\n<meta property=\"og:type\" content=\"article\" \/>\n<meta property=\"og:title\" content=\"Solutions , Regarder \u00e0 travers les yeux de nos clients\" \/>\n<meta property=\"og:description\" content=\"Nous \u0153uvrons chaque jour \u00e0 r\u00e9unir de l\u2019expertises, des technologies de pointe et des talents d\u00e9vou\u00e9s, pour offrir des solutions adapt\u00e9es pour chacun ...\" \/>\n<meta property=\"og:url\" content=\"https:\/\/www.brams.com\/fr\/solutions\/\" \/>\n<meta property=\"og:site_name\" content=\"Brams\" \/>\n<meta property=\"article:modified_time\" content=\"2020-01-08T14:31:48+00:00\" \/>\n<meta property=\"og:image\" content=\"https:\/\/www.brams.com\/wp-content\/uploads\/2019\/11\/PICTO-BRAMS.png\" \/>\n\t<meta property=\"og:image:width\" content=\"218\" \/>\n\t<meta property=\"og:image:height\" content=\"218\" \/>\n\t<meta property=\"og:image:type\" content=\"image\/png\" \/>\n<meta name=\"twitter:card\" content=\"summary_large_image\" \/>\n<meta name=\"twitter:site\" content=\"@bramsfz\" \/>\n<meta name=\"twitter:label1\" content=\"Dur\u00e9e de lecture estim\u00e9e\" \/>\n\t<meta name=\"twitter:data1\" content=\"7 minutes\" \/>\n<script type=\"application\/ld+json\" class=\"yoast-schema-graph\">{\"@context\":\"https:\/\/schema.org\",\"@graph\":[{\"@type\":\"WebPage\",\"@id\":\"https:\/\/www.brams.com\/fr\/solutions\/\",\"url\":\"https:\/\/www.brams.com\/fr\/solutions\/\",\"name\":\"Solutions , Regarder \u00e0 travers les yeux de nos clients\",\"isPartOf\":{\"@id\":\"https:\/\/www.brams.com\/#website\"},\"datePublished\":\"2019-05-13T11:27:06+00:00\",\"dateModified\":\"2020-01-08T14:31:48+00:00\",\"description\":\"Nous \u0153uvrons chaque jour \u00e0 r\u00e9unir de l\u2019expertises, des technologies de pointe et des talents d\u00e9vou\u00e9s, pour offrir des solutions adapt\u00e9es pour chacun ...\",\"breadcrumb\":{\"@id\":\"https:\/\/www.brams.com\/fr\/solutions\/#breadcrumb\"},\"inLanguage\":\"fr-FR\",\"potentialAction\":[{\"@type\":\"ReadAction\",\"target\":[\"https:\/\/www.brams.com\/fr\/solutions\/\"]}]},{\"@type\":\"BreadcrumbList\",\"@id\":\"https:\/\/www.brams.com\/fr\/solutions\/#breadcrumb\",\"itemListElement\":[{\"@type\":\"ListItem\",\"position\":1,\"name\":\"Home\",\"item\":\"https:\/\/www.brams.com\/fr\/\"},{\"@type\":\"ListItem\",\"position\":2,\"name\":\"Solutions\"}]},{\"@type\":\"WebSite\",\"@id\":\"https:\/\/www.brams.com\/#website\",\"url\":\"https:\/\/www.brams.com\/\",\"name\":\"Brams\",\"description\":\"A world-leading cloud specialist with over 19 years of experience.\",\"publisher\":{\"@id\":\"https:\/\/www.brams.com\/#organization\"},\"potentialAction\":[{\"@type\":\"SearchAction\",\"target\":{\"@type\":\"EntryPoint\",\"urlTemplate\":\"https:\/\/www.brams.com\/?s={search_term_string}\"},\"query-input\":\"required name=search_term_string\"}],\"inLanguage\":\"fr-FR\"},{\"@type\":\"Organization\",\"@id\":\"https:\/\/www.brams.com\/#organization\",\"name\":\"Brams\",\"url\":\"https:\/\/www.brams.com\/\",\"logo\":{\"@type\":\"ImageObject\",\"inLanguage\":\"fr-FR\",\"@id\":\"https:\/\/www.brams.com\/#\/schema\/logo\/image\/\",\"url\":\"https:\/\/www.brams.com\/wp-content\/uploads\/2019\/12\/brams-logo.jpg\",\"contentUrl\":\"https:\/\/www.brams.com\/wp-content\/uploads\/2019\/12\/brams-logo.jpg\",\"width\":400,\"height\":108,\"caption\":\"Brams\"},\"image\":{\"@id\":\"https:\/\/www.brams.com\/#\/schema\/logo\/image\/\"},\"sameAs\":[\"https:\/\/twitter.com\/bramsfz\",\"https:\/\/www.linkedin.com\/company\/brams-technologies\/\"]}]}<\/script>\n<!-- \/ Yoast SEO plugin. -->","yoast_head_json":{"title":"Solutions , Regarder \u00e0 travers les yeux de nos clients","description":"Nous \u0153uvrons chaque jour \u00e0 r\u00e9unir de l\u2019expertises, des technologies de pointe et des talents d\u00e9vou\u00e9s, pour offrir des solutions adapt\u00e9es pour chacun ...","robots":{"index":"index","follow":"follow","max-snippet":"max-snippet:-1","max-image-preview":"max-image-preview:large","max-video-preview":"max-video-preview:-1"},"canonical":"https:\/\/www.brams.com\/fr\/solutions\/","og_locale":"fr_FR","og_type":"article","og_title":"Solutions , Regarder \u00e0 travers les yeux de nos clients","og_description":"Nous \u0153uvrons chaque jour \u00e0 r\u00e9unir de l\u2019expertises, des technologies de pointe et des talents d\u00e9vou\u00e9s, pour offrir des solutions adapt\u00e9es pour chacun ...","og_url":"https:\/\/www.brams.com\/fr\/solutions\/","og_site_name":"Brams","article_modified_time":"2020-01-08T14:31:48+00:00","og_image":[{"width":218,"height":218,"url":"https:\/\/www.brams.com\/wp-content\/uploads\/2019\/11\/PICTO-BRAMS.png","type":"image\/png"}],"twitter_card":"summary_large_image","twitter_site":"@bramsfz","twitter_misc":{"Dur\u00e9e de lecture estim\u00e9e":"7 minutes"},"schema":{"@context":"https:\/\/schema.org","@graph":[{"@type":"WebPage","@id":"https:\/\/www.brams.com\/fr\/solutions\/","url":"https:\/\/www.brams.com\/fr\/solutions\/","name":"Solutions , Regarder \u00e0 travers les yeux de nos clients","isPartOf":{"@id":"https:\/\/www.brams.com\/#website"},"datePublished":"2019-05-13T11:27:06+00:00","dateModified":"2020-01-08T14:31:48+00:00","description":"Nous \u0153uvrons chaque jour \u00e0 r\u00e9unir de l\u2019expertises, des technologies de pointe et des talents d\u00e9vou\u00e9s, pour offrir des solutions adapt\u00e9es pour chacun ...","breadcrumb":{"@id":"https:\/\/www.brams.com\/fr\/solutions\/#breadcrumb"},"inLanguage":"fr-FR","potentialAction":[{"@type":"ReadAction","target":["https:\/\/www.brams.com\/fr\/solutions\/"]}]},{"@type":"BreadcrumbList","@id":"https:\/\/www.brams.com\/fr\/solutions\/#breadcrumb","itemListElement":[{"@type":"ListItem","position":1,"name":"Home","item":"https:\/\/www.brams.com\/fr\/"},{"@type":"ListItem","position":2,"name":"Solutions"}]},{"@type":"WebSite","@id":"https:\/\/www.brams.com\/#website","url":"https:\/\/www.brams.com\/","name":"Brams","description":"A world-leading cloud specialist with over 19 years of experience.","publisher":{"@id":"https:\/\/www.brams.com\/#organization"},"potentialAction":[{"@type":"SearchAction","target":{"@type":"EntryPoint","urlTemplate":"https:\/\/www.brams.com\/?s={search_term_string}"},"query-input":"required name=search_term_string"}],"inLanguage":"fr-FR"},{"@type":"Organization","@id":"https:\/\/www.brams.com\/#organization","name":"Brams","url":"https:\/\/www.brams.com\/","logo":{"@type":"ImageObject","inLanguage":"fr-FR","@id":"https:\/\/www.brams.com\/#\/schema\/logo\/image\/","url":"https:\/\/www.brams.com\/wp-content\/uploads\/2019\/12\/brams-logo.jpg","contentUrl":"https:\/\/www.brams.com\/wp-content\/uploads\/2019\/12\/brams-logo.jpg","width":400,"height":108,"caption":"Brams"},"image":{"@id":"https:\/\/www.brams.com\/#\/schema\/logo\/image\/"},"sameAs":["https:\/\/twitter.com\/bramsfz","https:\/\/www.linkedin.com\/company\/brams-technologies\/"]}]}},"_links":{"self":[{"href":"https:\/\/www.brams.com\/fr\/wp-json\/wp\/v2\/pages\/5063","targetHints":{"allow":["GET"]}}],"collection":[{"href":"https:\/\/www.brams.com\/fr\/wp-json\/wp\/v2\/pages"}],"about":[{"href":"https:\/\/www.brams.com\/fr\/wp-json\/wp\/v2\/types\/page"}],"author":[{"embeddable":true,"href":"https:\/\/www.brams.com\/fr\/wp-json\/wp\/v2\/users\/1"}],"replies":[{"embeddable":true,"href":"https:\/\/www.brams.com\/fr\/wp-json\/wp\/v2\/comments?post=5063"}],"version-history":[{"count":1,"href":"https:\/\/www.brams.com\/fr\/wp-json\/wp\/v2\/pages\/5063\/revisions"}],"predecessor-version":[{"id":8362,"href":"https:\/\/www.brams.com\/fr\/wp-json\/wp\/v2\/pages\/5063\/revisions\/8362"}],"wp:attachment":[{"href":"https:\/\/www.brams.com\/fr\/wp-json\/wp\/v2\/media?parent=5063"}],"curies":[{"name":"wp","href":"https:\/\/api.w.org\/{rel}","templated":true}]}}