{"id":10319,"date":"2025-04-09T11:34:04","date_gmt":"2025-04-09T11:34:04","guid":{"rendered":"https:\/\/www.brams.com\/?page_id=10319"},"modified":"2025-04-09T12:21:43","modified_gmt":"2025-04-09T12:21:43","slug":"solutions-de-communication","status":"publish","type":"page","link":"https:\/\/www.brams.com\/fr\/solutions\/solutions-de-communication\/","title":{"rendered":"Solutions de Communication"},"content":{"rendered":"<div class=\"wpb-content-wrapper\"><p>[vc_section full_width=\u00a0\u00bbstretch_row\u00a0\u00bb css_animation=\u00a0\u00bbnone\u00a0\u00bb el_class=\u00a0\u00bbtext-white mask\u00a0\u00bb css=\u00a0\u00bb.vc_custom_1742810012451{padding-top: 15% !important;padding-bottom: 15% !important;background: #7f7f7f url(https:\/\/www.brams.com\/wp-content\/uploads\/2025\/03\/gps-system-smart-car.jpg?id=10320) !important;background-position: center !important;background-repeat: no-repeat !important;background-size: cover !important;}\u00a0\u00bb][vc_row full_width=\u00a0\u00bbstretch_row\u00a0\u00bb css_animation=\u00a0\u00bbnone\u00a0\u00bb][vc_column][vc_custom_heading text=\u00a0\u00bbSOLUTIONS\u00a0\u00bb font_container=\u00a0\u00bbtag:div|font_size:1.5rem|text_align:center\u00a0\u00bb use_theme_fonts=\u00a0\u00bbyes\u00a0\u00bb css_animation=\u00a0\u00bbnone\u00a0\u00bb el_class=\u00a0\u00bbfont-weight-300&Prime;][vc_custom_heading text=\u00a0\u00bbSolutions de Communication\u00a0\u00bb font_container=\u00a0\u00bbtag:h1|font_size:4rem|text_align:center|color:%23ffffff\u00a0\u00bb use_theme_fonts=\u00a0\u00bbyes\u00a0\u00bb css_animation=\u00a0\u00bbnone\u00a0\u00bb el_class=\u00a0\u00bbresp-heading\u00a0\u00bb][vc_empty_space height=\u00a0\u00bb20px\u00a0\u00bb][\/vc_column][\/vc_row][vc_row full_width=\u00a0\u00bbstretch_row\u00a0\u00bb css_animation=\u00a0\u00bbnone\u00a0\u00bb][vc_column width=\u00a0\u00bb1\/4&Prime;][\/vc_column][vc_column width=\u00a0\u00bb1\/2&Prime;][vc_column_text el_class=\u00a0\u00bbtext-center\u00a0\u00bb css=\u00a0\u00bb.vc_custom_1744198417506{padding-top: 10px !important;padding-right: 10px !important;padding-bottom: 10px !important;padding-left: 10px !important;background-color: rgba(35,35,35,0.65) !important;*background-color: rgb(35,35,35) !important;}\u00a0\u00bb]Des solutions de communication fiables pour les op\u00e9rations critiques[\/vc_column_text][\/vc_column][vc_column width=\u00a0\u00bb1\/4&Prime;][\/vc_column][\/vc_row][\/vc_section][vc_section full_width=\u00a0\u00bbstretch_row\u00a0\u00bb css_animation=\u00a0\u00bbnone\u00a0\u00bb el_id=\u00a0\u00bbsolutions\u00a0\u00bb css=\u00a0\u00bb.vc_custom_1742811989238{padding-top: 100px !important;padding-bottom: 30px !important;}\u00a0\u00bb el_class=\u00a0\u00bbgradient3&Prime;][vc_row][vc_column css=\u00a0\u00bb.vc_custom_1742812082026{margin-bottom: 75px !important;}\u00a0\u00bb][vc_custom_heading text=\u00a0\u00bbEn collaboration avec des leaders mondiaux tels que Hytera, Brams fournit des solutions avanc\u00e9es en communication destin\u00e9es aux secteurs de la s\u00e9curit\u00e9 publique, de la d\u00e9fense, du transport, de l\u2019\u00e9nergie et des infrastructures critiques.\u00a0\u00bb font_container=\u00a0\u00bbtag:h5|font_size:20px|text_align:center|color:%23353535&Prime; use_theme_fonts=\u00a0\u00bbyes\u00a0\u00bb css_animation=\u00a0\u00bbnone\u00a0\u00bb el_class=\u00a0\u00bbresp-heading1&Prime;][\/vc_column][\/vc_row][vc_row][vc_column css=\u00a0\u00bb.vc_custom_1742812082026{margin-bottom: 75px !important;}\u00a0\u00bb][vc_custom_heading text=\u00a0\u00bbNotre offre de solutions de communication\u00a0\u00bb font_container=\u00a0\u00bbtag:h3|text_align:center\u00a0\u00bb use_theme_fonts=\u00a0\u00bbyes\u00a0\u00bb css_animation=\u00a0\u00bbnone\u00a0\u00bb][\/vc_column][\/vc_row][vc_row][vc_column width=\u00a0\u00bb1\/3&Prime; css=\u00a0\u00bb.vc_custom_1744199774381{margin-bottom: 20px !important;}\u00a0\u00bb]\n<!-- BEGIN .imagebox -->\n<div class=\"imagebox  \">\n\t\t\t<div class=\"box-image\">\n\t\t\t\t\t\t\t<a class=\"box-header\" href=\"\" target=\"_self\">\n\t\t\t\t\t\n\t\t\t\t\t<h2 class=\"box-title\">\t\t\n\t\t\t\t\t\tSyst\u00e8mes radio professionnels\t\t\t\t\t<\/h2>\n\n\t\t\t\t\t\t\t\t\t<\/a>\n\t\t\t\n\t\t\t<a class=\"box-img\" href=\"\" target=\"_self\">\n\t\t\t\t<img loading=\"lazy\" decoding=\"async\" width=\"558\" height=\"401\" src=\"https:\/\/www.brams.com\/wp-content\/uploads\/2025\/04\/dmr.png_n-1.webp\" class=\"attachment-full\" alt=\"\" title=\"dmr.png_n (1)\" \/>\t\t\t<\/a>\n\t\t<\/div>\n\n\t\t\t\t\t<div class=\"box-content\">\n\t\t\t\t<\/p>\n<ul>\n<li><strong>Radios DMR &amp; syst\u00e8mes TETRA:<\/strong> Solutions num\u00e9riques fiables, s\u00e9curis\u00e9es et efficaces.<\/li>\n<li><strong>Radios multi-modes &amp; large bande:<\/strong> Innovations int\u00e9grant les technologies DMR et LTE\/5G<\/li>\n<\/ul>\n<p>\n\t\t\t<\/div>\n\t\t\t\t\n\t<\/div>\n<!-- End .imagebox -->\n[\/vc_column][vc_column width=\u00a0\u00bb1\/3&Prime; css=\u00a0\u00bb.vc_custom_1742812087535{margin-bottom: 75px !important;}\u00a0\u00bb]\n<!-- BEGIN .imagebox -->\n<div class=\"imagebox  \">\n\t\t\t<div class=\"box-image\">\n\t\t\t\t\t\t\t<a class=\"box-header\" href=\"\" target=\"_self\">\n\t\t\t\t\t\n\t\t\t\t\t<h2 class=\"box-title\">\t\t\n\t\t\t\t\t\tSolutions de communication par satellite\t\t\t\t\t<\/h2>\n\n\t\t\t\t\t\t\t\t\t<\/a>\n\t\t\t\n\t\t\t<a class=\"box-img\" href=\"\" target=\"_self\">\n\t\t\t\t<img loading=\"lazy\" decoding=\"async\" width=\"558\" height=\"401\" src=\"https:\/\/www.brams.com\/wp-content\/uploads\/2025\/04\/dmr.png_n-1-1.webp\" class=\"attachment-full\" alt=\"\" title=\"dmr.png_n (1) (1)\" \/>\t\t\t<\/a>\n\t\t<\/div>\n\n\t\t\t\t\t<div class=\"box-content\">\n\t\t\t\t<\/p>\n<ul>\n<li>Une connectivit\u00e9 robuste m\u00eame dans les environnements les plus difficiles.<\/li>\n<li>Des solutions par satellite personnalis\u00e9es r\u00e9pondant \u00e0 vos besoins sp\u00e9cifiques.<\/li>\n<\/ul>\n<p>\n\t\t\t<\/div>\n\t\t\t\t\n\t<\/div>\n<!-- End .imagebox -->\n[\/vc_column][vc_column width=\u00a0\u00bb1\/3&Prime; css=\u00a0\u00bb.vc_custom_1744199993564{margin-bottom: 20px !important;}\u00a0\u00bb]\n<!-- BEGIN .imagebox -->\n<div class=\"imagebox   vc_custom_1744199859381\">\n\t\t\t<div class=\"box-image\">\n\t\t\t\t\t\t\t<a class=\"box-header\" href=\"\" target=\"_self\">\n\t\t\t\t\t\n\t\t\t\t\t<h2 class=\"box-title\">\t\t\n\t\t\t\t\t\tSurveillance avanc\u00e9e &amp; s\u00e9curit\u00e9\t\t\t\t\t<\/h2>\n\n\t\t\t\t\t\t\t\t\t<\/a>\n\t\t\t\n\t\t\t<a class=\"box-img\" href=\"\" target=\"_self\">\n\t\t\t\t<img loading=\"lazy\" decoding=\"async\" width=\"558\" height=\"401\" src=\"https:\/\/www.brams.com\/wp-content\/uploads\/2025\/04\/dmr.png_n-1-1.jpg\" class=\"attachment-full\" alt=\"\" title=\"dmr.png_n (1) (1)\" \/>\t\t\t<\/a>\n\t\t<\/div>\n\n\t\t\t\t\t<div class=\"box-content\">\n\t\t\t\t<\/p>\n<ul>\n<li><strong>Cam\u00e9ras PTZ double spectre:<\/strong> Surveillance thermique et visuelle haute r\u00e9solution pour une s\u00e9curit\u00e9 maximale.<\/li>\n<li><strong>Cam\u00e9ras corporelles (BWCs):<\/strong> Enregistrement vid\u00e9o stabilis\u00e9 et clair m\u00eame en conditions difficiles.<\/li>\n<\/ul>\n<p>\n\t\t\t<\/div>\n\t\t\t\t\n\t<\/div>\n<!-- End .imagebox -->\n[\/vc_column][\/vc_row][vc_row css=\u00a0\u00bb.vc_custom_1742811252271{margin-bottom: 75px !important;}\u00a0\u00bb][vc_column width=\u00a0\u00bb1\/6&Prime;][\/vc_column][vc_column width=\u00a0\u00bb2\/6&Prime; css=\u00a0\u00bb.vc_custom_1744200060611{margin-bottom: 20px !important;}\u00a0\u00bb]\n<!-- BEGIN .imagebox -->\n<div class=\"imagebox  \">\n\t\t\t<div class=\"box-image\">\n\t\t\t\t\t\t\t<a class=\"box-header\" href=\"\" target=\"_self\">\n\t\t\t\t\t\n\t\t\t\t\t<h2 class=\"box-title\">\t\t\n\t\t\t\t\t\tR\u00e9ponse rapide &amp; d\u00e9ploiement d\u2019urgence\t\t\t\t\t<\/h2>\n\n\t\t\t\t\t\t\t\t\t<\/a>\n\t\t\t\n\t\t\t<a class=\"box-img\" href=\"\" target=\"_self\">\n\t\t\t\t<img loading=\"lazy\" decoding=\"async\" width=\"558\" height=\"401\" src=\"https:\/\/www.brams.com\/wp-content\/uploads\/2025\/04\/dmr.png_n-1-2.webp\" class=\"attachment-full\" alt=\"\" title=\"dmr.png_n (1) (2)\" \/>\t\t\t<\/a>\n\t\t<\/div>\n\n\t\t\t\t\t<div class=\"box-content\">\n\t\t\t\t<\/p>\n<ul>\n<li><strong>R\u00e9seaux ad-hoc:<\/strong> Dispositifs mobiles permettant une mise en r\u00e9seau rapide en toutes circonstances.<\/li>\n<li><strong>Solutions de commandement et contr\u00f4le:<\/strong> Plateformes intelligentes pour une prise de d\u00e9cision rapide et une coordination efficace sur le terrain.<\/li>\n<\/ul>\n<p>\n\t\t\t<\/div>\n\t\t\t\t\n\t<\/div>\n<!-- End .imagebox -->\n[\/vc_column][vc_column width=\u00a0\u00bb2\/6&Prime; css=\u00a0\u00bb.vc_custom_1744200065577{margin-bottom: 20px !important;}\u00a0\u00bb]\n<!-- BEGIN .imagebox -->\n<div class=\"imagebox  \">\n\t\t\t<div class=\"box-image\">\n\t\t\t\t\t\t\t<a class=\"box-header\" href=\"\" target=\"_self\">\n\t\t\t\t\t\n\t\t\t\t\t<h2 class=\"box-title\">\t\t\n\t\t\t\t\t\tV\u00e9hicules de communication &amp; solutions mobiles\t\t\t\t\t<\/h2>\n\n\t\t\t\t\t\t\t\t\t<\/a>\n\t\t\t\n\t\t\t<a class=\"box-img\" href=\"\" target=\"_self\">\n\t\t\t\t<img loading=\"lazy\" decoding=\"async\" width=\"558\" height=\"401\" src=\"https:\/\/www.brams.com\/wp-content\/uploads\/2025\/04\/dmr.png_n-1.jpg\" class=\"attachment-full\" alt=\"\" title=\"dmr.png_n (1)\" \/>\t\t\t<\/a>\n\t\t<\/div>\n\n\t\t\t\t\t<div class=\"box-content\">\n\t\t\t\t<\/p>\n<ul>\n<li>V\u00e9hicules sp\u00e9cialement \u00e9quip\u00e9s pour garantir des communications fiables.<\/li>\n<li>Centres de commandement mobiles et abris de communication s\u00e9curis\u00e9s con\u00e7us sur mesure.<\/li>\n<\/ul>\n<p>\n\t\t\t<\/div>\n\t\t\t\t\n\t<\/div>\n<!-- End .imagebox -->\n[\/vc_column][vc_column width=\u00a0\u00bb1\/6&Prime;][\/vc_column][\/vc_row][vc_row][vc_column][vc_custom_heading text=\u00a0\u00bbSolutions adapt\u00e9es aux secteurs\u00a0\u00bb font_container=\u00a0\u00bbtag:h3|text_align:center\u00a0\u00bb use_theme_fonts=\u00a0\u00bbyes\u00a0\u00bb css_animation=\u00a0\u00bbnone\u00a0\u00bb][vc_empty_space height=\u00a0\u00bb20px\u00a0\u00bb]<ul class=\"iconlist iconlist iconlist-icon-medium columns-3 gap-50\"><li><div ><div class=\"iconlist-item-icon\"><img decoding=\"async\" src=\"https:\/\/www.brams.com\/wp-content\/uploads\/2025\/03\/military.png\" alt=\"military\" \/><\/div><div class=\"iconlist-item-content\"><h5>D\u00e9fense &amp; militaire<\/h5><p><\/div><\/div><\/li><li><div ><div class=\"iconlist-item-icon\"><img decoding=\"async\" src=\"https:\/\/www.brams.com\/wp-content\/uploads\/2025\/03\/public-safety-1.png\" alt=\"public-safety-1\" \/><\/div><div class=\"iconlist-item-content\"><h5>S\u00e9curit\u00e9 publique &amp; urgence<\/h5><p><\/div><\/div><\/li><li><div ><div class=\"iconlist-item-icon\"><img decoding=\"async\" src=\"https:\/\/www.brams.com\/wp-content\/uploads\/2025\/03\/infrastructure-1.png\" alt=\"infrastructure-1\" \/><\/div><div class=\"iconlist-item-content\"><h5>Industries et infrastructures<\/h5><p><\/div><\/div><\/li><\/ul>[\/vc_column][\/vc_row][\/vc_section][vc_section full_width=\u00a0\u00bbstretch_row\u00a0\u00bb css=\u00a0\u00bb.vc_custom_1742816499304{padding-top: 60px !important;padding-bottom: 0px !important;}\u00a0\u00bb][vc_row][vc_column][vc_custom_heading text=\u00a0\u00bbZoom sur notre partenaire\u00a0\u00bb font_container=\u00a0\u00bbtag:h3|text_align:left\u00a0\u00bb use_theme_fonts=\u00a0\u00bbyes\u00a0\u00bb css_animation=\u00a0\u00bbnone\u00a0\u00bb][vc_row_inner content_placement=\u00a0\u00bbtop\u00a0\u00bb css=\u00a0\u00bb.vc_custom_1742815712397{padding-top: 50px !important;padding-bottom: 50px !important;}\u00a0\u00bb][vc_column_inner width=\u00a0\u00bb1\/4&Prime;][vc_single_image image=\u00a0\u00bb10343&Prime; img_size=\u00a0\u00bb\u00a0\u00bb alignment=\u00a0\u00bbcenter\u00a0\u00bb el_class=\u00a0\u00bbimg-responsive\u00a0\u00bb][\/vc_column_inner][vc_column_inner width=\u00a0\u00bb3\/4&Prime; css=\u00a0\u00bb.vc_custom_1742812170428{margin-bottom: 50px !important;}\u00a0\u00bb][vc_column_text]<\/p>\n<p style=\"text-align: justify;\">Hytera est un fournisseur mondial de premier plan de technologies et de solutions de communication professionnelle. Gr\u00e2ce \u00e0 un engagement fort envers l&rsquo;innovation, Hytera soutient les industries du monde entier avec des dispositifs de communication de pointe et des syst\u00e8mes int\u00e9gr\u00e9s. Forte de plusieurs d\u00e9cennies d\u2019expertise et d\u2019une pr\u00e9sence dans plus de 120 pays, Hytera fournit en permanence des solutions fiables et essentielles, adapt\u00e9es aux besoins des secteurs de la s\u00e9curit\u00e9 publique, des transports, de l\u2019\u00e9nergie et du commerce.<\/p>\n<p>[\/vc_column_text][\/vc_column_inner][\/vc_row_inner][\/vc_column][\/vc_row][\/vc_section][vc_section full_width=\u00a0\u00bbstretch_row\u00a0\u00bb css=\u00a0\u00bb.vc_custom_1744201065707{padding-top: 30px !important;padding-bottom: 30px !important;}\u00a0\u00bb][vc_row][vc_column][vc_custom_heading text=\u00a0\u00bbDes solutions \u00e9prouv\u00e9es par des leaders mondiaux\u00a0\u00bb font_container=\u00a0\u00bbtag:h3|text_align:center\u00a0\u00bb use_theme_fonts=\u00a0\u00bbyes\u00a0\u00bb css_animation=\u00a0\u00bbnone\u00a0\u00bb][vc_row_inner content_placement=\u00a0\u00bbtop\u00a0\u00bb css=\u00a0\u00bb.vc_custom_1744201290508{padding-top: 50px !important;padding-bottom: 15px !important;}\u00a0\u00bb][vc_column_inner width=\u00a0\u00bb1\/6&Prime;][\/vc_column_inner][vc_column_inner width=\u00a0\u00bb2\/6&Prime; css=\u00a0\u00bb.vc_custom_1742812170428{margin-bottom: 50px !important;}\u00a0\u00bb][vc_single_image image=\u00a0\u00bb10358&Prime; img_size=\u00a0\u00bb\u00a0\u00bb alignment=\u00a0\u00bbcenter\u00a0\u00bb el_class=\u00a0\u00bbimg-responsive\u00a0\u00bb][\/vc_column_inner][vc_column_inner width=\u00a0\u00bb2\/6&Prime;][vc_single_image image=\u00a0\u00bb10360&Prime; img_size=\u00a0\u00bb\u00a0\u00bb alignment=\u00a0\u00bbcenter\u00a0\u00bb el_class=\u00a0\u00bbimg-responsive\u00a0\u00bb][\/vc_column_inner][vc_column_inner width=\u00a0\u00bb1\/6&Prime;][\/vc_column_inner][\/vc_row_inner][\/vc_column][\/vc_row][\/vc_section][vc_section full_width=\u00a0\u00bbstretch_row\u00a0\u00bb css=\u00a0\u00bb.vc_custom_1742816337174{padding-top: 30px !important;padding-bottom: 80px !important;}\u00a0\u00bb][vc_row][vc_column width=\u00a0\u00bb1\/4&Prime;][\/vc_column][vc_column width=\u00a0\u00bb1\/2&Prime;][vc_custom_heading text=\u00a0\u00bbPourquoi choisir Brams &amp; Hytera ?\u00a0\u00bb font_container=\u00a0\u00bbtag:h3|text_align:left\u00a0\u00bb use_theme_fonts=\u00a0\u00bbyes\u00a0\u00bb css_animation=\u00a0\u00bbnone\u00a0\u00bb][vc_empty_space height=\u00a0\u00bb20px\u00a0\u00bb]<ul class=\"iconlist iconlist iconlist-icon-mini \"><li><div ><div class=\"iconlist-item-icon\"><i class=\"fas fa-check\"><\/i><\/div><div class=\"iconlist-item-content\">Des technologies de pointe et des produits d\u2019excellence.<\/div><\/div><\/li><li><div ><div class=\"iconlist-item-icon\"><i class=\"fas fa-check\"><\/i><\/div><div class=\"iconlist-item-content\">Une exp\u00e9rience solide en mati\u00e8re de communications critiques \u00e0 l\u2019\u00e9chelle internationale.<\/div><\/div><\/li><li><div ><div class=\"iconlist-item-icon\"><i class=\"fas fa-check\"><\/i><\/div><div class=\"iconlist-item-content\">Des \u00e9quipes d\u00e9di\u00e9es \u00e0 votre succ\u00e8s op\u00e9rationnel.<\/div><\/div><\/li><\/ul>[\/vc_column][vc_column width=\u00a0\u00bb1\/4&Prime;][\/vc_column][\/vc_row][vc_row][vc_column width=\u00a0\u00bb1\/6&Prime;][\/vc_column][vc_column width=\u00a0\u00bb2\/3&Prime;][vc_separator el_width=\u00a0\u00bb70&Prime;][vc_empty_space height=\u00a0\u00bb40px\u00a0\u00bb][vc_raw_html]JTNDZGl2JTIwY2xhc3MlM0QlMjJ2Y19idG4zLWNvbnRhaW5lciUyMHZjX2J0bjMtY2VudGVyJTIyJTNFJTBBJTA5JTNDYSUyMHN0eWxlJTNEJTIyYmFja2dyb3VuZC1jb2xvciUzQSUyMzQ0NzJjNCUzQiUyMGNvbG9yJTNBJTIzZmZmZmZmJTNCJTIyJTIwY2xhc3MlM0QlMjJ2Y19nZW5lcmFsJTIwdmNfYnRuMyUyMHZjX2J0bjMtc2l6ZS1sZyUyMHZjX2J0bjMtc2hhcGUtcm91bmRlZCUyMHZjX2J0bjMtc3R5bGUtY3VzdG9tJTIyJTIwaHJlZiUzRCUyMiUyRmVucXVpcnklMkYlMjIlMjB0aXRsZSUzRCUyMlNvbHV0aW9ucyUyMCUyNmFtcCUzQiUyMFNlcnZpY2VzJTIwRW5xdWlyeSUyMiUyMCUzRUNvbnRhY3RleiUyMG5vcyUyMGV4cGVydHMlM0MlMkZhJTNFJTNDJTJGZGl2JTNF[\/vc_raw_html][\/vc_column][vc_column width=\u00a0\u00bb1\/6&Prime;][\/vc_column][\/vc_row][\/vc_section]<\/p>\n<\/div>","protected":false},"excerpt":{"rendered":"<p>[vc_section full_width=\u00a0\u00bbstretch_row\u00a0\u00bb css_animation=\u00a0\u00bbnone\u00a0\u00bb el_class=\u00a0\u00bbtext-white mask\u00a0\u00bb css=\u00a0\u00bb.vc_custom_1742810012451{padding-top: 15% !important;padding-bottom: 15% !important;background: #7f7f7f url(https:\/\/www.brams.com\/wp-content\/uploads\/2025\/03\/gps-system-smart-car.jpg?id=10320) !important;background-position: center !important;background-repeat: no-repeat !important;background-size: cover !important;}\u00a0\u00bb][vc_row full_width=\u00a0\u00bbstretch_row\u00a0\u00bb css_animation=\u00a0\u00bbnone\u00a0\u00bb][vc_column][vc_custom_heading text=\u00a0\u00bbSOLUTIONS\u00a0\u00bb font_container=\u00a0\u00bbtag:div|font_size:1.5rem|text_align:center\u00a0\u00bb use_theme_fonts=\u00a0\u00bbyes\u00a0\u00bb css_animation=\u00a0\u00bbnone\u00a0\u00bb el_class=\u00a0\u00bbfont-weight-300&Prime;][vc_custom_heading text=\u00a0\u00bbSolutions de Communication\u00a0\u00bb font_container=\u00a0\u00bbtag:h1|font_size:4rem|text_align:center|color:%23ffffff\u00a0\u00bb use_theme_fonts=\u00a0\u00bbyes\u00a0\u00bb css_animation=\u00a0\u00bbnone\u00a0\u00bb el_class=\u00a0\u00bbresp-heading\u00a0\u00bb][vc_empty_space height=\u00a0\u00bb20px\u00a0\u00bb][\/vc_column][\/vc_row][vc_row full_width=\u00a0\u00bbstretch_row\u00a0\u00bb css_animation=\u00a0\u00bbnone\u00a0\u00bb][vc_column width=\u00a0\u00bb1\/4&Prime;][\/vc_column][vc_column width=\u00a0\u00bb1\/2&Prime;][vc_column_text el_class=\u00a0\u00bbtext-center\u00a0\u00bb css=\u00a0\u00bb.vc_custom_1744198417506{padding-top: 10px !important;padding-right: 10px !important;padding-bottom: 10px !important;padding-left: 10px !important;background-color: rgba(35,35,35,0.65) !important;*background-color: rgb(35,35,35) !important;}\u00a0\u00bb]Des solutions de communication [&hellip;]<\/p>\n","protected":false},"author":6,"featured_media":0,"parent":5063,"menu_order":0,"comment_status":"closed","ping_status":"closed","template":"","meta":{"content-type":"","_monsterinsights_skip_tracking":false,"_monsterinsights_sitenote_active":false,"_monsterinsights_sitenote_note":"","_monsterinsights_sitenote_category":0,"footnotes":""},"class_list":["post-10319","page","type-page","status-publish","hentry"],"yoast_head":"<!-- This site is optimized with the Yoast SEO plugin v22.1 - https:\/\/yoast.com\/wordpress\/plugins\/seo\/ -->\n<title>Solutions de Communication - Pourquoi avez-vous besoin d&#039;une ...<\/title>\n<meta name=\"description\" content=\"Solutions de Communication Forts d\u2019une solide exp\u00e9rience, nous \u00e9laborons les meilleures strat\u00e9gies de d\u00e9veloppement pour transf\u00e9rer rapidement ...\" \/>\n<meta name=\"robots\" content=\"index, follow, max-snippet:-1, max-image-preview:large, max-video-preview:-1\" \/>\n<link rel=\"canonical\" href=\"https:\/\/www.brams.com\/fr\/solutions\/solutions-de-communication\/\" \/>\n<meta property=\"og:locale\" content=\"fr_FR\" \/>\n<meta property=\"og:type\" content=\"article\" \/>\n<meta property=\"og:title\" content=\"Solutions de Communication - Pourquoi avez-vous besoin d&#039;une ...\" \/>\n<meta property=\"og:description\" content=\"Solutions de Communication Forts d\u2019une solide exp\u00e9rience, nous \u00e9laborons les meilleures strat\u00e9gies de d\u00e9veloppement pour transf\u00e9rer rapidement ...\" \/>\n<meta property=\"og:url\" content=\"https:\/\/www.brams.com\/fr\/solutions\/solutions-de-communication\/\" \/>\n<meta property=\"og:site_name\" content=\"Brams\" \/>\n<meta property=\"article:modified_time\" content=\"2025-04-09T12:21:43+00:00\" \/>\n<meta property=\"og:image\" content=\"https:\/\/www.brams.com\/wp-content\/uploads\/2019\/11\/PICTO-BRAMS.png\" \/>\n\t<meta property=\"og:image:width\" content=\"218\" \/>\n\t<meta property=\"og:image:height\" content=\"218\" \/>\n\t<meta property=\"og:image:type\" content=\"image\/png\" \/>\n<meta name=\"twitter:card\" content=\"summary_large_image\" \/>\n<meta name=\"twitter:site\" content=\"@bramsfz\" \/>\n<meta name=\"twitter:label1\" content=\"Dur\u00e9e de lecture estim\u00e9e\" \/>\n\t<meta name=\"twitter:data1\" content=\"5 minutes\" \/>\n<script type=\"application\/ld+json\" class=\"yoast-schema-graph\">{\"@context\":\"https:\/\/schema.org\",\"@graph\":[{\"@type\":\"WebPage\",\"@id\":\"https:\/\/www.brams.com\/fr\/solutions\/solutions-de-communication\/\",\"url\":\"https:\/\/www.brams.com\/fr\/solutions\/solutions-de-communication\/\",\"name\":\"Solutions de Communication - Pourquoi avez-vous besoin d'une ...\",\"isPartOf\":{\"@id\":\"https:\/\/www.brams.com\/#website\"},\"datePublished\":\"2025-04-09T11:34:04+00:00\",\"dateModified\":\"2025-04-09T12:21:43+00:00\",\"description\":\"Solutions de Communication Forts d\u2019une solide exp\u00e9rience, nous \u00e9laborons les meilleures strat\u00e9gies de d\u00e9veloppement pour transf\u00e9rer rapidement ...\",\"breadcrumb\":{\"@id\":\"https:\/\/www.brams.com\/fr\/solutions\/solutions-de-communication\/#breadcrumb\"},\"inLanguage\":\"fr-FR\",\"potentialAction\":[{\"@type\":\"ReadAction\",\"target\":[\"https:\/\/www.brams.com\/fr\/solutions\/solutions-de-communication\/\"]}]},{\"@type\":\"BreadcrumbList\",\"@id\":\"https:\/\/www.brams.com\/fr\/solutions\/solutions-de-communication\/#breadcrumb\",\"itemListElement\":[{\"@type\":\"ListItem\",\"position\":1,\"name\":\"Home\",\"item\":\"https:\/\/www.brams.com\/fr\/\"},{\"@type\":\"ListItem\",\"position\":2,\"name\":\"Solutions\",\"item\":\"https:\/\/www.brams.com\/fr\/solutions\/\"},{\"@type\":\"ListItem\",\"position\":3,\"name\":\"Solutions de Communication\"}]},{\"@type\":\"WebSite\",\"@id\":\"https:\/\/www.brams.com\/#website\",\"url\":\"https:\/\/www.brams.com\/\",\"name\":\"Brams\",\"description\":\"A world-leading cloud specialist with over 19 years of experience.\",\"publisher\":{\"@id\":\"https:\/\/www.brams.com\/#organization\"},\"potentialAction\":[{\"@type\":\"SearchAction\",\"target\":{\"@type\":\"EntryPoint\",\"urlTemplate\":\"https:\/\/www.brams.com\/?s={search_term_string}\"},\"query-input\":\"required name=search_term_string\"}],\"inLanguage\":\"fr-FR\"},{\"@type\":\"Organization\",\"@id\":\"https:\/\/www.brams.com\/#organization\",\"name\":\"Brams\",\"url\":\"https:\/\/www.brams.com\/\",\"logo\":{\"@type\":\"ImageObject\",\"inLanguage\":\"fr-FR\",\"@id\":\"https:\/\/www.brams.com\/#\/schema\/logo\/image\/\",\"url\":\"https:\/\/www.brams.com\/wp-content\/uploads\/2019\/12\/brams-logo.jpg\",\"contentUrl\":\"https:\/\/www.brams.com\/wp-content\/uploads\/2019\/12\/brams-logo.jpg\",\"width\":400,\"height\":108,\"caption\":\"Brams\"},\"image\":{\"@id\":\"https:\/\/www.brams.com\/#\/schema\/logo\/image\/\"},\"sameAs\":[\"https:\/\/twitter.com\/bramsfz\",\"https:\/\/www.linkedin.com\/company\/brams-technologies\/\"]}]}<\/script>\n<!-- \/ Yoast SEO plugin. -->","yoast_head_json":{"title":"Solutions de Communication - Pourquoi avez-vous besoin d'une ...","description":"Solutions de Communication Forts d\u2019une solide exp\u00e9rience, nous \u00e9laborons les meilleures strat\u00e9gies de d\u00e9veloppement pour transf\u00e9rer rapidement ...","robots":{"index":"index","follow":"follow","max-snippet":"max-snippet:-1","max-image-preview":"max-image-preview:large","max-video-preview":"max-video-preview:-1"},"canonical":"https:\/\/www.brams.com\/fr\/solutions\/solutions-de-communication\/","og_locale":"fr_FR","og_type":"article","og_title":"Solutions de Communication - Pourquoi avez-vous besoin d'une ...","og_description":"Solutions de Communication Forts d\u2019une solide exp\u00e9rience, nous \u00e9laborons les meilleures strat\u00e9gies de d\u00e9veloppement pour transf\u00e9rer rapidement ...","og_url":"https:\/\/www.brams.com\/fr\/solutions\/solutions-de-communication\/","og_site_name":"Brams","article_modified_time":"2025-04-09T12:21:43+00:00","og_image":[{"width":218,"height":218,"url":"https:\/\/www.brams.com\/wp-content\/uploads\/2019\/11\/PICTO-BRAMS.png","type":"image\/png"}],"twitter_card":"summary_large_image","twitter_site":"@bramsfz","twitter_misc":{"Dur\u00e9e de lecture estim\u00e9e":"5 minutes"},"schema":{"@context":"https:\/\/schema.org","@graph":[{"@type":"WebPage","@id":"https:\/\/www.brams.com\/fr\/solutions\/solutions-de-communication\/","url":"https:\/\/www.brams.com\/fr\/solutions\/solutions-de-communication\/","name":"Solutions de Communication - Pourquoi avez-vous besoin d'une ...","isPartOf":{"@id":"https:\/\/www.brams.com\/#website"},"datePublished":"2025-04-09T11:34:04+00:00","dateModified":"2025-04-09T12:21:43+00:00","description":"Solutions de Communication Forts d\u2019une solide exp\u00e9rience, nous \u00e9laborons les meilleures strat\u00e9gies de d\u00e9veloppement pour transf\u00e9rer rapidement ...","breadcrumb":{"@id":"https:\/\/www.brams.com\/fr\/solutions\/solutions-de-communication\/#breadcrumb"},"inLanguage":"fr-FR","potentialAction":[{"@type":"ReadAction","target":["https:\/\/www.brams.com\/fr\/solutions\/solutions-de-communication\/"]}]},{"@type":"BreadcrumbList","@id":"https:\/\/www.brams.com\/fr\/solutions\/solutions-de-communication\/#breadcrumb","itemListElement":[{"@type":"ListItem","position":1,"name":"Home","item":"https:\/\/www.brams.com\/fr\/"},{"@type":"ListItem","position":2,"name":"Solutions","item":"https:\/\/www.brams.com\/fr\/solutions\/"},{"@type":"ListItem","position":3,"name":"Solutions de Communication"}]},{"@type":"WebSite","@id":"https:\/\/www.brams.com\/#website","url":"https:\/\/www.brams.com\/","name":"Brams","description":"A world-leading cloud specialist with over 19 years of experience.","publisher":{"@id":"https:\/\/www.brams.com\/#organization"},"potentialAction":[{"@type":"SearchAction","target":{"@type":"EntryPoint","urlTemplate":"https:\/\/www.brams.com\/?s={search_term_string}"},"query-input":"required name=search_term_string"}],"inLanguage":"fr-FR"},{"@type":"Organization","@id":"https:\/\/www.brams.com\/#organization","name":"Brams","url":"https:\/\/www.brams.com\/","logo":{"@type":"ImageObject","inLanguage":"fr-FR","@id":"https:\/\/www.brams.com\/#\/schema\/logo\/image\/","url":"https:\/\/www.brams.com\/wp-content\/uploads\/2019\/12\/brams-logo.jpg","contentUrl":"https:\/\/www.brams.com\/wp-content\/uploads\/2019\/12\/brams-logo.jpg","width":400,"height":108,"caption":"Brams"},"image":{"@id":"https:\/\/www.brams.com\/#\/schema\/logo\/image\/"},"sameAs":["https:\/\/twitter.com\/bramsfz","https:\/\/www.linkedin.com\/company\/brams-technologies\/"]}]}},"_links":{"self":[{"href":"https:\/\/www.brams.com\/fr\/wp-json\/wp\/v2\/pages\/10319","targetHints":{"allow":["GET"]}}],"collection":[{"href":"https:\/\/www.brams.com\/fr\/wp-json\/wp\/v2\/pages"}],"about":[{"href":"https:\/\/www.brams.com\/fr\/wp-json\/wp\/v2\/types\/page"}],"author":[{"embeddable":true,"href":"https:\/\/www.brams.com\/fr\/wp-json\/wp\/v2\/users\/6"}],"replies":[{"embeddable":true,"href":"https:\/\/www.brams.com\/fr\/wp-json\/wp\/v2\/comments?post=10319"}],"version-history":[{"count":4,"href":"https:\/\/www.brams.com\/fr\/wp-json\/wp\/v2\/pages\/10319\/revisions"}],"predecessor-version":[{"id":10404,"href":"https:\/\/www.brams.com\/fr\/wp-json\/wp\/v2\/pages\/10319\/revisions\/10404"}],"up":[{"embeddable":true,"href":"https:\/\/www.brams.com\/fr\/wp-json\/wp\/v2\/pages\/5063"}],"wp:attachment":[{"href":"https:\/\/www.brams.com\/fr\/wp-json\/wp\/v2\/media?parent=10319"}],"curies":[{"name":"wp","href":"https:\/\/api.w.org\/{rel}","templated":true}]}}