{"id":10177,"date":"2023-11-12T12:30:10","date_gmt":"2023-11-12T12:30:10","guid":{"rendered":"https:\/\/www.brams.com\/?page_id=10177"},"modified":"2023-11-12T22:54:57","modified_gmt":"2023-11-12T22:54:57","slug":"cyber-intelligence","status":"publish","type":"page","link":"https:\/\/www.brams.com\/fr\/cybersecurite\/cyber-intelligence\/","title":{"rendered":"Cyber Intelligence"},"content":{"rendered":"<div class=\"wpb-content-wrapper\"><p>[vc_section full_width=\u00a0\u00bbstretch_row\u00a0\u00bb css=\u00a0\u00bb.vc_custom_1699786720647{padding-bottom: 60px !important;}\u00a0\u00bb el_class=\u00a0\u00bbarrow\u00a0\u00bb][vc_row full_width=\u00a0\u00bbstretch_row\u00a0\u00bb content_placement=\u00a0\u00bbmiddle\u00a0\u00bb css_animation=\u00a0\u00bbnone\u00a0\u00bb css=\u00a0\u00bb.vc_custom_1699788878021{padding-top: 40px !important;padding-bottom: 40px !important;background-color: #f0f0f0 !important;}\u00a0\u00bb][vc_column width=\u00a0\u00bb1\/2&Prime;][vc_empty_space height=\u00a0\u00bb40px\u00a0\u00bb][vc_custom_heading text=\u00a0\u00bbServices de Cyber Intelligence chez Brams\u00a0\u00bb font_container=\u00a0\u00bbtag:h3|text_align:left\u00a0\u00bb use_theme_fonts=\u00a0\u00bbyes\u00a0\u00bb css_animation=\u00a0\u00bbnone\u00a0\u00bb css=\u00a0\u00bb.vc_custom_1699792247597{margin-bottom: 25px !important;}\u00a0\u00bb][vc_column_text css=\u00a0\u00bb.vc_custom_1699792294077{margin-bottom: 20px !important;}\u00a0\u00bb]<\/p>\n<p style=\"font-size: 18px; line-height: 24px;\">Chez Brams, nous comprenons que la connaissance est le pouvoir, surtout dans le domaine de la cybers\u00e9curit\u00e9. Nos services de cyber intelligence sont con\u00e7us pour fournir aux entreprises des informations critiques sur les menaces, les tendances et les tactiques dans le paysage de la cybers\u00e9curit\u00e9. Cette intelligence proactive permet \u00e0 votre entreprise de rester en avance sur les menaces potentielles et de se d\u00e9fendre de mani\u00e8re plus efficace.<\/p>\n<p>[\/vc_column_text][vc_empty_space height=\u00a0\u00bb40px\u00a0\u00bb][\/vc_column][vc_column width=\u00a0\u00bb1\/2&Prime;][vc_single_image image=\u00a0\u00bb10185&Prime; img_size=\u00a0\u00bbfull\u00a0\u00bb alignment=\u00a0\u00bbcenter\u00a0\u00bb][\/vc_column][\/vc_row][\/vc_section][vc_section full_width=\u00a0\u00bbstretch_row\u00a0\u00bb css=\u00a0\u00bb.vc_custom_1699789157663{padding-bottom: 60px !important;}\u00a0\u00bb][vc_row full_width=\u00a0\u00bbstretch_row\u00a0\u00bb content_placement=\u00a0\u00bbtop\u00a0\u00bb css_animation=\u00a0\u00bbnone\u00a0\u00bb css=\u00a0\u00bb.vc_custom_1699634675791{margin-top: 25px !important;}\u00a0\u00bb][vc_column][vc_empty_space height=\u00a0\u00bb40px\u00a0\u00bb][vc_custom_heading text=\u00a0\u00bbCaract\u00e9ristiques\u00a0\u00bb font_container=\u00a0\u00bbtag:h3|text_align:center\u00a0\u00bb use_theme_fonts=\u00a0\u00bbyes\u00a0\u00bb css_animation=\u00a0\u00bbnone\u00a0\u00bb css=\u00a0\u00bb.vc_custom_1699829679265{margin-bottom: 25px !important;}\u00a0\u00bb][vc_empty_space height=\u00a0\u00bb40px\u00a0\u00bb][vc_row_inner gap=\u00a0\u00bb20&Prime; el_class=\u00a0\u00bbflex-columns shadow-card\u00a0\u00bb css=\u00a0\u00bb.vc_custom_1699633738207{margin-bottom: 25px !important;}\u00a0\u00bb][vc_column_inner el_class=\u00a0\u00bbboxshadow\u00a0\u00bb width=\u00a0\u00bb1\/3&Prime; css=\u00a0\u00bb.vc_custom_1699633105696{background-color: #ffffff !important;}\u00a0\u00bb]<div class=\"iconbox style2 \">\n\n\t<h4 class=\"box-title\">Veille Strat\u00e9gique<\/h4>\n\t<div class=\"box-detail\">\n\t\t<p>Nous collectons et analysons les informations sur les menaces \u00e9mergentes et les vuln\u00e9rabilit\u00e9s actuelles pour vous offrir une vision strat\u00e9gique de la s\u00e9curit\u00e9.<\/p>\n\t\n\t<\/div>\n\t<div class=\"box-icon\"><img decoding=\"async\" src=\"https:\/\/www.brams.com\/wp-content\/uploads\/2023\/11\/1995814.png\" alt=\"Veille Strat\u00e9gique\" \/><\/div>\t\n\t\n<\/div>[\/vc_column_inner][vc_column_inner el_class=\u00a0\u00bbboxshadow\u00a0\u00bb width=\u00a0\u00bb1\/3&Prime;]<div class=\"iconbox style2 \">\n\n\t<h4 class=\"box-title\">Analyse des Tendances de Cybermenaces<\/h4>\n\t<div class=\"box-detail\">\n\t\t<p>Notre \u00e9quipe suit les derni\u00e8res tendances en mati\u00e8re de cyberattaques et de tactiques malveillantes pour pr\u00e9voir et pr\u00e9venir les risques futurs.<\/p>\n\t\n\t<\/div>\n\t<div class=\"box-icon\"><img decoding=\"async\" src=\"https:\/\/www.brams.com\/wp-content\/uploads\/2023\/11\/8089662.png\" alt=\"Analyse des Tendances de Cybermenaces\" \/><\/div>\t\n\t\n<\/div>[\/vc_column_inner][vc_column_inner el_class=\u00a0\u00bbboxshadow\u00a0\u00bb width=\u00a0\u00bb1\/3&Prime;]<div class=\"iconbox style2 \">\n\n\t<h4 class=\"box-title\">Rapports Personnalis\u00e9s de Menaces<\/h4>\n\t<div class=\"box-detail\">\n\t\t<p>Nous fournissons des rapports de menaces personnalis\u00e9s, adapt\u00e9s aux sp\u00e9cificit\u00e9s de votre secteur et de votre entreprise.<\/p>\n\t\n\t<\/div>\n\t<div class=\"box-icon\"><img decoding=\"async\" src=\"https:\/\/www.brams.com\/wp-content\/uploads\/2023\/11\/825590.png\" alt=\"Rapports Personnalis\u00e9s de Menaces\" \/><\/div>\t\n\t\n<\/div>[\/vc_column_inner][\/vc_row_inner][vc_row_inner gap=\u00a0\u00bb20&Prime; el_class=\u00a0\u00bbflex-columns shadow-card\u00a0\u00bb][vc_column_inner width=\u00a0\u00bb1\/6&Prime;][\/vc_column_inner][vc_column_inner el_class=\u00a0\u00bbboxshadow\u00a0\u00bb width=\u00a0\u00bb1\/3&Prime;]<div class=\"iconbox style2 \">\n\n\t<h4 class=\"box-title\">Conseils Proactifs<\/h4>\n\t<div class=\"box-detail\">\n\t\t<p>Nos experts vous offrent des conseils sur mesure pour renforcer votre posture de s\u00e9curit\u00e9 face aux menaces identifi\u00e9es.<\/p>\n\t\n\t<\/div>\n\t<div class=\"box-icon\"><img decoding=\"async\" src=\"https:\/\/www.brams.com\/wp-content\/uploads\/2023\/11\/2272446.png\" alt=\"Conseils Proactifs\" \/><\/div>\t\n\t\n<\/div>[\/vc_column_inner][vc_column_inner el_class=\u00a0\u00bbboxshadow\u00a0\u00bb width=\u00a0\u00bb1\/3&Prime;]<div class=\"iconbox style2 \">\n\n\t<h4 class=\"box-title\">Formation et Sensibilisation<\/h4>\n\t<div class=\"box-detail\">\n\t\t<p>Nous proposons des formations pour sensibiliser votre personnel aux derni\u00e8res tactiques de cybermenaces et aux meilleures pratiques de s\u00e9curit\u00e9.<\/p>\n\t\n\t<\/div>\n\t<div class=\"box-icon\"><img decoding=\"async\" src=\"https:\/\/www.brams.com\/wp-content\/uploads\/2023\/11\/2436874.png\" alt=\"Formation et Sensibilisation\" \/><\/div>\t\n\t\n<\/div>[\/vc_column_inner][vc_column_inner width=\u00a0\u00bb1\/6&Prime;][\/vc_column_inner][\/vc_row_inner][\/vc_column][\/vc_row][vc_row full_width=\u00a0\u00bbstretch_row\u00a0\u00bb content_placement=\u00a0\u00bbtop\u00a0\u00bb css_animation=\u00a0\u00bbnone\u00a0\u00bb css=\u00a0\u00bb.vc_custom_1699634675791{margin-top: 25px !important;}\u00a0\u00bb][vc_column][vc_empty_space height=\u00a0\u00bb40px\u00a0\u00bb][vc_custom_heading text=\u00a0\u00bbCe que Nous Fournissons\u00a0\u00bb font_container=\u00a0\u00bbtag:h3|text_align:center\u00a0\u00bb use_theme_fonts=\u00a0\u00bbyes\u00a0\u00bb css_animation=\u00a0\u00bbnone\u00a0\u00bb css=\u00a0\u00bb.vc_custom_1699634043782{margin-bottom: 25px !important;}\u00a0\u00bb][vc_empty_space height=\u00a0\u00bb40px\u00a0\u00bb]<ul class=\"iconlist iconlist iconlist-icon-small columns-2 gap-50\"><li><div ><div class=\"iconlist-item-icon\"><i class=\"fas fa-user-shield\"><\/i><\/div><div class=\"iconlist-item-content\"><h5>Expertise Approfondie<\/h5><p>Notre \u00e9quipe poss\u00e8de une expertise approfondie dans l\u2019analyse et l\u2019interpr\u00e9tation des donn\u00e9es de cyber intelligence.<\/div><\/div><\/li><li><div ><div class=\"iconlist-item-icon\"><i class=\"fas fa-tools\"><\/i><\/div><div class=\"iconlist-item-content\"><h5>Outils d&rsquo;Analyse Avanc\u00e9s<\/h5><p>Nous utilisons des outils d\u2019analyse de pointe pour traiter et comprendre les donn\u00e9es complexes de cybermenaces.<\/div><\/div><\/li><li><div ><div class=\"iconlist-item-icon\"><i class=\"far fa-arrow-alt-circle-up\"><\/i><\/div><div class=\"iconlist-item-content\"><h5>Mise \u00e0 Jour Continue<\/h5><p>Nos services de cyber intelligence sont continuellement mis \u00e0 jour pour refl\u00e9ter le paysage changeant des menaces cybern\u00e9tiques.<\/div><\/div><\/li><li><div ><div class=\"iconlist-item-icon\"><i class=\"fas fa-headset\"><\/i><\/div><div class=\"iconlist-item-content\"><h5>Support et Collaboration<\/h5><p>Nous travaillons en \u00e9troite collaboration avec votre entreprise pour int\u00e9grer la cyber intelligence dans votre strat\u00e9gie de s\u00e9curit\u00e9 globale.<\/div><\/div><\/li><\/ul>[\/vc_column][\/vc_row][\/vc_section][vc_section full_width=\u00a0\u00bbstretch_row\u00a0\u00bb css=\u00a0\u00bb.vc_custom_1699791048590{padding-bottom: 60px !important;background-color: #f4f4f4 !important;}\u00a0\u00bb][vc_row full_width=\u00a0\u00bbstretch_row\u00a0\u00bb content_placement=\u00a0\u00bbtop\u00a0\u00bb css_animation=\u00a0\u00bbnone\u00a0\u00bb css=\u00a0\u00bb.vc_custom_1699634675791{margin-top: 25px !important;}\u00a0\u00bb][vc_column][vc_empty_space height=\u00a0\u00bb40px\u00a0\u00bb][vc_custom_heading text=\u00a0\u00bbPour explorer comment nos services de cyber intelligence peuvent renforcer la s\u00e9curit\u00e9 de votre entreprise\u00a0\u00bb font_container=\u00a0\u00bbtag:h3|text_align:center\u00a0\u00bb use_theme_fonts=\u00a0\u00bbyes\u00a0\u00bb css_animation=\u00a0\u00bbnone\u00a0\u00bb css=\u00a0\u00bb.vc_custom_1699792799525{margin-bottom: 25px !important;}\u00a0\u00bb][vc_empty_space height=\u00a0\u00bb40px\u00a0\u00bb][vc_column_text]<\/p>\n<p style=\"text-align: center;\"><a class=\"btn-go-down\" href=\"https:\/\/www.brams.com\/fr\/a-propos-de-brams\/contactez-brams\/\" target=\"_blank\" rel=\"noopener\"> Contactez-nous<\/a><\/p>\n<p>[\/vc_column_text][\/vc_column][\/vc_row][\/vc_section]<\/p>\n<\/div>","protected":false},"excerpt":{"rendered":"<p>[vc_section full_width=\u00a0\u00bbstretch_row\u00a0\u00bb css=\u00a0\u00bb.vc_custom_1699786720647{padding-bottom: 60px !important;}\u00a0\u00bb el_class=\u00a0\u00bbarrow\u00a0\u00bb][vc_row full_width=\u00a0\u00bbstretch_row\u00a0\u00bb content_placement=\u00a0\u00bbmiddle\u00a0\u00bb css_animation=\u00a0\u00bbnone\u00a0\u00bb css=\u00a0\u00bb.vc_custom_1699788878021{padding-top: 40px !important;padding-bottom: 40px !important;background-color: #f0f0f0 !important;}\u00a0\u00bb][vc_column width=\u00a0\u00bb1\/2&Prime;][vc_empty_space height=\u00a0\u00bb40px\u00a0\u00bb][vc_custom_heading text=\u00a0\u00bbServices de Cyber Intelligence chez Brams\u00a0\u00bb font_container=\u00a0\u00bbtag:h3|text_align:left\u00a0\u00bb use_theme_fonts=\u00a0\u00bbyes\u00a0\u00bb css_animation=\u00a0\u00bbnone\u00a0\u00bb css=\u00a0\u00bb.vc_custom_1699792247597{margin-bottom: 25px !important;}\u00a0\u00bb][vc_column_text css=\u00a0\u00bb.vc_custom_1699792294077{margin-bottom: 20px !important;}\u00a0\u00bb] Chez Brams, nous comprenons que la connaissance est le pouvoir, surtout dans le domaine de la cybers\u00e9curit\u00e9. Nos services de cyber intelligence [&hellip;]<\/p>\n","protected":false},"author":6,"featured_media":0,"parent":10055,"menu_order":0,"comment_status":"closed","ping_status":"closed","template":"","meta":{"content-type":"","_monsterinsights_skip_tracking":false,"_monsterinsights_sitenote_active":false,"_monsterinsights_sitenote_note":"","_monsterinsights_sitenote_category":0,"footnotes":""},"class_list":["post-10177","page","type-page","status-publish","hentry"],"yoast_head":"<!-- This site is optimized with the Yoast SEO plugin v22.1 - https:\/\/yoast.com\/wordpress\/plugins\/seo\/ -->\n<title>Cyber Intelligence - Brams<\/title>\n<meta name=\"robots\" content=\"index, follow, max-snippet:-1, max-image-preview:large, max-video-preview:-1\" \/>\n<link rel=\"canonical\" href=\"https:\/\/www.brams.com\/fr\/cybersecurite\/cyber-intelligence\/\" \/>\n<meta property=\"og:locale\" content=\"fr_FR\" \/>\n<meta property=\"og:type\" content=\"article\" \/>\n<meta property=\"og:title\" content=\"Cyber Intelligence - Brams\" \/>\n<meta property=\"og:description\" content=\"[vc_section full_width=\u00a0\u00bbstretch_row\u00a0\u00bb css=\u00a0\u00bb.vc_custom_1699786720647{padding-bottom: 60px !important;}\u00a0\u00bb el_class=\u00a0\u00bbarrow\u00a0\u00bb][vc_row full_width=\u00a0\u00bbstretch_row\u00a0\u00bb content_placement=\u00a0\u00bbmiddle\u00a0\u00bb css_animation=\u00a0\u00bbnone\u00a0\u00bb css=\u00a0\u00bb.vc_custom_1699788878021{padding-top: 40px !important;padding-bottom: 40px !important;background-color: #f0f0f0 !important;}\u00a0\u00bb][vc_column width=\u00a0\u00bb1\/2&Prime;][vc_empty_space height=\u00a0\u00bb40px\u00a0\u00bb][vc_custom_heading text=\u00a0\u00bbServices de Cyber Intelligence chez Brams\u00a0\u00bb font_container=\u00a0\u00bbtag:h3|text_align:left\u00a0\u00bb use_theme_fonts=\u00a0\u00bbyes\u00a0\u00bb css_animation=\u00a0\u00bbnone\u00a0\u00bb css=\u00a0\u00bb.vc_custom_1699792247597{margin-bottom: 25px !important;}\u00a0\u00bb][vc_column_text css=\u00a0\u00bb.vc_custom_1699792294077{margin-bottom: 20px !important;}\u00a0\u00bb] Chez Brams, nous comprenons que la connaissance est le pouvoir, surtout dans le domaine de la cybers\u00e9curit\u00e9. Nos services de cyber intelligence [&hellip;]\" \/>\n<meta property=\"og:url\" content=\"https:\/\/www.brams.com\/fr\/cybersecurite\/cyber-intelligence\/\" \/>\n<meta property=\"og:site_name\" content=\"Brams\" \/>\n<meta property=\"article:modified_time\" content=\"2023-11-12T22:54:57+00:00\" \/>\n<meta property=\"og:image\" content=\"https:\/\/www.brams.com\/wp-content\/uploads\/2019\/11\/PICTO-BRAMS.png\" \/>\n\t<meta property=\"og:image:width\" content=\"218\" \/>\n\t<meta property=\"og:image:height\" content=\"218\" \/>\n\t<meta property=\"og:image:type\" content=\"image\/png\" \/>\n<meta name=\"twitter:card\" content=\"summary_large_image\" \/>\n<meta name=\"twitter:site\" content=\"@bramsfz\" \/>\n<meta name=\"twitter:label1\" content=\"Dur\u00e9e de lecture estim\u00e9e\" \/>\n\t<meta name=\"twitter:data1\" content=\"2 minutes\" \/>\n<script type=\"application\/ld+json\" class=\"yoast-schema-graph\">{\"@context\":\"https:\/\/schema.org\",\"@graph\":[{\"@type\":\"WebPage\",\"@id\":\"https:\/\/www.brams.com\/fr\/cybersecurite\/cyber-intelligence\/\",\"url\":\"https:\/\/www.brams.com\/fr\/cybersecurite\/cyber-intelligence\/\",\"name\":\"Cyber Intelligence - Brams\",\"isPartOf\":{\"@id\":\"https:\/\/www.brams.com\/#website\"},\"datePublished\":\"2023-11-12T12:30:10+00:00\",\"dateModified\":\"2023-11-12T22:54:57+00:00\",\"breadcrumb\":{\"@id\":\"https:\/\/www.brams.com\/fr\/cybersecurite\/cyber-intelligence\/#breadcrumb\"},\"inLanguage\":\"fr-FR\",\"potentialAction\":[{\"@type\":\"ReadAction\",\"target\":[\"https:\/\/www.brams.com\/fr\/cybersecurite\/cyber-intelligence\/\"]}]},{\"@type\":\"BreadcrumbList\",\"@id\":\"https:\/\/www.brams.com\/fr\/cybersecurite\/cyber-intelligence\/#breadcrumb\",\"itemListElement\":[{\"@type\":\"ListItem\",\"position\":1,\"name\":\"Home\",\"item\":\"https:\/\/www.brams.com\/fr\/\"},{\"@type\":\"ListItem\",\"position\":2,\"name\":\"Cybersecurit\u00e9\",\"item\":\"https:\/\/www.brams.com\/fr\/cybersecurite\/\"},{\"@type\":\"ListItem\",\"position\":3,\"name\":\"Cyber Intelligence\"}]},{\"@type\":\"WebSite\",\"@id\":\"https:\/\/www.brams.com\/#website\",\"url\":\"https:\/\/www.brams.com\/\",\"name\":\"Brams\",\"description\":\"A world-leading cloud specialist with over 19 years of experience.\",\"publisher\":{\"@id\":\"https:\/\/www.brams.com\/#organization\"},\"potentialAction\":[{\"@type\":\"SearchAction\",\"target\":{\"@type\":\"EntryPoint\",\"urlTemplate\":\"https:\/\/www.brams.com\/?s={search_term_string}\"},\"query-input\":\"required name=search_term_string\"}],\"inLanguage\":\"fr-FR\"},{\"@type\":\"Organization\",\"@id\":\"https:\/\/www.brams.com\/#organization\",\"name\":\"Brams\",\"url\":\"https:\/\/www.brams.com\/\",\"logo\":{\"@type\":\"ImageObject\",\"inLanguage\":\"fr-FR\",\"@id\":\"https:\/\/www.brams.com\/#\/schema\/logo\/image\/\",\"url\":\"https:\/\/www.brams.com\/wp-content\/uploads\/2019\/12\/brams-logo.jpg\",\"contentUrl\":\"https:\/\/www.brams.com\/wp-content\/uploads\/2019\/12\/brams-logo.jpg\",\"width\":400,\"height\":108,\"caption\":\"Brams\"},\"image\":{\"@id\":\"https:\/\/www.brams.com\/#\/schema\/logo\/image\/\"},\"sameAs\":[\"https:\/\/twitter.com\/bramsfz\",\"https:\/\/www.linkedin.com\/company\/brams-technologies\/\"]}]}<\/script>\n<!-- \/ Yoast SEO plugin. -->","yoast_head_json":{"title":"Cyber Intelligence - Brams","robots":{"index":"index","follow":"follow","max-snippet":"max-snippet:-1","max-image-preview":"max-image-preview:large","max-video-preview":"max-video-preview:-1"},"canonical":"https:\/\/www.brams.com\/fr\/cybersecurite\/cyber-intelligence\/","og_locale":"fr_FR","og_type":"article","og_title":"Cyber Intelligence - Brams","og_description":"[vc_section full_width=\u00a0\u00bbstretch_row\u00a0\u00bb css=\u00a0\u00bb.vc_custom_1699786720647{padding-bottom: 60px !important;}\u00a0\u00bb el_class=\u00a0\u00bbarrow\u00a0\u00bb][vc_row full_width=\u00a0\u00bbstretch_row\u00a0\u00bb content_placement=\u00a0\u00bbmiddle\u00a0\u00bb css_animation=\u00a0\u00bbnone\u00a0\u00bb css=\u00a0\u00bb.vc_custom_1699788878021{padding-top: 40px !important;padding-bottom: 40px !important;background-color: #f0f0f0 !important;}\u00a0\u00bb][vc_column width=\u00a0\u00bb1\/2&Prime;][vc_empty_space height=\u00a0\u00bb40px\u00a0\u00bb][vc_custom_heading text=\u00a0\u00bbServices de Cyber Intelligence chez Brams\u00a0\u00bb font_container=\u00a0\u00bbtag:h3|text_align:left\u00a0\u00bb use_theme_fonts=\u00a0\u00bbyes\u00a0\u00bb css_animation=\u00a0\u00bbnone\u00a0\u00bb css=\u00a0\u00bb.vc_custom_1699792247597{margin-bottom: 25px !important;}\u00a0\u00bb][vc_column_text css=\u00a0\u00bb.vc_custom_1699792294077{margin-bottom: 20px !important;}\u00a0\u00bb] Chez Brams, nous comprenons que la connaissance est le pouvoir, surtout dans le domaine de la cybers\u00e9curit\u00e9. Nos services de cyber intelligence [&hellip;]","og_url":"https:\/\/www.brams.com\/fr\/cybersecurite\/cyber-intelligence\/","og_site_name":"Brams","article_modified_time":"2023-11-12T22:54:57+00:00","og_image":[{"width":218,"height":218,"url":"https:\/\/www.brams.com\/wp-content\/uploads\/2019\/11\/PICTO-BRAMS.png","type":"image\/png"}],"twitter_card":"summary_large_image","twitter_site":"@bramsfz","twitter_misc":{"Dur\u00e9e de lecture estim\u00e9e":"2 minutes"},"schema":{"@context":"https:\/\/schema.org","@graph":[{"@type":"WebPage","@id":"https:\/\/www.brams.com\/fr\/cybersecurite\/cyber-intelligence\/","url":"https:\/\/www.brams.com\/fr\/cybersecurite\/cyber-intelligence\/","name":"Cyber Intelligence - Brams","isPartOf":{"@id":"https:\/\/www.brams.com\/#website"},"datePublished":"2023-11-12T12:30:10+00:00","dateModified":"2023-11-12T22:54:57+00:00","breadcrumb":{"@id":"https:\/\/www.brams.com\/fr\/cybersecurite\/cyber-intelligence\/#breadcrumb"},"inLanguage":"fr-FR","potentialAction":[{"@type":"ReadAction","target":["https:\/\/www.brams.com\/fr\/cybersecurite\/cyber-intelligence\/"]}]},{"@type":"BreadcrumbList","@id":"https:\/\/www.brams.com\/fr\/cybersecurite\/cyber-intelligence\/#breadcrumb","itemListElement":[{"@type":"ListItem","position":1,"name":"Home","item":"https:\/\/www.brams.com\/fr\/"},{"@type":"ListItem","position":2,"name":"Cybersecurit\u00e9","item":"https:\/\/www.brams.com\/fr\/cybersecurite\/"},{"@type":"ListItem","position":3,"name":"Cyber Intelligence"}]},{"@type":"WebSite","@id":"https:\/\/www.brams.com\/#website","url":"https:\/\/www.brams.com\/","name":"Brams","description":"A world-leading cloud specialist with over 19 years of experience.","publisher":{"@id":"https:\/\/www.brams.com\/#organization"},"potentialAction":[{"@type":"SearchAction","target":{"@type":"EntryPoint","urlTemplate":"https:\/\/www.brams.com\/?s={search_term_string}"},"query-input":"required name=search_term_string"}],"inLanguage":"fr-FR"},{"@type":"Organization","@id":"https:\/\/www.brams.com\/#organization","name":"Brams","url":"https:\/\/www.brams.com\/","logo":{"@type":"ImageObject","inLanguage":"fr-FR","@id":"https:\/\/www.brams.com\/#\/schema\/logo\/image\/","url":"https:\/\/www.brams.com\/wp-content\/uploads\/2019\/12\/brams-logo.jpg","contentUrl":"https:\/\/www.brams.com\/wp-content\/uploads\/2019\/12\/brams-logo.jpg","width":400,"height":108,"caption":"Brams"},"image":{"@id":"https:\/\/www.brams.com\/#\/schema\/logo\/image\/"},"sameAs":["https:\/\/twitter.com\/bramsfz","https:\/\/www.linkedin.com\/company\/brams-technologies\/"]}]}},"_links":{"self":[{"href":"https:\/\/www.brams.com\/fr\/wp-json\/wp\/v2\/pages\/10177","targetHints":{"allow":["GET"]}}],"collection":[{"href":"https:\/\/www.brams.com\/fr\/wp-json\/wp\/v2\/pages"}],"about":[{"href":"https:\/\/www.brams.com\/fr\/wp-json\/wp\/v2\/types\/page"}],"author":[{"embeddable":true,"href":"https:\/\/www.brams.com\/fr\/wp-json\/wp\/v2\/users\/6"}],"replies":[{"embeddable":true,"href":"https:\/\/www.brams.com\/fr\/wp-json\/wp\/v2\/comments?post=10177"}],"version-history":[{"count":4,"href":"https:\/\/www.brams.com\/fr\/wp-json\/wp\/v2\/pages\/10177\/revisions"}],"predecessor-version":[{"id":10217,"href":"https:\/\/www.brams.com\/fr\/wp-json\/wp\/v2\/pages\/10177\/revisions\/10217"}],"up":[{"embeddable":true,"href":"https:\/\/www.brams.com\/fr\/wp-json\/wp\/v2\/pages\/10055"}],"wp:attachment":[{"href":"https:\/\/www.brams.com\/fr\/wp-json\/wp\/v2\/media?parent=10177"}],"curies":[{"name":"wp","href":"https:\/\/api.w.org\/{rel}","templated":true}]}}