{"id":10148,"date":"2023-11-12T11:53:18","date_gmt":"2023-11-12T11:53:18","guid":{"rendered":"https:\/\/www.brams.com\/?page_id=10148"},"modified":"2023-11-12T22:24:51","modified_gmt":"2023-11-12T22:24:51","slug":"prevention-des-pertes-de-donnees-dlp","status":"publish","type":"page","link":"https:\/\/www.brams.com\/fr\/cybersecurite\/prevention-des-pertes-de-donnees-dlp\/","title":{"rendered":"Pr\u00e9vention des Pertes de Donn\u00e9es (DLP)"},"content":{"rendered":"<div class=\"wpb-content-wrapper\"><p>[vc_section full_width=\u00a0\u00bbstretch_row\u00a0\u00bb css=\u00a0\u00bb.vc_custom_1699786720647{padding-bottom: 60px !important;}\u00a0\u00bb el_class=\u00a0\u00bbarrow\u00a0\u00bb][vc_row full_width=\u00a0\u00bbstretch_row\u00a0\u00bb content_placement=\u00a0\u00bbmiddle\u00a0\u00bb css_animation=\u00a0\u00bbnone\u00a0\u00bb css=\u00a0\u00bb.vc_custom_1699788878021{padding-top: 40px !important;padding-bottom: 40px !important;background-color: #f0f0f0 !important;}\u00a0\u00bb][vc_column width=\u00a0\u00bb1\/2&Prime;][vc_empty_space height=\u00a0\u00bb40px\u00a0\u00bb][vc_custom_heading text=\u00a0\u00bbPr\u00e9vention des Pertes de Donn\u00e9es (DLP) chez Brams\u00a0\u00bb font_container=\u00a0\u00bbtag:h3|text_align:left\u00a0\u00bb use_theme_fonts=\u00a0\u00bbyes\u00a0\u00bb css_animation=\u00a0\u00bbnone\u00a0\u00bb css=\u00a0\u00bb.vc_custom_1699790023667{margin-bottom: 25px !important;}\u00a0\u00bb][vc_column_text css=\u00a0\u00bb.vc_custom_1699790045495{margin-bottom: 20px !important;}\u00a0\u00bb]<\/p>\n<p style=\"font-size: 18px; line-height: 24px;\">Dans l&rsquo;univers num\u00e9rique actuel, la protection des donn\u00e9es sensibles est cruciale. Les services de Pr\u00e9vention des Pertes de Donn\u00e9es (DLP) de Brams sont con\u00e7us pour s\u00e9curiser les informations critiques de votre entreprise contre les fuites, les vols ou les expositions accidentelles. Notre approche DLP englobe des strat\u00e9gies compl\u00e8tes pour assurer l&rsquo;int\u00e9grit\u00e9 et la confidentialit\u00e9 de vos donn\u00e9es.\u200b<\/p>\n<p>[\/vc_column_text][vc_empty_space height=\u00a0\u00bb40px\u00a0\u00bb][\/vc_column][vc_column width=\u00a0\u00bb1\/2&Prime;][vc_single_image image=\u00a0\u00bb10157&Prime; img_size=\u00a0\u00bbfull\u00a0\u00bb alignment=\u00a0\u00bbcenter\u00a0\u00bb][\/vc_column][\/vc_row][\/vc_section][vc_section full_width=\u00a0\u00bbstretch_row\u00a0\u00bb css=\u00a0\u00bb.vc_custom_1699789157663{padding-bottom: 60px !important;}\u00a0\u00bb][vc_row full_width=\u00a0\u00bbstretch_row\u00a0\u00bb content_placement=\u00a0\u00bbtop\u00a0\u00bb css_animation=\u00a0\u00bbnone\u00a0\u00bb css=\u00a0\u00bb.vc_custom_1699634675791{margin-top: 25px !important;}\u00a0\u00bb][vc_column][vc_row_inner gap=\u00a0\u00bb20&Prime; el_class=\u00a0\u00bbflex-columns shadow-card\u00a0\u00bb css=\u00a0\u00bb.vc_custom_1699633738207{margin-bottom: 25px !important;}\u00a0\u00bb][vc_column_inner el_class=\u00a0\u00bbboxshadow\u00a0\u00bb width=\u00a0\u00bb1\/3&Prime; css=\u00a0\u00bb.vc_custom_1699633105696{background-color: #ffffff !important;}\u00a0\u00bb]<div class=\"iconbox style2 \">\n\n\t<h4 class=\"box-title\">Identification et Classification des Donn\u00e9es Sensibles<\/h4>\n\t<div class=\"box-detail\">\n\t\t<p>Nous identifions et classifions les donn\u00e9es sensibles pour appliquer des politiques de protection adapt\u00e9es.<\/p>\n\t\n\t<\/div>\n\t<div class=\"box-icon\"><img decoding=\"async\" src=\"https:\/\/www.brams.com\/wp-content\/uploads\/2023\/11\/5779983.png\" alt=\"Identification et Classification des Donn\u00e9es Sensibles\" \/><\/div>\t\n\t\n<\/div>[\/vc_column_inner][vc_column_inner el_class=\u00a0\u00bbboxshadow\u00a0\u00bb width=\u00a0\u00bb1\/3&Prime;]<div class=\"iconbox style2 \">\n\n\t<h4 class=\"box-title\">Contr\u00f4le d&#039;Acc\u00e8s et de Partage<\/h4>\n\t<div class=\"box-detail\">\n\t\t<p>Nos solutions DLP int\u00e8grent des m\u00e9canismes de contr\u00f4le d&rsquo;acc\u00e8s pour limiter qui peut voir et partager les donn\u00e9es.<\/p>\n\t\n\t<\/div>\n\t<div class=\"box-icon\"><img decoding=\"async\" src=\"https:\/\/www.brams.com\/wp-content\/uploads\/2022\/04\/secure.jpg\" alt=\"Contr\u00f4le d&#039;Acc\u00e8s et de Partage\" \/><\/div>\t\n\t\n<\/div>[\/vc_column_inner][vc_column_inner el_class=\u00a0\u00bbboxshadow\u00a0\u00bb width=\u00a0\u00bb1\/3&Prime;]<div class=\"iconbox style2 \">\n\n\t<h4 class=\"box-title\">Surveillance et Analyse en Continu<\/h4>\n\t<div class=\"box-detail\">\n\t\t<p>Nous surveillons en permanence les activit\u00e9s de donn\u00e9es pour d\u00e9tecter et r\u00e9pondre rapidement \u00e0 tout comportement suspect.<\/p>\n\t\n\t<\/div>\n\t<div class=\"box-icon\"><img decoding=\"async\" src=\"https:\/\/www.brams.com\/wp-content\/uploads\/2022\/04\/educate.jpg\" alt=\"Surveillance et Analyse en Continu\" \/><\/div>\t\n\t\n<\/div>[\/vc_column_inner][\/vc_row_inner][vc_row_inner gap=\u00a0\u00bb20&Prime; el_class=\u00a0\u00bbflex-columns shadow-card\u00a0\u00bb][vc_column_inner width=\u00a0\u00bb1\/6&Prime;][\/vc_column_inner][vc_column_inner el_class=\u00a0\u00bbboxshadow\u00a0\u00bb width=\u00a0\u00bb1\/3&Prime;]<div class=\"iconbox style2 \">\n\n\t<h4 class=\"box-title\">Pr\u00e9vention des Fuites de Donn\u00e9es<\/h4>\n\t<div class=\"box-detail\">\n\t\t<p>Nos outils DLP avanc\u00e9s emp\u00eachent la transmission non autoris\u00e9e de donn\u00e9es sensibles hors de l&rsquo;entreprise.<\/p>\n\t\n\t<\/div>\n\t<div class=\"box-icon\"><img decoding=\"async\" src=\"https:\/\/www.brams.com\/wp-content\/uploads\/2022\/04\/Manage.jpg\" alt=\"Pr\u00e9vention des Fuites de Donn\u00e9es\" \/><\/div>\t\n\t\n<\/div>[\/vc_column_inner][vc_column_inner el_class=\u00a0\u00bbboxshadow\u00a0\u00bb width=\u00a0\u00bb1\/3&Prime;]<div class=\"iconbox style2 \">\n\n\t<h4 class=\"box-title\">Formation et Sensibilisation des Employ\u00e9s<\/h4>\n\t<div class=\"box-detail\">\n\t\t<p>Nous offrons des formations pour sensibiliser les employ\u00e9s aux risques de perte de donn\u00e9es et aux bonnes pratiques de s\u00e9curit\u00e9.<\/p>\n\t\n\t<\/div>\n\t<div class=\"box-icon\"><img decoding=\"async\" src=\"https:\/\/www.brams.com\/wp-content\/uploads\/2023\/11\/2436874.png\" alt=\"Formation et Sensibilisation des Employ\u00e9s\" \/><\/div>\t\n\t\n<\/div>[\/vc_column_inner][vc_column_inner width=\u00a0\u00bb1\/6&Prime;][\/vc_column_inner][\/vc_row_inner][\/vc_column][\/vc_row][vc_row full_width=\u00a0\u00bbstretch_row\u00a0\u00bb content_placement=\u00a0\u00bbtop\u00a0\u00bb css_animation=\u00a0\u00bbnone\u00a0\u00bb css=\u00a0\u00bb.vc_custom_1699634675791{margin-top: 25px !important;}\u00a0\u00bb][vc_column][vc_empty_space height=\u00a0\u00bb40px\u00a0\u00bb][vc_custom_heading text=\u00a0\u00bbCe que Nous Fournissons\u00a0\u00bb font_container=\u00a0\u00bbtag:h3|text_align:center\u00a0\u00bb use_theme_fonts=\u00a0\u00bbyes\u00a0\u00bb css_animation=\u00a0\u00bbnone\u00a0\u00bb css=\u00a0\u00bb.vc_custom_1699634043782{margin-bottom: 25px !important;}\u00a0\u00bb][vc_empty_space height=\u00a0\u00bb40px\u00a0\u00bb]<ul class=\"iconlist iconlist iconlist-icon-small columns-2 gap-50\"><li><div ><div class=\"iconlist-item-icon\"><i class=\"fas fa-tools\"><\/i><\/div><div class=\"iconlist-item-content\"><h5>Technologie de Pointe<\/h5><p>Nos solutions DLP utilisent des technologies avanc\u00e9es pour une protection efficace et proactive des donn\u00e9es.<\/div><\/div><\/li><li><div ><div class=\"iconlist-item-icon\"><i class=\"fas fa-shield-alt\"><\/i><\/div><div class=\"iconlist-item-content\"><h5>Personnalisation selon les Besoins de l&rsquo;Entreprise<\/h5><p>Nous adaptons nos services DLP aux besoins sp\u00e9cifiques de votre entreprise pour une protection optimale.<\/div><\/div><\/li><li><div ><div class=\"iconlist-item-icon\"><i class=\"fas fa-file-alt\"><\/i><\/div><div class=\"iconlist-item-content\"><h5>Rapports D\u00e9taill\u00e9s et Analyses<\/h5><p>Nous fournissons des rapports et analyses d\u00e9taill\u00e9s pour vous donner une vue d\u2019ensemble de la s\u00e9curit\u00e9 de vos donn\u00e9es.<\/div><\/div><\/li><li><div ><div class=\"iconlist-item-icon\"><i class=\"fas fa-headset\"><\/i><\/div><div class=\"iconlist-item-content\"><h5>Support Continu<\/h5><p>Notre \u00e9quipe est disponible pour offrir un soutien continu et r\u00e9pondre \u00e0 toutes vos pr\u00e9occupations en mati\u00e8re de s\u00e9curit\u00e9 des donn\u00e9es.<\/p><p><\/div><\/div><\/li><\/ul>[\/vc_column][\/vc_row][\/vc_section][vc_section full_width=\u00a0\u00bbstretch_row\u00a0\u00bb css=\u00a0\u00bb.vc_custom_1699791048590{padding-bottom: 60px !important;background-color: #f4f4f4 !important;}\u00a0\u00bb][vc_row full_width=\u00a0\u00bbstretch_row\u00a0\u00bb content_placement=\u00a0\u00bbtop\u00a0\u00bb css_animation=\u00a0\u00bbnone\u00a0\u00bb css=\u00a0\u00bb.vc_custom_1699634675791{margin-top: 25px !important;}\u00a0\u00bb][vc_column][vc_empty_space height=\u00a0\u00bb40px\u00a0\u00bb][vc_custom_heading text=\u00a0\u00bbPour d\u00e9couvrir comment nos services de Pr\u00e9vention des Pertes de Donn\u00e9es peuvent prot\u00e9ger votre entreprise, Contactez-nous.\u00a0\u00bb font_container=\u00a0\u00bbtag:h3|text_align:center\u00a0\u00bb use_theme_fonts=\u00a0\u00bbyes\u00a0\u00bb css_animation=\u00a0\u00bbnone\u00a0\u00bb css=\u00a0\u00bb.vc_custom_1699790985441{margin-bottom: 25px !important;}\u00a0\u00bb][vc_empty_space height=\u00a0\u00bb40px\u00a0\u00bb][vc_column_text]<\/p>\n<p style=\"text-align: center;\"><a class=\"btn-go-down\" href=\"https:\/\/www.brams.com\/fr\/a-propos-de-brams\/contactez-brams\/\" target=\"_blank\" rel=\"noopener\"> Nous Contacter<\/a><\/p>\n<p>[\/vc_column_text][\/vc_column][\/vc_row][\/vc_section]<\/p>\n<\/div>","protected":false},"excerpt":{"rendered":"<p>[vc_section full_width=\u00a0\u00bbstretch_row\u00a0\u00bb css=\u00a0\u00bb.vc_custom_1699786720647{padding-bottom: 60px !important;}\u00a0\u00bb el_class=\u00a0\u00bbarrow\u00a0\u00bb][vc_row full_width=\u00a0\u00bbstretch_row\u00a0\u00bb content_placement=\u00a0\u00bbmiddle\u00a0\u00bb css_animation=\u00a0\u00bbnone\u00a0\u00bb css=\u00a0\u00bb.vc_custom_1699788878021{padding-top: 40px !important;padding-bottom: 40px !important;background-color: #f0f0f0 !important;}\u00a0\u00bb][vc_column width=\u00a0\u00bb1\/2&Prime;][vc_empty_space height=\u00a0\u00bb40px\u00a0\u00bb][vc_custom_heading text=\u00a0\u00bbPr\u00e9vention des Pertes de Donn\u00e9es (DLP) chez Brams\u00a0\u00bb font_container=\u00a0\u00bbtag:h3|text_align:left\u00a0\u00bb use_theme_fonts=\u00a0\u00bbyes\u00a0\u00bb css_animation=\u00a0\u00bbnone\u00a0\u00bb css=\u00a0\u00bb.vc_custom_1699790023667{margin-bottom: 25px !important;}\u00a0\u00bb][vc_column_text css=\u00a0\u00bb.vc_custom_1699790045495{margin-bottom: 20px !important;}\u00a0\u00bb] Dans l&rsquo;univers num\u00e9rique actuel, la protection des donn\u00e9es sensibles est cruciale. Les services de Pr\u00e9vention des Pertes de Donn\u00e9es (DLP) [&hellip;]<\/p>\n","protected":false},"author":6,"featured_media":0,"parent":10055,"menu_order":0,"comment_status":"closed","ping_status":"closed","template":"","meta":{"content-type":"","_monsterinsights_skip_tracking":false,"_monsterinsights_sitenote_active":false,"_monsterinsights_sitenote_note":"","_monsterinsights_sitenote_category":0,"footnotes":""},"class_list":["post-10148","page","type-page","status-publish","hentry"],"yoast_head":"<!-- This site is optimized with the Yoast SEO plugin v22.1 - https:\/\/yoast.com\/wordpress\/plugins\/seo\/ -->\n<title>Pr\u00e9vention des Pertes de Donn\u00e9es (DLP) - Brams<\/title>\n<meta name=\"robots\" content=\"index, follow, max-snippet:-1, max-image-preview:large, max-video-preview:-1\" \/>\n<link rel=\"canonical\" href=\"https:\/\/www.brams.com\/fr\/cybersecurite\/prevention-des-pertes-de-donnees-dlp\/\" \/>\n<meta property=\"og:locale\" content=\"fr_FR\" \/>\n<meta property=\"og:type\" content=\"article\" \/>\n<meta property=\"og:title\" content=\"Pr\u00e9vention des Pertes de Donn\u00e9es (DLP) - Brams\" \/>\n<meta property=\"og:description\" content=\"[vc_section full_width=\u00a0\u00bbstretch_row\u00a0\u00bb css=\u00a0\u00bb.vc_custom_1699786720647{padding-bottom: 60px !important;}\u00a0\u00bb el_class=\u00a0\u00bbarrow\u00a0\u00bb][vc_row full_width=\u00a0\u00bbstretch_row\u00a0\u00bb content_placement=\u00a0\u00bbmiddle\u00a0\u00bb css_animation=\u00a0\u00bbnone\u00a0\u00bb css=\u00a0\u00bb.vc_custom_1699788878021{padding-top: 40px !important;padding-bottom: 40px !important;background-color: #f0f0f0 !important;}\u00a0\u00bb][vc_column width=\u00a0\u00bb1\/2&Prime;][vc_empty_space height=\u00a0\u00bb40px\u00a0\u00bb][vc_custom_heading text=\u00a0\u00bbPr\u00e9vention des Pertes de Donn\u00e9es (DLP) chez Brams\u00a0\u00bb font_container=\u00a0\u00bbtag:h3|text_align:left\u00a0\u00bb use_theme_fonts=\u00a0\u00bbyes\u00a0\u00bb css_animation=\u00a0\u00bbnone\u00a0\u00bb css=\u00a0\u00bb.vc_custom_1699790023667{margin-bottom: 25px !important;}\u00a0\u00bb][vc_column_text css=\u00a0\u00bb.vc_custom_1699790045495{margin-bottom: 20px !important;}\u00a0\u00bb] Dans l&rsquo;univers num\u00e9rique actuel, la protection des donn\u00e9es sensibles est cruciale. Les services de Pr\u00e9vention des Pertes de Donn\u00e9es (DLP) [&hellip;]\" \/>\n<meta property=\"og:url\" content=\"https:\/\/www.brams.com\/fr\/cybersecurite\/prevention-des-pertes-de-donnees-dlp\/\" \/>\n<meta property=\"og:site_name\" content=\"Brams\" \/>\n<meta property=\"article:modified_time\" content=\"2023-11-12T22:24:51+00:00\" \/>\n<meta property=\"og:image\" content=\"https:\/\/www.brams.com\/wp-content\/uploads\/2019\/11\/PICTO-BRAMS.png\" \/>\n\t<meta property=\"og:image:width\" content=\"218\" \/>\n\t<meta property=\"og:image:height\" content=\"218\" \/>\n\t<meta property=\"og:image:type\" content=\"image\/png\" \/>\n<meta name=\"twitter:card\" content=\"summary_large_image\" \/>\n<meta name=\"twitter:site\" content=\"@bramsfz\" \/>\n<meta name=\"twitter:label1\" content=\"Dur\u00e9e de lecture estim\u00e9e\" \/>\n\t<meta name=\"twitter:data1\" content=\"2 minutes\" \/>\n<script type=\"application\/ld+json\" class=\"yoast-schema-graph\">{\"@context\":\"https:\/\/schema.org\",\"@graph\":[{\"@type\":\"WebPage\",\"@id\":\"https:\/\/www.brams.com\/fr\/cybersecurite\/prevention-des-pertes-de-donnees-dlp\/\",\"url\":\"https:\/\/www.brams.com\/fr\/cybersecurite\/prevention-des-pertes-de-donnees-dlp\/\",\"name\":\"Pr\u00e9vention des Pertes de Donn\u00e9es (DLP) - Brams\",\"isPartOf\":{\"@id\":\"https:\/\/www.brams.com\/#website\"},\"datePublished\":\"2023-11-12T11:53:18+00:00\",\"dateModified\":\"2023-11-12T22:24:51+00:00\",\"breadcrumb\":{\"@id\":\"https:\/\/www.brams.com\/fr\/cybersecurite\/prevention-des-pertes-de-donnees-dlp\/#breadcrumb\"},\"inLanguage\":\"fr-FR\",\"potentialAction\":[{\"@type\":\"ReadAction\",\"target\":[\"https:\/\/www.brams.com\/fr\/cybersecurite\/prevention-des-pertes-de-donnees-dlp\/\"]}]},{\"@type\":\"BreadcrumbList\",\"@id\":\"https:\/\/www.brams.com\/fr\/cybersecurite\/prevention-des-pertes-de-donnees-dlp\/#breadcrumb\",\"itemListElement\":[{\"@type\":\"ListItem\",\"position\":1,\"name\":\"Home\",\"item\":\"https:\/\/www.brams.com\/fr\/\"},{\"@type\":\"ListItem\",\"position\":2,\"name\":\"Cybersecurit\u00e9\",\"item\":\"https:\/\/www.brams.com\/fr\/cybersecurite\/\"},{\"@type\":\"ListItem\",\"position\":3,\"name\":\"Pr\u00e9vention des Pertes de Donn\u00e9es (DLP)\"}]},{\"@type\":\"WebSite\",\"@id\":\"https:\/\/www.brams.com\/#website\",\"url\":\"https:\/\/www.brams.com\/\",\"name\":\"Brams\",\"description\":\"A world-leading cloud specialist with over 19 years of experience.\",\"publisher\":{\"@id\":\"https:\/\/www.brams.com\/#organization\"},\"potentialAction\":[{\"@type\":\"SearchAction\",\"target\":{\"@type\":\"EntryPoint\",\"urlTemplate\":\"https:\/\/www.brams.com\/?s={search_term_string}\"},\"query-input\":\"required name=search_term_string\"}],\"inLanguage\":\"fr-FR\"},{\"@type\":\"Organization\",\"@id\":\"https:\/\/www.brams.com\/#organization\",\"name\":\"Brams\",\"url\":\"https:\/\/www.brams.com\/\",\"logo\":{\"@type\":\"ImageObject\",\"inLanguage\":\"fr-FR\",\"@id\":\"https:\/\/www.brams.com\/#\/schema\/logo\/image\/\",\"url\":\"https:\/\/www.brams.com\/wp-content\/uploads\/2019\/12\/brams-logo.jpg\",\"contentUrl\":\"https:\/\/www.brams.com\/wp-content\/uploads\/2019\/12\/brams-logo.jpg\",\"width\":400,\"height\":108,\"caption\":\"Brams\"},\"image\":{\"@id\":\"https:\/\/www.brams.com\/#\/schema\/logo\/image\/\"},\"sameAs\":[\"https:\/\/twitter.com\/bramsfz\",\"https:\/\/www.linkedin.com\/company\/brams-technologies\/\"]}]}<\/script>\n<!-- \/ Yoast SEO plugin. -->","yoast_head_json":{"title":"Pr\u00e9vention des Pertes de Donn\u00e9es (DLP) - Brams","robots":{"index":"index","follow":"follow","max-snippet":"max-snippet:-1","max-image-preview":"max-image-preview:large","max-video-preview":"max-video-preview:-1"},"canonical":"https:\/\/www.brams.com\/fr\/cybersecurite\/prevention-des-pertes-de-donnees-dlp\/","og_locale":"fr_FR","og_type":"article","og_title":"Pr\u00e9vention des Pertes de Donn\u00e9es (DLP) - Brams","og_description":"[vc_section full_width=\u00a0\u00bbstretch_row\u00a0\u00bb css=\u00a0\u00bb.vc_custom_1699786720647{padding-bottom: 60px !important;}\u00a0\u00bb el_class=\u00a0\u00bbarrow\u00a0\u00bb][vc_row full_width=\u00a0\u00bbstretch_row\u00a0\u00bb content_placement=\u00a0\u00bbmiddle\u00a0\u00bb css_animation=\u00a0\u00bbnone\u00a0\u00bb css=\u00a0\u00bb.vc_custom_1699788878021{padding-top: 40px !important;padding-bottom: 40px !important;background-color: #f0f0f0 !important;}\u00a0\u00bb][vc_column width=\u00a0\u00bb1\/2&Prime;][vc_empty_space height=\u00a0\u00bb40px\u00a0\u00bb][vc_custom_heading text=\u00a0\u00bbPr\u00e9vention des Pertes de Donn\u00e9es (DLP) chez Brams\u00a0\u00bb font_container=\u00a0\u00bbtag:h3|text_align:left\u00a0\u00bb use_theme_fonts=\u00a0\u00bbyes\u00a0\u00bb css_animation=\u00a0\u00bbnone\u00a0\u00bb css=\u00a0\u00bb.vc_custom_1699790023667{margin-bottom: 25px !important;}\u00a0\u00bb][vc_column_text css=\u00a0\u00bb.vc_custom_1699790045495{margin-bottom: 20px !important;}\u00a0\u00bb] Dans l&rsquo;univers num\u00e9rique actuel, la protection des donn\u00e9es sensibles est cruciale. Les services de Pr\u00e9vention des Pertes de Donn\u00e9es (DLP) [&hellip;]","og_url":"https:\/\/www.brams.com\/fr\/cybersecurite\/prevention-des-pertes-de-donnees-dlp\/","og_site_name":"Brams","article_modified_time":"2023-11-12T22:24:51+00:00","og_image":[{"width":218,"height":218,"url":"https:\/\/www.brams.com\/wp-content\/uploads\/2019\/11\/PICTO-BRAMS.png","type":"image\/png"}],"twitter_card":"summary_large_image","twitter_site":"@bramsfz","twitter_misc":{"Dur\u00e9e de lecture estim\u00e9e":"2 minutes"},"schema":{"@context":"https:\/\/schema.org","@graph":[{"@type":"WebPage","@id":"https:\/\/www.brams.com\/fr\/cybersecurite\/prevention-des-pertes-de-donnees-dlp\/","url":"https:\/\/www.brams.com\/fr\/cybersecurite\/prevention-des-pertes-de-donnees-dlp\/","name":"Pr\u00e9vention des Pertes de Donn\u00e9es (DLP) - Brams","isPartOf":{"@id":"https:\/\/www.brams.com\/#website"},"datePublished":"2023-11-12T11:53:18+00:00","dateModified":"2023-11-12T22:24:51+00:00","breadcrumb":{"@id":"https:\/\/www.brams.com\/fr\/cybersecurite\/prevention-des-pertes-de-donnees-dlp\/#breadcrumb"},"inLanguage":"fr-FR","potentialAction":[{"@type":"ReadAction","target":["https:\/\/www.brams.com\/fr\/cybersecurite\/prevention-des-pertes-de-donnees-dlp\/"]}]},{"@type":"BreadcrumbList","@id":"https:\/\/www.brams.com\/fr\/cybersecurite\/prevention-des-pertes-de-donnees-dlp\/#breadcrumb","itemListElement":[{"@type":"ListItem","position":1,"name":"Home","item":"https:\/\/www.brams.com\/fr\/"},{"@type":"ListItem","position":2,"name":"Cybersecurit\u00e9","item":"https:\/\/www.brams.com\/fr\/cybersecurite\/"},{"@type":"ListItem","position":3,"name":"Pr\u00e9vention des Pertes de Donn\u00e9es (DLP)"}]},{"@type":"WebSite","@id":"https:\/\/www.brams.com\/#website","url":"https:\/\/www.brams.com\/","name":"Brams","description":"A world-leading cloud specialist with over 19 years of experience.","publisher":{"@id":"https:\/\/www.brams.com\/#organization"},"potentialAction":[{"@type":"SearchAction","target":{"@type":"EntryPoint","urlTemplate":"https:\/\/www.brams.com\/?s={search_term_string}"},"query-input":"required name=search_term_string"}],"inLanguage":"fr-FR"},{"@type":"Organization","@id":"https:\/\/www.brams.com\/#organization","name":"Brams","url":"https:\/\/www.brams.com\/","logo":{"@type":"ImageObject","inLanguage":"fr-FR","@id":"https:\/\/www.brams.com\/#\/schema\/logo\/image\/","url":"https:\/\/www.brams.com\/wp-content\/uploads\/2019\/12\/brams-logo.jpg","contentUrl":"https:\/\/www.brams.com\/wp-content\/uploads\/2019\/12\/brams-logo.jpg","width":400,"height":108,"caption":"Brams"},"image":{"@id":"https:\/\/www.brams.com\/#\/schema\/logo\/image\/"},"sameAs":["https:\/\/twitter.com\/bramsfz","https:\/\/www.linkedin.com\/company\/brams-technologies\/"]}]}},"_links":{"self":[{"href":"https:\/\/www.brams.com\/fr\/wp-json\/wp\/v2\/pages\/10148","targetHints":{"allow":["GET"]}}],"collection":[{"href":"https:\/\/www.brams.com\/fr\/wp-json\/wp\/v2\/pages"}],"about":[{"href":"https:\/\/www.brams.com\/fr\/wp-json\/wp\/v2\/types\/page"}],"author":[{"embeddable":true,"href":"https:\/\/www.brams.com\/fr\/wp-json\/wp\/v2\/users\/6"}],"replies":[{"embeddable":true,"href":"https:\/\/www.brams.com\/fr\/wp-json\/wp\/v2\/comments?post=10148"}],"version-history":[{"count":4,"href":"https:\/\/www.brams.com\/fr\/wp-json\/wp\/v2\/pages\/10148\/revisions"}],"predecessor-version":[{"id":10159,"href":"https:\/\/www.brams.com\/fr\/wp-json\/wp\/v2\/pages\/10148\/revisions\/10159"}],"up":[{"embeddable":true,"href":"https:\/\/www.brams.com\/fr\/wp-json\/wp\/v2\/pages\/10055"}],"wp:attachment":[{"href":"https:\/\/www.brams.com\/fr\/wp-json\/wp\/v2\/media?parent=10148"}],"curies":[{"name":"wp","href":"https:\/\/api.w.org\/{rel}","templated":true}]}}