{"id":10124,"date":"2023-11-12T11:37:19","date_gmt":"2023-11-12T11:37:19","guid":{"rendered":"https:\/\/www.brams.com\/?page_id=10124"},"modified":"2023-11-12T22:13:17","modified_gmt":"2023-11-12T22:13:17","slug":"securite-des-applications","status":"publish","type":"page","link":"https:\/\/www.brams.com\/fr\/cybersecurite\/securite-des-applications\/","title":{"rendered":"S\u00e9curit\u00e9 des Applications"},"content":{"rendered":"<div class=\"wpb-content-wrapper\"><p>[vc_section full_width=\u00a0\u00bbstretch_row\u00a0\u00bb css=\u00a0\u00bb.vc_custom_1699786720647{padding-bottom: 60px !important;}\u00a0\u00bb el_class=\u00a0\u00bbarrow\u00a0\u00bb][vc_row full_width=\u00a0\u00bbstretch_row\u00a0\u00bb content_placement=\u00a0\u00bbmiddle\u00a0\u00bb css_animation=\u00a0\u00bbnone\u00a0\u00bb css=\u00a0\u00bb.vc_custom_1699788878021{padding-top: 40px !important;padding-bottom: 40px !important;background-color: #f0f0f0 !important;}\u00a0\u00bb][vc_column width=\u00a0\u00bb1\/2&Prime;][vc_empty_space height=\u00a0\u00bb40px\u00a0\u00bb][vc_custom_heading text=\u00a0\u00bbServices de S\u00e9curit\u00e9 des Applications chez Brams\u00a0\u00bb font_container=\u00a0\u00bbtag:h3|text_align:left\u00a0\u00bb use_theme_fonts=\u00a0\u00bbyes\u00a0\u00bb css_animation=\u00a0\u00bbnone\u00a0\u00bb css=\u00a0\u00bb.vc_custom_1699789065132{margin-bottom: 25px !important;}\u00a0\u00bb][vc_column_text css=\u00a0\u00bb.vc_custom_1699789083999{margin-bottom: 20px !important;}\u00a0\u00bb]<\/p>\n<p style=\"font-size: 18px; line-height: 24px;\">La s\u00e9curit\u00e9 des applications est cruciale pour prot\u00e9ger les logiciels et les applications contre les menaces. Chez Brams, nous proposons des services de s\u00e9curit\u00e9 des applications robustes con\u00e7us pour prot\u00e9ger vos applications pendant le d\u00e9veloppement et apr\u00e8s leur d\u00e9ploiement.\u200b<\/p>\n<p>[\/vc_column_text][vc_empty_space height=\u00a0\u00bb40px\u00a0\u00bb][\/vc_column][vc_column width=\u00a0\u00bb1\/2&Prime;][vc_single_image image=\u00a0\u00bb10141&Prime; img_size=\u00a0\u00bbfull\u00a0\u00bb alignment=\u00a0\u00bbcenter\u00a0\u00bb][\/vc_column][\/vc_row][\/vc_section][vc_section full_width=\u00a0\u00bbstretch_row\u00a0\u00bb css=\u00a0\u00bb.vc_custom_1699789157663{padding-bottom: 60px !important;}\u00a0\u00bb][vc_row full_width=\u00a0\u00bbstretch_row\u00a0\u00bb content_placement=\u00a0\u00bbtop\u00a0\u00bb css_animation=\u00a0\u00bbnone\u00a0\u00bb css=\u00a0\u00bb.vc_custom_1699789739334{margin-top: 25px !important;padding-bottom: 40px !important;}\u00a0\u00bb][vc_column][vc_row_inner gap=\u00a0\u00bb20&Prime; el_class=\u00a0\u00bbflex-columns shadow-card\u00a0\u00bb css=\u00a0\u00bb.vc_custom_1699633738207{margin-bottom: 25px !important;}\u00a0\u00bb][vc_column_inner el_class=\u00a0\u00bbboxshadow\u00a0\u00bb width=\u00a0\u00bb1\/3&Prime; css=\u00a0\u00bb.vc_custom_1699633105696{background-color: #ffffff !important;}\u00a0\u00bb]<div class=\"iconbox style2 \">\n\n\t<h4 class=\"box-title\">Pratiques de Codage S\u00e9curis\u00e9<\/h4>\n\t<div class=\"box-detail\">\n\t\t<p>Notre \u00e9quipe met l&rsquo;accent sur des pratiques de codage s\u00e9curis\u00e9 pour pr\u00e9venir les vuln\u00e9rabilit\u00e9s dans vos applications.<\/p>\n\t\n\t<\/div>\n\t<div class=\"box-icon\"><img decoding=\"async\" src=\"https:\/\/www.brams.com\/wp-content\/uploads\/2023\/11\/1995814.png\" alt=\"Pratiques de Codage S\u00e9curis\u00e9\" \/><\/div>\t\n\t\n<\/div>[\/vc_column_inner][vc_column_inner el_class=\u00a0\u00bbboxshadow\u00a0\u00bb width=\u00a0\u00bb1\/3&Prime;]<div class=\"iconbox style2 \">\n\n\t<h4 class=\"box-title\">Tests de P\u00e9n\u00e9tration des Applications<\/h4>\n\t<div class=\"box-detail\">\n\t\t<p>Nous effectuons des tests de p\u00e9n\u00e9tration approfondis pour identifier et rectifier les faiblesses de s\u00e9curit\u00e9 au sein de vos applications.<\/p>\n\t\n\t<\/div>\n\t<div class=\"box-icon\"><img decoding=\"async\" src=\"https:\/\/www.brams.com\/wp-content\/uploads\/2023\/11\/825590.png\" alt=\"Tests de P\u00e9n\u00e9tration des Applications\" \/><\/div>\t\n\t\n<\/div>[\/vc_column_inner][vc_column_inner el_class=\u00a0\u00bbboxshadow\u00a0\u00bb width=\u00a0\u00bb1\/3&Prime;]<div class=\"iconbox style2 \">\n\n\t<h4 class=\"box-title\">S\u00e9curit\u00e9 des API<\/h4>\n\t<div class=\"box-detail\">\n\t\t<p>Nos services incluent la s\u00e9curisation des API de vos applications contre les acc\u00e8s non autoris\u00e9s et les violations de donn\u00e9es.<\/p>\n\t\n\t<\/div>\n\t<div class=\"box-icon\"><img decoding=\"async\" src=\"https:\/\/www.brams.com\/wp-content\/uploads\/2023\/11\/1493169.png\" alt=\"S\u00e9curit\u00e9 des API\" \/><\/div>\t\n\t\n<\/div>[\/vc_column_inner][\/vc_row_inner][vc_row_inner gap=\u00a0\u00bb20&Prime; el_class=\u00a0\u00bbflex-columns shadow-card\u00a0\u00bb][vc_column_inner width=\u00a0\u00bb1\/6&Prime;][\/vc_column_inner][vc_column_inner el_class=\u00a0\u00bbboxshadow\u00a0\u00bb width=\u00a0\u00bb1\/3&Prime;]<div class=\"iconbox style2 \">\n\n\t<h4 class=\"box-title\">Audits R\u00e9guliers de S\u00e9curit\u00e9 des Applications<\/h4>\n\t<div class=\"box-detail\">\n\t\t<p>Nous r\u00e9alisons des audits r\u00e9guliers pour garantir la conformit\u00e9 et la s\u00e9curit\u00e9 continues de vos applications.<\/p>\n\t\n\t<\/div>\n\t<div class=\"box-icon\"><img decoding=\"async\" src=\"https:\/\/www.brams.com\/wp-content\/uploads\/2023\/11\/8293467.png\" alt=\"Audits R\u00e9guliers de S\u00e9curit\u00e9 des Applications\" \/><\/div>\t\n\t\n<\/div>[\/vc_column_inner][vc_column_inner el_class=\u00a0\u00bbboxshadow\u00a0\u00bb width=\u00a0\u00bb1\/3&Prime;]<div class=\"iconbox style2 \">\n\n\t<h4 class=\"box-title\">Gestion des Correctifs de S\u00e9curit\u00e9<\/h4>\n\t<div class=\"box-detail\">\n\t\t<p>Brams s&rsquo;assure que vos applications sont toujours \u00e0 jour avec les derniers correctifs et mises \u00e0 jour de s\u00e9curit\u00e9.<\/p>\n\t\n\t<\/div>\n\t<div class=\"box-icon\"><img decoding=\"async\" src=\"https:\/\/www.brams.com\/wp-content\/uploads\/2023\/11\/5278658.png\" alt=\"Gestion des Correctifs de S\u00e9curit\u00e9\" \/><\/div>\t\n\t\n<\/div>[\/vc_column_inner][vc_column_inner width=\u00a0\u00bb1\/6&Prime;][\/vc_column_inner][\/vc_row_inner][\/vc_column][\/vc_row][vc_row full_width=\u00a0\u00bbstretch_row\u00a0\u00bb content_placement=\u00a0\u00bbtop\u00a0\u00bb css_animation=\u00a0\u00bbnone\u00a0\u00bb css=\u00a0\u00bb.vc_custom_1699634675791{margin-top: 25px !important;}\u00a0\u00bb][vc_column][vc_empty_space height=\u00a0\u00bb40px\u00a0\u00bb][vc_custom_heading text=\u00a0\u00bbCe que Nous Fournissons\u00a0\u00bb font_container=\u00a0\u00bbtag:h3|text_align:center\u00a0\u00bb use_theme_fonts=\u00a0\u00bbyes\u00a0\u00bb css_animation=\u00a0\u00bbnone\u00a0\u00bb css=\u00a0\u00bb.vc_custom_1699634043782{margin-bottom: 25px !important;}\u00a0\u00bb][vc_empty_space height=\u00a0\u00bb40px\u00a0\u00bb]<ul class=\"iconlist iconlist iconlist-icon-small columns-2 gap-50\"><li><div ><div class=\"iconlist-item-icon\"><i class=\"fas fa-user-shield\"><\/i><\/div><div class=\"iconlist-item-content\"><h5>\u00c9quipe d&rsquo;Experts<\/h5><p>Nos professionnels sont exp\u00e9riment\u00e9s \u00e0 la fois en s\u00e9curit\u00e9 r\u00e9seau et en s\u00e9curit\u00e9 des applications, restant \u00e0 jour avec les derni\u00e8res tendances et technologies en cybers\u00e9curit\u00e9.<\/div><\/div><\/li><li><div ><div class=\"iconlist-item-icon\"><i class=\"fas fa-lightbulb\"><\/i><\/div><div class=\"iconlist-item-content\"><h5>Solutions de S\u00e9curit\u00e9 Compl\u00e8tes<\/h5><p>Nous offrons des solutions de s\u00e9curit\u00e9 compl\u00e8tes couvrant \u00e0 la fois les aspects r\u00e9seau et application, fournissant une approche holistique de la cybers\u00e9curit\u00e9.<\/div><\/div><\/li><li><div ><div class=\"iconlist-item-icon\"><i class=\"fas fa-key\"><\/i><\/div><div class=\"iconlist-item-content\"><h5>Strat\u00e9gies de S\u00e9curit\u00e9 Personnalis\u00e9es<\/h5><p>Nos services sont adapt\u00e9s pour r\u00e9pondre aux besoins uniques de votre organisation, assurant une protection et une efficacit\u00e9 maximales.<\/div><\/div><\/li><li><div ><div class=\"iconlist-item-icon\"><i class=\"fas fa-headset\"><\/i><\/div><div class=\"iconlist-item-content\"><h5>Surveillance et Support Continus<\/h5><p>Nous fournissons une surveillance et un support continus pour r\u00e9pondre rapidement \u00e0 tout souci de s\u00e9curit\u00e9 et maintenir l\u2019int\u00e9grit\u00e9 de vos syst\u00e8mes.<\/div><\/div><\/li><\/ul>[\/vc_column][\/vc_row][\/vc_section][vc_section full_width=\u00a0\u00bbstretch_row\u00a0\u00bb css=\u00a0\u00bb.vc_custom_1699791048590{padding-bottom: 60px !important;background-color: #f4f4f4 !important;}\u00a0\u00bb][vc_row full_width=\u00a0\u00bbstretch_row\u00a0\u00bb content_placement=\u00a0\u00bbtop\u00a0\u00bb css_animation=\u00a0\u00bbnone\u00a0\u00bb css=\u00a0\u00bb.vc_custom_1699634675791{margin-top: 25px !important;}\u00a0\u00bb][vc_column][vc_empty_space height=\u00a0\u00bb40px\u00a0\u00bb][vc_custom_heading text=\u00a0\u00bbPour plus d&rsquo;informations sur nos services de s\u00e9curit\u00e9 r\u00e9seau et de s\u00e9curit\u00e9 des applications\u00a0\u00bb font_container=\u00a0\u00bbtag:h3|text_align:center\u00a0\u00bb use_theme_fonts=\u00a0\u00bbyes\u00a0\u00bb css_animation=\u00a0\u00bbnone\u00a0\u00bb css=\u00a0\u00bb.vc_custom_1699827038911{margin-bottom: 25px !important;}\u00a0\u00bb][vc_empty_space height=\u00a0\u00bb40px\u00a0\u00bb][vc_column_text]<\/p>\n<p style=\"text-align: center;\"><a class=\"btn-go-down\" href=\"https:\/\/www.brams.com\/fr\/a-propos-de-brams\/contactez-brams\/\" target=\"_blank\" rel=\"noopener\"> Nous Contacter<\/a><\/p>\n<p>[\/vc_column_text][\/vc_column][\/vc_row][\/vc_section]<\/p>\n<\/div>","protected":false},"excerpt":{"rendered":"<p>[vc_section full_width=\u00a0\u00bbstretch_row\u00a0\u00bb css=\u00a0\u00bb.vc_custom_1699786720647{padding-bottom: 60px !important;}\u00a0\u00bb el_class=\u00a0\u00bbarrow\u00a0\u00bb][vc_row full_width=\u00a0\u00bbstretch_row\u00a0\u00bb content_placement=\u00a0\u00bbmiddle\u00a0\u00bb css_animation=\u00a0\u00bbnone\u00a0\u00bb css=\u00a0\u00bb.vc_custom_1699788878021{padding-top: 40px !important;padding-bottom: 40px !important;background-color: #f0f0f0 !important;}\u00a0\u00bb][vc_column width=\u00a0\u00bb1\/2&Prime;][vc_empty_space height=\u00a0\u00bb40px\u00a0\u00bb][vc_custom_heading text=\u00a0\u00bbServices de S\u00e9curit\u00e9 des Applications chez Brams\u00a0\u00bb font_container=\u00a0\u00bbtag:h3|text_align:left\u00a0\u00bb use_theme_fonts=\u00a0\u00bbyes\u00a0\u00bb css_animation=\u00a0\u00bbnone\u00a0\u00bb css=\u00a0\u00bb.vc_custom_1699789065132{margin-bottom: 25px !important;}\u00a0\u00bb][vc_column_text css=\u00a0\u00bb.vc_custom_1699789083999{margin-bottom: 20px !important;}\u00a0\u00bb] La s\u00e9curit\u00e9 des applications est cruciale pour prot\u00e9ger les logiciels et les applications contre les menaces. Chez Brams, nous proposons des [&hellip;]<\/p>\n","protected":false},"author":6,"featured_media":0,"parent":10055,"menu_order":0,"comment_status":"closed","ping_status":"closed","template":"","meta":{"content-type":"","_monsterinsights_skip_tracking":false,"_monsterinsights_sitenote_active":false,"_monsterinsights_sitenote_note":"","_monsterinsights_sitenote_category":0,"footnotes":""},"class_list":["post-10124","page","type-page","status-publish","hentry"],"yoast_head":"<!-- This site is optimized with the Yoast SEO plugin v22.1 - https:\/\/yoast.com\/wordpress\/plugins\/seo\/ -->\n<title>S\u00e9curit\u00e9 des Applications - Brams<\/title>\n<meta name=\"robots\" content=\"index, follow, max-snippet:-1, max-image-preview:large, max-video-preview:-1\" \/>\n<link rel=\"canonical\" href=\"https:\/\/www.brams.com\/fr\/cybersecurite\/securite-des-applications\/\" \/>\n<meta property=\"og:locale\" content=\"fr_FR\" \/>\n<meta property=\"og:type\" content=\"article\" \/>\n<meta property=\"og:title\" content=\"S\u00e9curit\u00e9 des Applications - Brams\" \/>\n<meta property=\"og:description\" content=\"[vc_section full_width=\u00a0\u00bbstretch_row\u00a0\u00bb css=\u00a0\u00bb.vc_custom_1699786720647{padding-bottom: 60px !important;}\u00a0\u00bb el_class=\u00a0\u00bbarrow\u00a0\u00bb][vc_row full_width=\u00a0\u00bbstretch_row\u00a0\u00bb content_placement=\u00a0\u00bbmiddle\u00a0\u00bb css_animation=\u00a0\u00bbnone\u00a0\u00bb css=\u00a0\u00bb.vc_custom_1699788878021{padding-top: 40px !important;padding-bottom: 40px !important;background-color: #f0f0f0 !important;}\u00a0\u00bb][vc_column width=\u00a0\u00bb1\/2&Prime;][vc_empty_space height=\u00a0\u00bb40px\u00a0\u00bb][vc_custom_heading text=\u00a0\u00bbServices de S\u00e9curit\u00e9 des Applications chez Brams\u00a0\u00bb font_container=\u00a0\u00bbtag:h3|text_align:left\u00a0\u00bb use_theme_fonts=\u00a0\u00bbyes\u00a0\u00bb css_animation=\u00a0\u00bbnone\u00a0\u00bb css=\u00a0\u00bb.vc_custom_1699789065132{margin-bottom: 25px !important;}\u00a0\u00bb][vc_column_text css=\u00a0\u00bb.vc_custom_1699789083999{margin-bottom: 20px !important;}\u00a0\u00bb] La s\u00e9curit\u00e9 des applications est cruciale pour prot\u00e9ger les logiciels et les applications contre les menaces. Chez Brams, nous proposons des [&hellip;]\" \/>\n<meta property=\"og:url\" content=\"https:\/\/www.brams.com\/fr\/cybersecurite\/securite-des-applications\/\" \/>\n<meta property=\"og:site_name\" content=\"Brams\" \/>\n<meta property=\"article:modified_time\" content=\"2023-11-12T22:13:17+00:00\" \/>\n<meta property=\"og:image\" content=\"https:\/\/www.brams.com\/wp-content\/uploads\/2019\/11\/PICTO-BRAMS.png\" \/>\n\t<meta property=\"og:image:width\" content=\"218\" \/>\n\t<meta property=\"og:image:height\" content=\"218\" \/>\n\t<meta property=\"og:image:type\" content=\"image\/png\" \/>\n<meta name=\"twitter:card\" content=\"summary_large_image\" \/>\n<meta name=\"twitter:site\" content=\"@bramsfz\" \/>\n<meta name=\"twitter:label1\" content=\"Dur\u00e9e de lecture estim\u00e9e\" \/>\n\t<meta name=\"twitter:data1\" content=\"2 minutes\" \/>\n<script type=\"application\/ld+json\" class=\"yoast-schema-graph\">{\"@context\":\"https:\/\/schema.org\",\"@graph\":[{\"@type\":\"WebPage\",\"@id\":\"https:\/\/www.brams.com\/fr\/cybersecurite\/securite-des-applications\/\",\"url\":\"https:\/\/www.brams.com\/fr\/cybersecurite\/securite-des-applications\/\",\"name\":\"S\u00e9curit\u00e9 des Applications - Brams\",\"isPartOf\":{\"@id\":\"https:\/\/www.brams.com\/#website\"},\"datePublished\":\"2023-11-12T11:37:19+00:00\",\"dateModified\":\"2023-11-12T22:13:17+00:00\",\"breadcrumb\":{\"@id\":\"https:\/\/www.brams.com\/fr\/cybersecurite\/securite-des-applications\/#breadcrumb\"},\"inLanguage\":\"fr-FR\",\"potentialAction\":[{\"@type\":\"ReadAction\",\"target\":[\"https:\/\/www.brams.com\/fr\/cybersecurite\/securite-des-applications\/\"]}]},{\"@type\":\"BreadcrumbList\",\"@id\":\"https:\/\/www.brams.com\/fr\/cybersecurite\/securite-des-applications\/#breadcrumb\",\"itemListElement\":[{\"@type\":\"ListItem\",\"position\":1,\"name\":\"Home\",\"item\":\"https:\/\/www.brams.com\/fr\/\"},{\"@type\":\"ListItem\",\"position\":2,\"name\":\"Cybersecurit\u00e9\",\"item\":\"https:\/\/www.brams.com\/fr\/cybersecurite\/\"},{\"@type\":\"ListItem\",\"position\":3,\"name\":\"S\u00e9curit\u00e9 des Applications\"}]},{\"@type\":\"WebSite\",\"@id\":\"https:\/\/www.brams.com\/#website\",\"url\":\"https:\/\/www.brams.com\/\",\"name\":\"Brams\",\"description\":\"A world-leading cloud specialist with over 19 years of experience.\",\"publisher\":{\"@id\":\"https:\/\/www.brams.com\/#organization\"},\"potentialAction\":[{\"@type\":\"SearchAction\",\"target\":{\"@type\":\"EntryPoint\",\"urlTemplate\":\"https:\/\/www.brams.com\/?s={search_term_string}\"},\"query-input\":\"required name=search_term_string\"}],\"inLanguage\":\"fr-FR\"},{\"@type\":\"Organization\",\"@id\":\"https:\/\/www.brams.com\/#organization\",\"name\":\"Brams\",\"url\":\"https:\/\/www.brams.com\/\",\"logo\":{\"@type\":\"ImageObject\",\"inLanguage\":\"fr-FR\",\"@id\":\"https:\/\/www.brams.com\/#\/schema\/logo\/image\/\",\"url\":\"https:\/\/www.brams.com\/wp-content\/uploads\/2019\/12\/brams-logo.jpg\",\"contentUrl\":\"https:\/\/www.brams.com\/wp-content\/uploads\/2019\/12\/brams-logo.jpg\",\"width\":400,\"height\":108,\"caption\":\"Brams\"},\"image\":{\"@id\":\"https:\/\/www.brams.com\/#\/schema\/logo\/image\/\"},\"sameAs\":[\"https:\/\/twitter.com\/bramsfz\",\"https:\/\/www.linkedin.com\/company\/brams-technologies\/\"]}]}<\/script>\n<!-- \/ Yoast SEO plugin. -->","yoast_head_json":{"title":"S\u00e9curit\u00e9 des Applications - Brams","robots":{"index":"index","follow":"follow","max-snippet":"max-snippet:-1","max-image-preview":"max-image-preview:large","max-video-preview":"max-video-preview:-1"},"canonical":"https:\/\/www.brams.com\/fr\/cybersecurite\/securite-des-applications\/","og_locale":"fr_FR","og_type":"article","og_title":"S\u00e9curit\u00e9 des Applications - Brams","og_description":"[vc_section full_width=\u00a0\u00bbstretch_row\u00a0\u00bb css=\u00a0\u00bb.vc_custom_1699786720647{padding-bottom: 60px !important;}\u00a0\u00bb el_class=\u00a0\u00bbarrow\u00a0\u00bb][vc_row full_width=\u00a0\u00bbstretch_row\u00a0\u00bb content_placement=\u00a0\u00bbmiddle\u00a0\u00bb css_animation=\u00a0\u00bbnone\u00a0\u00bb css=\u00a0\u00bb.vc_custom_1699788878021{padding-top: 40px !important;padding-bottom: 40px !important;background-color: #f0f0f0 !important;}\u00a0\u00bb][vc_column width=\u00a0\u00bb1\/2&Prime;][vc_empty_space height=\u00a0\u00bb40px\u00a0\u00bb][vc_custom_heading text=\u00a0\u00bbServices de S\u00e9curit\u00e9 des Applications chez Brams\u00a0\u00bb font_container=\u00a0\u00bbtag:h3|text_align:left\u00a0\u00bb use_theme_fonts=\u00a0\u00bbyes\u00a0\u00bb css_animation=\u00a0\u00bbnone\u00a0\u00bb css=\u00a0\u00bb.vc_custom_1699789065132{margin-bottom: 25px !important;}\u00a0\u00bb][vc_column_text css=\u00a0\u00bb.vc_custom_1699789083999{margin-bottom: 20px !important;}\u00a0\u00bb] La s\u00e9curit\u00e9 des applications est cruciale pour prot\u00e9ger les logiciels et les applications contre les menaces. Chez Brams, nous proposons des [&hellip;]","og_url":"https:\/\/www.brams.com\/fr\/cybersecurite\/securite-des-applications\/","og_site_name":"Brams","article_modified_time":"2023-11-12T22:13:17+00:00","og_image":[{"width":218,"height":218,"url":"https:\/\/www.brams.com\/wp-content\/uploads\/2019\/11\/PICTO-BRAMS.png","type":"image\/png"}],"twitter_card":"summary_large_image","twitter_site":"@bramsfz","twitter_misc":{"Dur\u00e9e de lecture estim\u00e9e":"2 minutes"},"schema":{"@context":"https:\/\/schema.org","@graph":[{"@type":"WebPage","@id":"https:\/\/www.brams.com\/fr\/cybersecurite\/securite-des-applications\/","url":"https:\/\/www.brams.com\/fr\/cybersecurite\/securite-des-applications\/","name":"S\u00e9curit\u00e9 des Applications - Brams","isPartOf":{"@id":"https:\/\/www.brams.com\/#website"},"datePublished":"2023-11-12T11:37:19+00:00","dateModified":"2023-11-12T22:13:17+00:00","breadcrumb":{"@id":"https:\/\/www.brams.com\/fr\/cybersecurite\/securite-des-applications\/#breadcrumb"},"inLanguage":"fr-FR","potentialAction":[{"@type":"ReadAction","target":["https:\/\/www.brams.com\/fr\/cybersecurite\/securite-des-applications\/"]}]},{"@type":"BreadcrumbList","@id":"https:\/\/www.brams.com\/fr\/cybersecurite\/securite-des-applications\/#breadcrumb","itemListElement":[{"@type":"ListItem","position":1,"name":"Home","item":"https:\/\/www.brams.com\/fr\/"},{"@type":"ListItem","position":2,"name":"Cybersecurit\u00e9","item":"https:\/\/www.brams.com\/fr\/cybersecurite\/"},{"@type":"ListItem","position":3,"name":"S\u00e9curit\u00e9 des Applications"}]},{"@type":"WebSite","@id":"https:\/\/www.brams.com\/#website","url":"https:\/\/www.brams.com\/","name":"Brams","description":"A world-leading cloud specialist with over 19 years of experience.","publisher":{"@id":"https:\/\/www.brams.com\/#organization"},"potentialAction":[{"@type":"SearchAction","target":{"@type":"EntryPoint","urlTemplate":"https:\/\/www.brams.com\/?s={search_term_string}"},"query-input":"required name=search_term_string"}],"inLanguage":"fr-FR"},{"@type":"Organization","@id":"https:\/\/www.brams.com\/#organization","name":"Brams","url":"https:\/\/www.brams.com\/","logo":{"@type":"ImageObject","inLanguage":"fr-FR","@id":"https:\/\/www.brams.com\/#\/schema\/logo\/image\/","url":"https:\/\/www.brams.com\/wp-content\/uploads\/2019\/12\/brams-logo.jpg","contentUrl":"https:\/\/www.brams.com\/wp-content\/uploads\/2019\/12\/brams-logo.jpg","width":400,"height":108,"caption":"Brams"},"image":{"@id":"https:\/\/www.brams.com\/#\/schema\/logo\/image\/"},"sameAs":["https:\/\/twitter.com\/bramsfz","https:\/\/www.linkedin.com\/company\/brams-technologies\/"]}]}},"_links":{"self":[{"href":"https:\/\/www.brams.com\/fr\/wp-json\/wp\/v2\/pages\/10124","targetHints":{"allow":["GET"]}}],"collection":[{"href":"https:\/\/www.brams.com\/fr\/wp-json\/wp\/v2\/pages"}],"about":[{"href":"https:\/\/www.brams.com\/fr\/wp-json\/wp\/v2\/types\/page"}],"author":[{"embeddable":true,"href":"https:\/\/www.brams.com\/fr\/wp-json\/wp\/v2\/users\/6"}],"replies":[{"embeddable":true,"href":"https:\/\/www.brams.com\/fr\/wp-json\/wp\/v2\/comments?post=10124"}],"version-history":[{"count":4,"href":"https:\/\/www.brams.com\/fr\/wp-json\/wp\/v2\/pages\/10124\/revisions"}],"predecessor-version":[{"id":10212,"href":"https:\/\/www.brams.com\/fr\/wp-json\/wp\/v2\/pages\/10124\/revisions\/10212"}],"up":[{"embeddable":true,"href":"https:\/\/www.brams.com\/fr\/wp-json\/wp\/v2\/pages\/10055"}],"wp:attachment":[{"href":"https:\/\/www.brams.com\/fr\/wp-json\/wp\/v2\/media?parent=10124"}],"curies":[{"name":"wp","href":"https:\/\/api.w.org\/{rel}","templated":true}]}}