{"id":10110,"date":"2023-11-12T11:12:47","date_gmt":"2023-11-12T11:12:47","guid":{"rendered":"https:\/\/www.brams.com\/?page_id=10110"},"modified":"2023-11-12T21:40:59","modified_gmt":"2023-11-12T21:40:59","slug":"securite-reseau","status":"publish","type":"page","link":"https:\/\/www.brams.com\/fr\/cybersecurite\/securite-reseau\/","title":{"rendered":"S\u00e9curit\u00e9 R\u00e9seau"},"content":{"rendered":"<div class=\"wpb-content-wrapper\"><p>[vc_section full_width=\u00a0\u00bbstretch_row\u00a0\u00bb css=\u00a0\u00bb.vc_custom_1699786720647{padding-bottom: 60px !important;}\u00a0\u00bb el_class=\u00a0\u00bbarrow\u00a0\u00bb][vc_row full_width=\u00a0\u00bbstretch_row\u00a0\u00bb content_placement=\u00a0\u00bbmiddle\u00a0\u00bb css_animation=\u00a0\u00bbnone\u00a0\u00bb css=\u00a0\u00bb.vc_custom_1699788878021{padding-top: 40px !important;padding-bottom: 40px !important;background-color: #f0f0f0 !important;}\u00a0\u00bb][vc_column width=\u00a0\u00bb1\/2&Prime;][vc_empty_space height=\u00a0\u00bb40px\u00a0\u00bb][vc_custom_heading text=\u00a0\u00bbServices de S\u00e9curit\u00e9 R\u00e9seau chez Brams\u00a0\u00bb font_container=\u00a0\u00bbtag:h3|text_align:left\u00a0\u00bb use_theme_fonts=\u00a0\u00bbyes\u00a0\u00bb css_animation=\u00a0\u00bbnone\u00a0\u00bb css=\u00a0\u00bb.vc_custom_1699787704047{margin-bottom: 25px !important;}\u00a0\u00bb][vc_column_text css=\u00a0\u00bb.vc_custom_1699787684515{margin-bottom: 20px !important;}\u00a0\u00bb]<\/p>\n<p style=\"font-size: 18px; line-height: 24px;\">Dans un monde interconnect\u00e9 d&rsquo;aujourd&rsquo;hui, la s\u00e9curit\u00e9 r\u00e9seau est primordiale. Nos services de s\u00e9curit\u00e9 r\u00e9seau chez Brams sont con\u00e7us pour prot\u00e9ger l&rsquo;int\u00e9grit\u00e9, la confidentialit\u00e9 et l&rsquo;accessibilit\u00e9 de votre r\u00e9seau et de vos donn\u00e9es. Nous adoptons une approche globale pour s\u00e9curiser votre infrastructure r\u00e9seau contre une vaste gamme de menaces.\u200b<\/p>\n<p>[\/vc_column_text][vc_empty_space height=\u00a0\u00bb40px\u00a0\u00bb][\/vc_column][vc_column width=\u00a0\u00bb1\/2&Prime;][vc_single_image image=\u00a0\u00bb10121&Prime; img_size=\u00a0\u00bbfull\u00a0\u00bb alignment=\u00a0\u00bbcenter\u00a0\u00bb][\/vc_column][\/vc_row][vc_row full_width=\u00a0\u00bbstretch_row\u00a0\u00bb content_placement=\u00a0\u00bbtop\u00a0\u00bb css_animation=\u00a0\u00bbnone\u00a0\u00bb css=\u00a0\u00bb.vc_custom_1699787798263{padding-top: 50px !important;padding-bottom: 50px !important;}\u00a0\u00bb][vc_column][vc_row_inner gap=\u00a0\u00bb20&Prime; el_class=\u00a0\u00bbflex-columns shadow-card\u00a0\u00bb css=\u00a0\u00bb.vc_custom_1699787888505{margin-bottom: 25px !important;}\u00a0\u00bb][vc_column_inner el_class=\u00a0\u00bbboxshadow\u00a0\u00bb width=\u00a0\u00bb1\/3&Prime;]<div class=\"iconbox style2 \">\n\n\t<h4 class=\"box-title\">Solutions Avanc\u00e9es de Pare-feu<\/h4>\n\t<div class=\"box-detail\">\n\t\t<p>Nos technologies de pare-feu de pointe r\u00e9gulent le trafic r\u00e9seau et bloquent les acc\u00e8s non autoris\u00e9s, assurant la s\u00e9curit\u00e9 du p\u00e9rim\u00e8tre de votre r\u00e9seau.<\/p>\n\t\n\t<\/div>\n\t<div class=\"box-icon\"><img decoding=\"async\" src=\"https:\/\/www.brams.com\/wp-content\/uploads\/2023\/11\/firewall-icon-2048x2048-71qg9qem.png\" alt=\"Solutions Avanc\u00e9es de Pare-feu\" \/><\/div>\t\n\t\n<\/div>[\/vc_column_inner][vc_column_inner el_class=\u00a0\u00bbboxshadow\u00a0\u00bb width=\u00a0\u00bb1\/3&Prime;]<div class=\"iconbox style2 \">\n\n\t<h4 class=\"box-title\">Syst\u00e8mes de D\u00e9tection et de Pr\u00e9vention des Intrusions (IDPS)<\/h4>\n\t<div class=\"box-detail\">\n\t\t<p>Nous mettons en place des IDPS pour surveiller en continu les activit\u00e9s r\u00e9seau, d\u00e9tectant et pr\u00e9venant les menaces potentielles en temps r\u00e9el.<\/p>\n\t\n\t<\/div>\n\t<div class=\"box-icon\"><img decoding=\"async\" src=\"https:\/\/www.brams.com\/wp-content\/uploads\/2023\/11\/1995802.png\" alt=\"Syst\u00e8mes de D\u00e9tection et de Pr\u00e9vention des Intrusions (IDPS)\" \/><\/div>\t\n\t\n<\/div>[\/vc_column_inner][vc_column_inner el_class=\u00a0\u00bbboxshadow\u00a0\u00bb width=\u00a0\u00bb1\/3&Prime;]<div class=\"iconbox style2 \">\n\n\t<h4 class=\"box-title\">Configuration de R\u00e9seau Priv\u00e9 Virtuel (VPN)<\/h4>\n\t<div class=\"box-detail\">\n\t\t<p>Pour garantir un acc\u00e8s \u00e0 distance s\u00e9curis\u00e9, nous proposons des solutions VPN, cr\u00e9ant une connexion s\u00fbre et crypt\u00e9e sur un r\u00e9seau moins s\u00e9curis\u00e9.<\/p>\n\t\n\t<\/div>\n\t<div class=\"box-icon\"><img decoding=\"async\" src=\"https:\/\/www.brams.com\/wp-content\/uploads\/2023\/11\/3264835.png\" alt=\"Configuration de R\u00e9seau Priv\u00e9 Virtuel (VPN)\" \/><\/div>\t\n\t\n<\/div>[\/vc_column_inner][\/vc_row_inner][vc_row_inner gap=\u00a0\u00bb20&Prime; el_class=\u00a0\u00bbflex-columns shadow-card\u00a0\u00bb css=\u00a0\u00bb.vc_custom_1699787888505{margin-bottom: 25px !important;}\u00a0\u00bb][vc_column_inner width=\u00a0\u00bb1\/6&Prime;][\/vc_column_inner][vc_column_inner el_class=\u00a0\u00bbboxshadow\u00a0\u00bb width=\u00a0\u00bb1\/3&Prime;]<div class=\"iconbox style2 \">\n\n\t<h4 class=\"box-title\">\u00c9valuations de S\u00e9curit\u00e9 R\u00e9guli\u00e8res<\/h4>\n\t<div class=\"box-detail\">\n\t\t<p>Notre \u00e9quipe effectue des \u00e9valuations r\u00e9guli\u00e8res de la s\u00e9curit\u00e9 du r\u00e9seau pour identifier les vuln\u00e9rabilit\u00e9s et mettre en \u0153uvre des mesures proactives.<\/p>\n\t\n\t<\/div>\n\t<div class=\"box-icon\"><img decoding=\"async\" src=\"https:\/\/www.brams.com\/wp-content\/uploads\/2022\/04\/educate.jpg\" alt=\"\u00c9valuations de S\u00e9curit\u00e9 R\u00e9guli\u00e8res\" \/><\/div>\t\n\t\n<\/div>[\/vc_column_inner][vc_column_inner el_class=\u00a0\u00bbboxshadow\u00a0\u00bb width=\u00a0\u00bb1\/3&Prime;]<div class=\"iconbox style2 \">\n\n\t<h4 class=\"box-title\">Plans de S\u00e9curit\u00e9 R\u00e9seau Personnalis\u00e9s<\/h4>\n\t<div class=\"box-detail\">\n\t\t<p>Reconnaissant que chaque entreprise a des besoins uniques, nous offrons des solutions de s\u00e9curit\u00e9 r\u00e9seau sur mesure pour r\u00e9pondre \u00e0 vos exigences sp\u00e9cifiques.<\/p>\n\t\n\t<\/div>\n\t<div class=\"box-icon\"><img decoding=\"async\" src=\"https:\/\/www.brams.com\/wp-content\/uploads\/2023\/11\/4727543.png\" alt=\"Plans de S\u00e9curit\u00e9 R\u00e9seau Personnalis\u00e9s\" \/><\/div>\t\n\t\n<\/div>[\/vc_column_inner][vc_column_inner width=\u00a0\u00bb1\/6&Prime;][\/vc_column_inner][\/vc_row_inner][\/vc_column][\/vc_row][\/vc_section]<\/p>\n<\/div>","protected":false},"excerpt":{"rendered":"<p>[vc_section full_width=\u00a0\u00bbstretch_row\u00a0\u00bb css=\u00a0\u00bb.vc_custom_1699786720647{padding-bottom: 60px !important;}\u00a0\u00bb el_class=\u00a0\u00bbarrow\u00a0\u00bb][vc_row full_width=\u00a0\u00bbstretch_row\u00a0\u00bb content_placement=\u00a0\u00bbmiddle\u00a0\u00bb css_animation=\u00a0\u00bbnone\u00a0\u00bb css=\u00a0\u00bb.vc_custom_1699788878021{padding-top: 40px !important;padding-bottom: 40px !important;background-color: #f0f0f0 !important;}\u00a0\u00bb][vc_column width=\u00a0\u00bb1\/2&Prime;][vc_empty_space height=\u00a0\u00bb40px\u00a0\u00bb][vc_custom_heading text=\u00a0\u00bbServices de S\u00e9curit\u00e9 R\u00e9seau chez Brams\u00a0\u00bb font_container=\u00a0\u00bbtag:h3|text_align:left\u00a0\u00bb use_theme_fonts=\u00a0\u00bbyes\u00a0\u00bb css_animation=\u00a0\u00bbnone\u00a0\u00bb css=\u00a0\u00bb.vc_custom_1699787704047{margin-bottom: 25px !important;}\u00a0\u00bb][vc_column_text css=\u00a0\u00bb.vc_custom_1699787684515{margin-bottom: 20px !important;}\u00a0\u00bb] Dans un monde interconnect\u00e9 d&rsquo;aujourd&rsquo;hui, la s\u00e9curit\u00e9 r\u00e9seau est primordiale. Nos services de s\u00e9curit\u00e9 r\u00e9seau chez Brams sont con\u00e7us pour prot\u00e9ger l&rsquo;int\u00e9grit\u00e9, [&hellip;]<\/p>\n","protected":false},"author":6,"featured_media":0,"parent":10055,"menu_order":0,"comment_status":"closed","ping_status":"closed","template":"","meta":{"content-type":"","_monsterinsights_skip_tracking":false,"_monsterinsights_sitenote_active":false,"_monsterinsights_sitenote_note":"","_monsterinsights_sitenote_category":0,"footnotes":""},"class_list":["post-10110","page","type-page","status-publish","hentry"],"yoast_head":"<!-- This site is optimized with the Yoast SEO plugin v22.1 - https:\/\/yoast.com\/wordpress\/plugins\/seo\/ -->\n<title>S\u00e9curit\u00e9 R\u00e9seau - Brams<\/title>\n<meta name=\"robots\" content=\"index, follow, max-snippet:-1, max-image-preview:large, max-video-preview:-1\" \/>\n<link rel=\"canonical\" href=\"https:\/\/www.brams.com\/fr\/cybersecurite\/securite-reseau\/\" \/>\n<meta property=\"og:locale\" content=\"fr_FR\" \/>\n<meta property=\"og:type\" content=\"article\" \/>\n<meta property=\"og:title\" content=\"S\u00e9curit\u00e9 R\u00e9seau - Brams\" \/>\n<meta property=\"og:description\" content=\"[vc_section full_width=\u00a0\u00bbstretch_row\u00a0\u00bb css=\u00a0\u00bb.vc_custom_1699786720647{padding-bottom: 60px !important;}\u00a0\u00bb el_class=\u00a0\u00bbarrow\u00a0\u00bb][vc_row full_width=\u00a0\u00bbstretch_row\u00a0\u00bb content_placement=\u00a0\u00bbmiddle\u00a0\u00bb css_animation=\u00a0\u00bbnone\u00a0\u00bb css=\u00a0\u00bb.vc_custom_1699788878021{padding-top: 40px !important;padding-bottom: 40px !important;background-color: #f0f0f0 !important;}\u00a0\u00bb][vc_column width=\u00a0\u00bb1\/2&Prime;][vc_empty_space height=\u00a0\u00bb40px\u00a0\u00bb][vc_custom_heading text=\u00a0\u00bbServices de S\u00e9curit\u00e9 R\u00e9seau chez Brams\u00a0\u00bb font_container=\u00a0\u00bbtag:h3|text_align:left\u00a0\u00bb use_theme_fonts=\u00a0\u00bbyes\u00a0\u00bb css_animation=\u00a0\u00bbnone\u00a0\u00bb css=\u00a0\u00bb.vc_custom_1699787704047{margin-bottom: 25px !important;}\u00a0\u00bb][vc_column_text css=\u00a0\u00bb.vc_custom_1699787684515{margin-bottom: 20px !important;}\u00a0\u00bb] Dans un monde interconnect\u00e9 d&rsquo;aujourd&rsquo;hui, la s\u00e9curit\u00e9 r\u00e9seau est primordiale. Nos services de s\u00e9curit\u00e9 r\u00e9seau chez Brams sont con\u00e7us pour prot\u00e9ger l&rsquo;int\u00e9grit\u00e9, [&hellip;]\" \/>\n<meta property=\"og:url\" content=\"https:\/\/www.brams.com\/fr\/cybersecurite\/securite-reseau\/\" \/>\n<meta property=\"og:site_name\" content=\"Brams\" \/>\n<meta property=\"article:modified_time\" content=\"2023-11-12T21:40:59+00:00\" \/>\n<meta property=\"og:image\" content=\"https:\/\/www.brams.com\/wp-content\/uploads\/2019\/11\/PICTO-BRAMS.png\" \/>\n\t<meta property=\"og:image:width\" content=\"218\" \/>\n\t<meta property=\"og:image:height\" content=\"218\" \/>\n\t<meta property=\"og:image:type\" content=\"image\/png\" \/>\n<meta name=\"twitter:card\" content=\"summary_large_image\" \/>\n<meta name=\"twitter:site\" content=\"@bramsfz\" \/>\n<meta name=\"twitter:label1\" content=\"Dur\u00e9e de lecture estim\u00e9e\" \/>\n\t<meta name=\"twitter:data1\" content=\"2 minutes\" \/>\n<script type=\"application\/ld+json\" class=\"yoast-schema-graph\">{\"@context\":\"https:\/\/schema.org\",\"@graph\":[{\"@type\":\"WebPage\",\"@id\":\"https:\/\/www.brams.com\/fr\/cybersecurite\/securite-reseau\/\",\"url\":\"https:\/\/www.brams.com\/fr\/cybersecurite\/securite-reseau\/\",\"name\":\"S\u00e9curit\u00e9 R\u00e9seau - Brams\",\"isPartOf\":{\"@id\":\"https:\/\/www.brams.com\/#website\"},\"datePublished\":\"2023-11-12T11:12:47+00:00\",\"dateModified\":\"2023-11-12T21:40:59+00:00\",\"breadcrumb\":{\"@id\":\"https:\/\/www.brams.com\/fr\/cybersecurite\/securite-reseau\/#breadcrumb\"},\"inLanguage\":\"fr-FR\",\"potentialAction\":[{\"@type\":\"ReadAction\",\"target\":[\"https:\/\/www.brams.com\/fr\/cybersecurite\/securite-reseau\/\"]}]},{\"@type\":\"BreadcrumbList\",\"@id\":\"https:\/\/www.brams.com\/fr\/cybersecurite\/securite-reseau\/#breadcrumb\",\"itemListElement\":[{\"@type\":\"ListItem\",\"position\":1,\"name\":\"Home\",\"item\":\"https:\/\/www.brams.com\/fr\/\"},{\"@type\":\"ListItem\",\"position\":2,\"name\":\"Cybersecurit\u00e9\",\"item\":\"https:\/\/www.brams.com\/fr\/cybersecurite\/\"},{\"@type\":\"ListItem\",\"position\":3,\"name\":\"S\u00e9curit\u00e9 R\u00e9seau\"}]},{\"@type\":\"WebSite\",\"@id\":\"https:\/\/www.brams.com\/#website\",\"url\":\"https:\/\/www.brams.com\/\",\"name\":\"Brams\",\"description\":\"A world-leading cloud specialist with over 19 years of experience.\",\"publisher\":{\"@id\":\"https:\/\/www.brams.com\/#organization\"},\"potentialAction\":[{\"@type\":\"SearchAction\",\"target\":{\"@type\":\"EntryPoint\",\"urlTemplate\":\"https:\/\/www.brams.com\/?s={search_term_string}\"},\"query-input\":\"required name=search_term_string\"}],\"inLanguage\":\"fr-FR\"},{\"@type\":\"Organization\",\"@id\":\"https:\/\/www.brams.com\/#organization\",\"name\":\"Brams\",\"url\":\"https:\/\/www.brams.com\/\",\"logo\":{\"@type\":\"ImageObject\",\"inLanguage\":\"fr-FR\",\"@id\":\"https:\/\/www.brams.com\/#\/schema\/logo\/image\/\",\"url\":\"https:\/\/www.brams.com\/wp-content\/uploads\/2019\/12\/brams-logo.jpg\",\"contentUrl\":\"https:\/\/www.brams.com\/wp-content\/uploads\/2019\/12\/brams-logo.jpg\",\"width\":400,\"height\":108,\"caption\":\"Brams\"},\"image\":{\"@id\":\"https:\/\/www.brams.com\/#\/schema\/logo\/image\/\"},\"sameAs\":[\"https:\/\/twitter.com\/bramsfz\",\"https:\/\/www.linkedin.com\/company\/brams-technologies\/\"]}]}<\/script>\n<!-- \/ Yoast SEO plugin. -->","yoast_head_json":{"title":"S\u00e9curit\u00e9 R\u00e9seau - Brams","robots":{"index":"index","follow":"follow","max-snippet":"max-snippet:-1","max-image-preview":"max-image-preview:large","max-video-preview":"max-video-preview:-1"},"canonical":"https:\/\/www.brams.com\/fr\/cybersecurite\/securite-reseau\/","og_locale":"fr_FR","og_type":"article","og_title":"S\u00e9curit\u00e9 R\u00e9seau - Brams","og_description":"[vc_section full_width=\u00a0\u00bbstretch_row\u00a0\u00bb css=\u00a0\u00bb.vc_custom_1699786720647{padding-bottom: 60px !important;}\u00a0\u00bb el_class=\u00a0\u00bbarrow\u00a0\u00bb][vc_row full_width=\u00a0\u00bbstretch_row\u00a0\u00bb content_placement=\u00a0\u00bbmiddle\u00a0\u00bb css_animation=\u00a0\u00bbnone\u00a0\u00bb css=\u00a0\u00bb.vc_custom_1699788878021{padding-top: 40px !important;padding-bottom: 40px !important;background-color: #f0f0f0 !important;}\u00a0\u00bb][vc_column width=\u00a0\u00bb1\/2&Prime;][vc_empty_space height=\u00a0\u00bb40px\u00a0\u00bb][vc_custom_heading text=\u00a0\u00bbServices de S\u00e9curit\u00e9 R\u00e9seau chez Brams\u00a0\u00bb font_container=\u00a0\u00bbtag:h3|text_align:left\u00a0\u00bb use_theme_fonts=\u00a0\u00bbyes\u00a0\u00bb css_animation=\u00a0\u00bbnone\u00a0\u00bb css=\u00a0\u00bb.vc_custom_1699787704047{margin-bottom: 25px !important;}\u00a0\u00bb][vc_column_text css=\u00a0\u00bb.vc_custom_1699787684515{margin-bottom: 20px !important;}\u00a0\u00bb] Dans un monde interconnect\u00e9 d&rsquo;aujourd&rsquo;hui, la s\u00e9curit\u00e9 r\u00e9seau est primordiale. Nos services de s\u00e9curit\u00e9 r\u00e9seau chez Brams sont con\u00e7us pour prot\u00e9ger l&rsquo;int\u00e9grit\u00e9, [&hellip;]","og_url":"https:\/\/www.brams.com\/fr\/cybersecurite\/securite-reseau\/","og_site_name":"Brams","article_modified_time":"2023-11-12T21:40:59+00:00","og_image":[{"width":218,"height":218,"url":"https:\/\/www.brams.com\/wp-content\/uploads\/2019\/11\/PICTO-BRAMS.png","type":"image\/png"}],"twitter_card":"summary_large_image","twitter_site":"@bramsfz","twitter_misc":{"Dur\u00e9e de lecture estim\u00e9e":"2 minutes"},"schema":{"@context":"https:\/\/schema.org","@graph":[{"@type":"WebPage","@id":"https:\/\/www.brams.com\/fr\/cybersecurite\/securite-reseau\/","url":"https:\/\/www.brams.com\/fr\/cybersecurite\/securite-reseau\/","name":"S\u00e9curit\u00e9 R\u00e9seau - Brams","isPartOf":{"@id":"https:\/\/www.brams.com\/#website"},"datePublished":"2023-11-12T11:12:47+00:00","dateModified":"2023-11-12T21:40:59+00:00","breadcrumb":{"@id":"https:\/\/www.brams.com\/fr\/cybersecurite\/securite-reseau\/#breadcrumb"},"inLanguage":"fr-FR","potentialAction":[{"@type":"ReadAction","target":["https:\/\/www.brams.com\/fr\/cybersecurite\/securite-reseau\/"]}]},{"@type":"BreadcrumbList","@id":"https:\/\/www.brams.com\/fr\/cybersecurite\/securite-reseau\/#breadcrumb","itemListElement":[{"@type":"ListItem","position":1,"name":"Home","item":"https:\/\/www.brams.com\/fr\/"},{"@type":"ListItem","position":2,"name":"Cybersecurit\u00e9","item":"https:\/\/www.brams.com\/fr\/cybersecurite\/"},{"@type":"ListItem","position":3,"name":"S\u00e9curit\u00e9 R\u00e9seau"}]},{"@type":"WebSite","@id":"https:\/\/www.brams.com\/#website","url":"https:\/\/www.brams.com\/","name":"Brams","description":"A world-leading cloud specialist with over 19 years of experience.","publisher":{"@id":"https:\/\/www.brams.com\/#organization"},"potentialAction":[{"@type":"SearchAction","target":{"@type":"EntryPoint","urlTemplate":"https:\/\/www.brams.com\/?s={search_term_string}"},"query-input":"required name=search_term_string"}],"inLanguage":"fr-FR"},{"@type":"Organization","@id":"https:\/\/www.brams.com\/#organization","name":"Brams","url":"https:\/\/www.brams.com\/","logo":{"@type":"ImageObject","inLanguage":"fr-FR","@id":"https:\/\/www.brams.com\/#\/schema\/logo\/image\/","url":"https:\/\/www.brams.com\/wp-content\/uploads\/2019\/12\/brams-logo.jpg","contentUrl":"https:\/\/www.brams.com\/wp-content\/uploads\/2019\/12\/brams-logo.jpg","width":400,"height":108,"caption":"Brams"},"image":{"@id":"https:\/\/www.brams.com\/#\/schema\/logo\/image\/"},"sameAs":["https:\/\/twitter.com\/bramsfz","https:\/\/www.linkedin.com\/company\/brams-technologies\/"]}]}},"_links":{"self":[{"href":"https:\/\/www.brams.com\/fr\/wp-json\/wp\/v2\/pages\/10110","targetHints":{"allow":["GET"]}}],"collection":[{"href":"https:\/\/www.brams.com\/fr\/wp-json\/wp\/v2\/pages"}],"about":[{"href":"https:\/\/www.brams.com\/fr\/wp-json\/wp\/v2\/types\/page"}],"author":[{"embeddable":true,"href":"https:\/\/www.brams.com\/fr\/wp-json\/wp\/v2\/users\/6"}],"replies":[{"embeddable":true,"href":"https:\/\/www.brams.com\/fr\/wp-json\/wp\/v2\/comments?post=10110"}],"version-history":[{"count":6,"href":"https:\/\/www.brams.com\/fr\/wp-json\/wp\/v2\/pages\/10110\/revisions"}],"predecessor-version":[{"id":10123,"href":"https:\/\/www.brams.com\/fr\/wp-json\/wp\/v2\/pages\/10110\/revisions\/10123"}],"up":[{"embeddable":true,"href":"https:\/\/www.brams.com\/fr\/wp-json\/wp\/v2\/pages\/10055"}],"wp:attachment":[{"href":"https:\/\/www.brams.com\/fr\/wp-json\/wp\/v2\/media?parent=10110"}],"curies":[{"name":"wp","href":"https:\/\/api.w.org\/{rel}","templated":true}]}}