{"id":10107,"date":"2023-11-12T11:09:31","date_gmt":"2023-11-12T11:09:31","guid":{"rendered":"https:\/\/www.brams.com\/?page_id=10107"},"modified":"2023-11-12T21:39:06","modified_gmt":"2023-11-12T21:39:06","slug":"soc","status":"publish","type":"page","link":"https:\/\/www.brams.com\/fr\/cybersecurite\/soc\/","title":{"rendered":"SOC"},"content":{"rendered":"<div class=\"wpb-content-wrapper\"><p>[vc_section full_width=\u00a0\u00bbstretch_row\u00a0\u00bb css=\u00a0\u00bb.vc_custom_1699786720647{padding-bottom: 60px !important;}\u00a0\u00bb el_class=\u00a0\u00bbarrow\u00a0\u00bb][vc_row full_width=\u00a0\u00bbstretch_row\u00a0\u00bb content_placement=\u00a0\u00bbmiddle\u00a0\u00bb css_animation=\u00a0\u00bbnone\u00a0\u00bb css=\u00a0\u00bb.vc_custom_1699786775539{background-color: #f0f0f0 !important;}\u00a0\u00bb][vc_column width=\u00a0\u00bb1\/2&Prime;][vc_empty_space height=\u00a0\u00bb40px\u00a0\u00bb][vc_custom_heading text=\u00a0\u00bbServices SOC par Brams\u00a0\u00bb font_container=\u00a0\u00bbtag:h3|text_align:left\u00a0\u00bb use_theme_fonts=\u00a0\u00bbyes\u00a0\u00bb css_animation=\u00a0\u00bbnone\u00a0\u00bb css=\u00a0\u00bb.vc_custom_1699784065444{margin-bottom: 25px !important;}\u00a0\u00bb][vc_column_text css=\u00a0\u00bb.vc_custom_1699784127068{margin-bottom: 20px !important;}\u00a0\u00bb]<\/p>\n<p style=\"font-size: 18px; line-height: 24px;\">Chez Brams, nous comprenons l&rsquo;importance cruciale de la cybers\u00e9curit\u00e9 dans le paysage num\u00e9rique actuel. Nos services de Centre des Op\u00e9rations de S\u00e9curit\u00e9 (SOC) sont con\u00e7us pour fournir une surveillance et une analyse continues et compl\u00e8tes de la posture de s\u00e9curit\u00e9 de votre organisation. Gr\u00e2ce \u00e0 notre technologie de pointe et \u00e0 notre \u00e9quipe d&rsquo;experts, nous assurons que vos actifs num\u00e9riques sont prot\u00e9g\u00e9s contre les menaces cybern\u00e9tiques en constante \u00e9volution.\u200b<\/p>\n<p>[\/vc_column_text][vc_empty_space height=\u00a0\u00bb40px\u00a0\u00bb][\/vc_column][vc_column width=\u00a0\u00bb1\/2&Prime;][vc_single_image image=\u00a0\u00bb10084&Prime; img_size=\u00a0\u00bbfull\u00a0\u00bb alignment=\u00a0\u00bbcenter\u00a0\u00bb][\/vc_column][\/vc_row][vc_row full_width=\u00a0\u00bbstretch_row\u00a0\u00bb content_placement=\u00a0\u00bbtop\u00a0\u00bb css_animation=\u00a0\u00bbnone\u00a0\u00bb css=\u00a0\u00bb.vc_custom_1699786696339{padding-top: 40px !important;padding-bottom: 40px !important;}\u00a0\u00bb][vc_column][vc_empty_space height=\u00a0\u00bb40px\u00a0\u00bb][vc_custom_heading text=\u00a0\u00bbCaract\u00e9ristiques\u00a0\u00bb font_container=\u00a0\u00bbtag:h3|text_align:center\u00a0\u00bb use_theme_fonts=\u00a0\u00bbyes\u00a0\u00bb css_animation=\u00a0\u00bbnone\u00a0\u00bb css=\u00a0\u00bb.vc_custom_1699822448968{margin-bottom: 25px !important;}\u00a0\u00bb][vc_empty_space height=\u00a0\u00bb40px\u00a0\u00bb][vc_row_inner gap=\u00a0\u00bb20&Prime; el_class=\u00a0\u00bbflex-columns shadow-card\u00a0\u00bb css=\u00a0\u00bb.vc_custom_1699633738207{margin-bottom: 25px !important;}\u00a0\u00bb][vc_column_inner el_class=\u00a0\u00bbboxshadow\u00a0\u00bb width=\u00a0\u00bb1\/3&Prime; css=\u00a0\u00bb.vc_custom_1699633105696{background-color: #ffffff !important;}\u00a0\u00bb]<div class=\"iconbox style2 \">\n\n\t<h4 class=\"box-title\">Surveillance et R\u00e9ponse 24\/7<\/h4>\n\t<div class=\"box-detail\">\n\t\t<p>Notre SOC fonctionne en continu, offrant une surveillance en temps r\u00e9el et une r\u00e9ponse rapide aux incidents de s\u00e9curit\u00e9 potentiels, garantissant que les menaces sont identifi\u00e9es et att\u00e9nu\u00e9es rapidement.<\/p>\n\t\n\t<\/div>\n\t<div class=\"box-icon\"><img decoding=\"async\" src=\"https:\/\/www.brams.com\/wp-content\/uploads\/2023\/11\/4017956.png\" alt=\"Surveillance et R\u00e9ponse 24\/7\" \/><\/div>\t\n\t\n<\/div>[\/vc_column_inner][vc_column_inner el_class=\u00a0\u00bbboxshadow\u00a0\u00bb width=\u00a0\u00bb1\/3&Prime;]<div class=\"iconbox style2 \">\n\n\t<h4 class=\"box-title\">D\u00e9tection Avanc\u00e9e des Menaces<\/h4>\n\t<div class=\"box-detail\">\n\t\t<p>Utilisant des outils et technologies de pointe, nous offrons des capacit\u00e9s de d\u00e9tection de menaces sophistiqu\u00e9es, identifiant m\u00eame les anomalies les plus subtiles qui pourraient indiquer une violation de la s\u00e9curit\u00e9.<\/p>\n\t\n\t<\/div>\n\t<div class=\"box-icon\"><img decoding=\"async\" src=\"https:\/\/www.brams.com\/wp-content\/uploads\/2023\/11\/10655641.png\" alt=\"D\u00e9tection Avanc\u00e9e des Menaces\" \/><\/div>\t\n\t\n<\/div>[\/vc_column_inner][vc_column_inner el_class=\u00a0\u00bbboxshadow\u00a0\u00bb width=\u00a0\u00bb1\/3&Prime;]<div class=\"iconbox style2 \">\n\n\t<h4 class=\"box-title\">Analyse et Rapport d&#039;Incidents<\/h4>\n\t<div class=\"box-detail\">\n\t\t<p>En cas d&rsquo;incident de s\u00e9curit\u00e9, notre \u00e9quipe fournit une analyse d\u00e9taill\u00e9e et un rapport complet, vous aidant \u00e0 comprendre la nature de la menace et les mesures prises pour la r\u00e9soudre.<\/p>\n\t\n\t<\/div>\n\t<div class=\"box-icon\"><img decoding=\"async\" src=\"https:\/\/www.brams.com\/wp-content\/uploads\/2023\/11\/6897881.png\" alt=\"Analyse et Rapport d&#039;Incidents\" \/><\/div>\t\n\t\n<\/div>[\/vc_column_inner][\/vc_row_inner][vc_row_inner gap=\u00a0\u00bb20&Prime; el_class=\u00a0\u00bbflex-columns shadow-card\u00a0\u00bb][vc_column_inner width=\u00a0\u00bb1\/6&Prime;][\/vc_column_inner][vc_column_inner el_class=\u00a0\u00bbboxshadow\u00a0\u00bb width=\u00a0\u00bb1\/3&Prime;]<div class=\"iconbox style2 \">\n\n\t<h4 class=\"box-title\">Solutions Personnalisables<\/h4>\n\t<div class=\"box-detail\">\n\t\t<p>Nous comprenons que chaque organisation est unique. Nos solutions SOC peuvent \u00eatre adapt\u00e9es aux besoins et exigences sp\u00e9cifiques de votre entreprise.<\/p>\n\t\n\t<\/div>\n\t<div class=\"box-icon\"><img decoding=\"async\" src=\"https:\/\/www.brams.com\/wp-content\/uploads\/2023\/11\/4727543.png\" alt=\"Solutions Personnalisables\" \/><\/div>\t\n\t\n<\/div>[\/vc_column_inner][vc_column_inner el_class=\u00a0\u00bbboxshadow\u00a0\u00bb width=\u00a0\u00bb1\/3&Prime;]<div class=\"iconbox style2 \">\n\n\t<h4 class=\"box-title\">Gestion de la Conformit\u00e9<\/h4>\n\t<div class=\"box-detail\">\n\t\t<p>Nos services SOC sont con\u00e7us pour garantir que votre organisation reste conforme aux derni\u00e8res normes et r\u00e9glementations du secteur, r\u00e9duisant le risque de r\u00e9percussions juridiques et financi\u00e8res.<\/p>\n\t\n\t<\/div>\n\t<div class=\"box-icon\"><img decoding=\"async\" src=\"https:\/\/www.brams.com\/wp-content\/uploads\/2023\/11\/4994972.png\" alt=\"Gestion de la Conformit\u00e9\" \/><\/div>\t\n\t\n<\/div>[\/vc_column_inner][vc_column_inner width=\u00a0\u00bb1\/6&Prime;][\/vc_column_inner][\/vc_row_inner][\/vc_column][\/vc_row][vc_row full_width=\u00a0\u00bbstretch_row\u00a0\u00bb content_placement=\u00a0\u00bbtop\u00a0\u00bb css_animation=\u00a0\u00bbnone\u00a0\u00bb css=\u00a0\u00bb.vc_custom_1699786682422{margin-top: 25px !important;background-color: #ffffff !important;}\u00a0\u00bb][vc_column][vc_empty_space height=\u00a0\u00bb40px\u00a0\u00bb][vc_custom_heading text=\u00a0\u00bbCe que Nous Fournissons\u00a0\u00bb font_container=\u00a0\u00bbtag:h3|text_align:center\u00a0\u00bb use_theme_fonts=\u00a0\u00bbyes\u00a0\u00bb css_animation=\u00a0\u00bbnone\u00a0\u00bb css=\u00a0\u00bb.vc_custom_1699634043782{margin-bottom: 25px !important;}\u00a0\u00bb][vc_empty_space height=\u00a0\u00bb40px\u00a0\u00bb][vc_row_inner gap=\u00a0\u00bb20&Prime; css=\u00a0\u00bb.vc_custom_1699786440364{margin-bottom: 25px !important;}\u00a0\u00bb][vc_column_inner css=\u00a0\u00bb.vc_custom_1699784771426{background-color: #ffffff !important;}\u00a0\u00bb]<ul class=\"iconlist iconlist iconlist-icon-small columns-2 gap-50\"><li><div ><div class=\"iconlist-item-icon\"><i class=\"fas fa-user-shield\"><\/i><\/div><div class=\"iconlist-item-content\"><h5>\u00c9quipe d&rsquo;Experts<\/h5><p>Notre SOC est compos\u00e9 de professionnels exp\u00e9riment\u00e9s en cybers\u00e9curit\u00e9, bien inform\u00e9s sur les derni\u00e8res tendances et techniques de mitigation des menaces.<\/div><\/div><\/li><li><div ><div class=\"iconlist-item-icon\"><i class=\"fas fa-tools\"><\/i><\/div><div class=\"iconlist-item-content\"><h5>Technologie de Pointe<\/h5><p>Nous utilisons des outils et logiciels de s\u00e9curit\u00e9 avanc\u00e9s pour garantir une protection compl\u00e8te de vos actifs num\u00e9riques.<\/div><\/div><\/li><li><div ><div class=\"iconlist-item-icon\"><i class=\"fas fa-exclamation-triangle\"><\/i><\/div><div class=\"iconlist-item-content\"><h5>Chasse Proactive aux Menaces<\/h5><p>Au-del\u00e0 de la surveillance passive, notre \u00e9quipe recherche activement des menaces de s\u00e9curit\u00e9 potentielles, identifiant les risques avant qu\u2019ils ne se transforment en incidents.<\/div><\/div><\/li><li><div ><div class=\"iconlist-item-icon\"><i class=\"fas fa-shield-alt\"><\/i><\/div><div class=\"iconlist-item-content\"><h5>Int\u00e9gration Transparente<\/h5><p>Nos services SOC s\u2019int\u00e8grent en toute fluidit\u00e9 \u00e0 votre infrastructure informatique existante, garantissant une op\u00e9ration de s\u00e9curit\u00e9 coh\u00e9rente et efficace.<\/div><\/div><\/li><li><div ><div class=\"iconlist-item-icon\"><i class=\"fas fa-check\"><\/i><\/div><div class=\"iconlist-item-content\"><h5>Am\u00e9lioration Continue<\/h5><p>Nous mettons constamment \u00e0 jour nos outils, techniques et processus pour rester \u00e0 la pointe du paysage changeant des menaces cybern\u00e9tiques.<\/div><\/div><\/li><\/ul>[\/vc_column_inner][\/vc_row_inner][\/vc_column][\/vc_row][\/vc_section][vc_section full_width=\u00a0\u00bbstretch_row\u00a0\u00bb css=\u00a0\u00bb.vc_custom_1699791048590{padding-bottom: 60px !important;background-color: #f4f4f4 !important;}\u00a0\u00bb][vc_row full_width=\u00a0\u00bbstretch_row\u00a0\u00bb content_placement=\u00a0\u00bbtop\u00a0\u00bb css_animation=\u00a0\u00bbnone\u00a0\u00bb css=\u00a0\u00bb.vc_custom_1699634675791{margin-top: 25px !important;}\u00a0\u00bb][vc_column][vc_empty_space height=\u00a0\u00bb40px\u00a0\u00bb][vc_custom_heading text=\u00a0\u00bbPour plus d&rsquo;informations ou pour planifier une consultation\u00a0\u00bb font_container=\u00a0\u00bbtag:h3|text_align:center\u00a0\u00bb use_theme_fonts=\u00a0\u00bbyes\u00a0\u00bb css_animation=\u00a0\u00bbnone\u00a0\u00bb css=\u00a0\u00bb.vc_custom_1699825142632{margin-bottom: 25px !important;}\u00a0\u00bb][vc_empty_space height=\u00a0\u00bb40px\u00a0\u00bb][vc_column_text]<\/p>\n<p style=\"text-align: center;\"><a class=\"btn-go-down\" href=\"https:\/\/www.brams.com\/fr\/a-propos-de-brams\/contactez-brams\/\" target=\"_blank\" rel=\"noopener\"> Contactez-nous<\/a><\/p>\n<p>[\/vc_column_text][\/vc_column][\/vc_row][\/vc_section]<\/p>\n<\/div>","protected":false},"excerpt":{"rendered":"<p>[vc_section full_width=\u00a0\u00bbstretch_row\u00a0\u00bb css=\u00a0\u00bb.vc_custom_1699786720647{padding-bottom: 60px !important;}\u00a0\u00bb el_class=\u00a0\u00bbarrow\u00a0\u00bb][vc_row full_width=\u00a0\u00bbstretch_row\u00a0\u00bb content_placement=\u00a0\u00bbmiddle\u00a0\u00bb css_animation=\u00a0\u00bbnone\u00a0\u00bb css=\u00a0\u00bb.vc_custom_1699786775539{background-color: #f0f0f0 !important;}\u00a0\u00bb][vc_column width=\u00a0\u00bb1\/2&Prime;][vc_empty_space height=\u00a0\u00bb40px\u00a0\u00bb][vc_custom_heading text=\u00a0\u00bbServices SOC par Brams\u00a0\u00bb font_container=\u00a0\u00bbtag:h3|text_align:left\u00a0\u00bb use_theme_fonts=\u00a0\u00bbyes\u00a0\u00bb css_animation=\u00a0\u00bbnone\u00a0\u00bb css=\u00a0\u00bb.vc_custom_1699784065444{margin-bottom: 25px !important;}\u00a0\u00bb][vc_column_text css=\u00a0\u00bb.vc_custom_1699784127068{margin-bottom: 20px !important;}\u00a0\u00bb] Chez Brams, nous comprenons l&rsquo;importance cruciale de la cybers\u00e9curit\u00e9 dans le paysage num\u00e9rique actuel. Nos services de Centre des Op\u00e9rations de S\u00e9curit\u00e9 (SOC) sont con\u00e7us pour fournir une [&hellip;]<\/p>\n","protected":false},"author":6,"featured_media":0,"parent":10055,"menu_order":0,"comment_status":"closed","ping_status":"closed","template":"","meta":{"content-type":"","_monsterinsights_skip_tracking":false,"_monsterinsights_sitenote_active":false,"_monsterinsights_sitenote_note":"","_monsterinsights_sitenote_category":0,"footnotes":""},"class_list":["post-10107","page","type-page","status-publish","hentry"],"yoast_head":"<!-- This site is optimized with the Yoast SEO plugin v22.1 - https:\/\/yoast.com\/wordpress\/plugins\/seo\/ -->\n<title>SOC - Brams<\/title>\n<meta name=\"robots\" content=\"index, follow, max-snippet:-1, max-image-preview:large, max-video-preview:-1\" \/>\n<link rel=\"canonical\" href=\"https:\/\/www.brams.com\/fr\/cybersecurite\/soc\/\" \/>\n<meta property=\"og:locale\" content=\"fr_FR\" \/>\n<meta property=\"og:type\" content=\"article\" \/>\n<meta property=\"og:title\" content=\"SOC - Brams\" \/>\n<meta property=\"og:description\" content=\"[vc_section full_width=\u00a0\u00bbstretch_row\u00a0\u00bb css=\u00a0\u00bb.vc_custom_1699786720647{padding-bottom: 60px !important;}\u00a0\u00bb el_class=\u00a0\u00bbarrow\u00a0\u00bb][vc_row full_width=\u00a0\u00bbstretch_row\u00a0\u00bb content_placement=\u00a0\u00bbmiddle\u00a0\u00bb css_animation=\u00a0\u00bbnone\u00a0\u00bb css=\u00a0\u00bb.vc_custom_1699786775539{background-color: #f0f0f0 !important;}\u00a0\u00bb][vc_column width=\u00a0\u00bb1\/2&Prime;][vc_empty_space height=\u00a0\u00bb40px\u00a0\u00bb][vc_custom_heading text=\u00a0\u00bbServices SOC par Brams\u00a0\u00bb font_container=\u00a0\u00bbtag:h3|text_align:left\u00a0\u00bb use_theme_fonts=\u00a0\u00bbyes\u00a0\u00bb css_animation=\u00a0\u00bbnone\u00a0\u00bb css=\u00a0\u00bb.vc_custom_1699784065444{margin-bottom: 25px !important;}\u00a0\u00bb][vc_column_text css=\u00a0\u00bb.vc_custom_1699784127068{margin-bottom: 20px !important;}\u00a0\u00bb] Chez Brams, nous comprenons l&rsquo;importance cruciale de la cybers\u00e9curit\u00e9 dans le paysage num\u00e9rique actuel. Nos services de Centre des Op\u00e9rations de S\u00e9curit\u00e9 (SOC) sont con\u00e7us pour fournir une [&hellip;]\" \/>\n<meta property=\"og:url\" content=\"https:\/\/www.brams.com\/fr\/cybersecurite\/soc\/\" \/>\n<meta property=\"og:site_name\" content=\"Brams\" \/>\n<meta property=\"article:modified_time\" content=\"2023-11-12T21:39:06+00:00\" \/>\n<meta property=\"og:image\" content=\"https:\/\/www.brams.com\/wp-content\/uploads\/2019\/11\/PICTO-BRAMS.png\" \/>\n\t<meta property=\"og:image:width\" content=\"218\" \/>\n\t<meta property=\"og:image:height\" content=\"218\" \/>\n\t<meta property=\"og:image:type\" content=\"image\/png\" \/>\n<meta name=\"twitter:card\" content=\"summary_large_image\" \/>\n<meta name=\"twitter:site\" content=\"@bramsfz\" \/>\n<meta name=\"twitter:label1\" content=\"Dur\u00e9e de lecture estim\u00e9e\" \/>\n\t<meta name=\"twitter:data1\" content=\"3 minutes\" \/>\n<script type=\"application\/ld+json\" class=\"yoast-schema-graph\">{\"@context\":\"https:\/\/schema.org\",\"@graph\":[{\"@type\":\"WebPage\",\"@id\":\"https:\/\/www.brams.com\/fr\/cybersecurite\/soc\/\",\"url\":\"https:\/\/www.brams.com\/fr\/cybersecurite\/soc\/\",\"name\":\"SOC - Brams\",\"isPartOf\":{\"@id\":\"https:\/\/www.brams.com\/#website\"},\"datePublished\":\"2023-11-12T11:09:31+00:00\",\"dateModified\":\"2023-11-12T21:39:06+00:00\",\"breadcrumb\":{\"@id\":\"https:\/\/www.brams.com\/fr\/cybersecurite\/soc\/#breadcrumb\"},\"inLanguage\":\"fr-FR\",\"potentialAction\":[{\"@type\":\"ReadAction\",\"target\":[\"https:\/\/www.brams.com\/fr\/cybersecurite\/soc\/\"]}]},{\"@type\":\"BreadcrumbList\",\"@id\":\"https:\/\/www.brams.com\/fr\/cybersecurite\/soc\/#breadcrumb\",\"itemListElement\":[{\"@type\":\"ListItem\",\"position\":1,\"name\":\"Home\",\"item\":\"https:\/\/www.brams.com\/fr\/\"},{\"@type\":\"ListItem\",\"position\":2,\"name\":\"Cybersecurit\u00e9\",\"item\":\"https:\/\/www.brams.com\/fr\/cybersecurite\/\"},{\"@type\":\"ListItem\",\"position\":3,\"name\":\"SOC\"}]},{\"@type\":\"WebSite\",\"@id\":\"https:\/\/www.brams.com\/#website\",\"url\":\"https:\/\/www.brams.com\/\",\"name\":\"Brams\",\"description\":\"A world-leading cloud specialist with over 19 years of experience.\",\"publisher\":{\"@id\":\"https:\/\/www.brams.com\/#organization\"},\"potentialAction\":[{\"@type\":\"SearchAction\",\"target\":{\"@type\":\"EntryPoint\",\"urlTemplate\":\"https:\/\/www.brams.com\/?s={search_term_string}\"},\"query-input\":\"required name=search_term_string\"}],\"inLanguage\":\"fr-FR\"},{\"@type\":\"Organization\",\"@id\":\"https:\/\/www.brams.com\/#organization\",\"name\":\"Brams\",\"url\":\"https:\/\/www.brams.com\/\",\"logo\":{\"@type\":\"ImageObject\",\"inLanguage\":\"fr-FR\",\"@id\":\"https:\/\/www.brams.com\/#\/schema\/logo\/image\/\",\"url\":\"https:\/\/www.brams.com\/wp-content\/uploads\/2019\/12\/brams-logo.jpg\",\"contentUrl\":\"https:\/\/www.brams.com\/wp-content\/uploads\/2019\/12\/brams-logo.jpg\",\"width\":400,\"height\":108,\"caption\":\"Brams\"},\"image\":{\"@id\":\"https:\/\/www.brams.com\/#\/schema\/logo\/image\/\"},\"sameAs\":[\"https:\/\/twitter.com\/bramsfz\",\"https:\/\/www.linkedin.com\/company\/brams-technologies\/\"]}]}<\/script>\n<!-- \/ Yoast SEO plugin. -->","yoast_head_json":{"title":"SOC - Brams","robots":{"index":"index","follow":"follow","max-snippet":"max-snippet:-1","max-image-preview":"max-image-preview:large","max-video-preview":"max-video-preview:-1"},"canonical":"https:\/\/www.brams.com\/fr\/cybersecurite\/soc\/","og_locale":"fr_FR","og_type":"article","og_title":"SOC - Brams","og_description":"[vc_section full_width=\u00a0\u00bbstretch_row\u00a0\u00bb css=\u00a0\u00bb.vc_custom_1699786720647{padding-bottom: 60px !important;}\u00a0\u00bb el_class=\u00a0\u00bbarrow\u00a0\u00bb][vc_row full_width=\u00a0\u00bbstretch_row\u00a0\u00bb content_placement=\u00a0\u00bbmiddle\u00a0\u00bb css_animation=\u00a0\u00bbnone\u00a0\u00bb css=\u00a0\u00bb.vc_custom_1699786775539{background-color: #f0f0f0 !important;}\u00a0\u00bb][vc_column width=\u00a0\u00bb1\/2&Prime;][vc_empty_space height=\u00a0\u00bb40px\u00a0\u00bb][vc_custom_heading text=\u00a0\u00bbServices SOC par Brams\u00a0\u00bb font_container=\u00a0\u00bbtag:h3|text_align:left\u00a0\u00bb use_theme_fonts=\u00a0\u00bbyes\u00a0\u00bb css_animation=\u00a0\u00bbnone\u00a0\u00bb css=\u00a0\u00bb.vc_custom_1699784065444{margin-bottom: 25px !important;}\u00a0\u00bb][vc_column_text css=\u00a0\u00bb.vc_custom_1699784127068{margin-bottom: 20px !important;}\u00a0\u00bb] Chez Brams, nous comprenons l&rsquo;importance cruciale de la cybers\u00e9curit\u00e9 dans le paysage num\u00e9rique actuel. Nos services de Centre des Op\u00e9rations de S\u00e9curit\u00e9 (SOC) sont con\u00e7us pour fournir une [&hellip;]","og_url":"https:\/\/www.brams.com\/fr\/cybersecurite\/soc\/","og_site_name":"Brams","article_modified_time":"2023-11-12T21:39:06+00:00","og_image":[{"width":218,"height":218,"url":"https:\/\/www.brams.com\/wp-content\/uploads\/2019\/11\/PICTO-BRAMS.png","type":"image\/png"}],"twitter_card":"summary_large_image","twitter_site":"@bramsfz","twitter_misc":{"Dur\u00e9e de lecture estim\u00e9e":"3 minutes"},"schema":{"@context":"https:\/\/schema.org","@graph":[{"@type":"WebPage","@id":"https:\/\/www.brams.com\/fr\/cybersecurite\/soc\/","url":"https:\/\/www.brams.com\/fr\/cybersecurite\/soc\/","name":"SOC - Brams","isPartOf":{"@id":"https:\/\/www.brams.com\/#website"},"datePublished":"2023-11-12T11:09:31+00:00","dateModified":"2023-11-12T21:39:06+00:00","breadcrumb":{"@id":"https:\/\/www.brams.com\/fr\/cybersecurite\/soc\/#breadcrumb"},"inLanguage":"fr-FR","potentialAction":[{"@type":"ReadAction","target":["https:\/\/www.brams.com\/fr\/cybersecurite\/soc\/"]}]},{"@type":"BreadcrumbList","@id":"https:\/\/www.brams.com\/fr\/cybersecurite\/soc\/#breadcrumb","itemListElement":[{"@type":"ListItem","position":1,"name":"Home","item":"https:\/\/www.brams.com\/fr\/"},{"@type":"ListItem","position":2,"name":"Cybersecurit\u00e9","item":"https:\/\/www.brams.com\/fr\/cybersecurite\/"},{"@type":"ListItem","position":3,"name":"SOC"}]},{"@type":"WebSite","@id":"https:\/\/www.brams.com\/#website","url":"https:\/\/www.brams.com\/","name":"Brams","description":"A world-leading cloud specialist with over 19 years of experience.","publisher":{"@id":"https:\/\/www.brams.com\/#organization"},"potentialAction":[{"@type":"SearchAction","target":{"@type":"EntryPoint","urlTemplate":"https:\/\/www.brams.com\/?s={search_term_string}"},"query-input":"required name=search_term_string"}],"inLanguage":"fr-FR"},{"@type":"Organization","@id":"https:\/\/www.brams.com\/#organization","name":"Brams","url":"https:\/\/www.brams.com\/","logo":{"@type":"ImageObject","inLanguage":"fr-FR","@id":"https:\/\/www.brams.com\/#\/schema\/logo\/image\/","url":"https:\/\/www.brams.com\/wp-content\/uploads\/2019\/12\/brams-logo.jpg","contentUrl":"https:\/\/www.brams.com\/wp-content\/uploads\/2019\/12\/brams-logo.jpg","width":400,"height":108,"caption":"Brams"},"image":{"@id":"https:\/\/www.brams.com\/#\/schema\/logo\/image\/"},"sameAs":["https:\/\/twitter.com\/bramsfz","https:\/\/www.linkedin.com\/company\/brams-technologies\/"]}]}},"_links":{"self":[{"href":"https:\/\/www.brams.com\/fr\/wp-json\/wp\/v2\/pages\/10107","targetHints":{"allow":["GET"]}}],"collection":[{"href":"https:\/\/www.brams.com\/fr\/wp-json\/wp\/v2\/pages"}],"about":[{"href":"https:\/\/www.brams.com\/fr\/wp-json\/wp\/v2\/types\/page"}],"author":[{"embeddable":true,"href":"https:\/\/www.brams.com\/fr\/wp-json\/wp\/v2\/users\/6"}],"replies":[{"embeddable":true,"href":"https:\/\/www.brams.com\/fr\/wp-json\/wp\/v2\/comments?post=10107"}],"version-history":[{"count":4,"href":"https:\/\/www.brams.com\/fr\/wp-json\/wp\/v2\/pages\/10107\/revisions"}],"predecessor-version":[{"id":10208,"href":"https:\/\/www.brams.com\/fr\/wp-json\/wp\/v2\/pages\/10107\/revisions\/10208"}],"up":[{"embeddable":true,"href":"https:\/\/www.brams.com\/fr\/wp-json\/wp\/v2\/pages\/10055"}],"wp:attachment":[{"href":"https:\/\/www.brams.com\/fr\/wp-json\/wp\/v2\/media?parent=10107"}],"curies":[{"name":"wp","href":"https:\/\/api.w.org\/{rel}","templated":true}]}}