{"id":10055,"date":"2023-11-12T17:39:16","date_gmt":"2023-11-12T17:39:16","guid":{"rendered":"https:\/\/www.brams.com\/?page_id=10055"},"modified":"2023-11-12T20:52:13","modified_gmt":"2023-11-12T20:52:13","slug":"cybersecurite","status":"publish","type":"page","link":"https:\/\/www.brams.com\/fr\/cybersecurite\/","title":{"rendered":"Cybersecurit\u00e9"},"content":{"rendered":"<div class=\"wpb-content-wrapper\"><p>[vc_section full_width=\u00a0\u00bbstretch_row\u00a0\u00bb content_placement=\u00a0\u00bbmiddle\u00a0\u00bb css_animation=\u00a0\u00bbfadeIn\u00a0\u00bb css=\u00a0\u00bb.vc_custom_1650448455928{padding-top: 3% !important;background-position: center !important;background-repeat: no-repeat !important;background-size: cover !important;}\u00a0\u00bb][vc_row full_width=\u00a0\u00bbstretch_row\u00a0\u00bb content_placement=\u00a0\u00bbmiddle\u00a0\u00bb css_animation=\u00a0\u00bbnone\u00a0\u00bb css=\u00a0\u00bb.vc_custom_1610474756504{border-bottom-width: 1px !important;padding-bottom: 50px !important;border-bottom-color: #f4f4f4 !important;border-bottom-style: solid !important;}\u00a0\u00bb el_class=\u00a0\u00bbvc-desktop\u00a0\u00bb][vc_column width=\u00a0\u00bb1\/2&Prime; el_class=\u00a0\u00bbvc-desktop\u00a0\u00bb css=\u00a0\u00bb.vc_custom_1649952097351{padding-top: 20% !important;padding-bottom: 10% !important;}\u00a0\u00bb][vc_custom_heading text=\u00a0\u00bbCybersecurit\u00e9\u00a0\u00bb font_container=\u00a0\u00bbtag:h3|text_align:left\u00a0\u00bb use_theme_fonts=\u00a0\u00bbyes\u00a0\u00bb css_animation=\u00a0\u00bbnone\u00a0\u00bb css=\u00a0\u00bb.vc_custom_1699631697306{margin-bottom: 25px !important;}\u00a0\u00bb][vc_custom_heading text=\u00a0\u00bbLa Cybersecurite&#8230; Nous aidons \u00e0 prot\u00e9ger ce qui compte le plus\u00a0\u00bb font_container=\u00a0\u00bbtag:p|text_align:left\u00a0\u00bb use_theme_fonts=\u00a0\u00bbyes\u00a0\u00bb css_animation=\u00a0\u00bbnone\u00a0\u00bb css=\u00a0\u00bb.vc_custom_1699631703211{margin-bottom: 25px !important;}\u00a0\u00bb][\/vc_column][vc_column width=\u00a0\u00bb1\/2&Prime; el_class=\u00a0\u00bbvc-desktop\u00a0\u00bb][vc_single_image image=\u00a0\u00bb10060&Prime; img_size=\u00a0\u00bbfull\u00a0\u00bb alignment=\u00a0\u00bbcenter\u00a0\u00bb][\/vc_column][\/vc_row][vc_row full_width=\u00a0\u00bbstretch_row\u00a0\u00bb content_placement=\u00a0\u00bbmiddle\u00a0\u00bb css_animation=\u00a0\u00bbnone\u00a0\u00bb css=\u00a0\u00bb.vc_custom_1610465523883{border-bottom-width: 1px !important;padding-top: 50px !important;padding-bottom: 50px !important;border-bottom-color: #f4f4f4 !important;border-bottom-style: solid !important;}\u00a0\u00bb el_class=\u00a0\u00bbvc-mobile\u00a0\u00bb][vc_column width=\u00a0\u00bb1\/2&Prime; el_class=\u00a0\u00bbvc-mobile\u00a0\u00bb][vc_custom_heading text=\u00a0\u00bbCybersecurit\u00e9\u00a0\u00bb font_container=\u00a0\u00bbtag:h1|font_size:2.2rem|text_align:left|color:%23d33043&Prime; use_theme_fonts=\u00a0\u00bbyes\u00a0\u00bb css_animation=\u00a0\u00bbfadeInUp\u00a0\u00bb el_class=\u00a0\u00bbresp-heading\u00a0\u00bb][vc_custom_heading text=\u00a0\u00bbLa Cybersecurite&#8230; Nous aidons \u00e0 prot\u00e9ger ce qui compte le plus\u00a0\u00bb font_container=\u00a0\u00bbtag:p|text_align:left\u00a0\u00bb use_theme_fonts=\u00a0\u00bbyes\u00a0\u00bb css_animation=\u00a0\u00bbnone\u00a0\u00bb css=\u00a0\u00bb.vc_custom_1699631725209{margin-bottom: 25px !important;}\u00a0\u00bb][\/vc_column][vc_column width=\u00a0\u00bb1\/2&Prime; el_class=\u00a0\u00bbvc-mobile\u00a0\u00bb][vc_single_image image=\u00a0\u00bb10060&Prime; img_size=\u00a0\u00bbfull\u00a0\u00bb][\/vc_column][\/vc_row][\/vc_section][vc_section full_width=\u00a0\u00bbstretch_row\u00a0\u00bb css=\u00a0\u00bb.vc_custom_1699632529314{background-color: #d33246 !important;}\u00a0\u00bb][vc_row full_width=\u00a0\u00bbstretch_row\u00a0\u00bb content_placement=\u00a0\u00bbtop\u00a0\u00bb css_animation=\u00a0\u00bbnone\u00a0\u00bb el_class=\u00a0\u00bbgradient fix-overflow\u00a0\u00bb][vc_column][vc_empty_space height=\u00a0\u00bb40px\u00a0\u00bb][vc_column_text css=\u00a0\u00bb.vc_custom_1699805287987{margin-bottom: 20px !important;}\u00a0\u00bb]<\/p>\n<p style=\"color: #ffffff; text-align: center;\">La cybers\u00e9curit\u00e9 englobe toutes les strat\u00e9gies et mesures pour prot\u00e9ger une organisation, son personnel et ses actifs contre les menaces num\u00e9riques. \u00c0 une \u00e9poque marqu\u00e9e par des cyberattaques de plus en plus sophistiqu\u00e9es et fr\u00e9quentes, et face \u00e0 la complexit\u00e9 croissante des infrastructures r\u00e9seau des entreprises, une gamme diversifi\u00e9e de solutions de cybers\u00e9curit\u00e9 est cruciale pour minimiser les risques de menaces cybern\u00e9tiques sur les op\u00e9rations commerciales.\u200b<\/p>\n<p>[\/vc_column_text][vc_column_text css=\u00a0\u00bb.vc_custom_1699805294168{margin-bottom: 20px !important;}\u00a0\u00bb]<\/p>\n<p style=\"color: #ffffff; text-align: center;\">De plus, notre soci\u00e9t\u00e9, Brams, propose un accompagnement complet \u00e0 ses clients dans le d\u00e9veloppement et la mise en \u0153uvre d&rsquo;une strat\u00e9gie de cybers\u00e9curit\u00e9 robuste. Du d\u00e9but de la formulation de la strat\u00e9gie \u00e0 son impl\u00e9mentation, nous offrons un guidage expert \u00e0 chaque \u00e9tape. Nos services g\u00e9r\u00e9s incluent \u00e9galement des solutions de Centre des Op\u00e9rations de S\u00e9curit\u00e9 (SOC), assurant une surveillance continue et une d\u00e9fense proactive contre les menaces potentielles, garantissant ainsi la s\u00e9curit\u00e9 de votre infrastructure num\u00e9rique avec pr\u00e9cision et comp\u00e9tence.<\/p>\n<p>[\/vc_column_text][vc_empty_space height=\u00a0\u00bb40px\u00a0\u00bb][\/vc_column][\/vc_row][\/vc_section][vc_section full_width=\u00a0\u00bbstretch_row\u00a0\u00bb css=\u00a0\u00bb.vc_custom_1699805484569{padding-top: 40px !important;padding-bottom: 40px !important;}\u00a0\u00bb][vc_row css=\u00a0\u00bb.vc_custom_1699811610801{padding-bottom: 30px !important;}\u00a0\u00bb][vc_column][vc_custom_heading text=\u00a0\u00bbNotre objectif principal, la r\u00e9alisation des projets de nos clients dans les meilleures conditions, co\u00fbts et d\u00e9lais.\u00a0\u00bb font_container=\u00a0\u00bbtag:h3|text_align:center\u00a0\u00bb use_theme_fonts=\u00a0\u00bbyes\u00a0\u00bb][vc_empty_space height=\u00a0\u00bb20px\u00a0\u00bb][vc_row_inner content_placement=\u00a0\u00bbmiddle\u00a0\u00bb][vc_column_inner width=\u00a0\u00bb1\/2&Prime;][vc_empty_space height=\u00a0\u00bb20px\u00a0\u00bb][vc_single_image image=\u00a0\u00bb10084&Prime; img_size=\u00a0\u00bb500&Prime; alignment=\u00a0\u00bbcenter\u00a0\u00bb][\/vc_column_inner][vc_column_inner width=\u00a0\u00bb1\/2&Prime;][vc_column_text]<\/p>\n<h4><a href=\"\/fr\/cybersecurite\/soc\">Services SOC<\/a><\/h4>\n<p>Chez Brams, nous comprenons l&rsquo;importance cruciale de la cybers\u00e9curit\u00e9 dans le paysage num\u00e9rique actuel. Nos services de Centre des Op\u00e9rations de S\u00e9curit\u00e9 (SOC) sont con\u00e7us pour fournir une surveillance et une analyse continues et compl\u00e8tes de la posture de s\u00e9curit\u00e9 de votre organisation. Gr\u00e2ce \u00e0 notre technologie de pointe et \u00e0 notre \u00e9quipe d&rsquo;experts, nous assurons que vos actifs num\u00e9riques sont prot\u00e9g\u00e9s contre les menaces cybern\u00e9tiques en constante \u00e9volution.<\/p>\n<p><a class=\"button no-bg\" href=\"\/fr\/cybersecurite\/soc\">En savoir plus<\/a>[\/vc_column_text][\/vc_column_inner][\/vc_row_inner][vc_empty_space height=\u00a0\u00bb20px\u00a0\u00bb][vc_row_inner content_placement=\u00a0\u00bbmiddle\u00a0\u00bb css=\u00a0\u00bb.vc_custom_1699805777799{margin-right: 0px !important;margin-left: 0px !important;padding-bottom: 20px !important;background-color: rgba(148,153,166,0.1) !important;*background-color: rgb(148,153,166) !important;}\u00a0\u00bb][vc_column_inner width=\u00a0\u00bb1\/2&Prime;][vc_column_text]<\/p>\n<h4><a href=\"\/fr\/cybersecurite\/securite-reseau\/\">S\u00e9curit\u00e9 R\u00e9seau<\/a><\/h4>\n<p>Dans un monde interconnect\u00e9 d&rsquo;aujourd&rsquo;hui, la s\u00e9curit\u00e9 r\u00e9seau est primordiale. Nos services de s\u00e9curit\u00e9 r\u00e9seau chez Brams sont con\u00e7us pour prot\u00e9ger l&rsquo;int\u00e9grit\u00e9, la confidentialit\u00e9 et l&rsquo;accessibilit\u00e9 de votre r\u00e9seau et de vos donn\u00e9es. Nous adoptons une approche globale pour s\u00e9curiser votre infrastructure r\u00e9seau contre une vaste gamme de menaces.<\/p>\n<p><a class=\"button no-bg\" href=\"\/fr\/cybersecurite\/securite-reseau\/\">En savoir plus<\/a>[\/vc_column_text][\/vc_column_inner][vc_column_inner width=\u00a0\u00bb1\/2&Prime;][vc_empty_space height=\u00a0\u00bb20px\u00a0\u00bb][vc_single_image image=\u00a0\u00bb10122&Prime; img_size=\u00a0\u00bb500&#215;400&Prime; alignment=\u00a0\u00bbcenter\u00a0\u00bb][\/vc_column_inner][\/vc_row_inner][vc_empty_space height=\u00a0\u00bb20px\u00a0\u00bb][vc_row_inner content_placement=\u00a0\u00bbmiddle\u00a0\u00bb][vc_column_inner width=\u00a0\u00bb1\/2&Prime;][vc_empty_space height=\u00a0\u00bb20px\u00a0\u00bb][vc_single_image image=\u00a0\u00bb10142&Prime; img_size=\u00a0\u00bb500&#215;400&Prime; alignment=\u00a0\u00bbcenter\u00a0\u00bb][\/vc_column_inner][vc_column_inner width=\u00a0\u00bb1\/2&Prime;][vc_column_text]<\/p>\n<h4><a href=\"\/fr\/cybersecurite\/securite-des-applications\/\">S\u00e9curit\u00e9 des Applications<\/a><\/h4>\n<p>La s\u00e9curit\u00e9 des applications est cruciale pour prot\u00e9ger les logiciels et les applications contre les menaces. Chez Brams, nous proposons des services de s\u00e9curit\u00e9 des applications robustes con\u00e7us pour prot\u00e9ger vos applications pendant le d\u00e9veloppement et apr\u00e8s leur d\u00e9ploiement.<\/p>\n<p><a class=\"button no-bg\" href=\"\/fr\/cybersecurite\/securite-des-applications\/\">En savoir plus<\/a>[\/vc_column_text][\/vc_column_inner][\/vc_row_inner][vc_empty_space height=\u00a0\u00bb20px\u00a0\u00bb][vc_row_inner content_placement=\u00a0\u00bbmiddle\u00a0\u00bb css=\u00a0\u00bb.vc_custom_1699806954315{margin-right: 0px !important;margin-left: 0px !important;padding-bottom: 20px !important;background-color: rgba(148,153,166,0.1) !important;*background-color: rgb(148,153,166) !important;}\u00a0\u00bb][vc_column_inner width=\u00a0\u00bb1\/2&Prime;][vc_column_text]<\/p>\n<h4><a href=\"\/fr\/cybersecurite\/prevention-des-pertes-de-donnees-dlp\/\">Services DLP<\/a><\/h4>\n<div class=\"wpb_text_column wpb_content_element \">\n<div class=\"wpb_wrapper\">Dans l&rsquo;univers num\u00e9rique actuel, la protection des donn\u00e9es sensibles est cruciale. Les services de Pr\u00e9vention des Pertes de Donn\u00e9es (DLP) de Brams sont con\u00e7us pour s\u00e9curiser les informations critiques de votre entreprise contre les fuites, les vols ou les expositions accidentelles. Notre approche DLP englobe des strat\u00e9gies compl\u00e8tes pour assurer l&rsquo;int\u00e9grit\u00e9 et la confidentialit\u00e9 de vos donn\u00e9es.<\/div>\n<\/div>\n<p><a class=\"button no-bg\" href=\"\/fr\/cybersecurite\/prevention-des-pertes-de-donnees-dlp\/\">En savoir plus<\/a>[\/vc_column_text][\/vc_column_inner][vc_column_inner width=\u00a0\u00bb1\/2&Prime;][vc_empty_space height=\u00a0\u00bb20px\u00a0\u00bb][vc_single_image image=\u00a0\u00bb10158&Prime; img_size=\u00a0\u00bb400&#215;300&Prime; alignment=\u00a0\u00bbcenter\u00a0\u00bb][\/vc_column_inner][\/vc_row_inner][vc_row_inner content_placement=\u00a0\u00bbmiddle\u00a0\u00bb][vc_column_inner width=\u00a0\u00bb1\/2&Prime;][vc_empty_space height=\u00a0\u00bb20px\u00a0\u00bb][vc_single_image image=\u00a0\u00bb10169&Prime; img_size=\u00a0\u00bb800&#215;500&Prime; alignment=\u00a0\u00bbcenter\u00a0\u00bb][\/vc_column_inner][vc_column_inner width=\u00a0\u00bb1\/2&Prime;][vc_column_text]<\/p>\n<h4><a href=\"\/fr\/cybersecurite\/audit-et-investigation\/\"> Audit et Investigation <\/a><\/h4>\n<p>Chez Brams, nous offrons des services d&rsquo;audit et d&rsquo;investigation complets pour aider les entreprises \u00e0 naviguer et \u00e0 g\u00e9rer les complexit\u00e9s de la cybers\u00e9curit\u00e9. Notre approche m\u00e9thodique vise \u00e0 identifier les vuln\u00e9rabilit\u00e9s, les non-conformit\u00e9s, et les activit\u00e9s suspectes pour garantir la s\u00e9curit\u00e9 et la conformit\u00e9 de votre infrastructure informatique.<\/p>\n<p><a class=\"button no-bg\" href=\"\/fr\/cybersecurite\/audit-et-investigation\/\">En savoir plus<\/a>[\/vc_column_text][\/vc_column_inner][\/vc_row_inner][vc_row_inner content_placement=\u00a0\u00bbmiddle\u00a0\u00bb css=\u00a0\u00bb.vc_custom_1699806954315{margin-right: 0px !important;margin-left: 0px !important;padding-bottom: 20px !important;background-color: rgba(148,153,166,0.1) !important;*background-color: rgb(148,153,166) !important;}\u00a0\u00bb][vc_column_inner width=\u00a0\u00bb1\/2&Prime;][vc_column_text]<\/p>\n<h4><a href=\"\/fr\/cybersecurite\/cyber-intelligence\/\">Cyber Intelligence<\/a><\/h4>\n<div class=\"wpb_text_column wpb_content_element \">\n<div class=\"wpb_wrapper\">Chez Brams, nous comprenons que la connaissance est le pouvoir, surtout dans le domaine de la cybers\u00e9curit\u00e9. Nos services de cyber intelligence sont con\u00e7us pour fournir aux entreprises des informations critiques sur les menaces, les tendances et les tactiques dans le paysage de la cybers\u00e9curit\u00e9. Cette intelligence proactive permet \u00e0 votre entreprise de rester en avance sur les menaces potentielles et de se d\u00e9fendre de mani\u00e8re plus efficace.<\/div>\n<\/div>\n<p><a class=\"button no-bg\" href=\"\/fr\/cybersecurite\/cyber-intelligence\/\">En savoir plus<\/a>[\/vc_column_text][\/vc_column_inner][vc_column_inner width=\u00a0\u00bb1\/2&Prime;][vc_empty_space height=\u00a0\u00bb20px\u00a0\u00bb][vc_single_image image=\u00a0\u00bb10186&Prime; img_size=\u00a0\u00bb800&#215;500&Prime;][\/vc_column_inner][\/vc_row_inner][vc_empty_space height=\u00a0\u00bb20px\u00a0\u00bb][\/vc_column][\/vc_row][\/vc_section]<\/p>\n<\/div>","protected":false},"excerpt":{"rendered":"<p>[vc_section full_width=\u00a0\u00bbstretch_row\u00a0\u00bb content_placement=\u00a0\u00bbmiddle\u00a0\u00bb css_animation=\u00a0\u00bbfadeIn\u00a0\u00bb css=\u00a0\u00bb.vc_custom_1650448455928{padding-top: 3% !important;background-position: center !important;background-repeat: no-repeat !important;background-size: cover !important;}\u00a0\u00bb][vc_row full_width=\u00a0\u00bbstretch_row\u00a0\u00bb content_placement=\u00a0\u00bbmiddle\u00a0\u00bb css_animation=\u00a0\u00bbnone\u00a0\u00bb css=\u00a0\u00bb.vc_custom_1610474756504{border-bottom-width: 1px !important;padding-bottom: 50px !important;border-bottom-color: #f4f4f4 !important;border-bottom-style: solid !important;}\u00a0\u00bb el_class=\u00a0\u00bbvc-desktop\u00a0\u00bb][vc_column width=\u00a0\u00bb1\/2&Prime; el_class=\u00a0\u00bbvc-desktop\u00a0\u00bb css=\u00a0\u00bb.vc_custom_1649952097351{padding-top: 20% !important;padding-bottom: 10% !important;}\u00a0\u00bb][vc_custom_heading text=\u00a0\u00bbCybersecurit\u00e9\u00a0\u00bb font_container=\u00a0\u00bbtag:h3|text_align:left\u00a0\u00bb use_theme_fonts=\u00a0\u00bbyes\u00a0\u00bb css_animation=\u00a0\u00bbnone\u00a0\u00bb css=\u00a0\u00bb.vc_custom_1699631697306{margin-bottom: 25px !important;}\u00a0\u00bb][vc_custom_heading text=\u00a0\u00bbLa Cybersecurite&#8230; Nous aidons \u00e0 prot\u00e9ger ce qui compte le plus\u00a0\u00bb font_container=\u00a0\u00bbtag:p|text_align:left\u00a0\u00bb use_theme_fonts=\u00a0\u00bbyes\u00a0\u00bb css_animation=\u00a0\u00bbnone\u00a0\u00bb css=\u00a0\u00bb.vc_custom_1699631703211{margin-bottom: [&hellip;]<\/p>\n","protected":false},"author":6,"featured_media":0,"parent":0,"menu_order":0,"comment_status":"closed","ping_status":"closed","template":"","meta":{"content-type":"","_monsterinsights_skip_tracking":false,"_monsterinsights_sitenote_active":false,"_monsterinsights_sitenote_note":"","_monsterinsights_sitenote_category":0,"footnotes":""},"class_list":["post-10055","page","type-page","status-publish","hentry"],"yoast_head":"<!-- This site is optimized with the Yoast SEO plugin v22.1 - https:\/\/yoast.com\/wordpress\/plugins\/seo\/ -->\n<title>Cybersecurit\u00e9 - Brams<\/title>\n<meta name=\"robots\" content=\"index, follow, max-snippet:-1, max-image-preview:large, max-video-preview:-1\" \/>\n<link rel=\"canonical\" href=\"https:\/\/www.brams.com\/fr\/cybersecurite\/\" \/>\n<meta property=\"og:locale\" content=\"fr_FR\" \/>\n<meta property=\"og:type\" content=\"article\" \/>\n<meta property=\"og:title\" content=\"Cybersecurit\u00e9 - Brams\" \/>\n<meta property=\"og:description\" content=\"[vc_section full_width=\u00a0\u00bbstretch_row\u00a0\u00bb content_placement=\u00a0\u00bbmiddle\u00a0\u00bb css_animation=\u00a0\u00bbfadeIn\u00a0\u00bb css=\u00a0\u00bb.vc_custom_1650448455928{padding-top: 3% !important;background-position: center !important;background-repeat: no-repeat !important;background-size: cover !important;}\u00a0\u00bb][vc_row full_width=\u00a0\u00bbstretch_row\u00a0\u00bb content_placement=\u00a0\u00bbmiddle\u00a0\u00bb css_animation=\u00a0\u00bbnone\u00a0\u00bb css=\u00a0\u00bb.vc_custom_1610474756504{border-bottom-width: 1px !important;padding-bottom: 50px !important;border-bottom-color: #f4f4f4 !important;border-bottom-style: solid !important;}\u00a0\u00bb el_class=\u00a0\u00bbvc-desktop\u00a0\u00bb][vc_column width=\u00a0\u00bb1\/2&Prime; el_class=\u00a0\u00bbvc-desktop\u00a0\u00bb css=\u00a0\u00bb.vc_custom_1649952097351{padding-top: 20% !important;padding-bottom: 10% !important;}\u00a0\u00bb][vc_custom_heading text=\u00a0\u00bbCybersecurit\u00e9\u00a0\u00bb font_container=\u00a0\u00bbtag:h3|text_align:left\u00a0\u00bb use_theme_fonts=\u00a0\u00bbyes\u00a0\u00bb css_animation=\u00a0\u00bbnone\u00a0\u00bb css=\u00a0\u00bb.vc_custom_1699631697306{margin-bottom: 25px !important;}\u00a0\u00bb][vc_custom_heading text=\u00a0\u00bbLa Cybersecurite&#8230; Nous aidons \u00e0 prot\u00e9ger ce qui compte le plus\u00a0\u00bb font_container=\u00a0\u00bbtag:p|text_align:left\u00a0\u00bb use_theme_fonts=\u00a0\u00bbyes\u00a0\u00bb css_animation=\u00a0\u00bbnone\u00a0\u00bb css=\u00a0\u00bb.vc_custom_1699631703211{margin-bottom: [&hellip;]\" \/>\n<meta property=\"og:url\" content=\"https:\/\/www.brams.com\/fr\/cybersecurite\/\" \/>\n<meta property=\"og:site_name\" content=\"Brams\" \/>\n<meta property=\"article:modified_time\" content=\"2023-11-12T20:52:13+00:00\" \/>\n<meta property=\"og:image\" content=\"https:\/\/www.brams.com\/wp-content\/uploads\/2019\/11\/PICTO-BRAMS.png\" \/>\n\t<meta property=\"og:image:width\" content=\"218\" \/>\n\t<meta property=\"og:image:height\" content=\"218\" \/>\n\t<meta property=\"og:image:type\" content=\"image\/png\" \/>\n<meta name=\"twitter:card\" content=\"summary_large_image\" \/>\n<meta name=\"twitter:site\" content=\"@bramsfz\" \/>\n<meta name=\"twitter:label1\" content=\"Dur\u00e9e de lecture estim\u00e9e\" \/>\n\t<meta name=\"twitter:data1\" content=\"4 minutes\" \/>\n<script type=\"application\/ld+json\" class=\"yoast-schema-graph\">{\"@context\":\"https:\/\/schema.org\",\"@graph\":[{\"@type\":\"WebPage\",\"@id\":\"https:\/\/www.brams.com\/fr\/cybersecurite\/\",\"url\":\"https:\/\/www.brams.com\/fr\/cybersecurite\/\",\"name\":\"Cybersecurit\u00e9 - Brams\",\"isPartOf\":{\"@id\":\"https:\/\/www.brams.com\/#website\"},\"datePublished\":\"2023-11-12T17:39:16+00:00\",\"dateModified\":\"2023-11-12T20:52:13+00:00\",\"breadcrumb\":{\"@id\":\"https:\/\/www.brams.com\/fr\/cybersecurite\/#breadcrumb\"},\"inLanguage\":\"fr-FR\",\"potentialAction\":[{\"@type\":\"ReadAction\",\"target\":[\"https:\/\/www.brams.com\/fr\/cybersecurite\/\"]}]},{\"@type\":\"BreadcrumbList\",\"@id\":\"https:\/\/www.brams.com\/fr\/cybersecurite\/#breadcrumb\",\"itemListElement\":[{\"@type\":\"ListItem\",\"position\":1,\"name\":\"Home\",\"item\":\"https:\/\/www.brams.com\/fr\/\"},{\"@type\":\"ListItem\",\"position\":2,\"name\":\"Cybersecurit\u00e9\"}]},{\"@type\":\"WebSite\",\"@id\":\"https:\/\/www.brams.com\/#website\",\"url\":\"https:\/\/www.brams.com\/\",\"name\":\"Brams\",\"description\":\"A world-leading cloud specialist with over 19 years of experience.\",\"publisher\":{\"@id\":\"https:\/\/www.brams.com\/#organization\"},\"potentialAction\":[{\"@type\":\"SearchAction\",\"target\":{\"@type\":\"EntryPoint\",\"urlTemplate\":\"https:\/\/www.brams.com\/?s={search_term_string}\"},\"query-input\":\"required name=search_term_string\"}],\"inLanguage\":\"fr-FR\"},{\"@type\":\"Organization\",\"@id\":\"https:\/\/www.brams.com\/#organization\",\"name\":\"Brams\",\"url\":\"https:\/\/www.brams.com\/\",\"logo\":{\"@type\":\"ImageObject\",\"inLanguage\":\"fr-FR\",\"@id\":\"https:\/\/www.brams.com\/#\/schema\/logo\/image\/\",\"url\":\"https:\/\/www.brams.com\/wp-content\/uploads\/2019\/12\/brams-logo.jpg\",\"contentUrl\":\"https:\/\/www.brams.com\/wp-content\/uploads\/2019\/12\/brams-logo.jpg\",\"width\":400,\"height\":108,\"caption\":\"Brams\"},\"image\":{\"@id\":\"https:\/\/www.brams.com\/#\/schema\/logo\/image\/\"},\"sameAs\":[\"https:\/\/twitter.com\/bramsfz\",\"https:\/\/www.linkedin.com\/company\/brams-technologies\/\"]}]}<\/script>\n<!-- \/ Yoast SEO plugin. -->","yoast_head_json":{"title":"Cybersecurit\u00e9 - Brams","robots":{"index":"index","follow":"follow","max-snippet":"max-snippet:-1","max-image-preview":"max-image-preview:large","max-video-preview":"max-video-preview:-1"},"canonical":"https:\/\/www.brams.com\/fr\/cybersecurite\/","og_locale":"fr_FR","og_type":"article","og_title":"Cybersecurit\u00e9 - Brams","og_description":"[vc_section full_width=\u00a0\u00bbstretch_row\u00a0\u00bb content_placement=\u00a0\u00bbmiddle\u00a0\u00bb css_animation=\u00a0\u00bbfadeIn\u00a0\u00bb css=\u00a0\u00bb.vc_custom_1650448455928{padding-top: 3% !important;background-position: center !important;background-repeat: no-repeat !important;background-size: cover !important;}\u00a0\u00bb][vc_row full_width=\u00a0\u00bbstretch_row\u00a0\u00bb content_placement=\u00a0\u00bbmiddle\u00a0\u00bb css_animation=\u00a0\u00bbnone\u00a0\u00bb css=\u00a0\u00bb.vc_custom_1610474756504{border-bottom-width: 1px !important;padding-bottom: 50px !important;border-bottom-color: #f4f4f4 !important;border-bottom-style: solid !important;}\u00a0\u00bb el_class=\u00a0\u00bbvc-desktop\u00a0\u00bb][vc_column width=\u00a0\u00bb1\/2&Prime; el_class=\u00a0\u00bbvc-desktop\u00a0\u00bb css=\u00a0\u00bb.vc_custom_1649952097351{padding-top: 20% !important;padding-bottom: 10% !important;}\u00a0\u00bb][vc_custom_heading text=\u00a0\u00bbCybersecurit\u00e9\u00a0\u00bb font_container=\u00a0\u00bbtag:h3|text_align:left\u00a0\u00bb use_theme_fonts=\u00a0\u00bbyes\u00a0\u00bb css_animation=\u00a0\u00bbnone\u00a0\u00bb css=\u00a0\u00bb.vc_custom_1699631697306{margin-bottom: 25px !important;}\u00a0\u00bb][vc_custom_heading text=\u00a0\u00bbLa Cybersecurite&#8230; Nous aidons \u00e0 prot\u00e9ger ce qui compte le plus\u00a0\u00bb font_container=\u00a0\u00bbtag:p|text_align:left\u00a0\u00bb use_theme_fonts=\u00a0\u00bbyes\u00a0\u00bb css_animation=\u00a0\u00bbnone\u00a0\u00bb css=\u00a0\u00bb.vc_custom_1699631703211{margin-bottom: [&hellip;]","og_url":"https:\/\/www.brams.com\/fr\/cybersecurite\/","og_site_name":"Brams","article_modified_time":"2023-11-12T20:52:13+00:00","og_image":[{"width":218,"height":218,"url":"https:\/\/www.brams.com\/wp-content\/uploads\/2019\/11\/PICTO-BRAMS.png","type":"image\/png"}],"twitter_card":"summary_large_image","twitter_site":"@bramsfz","twitter_misc":{"Dur\u00e9e de lecture estim\u00e9e":"4 minutes"},"schema":{"@context":"https:\/\/schema.org","@graph":[{"@type":"WebPage","@id":"https:\/\/www.brams.com\/fr\/cybersecurite\/","url":"https:\/\/www.brams.com\/fr\/cybersecurite\/","name":"Cybersecurit\u00e9 - Brams","isPartOf":{"@id":"https:\/\/www.brams.com\/#website"},"datePublished":"2023-11-12T17:39:16+00:00","dateModified":"2023-11-12T20:52:13+00:00","breadcrumb":{"@id":"https:\/\/www.brams.com\/fr\/cybersecurite\/#breadcrumb"},"inLanguage":"fr-FR","potentialAction":[{"@type":"ReadAction","target":["https:\/\/www.brams.com\/fr\/cybersecurite\/"]}]},{"@type":"BreadcrumbList","@id":"https:\/\/www.brams.com\/fr\/cybersecurite\/#breadcrumb","itemListElement":[{"@type":"ListItem","position":1,"name":"Home","item":"https:\/\/www.brams.com\/fr\/"},{"@type":"ListItem","position":2,"name":"Cybersecurit\u00e9"}]},{"@type":"WebSite","@id":"https:\/\/www.brams.com\/#website","url":"https:\/\/www.brams.com\/","name":"Brams","description":"A world-leading cloud specialist with over 19 years of experience.","publisher":{"@id":"https:\/\/www.brams.com\/#organization"},"potentialAction":[{"@type":"SearchAction","target":{"@type":"EntryPoint","urlTemplate":"https:\/\/www.brams.com\/?s={search_term_string}"},"query-input":"required name=search_term_string"}],"inLanguage":"fr-FR"},{"@type":"Organization","@id":"https:\/\/www.brams.com\/#organization","name":"Brams","url":"https:\/\/www.brams.com\/","logo":{"@type":"ImageObject","inLanguage":"fr-FR","@id":"https:\/\/www.brams.com\/#\/schema\/logo\/image\/","url":"https:\/\/www.brams.com\/wp-content\/uploads\/2019\/12\/brams-logo.jpg","contentUrl":"https:\/\/www.brams.com\/wp-content\/uploads\/2019\/12\/brams-logo.jpg","width":400,"height":108,"caption":"Brams"},"image":{"@id":"https:\/\/www.brams.com\/#\/schema\/logo\/image\/"},"sameAs":["https:\/\/twitter.com\/bramsfz","https:\/\/www.linkedin.com\/company\/brams-technologies\/"]}]}},"_links":{"self":[{"href":"https:\/\/www.brams.com\/fr\/wp-json\/wp\/v2\/pages\/10055","targetHints":{"allow":["GET"]}}],"collection":[{"href":"https:\/\/www.brams.com\/fr\/wp-json\/wp\/v2\/pages"}],"about":[{"href":"https:\/\/www.brams.com\/fr\/wp-json\/wp\/v2\/types\/page"}],"author":[{"embeddable":true,"href":"https:\/\/www.brams.com\/fr\/wp-json\/wp\/v2\/users\/6"}],"replies":[{"embeddable":true,"href":"https:\/\/www.brams.com\/fr\/wp-json\/wp\/v2\/comments?post=10055"}],"version-history":[{"count":5,"href":"https:\/\/www.brams.com\/fr\/wp-json\/wp\/v2\/pages\/10055\/revisions"}],"predecessor-version":[{"id":10201,"href":"https:\/\/www.brams.com\/fr\/wp-json\/wp\/v2\/pages\/10055\/revisions\/10201"}],"wp:attachment":[{"href":"https:\/\/www.brams.com\/fr\/wp-json\/wp\/v2\/media?parent=10055"}],"curies":[{"name":"wp","href":"https:\/\/api.w.org\/{rel}","templated":true}]}}